{"id":6357,"date":"2021-09-01T12:50:56","date_gmt":"2021-09-01T12:50:56","guid":{"rendered":"https:\/\/woolskins.eu\/weer-windbalsem-lanoline-40ml-lanacare"},"modified":"2026-05-04T14:51:24","modified_gmt":"2026-05-04T14:51:24","slug":"weather-wind-balm-lanolin-40ml-lanacare","status":"publish","type":"product","link":"https:\/\/woolskins.eu\/es\/weer-windbalsem-lanoline-40ml-lanacare\/","title":{"rendered":"LANACare B\u00e1lsamo de Lanolina - Para Beb\u00e9, Madre y Piel Sensible (40 ml)"},"content":{"rendered":"<p data-start=\"482\" data-end=\"790\">El b\u00e1lsamo de lanolina LANACare es una vers\u00e1til crema de cuidado natural a base de lanolina hipoalerg\u00e9nica 100%. Adecuado tanto para beb\u00e9s como para madres, este b\u00e1lsamo proporciona una protecci\u00f3n eficaz y restaura la piel sensible, desde las mejillas agrietadas hasta los pezones doloridos durante la lactancia.<\/p>\n<p data-start=\"792\" data-end=\"1153\">Este rico b\u00e1lsamo forma una fina capa antibacteriana natural que protege la piel sin sellarla. Ideal para el fr\u00edo y las inclemencias del tiempo, as\u00ed como para la dermatitis del pa\u00f1al, las zonas secas o la piel agrietada. La lanolina ayuda al proceso natural de cicatrizaci\u00f3n de heridas y favorece una barrera cut\u00e1nea sana tanto en beb\u00e9s como en adultos.<\/p>\n<p data-start=\"1155\" data-end=\"1418\">Para las madres lactantes, el b\u00e1lsamo alivia y cura los pezones secos, doloridos o agrietados. Gracias a la seguridad de sus ingredientes, no es necesario retirar el b\u00e1lsamo antes de dar el pecho, por lo que es totalmente seguro tanto para la madre como para el beb\u00e9.<\/p>\n<p data-start=\"1420\" data-end=\"1744\">El b\u00e1lsamo LANACare s\u00f3lo contiene ingredientes ecol\u00f3gicos y respetuosos con la piel: lanolina pura y triglic\u00e9ridos alimentarios. Sin perfume, colorantes ni conservantes. Su suave textura hace que el b\u00e1lsamo sea f\u00e1cil de aplicar y se absorba bien sin dejar sensaci\u00f3n grasa.<\/p>\n<p data-start=\"1746\" data-end=\"2031\"><strong>Adecuado para:<\/strong><br data-start=\"1762\" data-end=\"1765\" \/>- Protecci\u00f3n de la piel del beb\u00e9 (por ejemplo, en caso de fr\u00edo o viento)<br data-start=\"1818\" data-end=\"1821\" \/>- Calma las zonas agrietadas, secas o sensibles<br data-start=\"1874\" data-end=\"1877\" \/>- Tratamiento de la dermatitis del pa\u00f1al<br data-start=\"1911\" data-end=\"1914\" \/>- Cuidados del pez\u00f3n durante la lactancia<br data-start=\"1962\" data-end=\"1965\" \/>- Uso en adultos con piel seca o sensible a problemas<\/p>\n<p data-start=\"2033\" data-end=\"2241\">Esta crema de lanolina tiene la etiqueta A del Consejo Dan\u00e9s del Consumidor, que garantiza que no contiene sustancias qu\u00edmicas problem\u00e1ticas. Una elecci\u00f3n segura para el uso diario, desde el primer d\u00eda.<\/p>\n<h5 class=\"font_2\">Historia de LANACare<\/h5>\n<p>LANACare fue fundada por la enfermera danesa Jeannette Almstr\u00f8m en Dinamarca en 1990. Como madre de tres hijos, Jeannette Almstr\u00f8m desarroll\u00f3 una gama de productos para madres y beb\u00e9s en pura lana merina ecol\u00f3gica. Su formaci\u00f3n como enfermera y su formaci\u00f3n profesional en textiles y dise\u00f1o demostraron ser una combinaci\u00f3n perfecta de habilidades. Cada art\u00edculo de LANACare est\u00e1 dise\u00f1ado para promover la salud y el bienestar de la madre y el beb\u00e9, proporcionando la comodidad y el calor transpirable que s\u00f3lo la lana pura puede dar.<\/p>\n<p><span class=\"wixGuard\">\u200b<\/span>En la actualidad, todas las actividades de LANACare est\u00e1n dirigidas por la propia Jeannette Almtr\u00f8m, apasionada de la b\u00fasqueda de materiales nuevos y sostenibles para su uso en nuevos productos que no s\u00f3lo promuevan la salud del individuo, sino tambi\u00e9n la de nuestra Madre Tierra.<\/p>\n<p><span class=\"wixGuard\">\u200b<\/span>A lo largo de los a\u00f1os, los vol\u00famenes de producci\u00f3n y distribuci\u00f3n de LANACare se han desarrollado enormemente. En la actualidad, los productos se venden en 28 pa\u00edses de todo el mundo.<\/p>\n<p>&nbsp;<\/p>","protected":false},"excerpt":{"rendered":"<h3 data-start=\"171\" data-end=\"244\"><strong data-start=\"175\" data-end=\"242\">LANACare B\u00e1lsamo de Lanolina - 100% Natural y Vers\u00e1til (40 ml)<\/strong><\/h3>\n<p data-start=\"245\" data-end=\"751\">Un b\u00e1lsamo rico e hipoalerg\u00e9nico a base de lanolina pura, adecuado tanto para beb\u00e9s como para madres.<br data-start=\"337\" data-end=\"340\" \/>Protege la piel sensible en climas fr\u00edos, alivia la dermatitis del pa\u00f1al y ayuda con las zonas secas o agrietadas.<br data-start=\"452\" data-end=\"455\" \/>Tambi\u00e9n es ideal para las madres con pezones doloridos durante la lactancia: seguro, antibacteriano y no es necesario retirarlo antes de dar el pecho.<br data-start=\"601\" data-end=\"604\" \/>Sin perfume ni conservantes.<\/p>\n<p data-start=\"245\" data-end=\"751\">\u2714 Para beb\u00e9s, madres y pieles sensibles<br data-start=\"712\" data-end=\"715\" \/>Etiqueta A del Consejo Dan\u00e9s de los Consumidores<\/p>\n<p data-start=\"245\" data-end=\"751\"><strong>Marca: Lanacare<\/strong><br \/>\n<strong>Producci\u00f3n: Lituania<\/strong><\/p>","protected":false},"featured_media":5624,"comment_status":"closed","ping_status":"closed","template":"","meta":{"_acf_changed":false},"product_brand":[],"product_cat":[349,360,362,353,225],"product_tag":[],"class_list":{"0":"post-6357","1":"product","2":"type-product","3":"status-publish","4":"has-post-thumbnail","6":"product_cat-borstvoedingenvoedingskussens","7":"product_cat-cadeautips","8":"product_cat-cadeaus-tot-e-25","9":"product_cat-lanacare","10":"product_cat-tepelzalf-zoogcompressen","12":"first","13":"instock","14":"taxable","15":"shipping-taxable","16":"purchasable","17":"product-type-simple"},"acf":[],"_links":{"self":[{"href":"https:\/\/woolskins.eu\/es\/wp-json\/wp\/v2\/product\/6357","targetHints":{"allow":["GET"]}}],"collection":[{"href":"https:\/\/woolskins.eu\/es\/wp-json\/wp\/v2\/product"}],"about":[{"href":"https:\/\/woolskins.eu\/es\/wp-json\/wp\/v2\/types\/product"}],"replies":[{"embeddable":true,"href":"https:\/\/woolskins.eu\/es\/wp-json\/wp\/v2\/comments?post=6357"}],"wp:featuredmedia":[{"embeddable":true,"href":"https:\/\/woolskins.eu\/es\/wp-json\/wp\/v2\/media\/5624"}],"wp:attachment":[{"href":"https:\/\/woolskins.eu\/es\/wp-json\/wp\/v2\/media?parent=6357"}],"wp:term":[{"taxonomy":"product_brand","embeddable":true,"href":"https:\/\/woolskins.eu\/es\/wp-json\/wp\/v2\/product_brand?post=6357"},{"taxonomy":"product_cat","embeddable":true,"href":"https:\/\/woolskins.eu\/es\/wp-json\/wp\/v2\/product_cat?post=6357"},{"taxonomy":"product_tag","embeddable":true,"href":"https:\/\/woolskins.eu\/es\/wp-json\/wp\/v2\/product_tag?post=6357"}],"curies":[{"name":"wp","href":"https:\/\/api.w.org\/{rel}","templated":true}]}}