{"id":6258,"date":"2021-09-01T12:49:19","date_gmt":"2021-09-01T12:49:19","guid":{"rendered":"https:\/\/woolskins.eu\/borstvoeding-starterset-lanacare-2"},"modified":"2026-04-16T13:40:17","modified_gmt":"2026-04-16T13:40:17","slug":"kit-de-inicio-a-la-lactancia-lanacare-2","status":"publish","type":"product","link":"https:\/\/woolskins.eu\/es\/borstvoeding-starterset-lanacare-2\/","title":{"rendered":"Kit de inicio a la lactancia Lanacare"},"content":{"rendered":"<p>Nuestros a\u00f1os de experiencia demuestran que este kit de inicio LANACare es una gran elecci\u00f3n para las madres que est\u00e1n a punto de empezar a dar el pecho. Contiene todo lo que una madre lactante necesita para todo el periodo de lactancia.<\/p>\n<p>El kit de inicio contiene 1 tubo (40 ml.) de b\u00e1lsamo de lanolina, 2 pares de discos de lactancia de lana y 1 frasco (150 ml.) de jab\u00f3n de lanolina envasados en una pr\u00e1ctica bolsa de algod\u00f3n ecol\u00f3gico para viajes.<\/p>\n<p>- El b\u00e1lsamo de lanolina LANACare (40 ml.) contiene lanolina hipoalerg\u00e9nica, segura para la madre y el beb\u00e9. Un producto ideal para los pezones irritados, la dermatitis del pa\u00f1al o la piel seca. La pomada para pezones tiene un efecto antibacteriano seguro y no es necesario retirarla antes de dar el pecho.<\/p>\n<p>- Las compresas de lactancia LANACare (2 pares) de suave lana merina ecol\u00f3gica se sienten maravillosamente suaves sobre la piel. Las compresas mantienen los pechos calientes, estimulan la circulaci\u00f3n sangu\u00ednea, lo que es bueno para el proceso de lactancia.<\/p>\n<p>- El jab\u00f3n de lanolina LANACare (150 ml.) est\u00e1 formulado para el cuidado suave de los productos de lana merina. Nutre la lana con lanolina.<\/p>\n<h5 class=\"font_8\">LANACare b\u00e1lsamo de lanolina<\/h5>\n<p class=\"font_8\">El b\u00e1lsamo LANACare es ideal para las madres lactantes. La crema hipoalerg\u00e9nica 100% ayuda perfectamente con los pezones doloridos durante la lactancia. La crema nutre y suaviza la piel y ayuda a curar la piel seca y agrietada del pez\u00f3n.<\/p>\n<p class=\"font_8\">En la producci\u00f3n de esta pomada s\u00f3lo se utilizan ingredientes ecol\u00f3gicos y seguros, lanolina hipoalerg\u00e9nica y triglicerina, ambos inocuos para el consumo humano. La pomada para pezones no contiene perfume, colorantes ni conservantes. No es necesario retirar la pomada antes de iniciar la lactancia. Es 100% segura para la madre y el ni\u00f1o.<\/p>\n<p class=\"font_8\">La pomada de lanolina para pezones LANACare tambi\u00e9n puede utilizarse para otros problemas de la piel. Por ejemplo, es ideal para reparar la piel seca o la dermatitis del pa\u00f1al.<\/p>\n<h5 class=\"font_4\">Cojines de lactancia LANACare<\/h5>\n<p class=\"font_8\">Los discos absorbentes de lana LANACare han sido dise\u00f1ados por LANACare especialmente para las madres lactantes. Ofrecen las mejores condiciones para una lactancia exitosa y prolongada.<\/p>\n<p class=\"font_8\">Las compresas de lana son extremadamente suaves y c\u00f3modas, y mantienen los pechos calientes y confortables. El calor natural de la lana estimula la circulaci\u00f3n y proporciona un alivio calmante durante la lactancia. La lana merina absorbe la humedad sin dejar sensaci\u00f3n de humedad y fr\u00edo.<\/p>\n<p class=\"font_8\">Los discos de lactancia LanaCare contienen lanolina natural, que alivia los pezones irritados y tiene propiedades antibacterianas. Se recomienda utilizar una talla que cubra todo el pecho. Los discos pueden utilizarse durante todo el a\u00f1o. Incluso en verano.<\/p>\n<div id=\"comp-knyogau5\" class=\"_1Q9if\" data-testid=\"richTextElement\">\n<h5 class=\"font_4\">Ventajas de los discos de lactancia de lana:<\/h5>\n<ul class=\"font_8\">\n<li>\n<p class=\"font_8\">La mayor\u00eda de las mujeres s\u00f3lo necesitan 2-3 pares para todo el periodo de lactancia. As\u00ed que es econ\u00f3mico, sostenible y respetuoso con el medio ambiente.<\/p>\n<\/li>\n<li>\n<p class=\"font_8\">La lana absorbe la humedad y mantiene la piel seca y c\u00f3moda, incluso en climas c\u00e1lidos. Cuando est\u00e1n h\u00famedos, los discos de lactancia se sienten secos y no se enfr\u00edan como los discos de algod\u00f3n o papel.<\/p>\n<\/li>\n<li>\n<p class=\"font_8\">La piel se mantiene seca y puede respirar, lo que permite que los pezones doloridos se curen.<\/p>\n<\/li>\n<li>\n<p class=\"font_8\">Como los discos de lactancia LANACare contienen lanolina, el uso de la pomada para pezones LanaCare es una combinaci\u00f3n perfecta para tratar los pezones doloridos.<\/p>\n<\/li>\n<li>\n<p class=\"font_8\">Los obstetras y comadronas escandinavos llevan siglos aconsejando a las madres que mantengan los pechos calientes para evitar la obstrucci\u00f3n de los conductos galact\u00f3foros y la mastitis (infecci\u00f3n mamaria).<\/p>\n<\/li>\n<li>\n<p class=\"font_8\">Las tallas m\u00e1s grandes ofrecen una cobertura protectora de todo el pecho. El borde de este tama\u00f1o de protectores mamarios cae m\u00e1s sobre el pecho, por lo que los protectores resultan invisibles bajo la ropa.<\/p>\n<\/li>\n<\/ul>\n<\/div>\n<div id=\"comp-knyoktft\" class=\"_1Q9if\" data-testid=\"richTextElement\">\n<h5 class=\"font_2\">Calidad<\/h5>\n<p class=\"font_8\">La lana seleccionada para los productos LanaCare se trata con especial cuidado. S\u00f3lo utilizamos lana que cumple los requisitos medioambientales europeos m\u00e1s estrictos. Pruebas peri\u00f3dicas demuestran que nuestra lana est\u00e1 libre de sustancias nocivas. Los pastos donde pastan las ovejas est\u00e1n libres de fertilizantes artificiales y pesticidas y no se utilizan productos qu\u00edmicos agresivos para lavar la lana. Para los productos LANACare s\u00f3lo se utiliza la lana merina m\u00e1s suave.<\/p>\n<h5><strong>Cuidado de los discos absorbentes<\/strong><\/h5>\n<h5><strong>Lavar<\/strong><\/h5>\n<p>Lavar a mano con agua tibia y jab\u00f3n de lanolina LANACare para reponer el contenido de lanolina de la lana. Tanto el agua fr\u00eda como la caliente pueden sobresaltar las fibras de lana, haciendo que se sientan y\/o encojan. El agua caliente tambi\u00e9n elimina la lanolina de la lana. Utilice suficiente jab\u00f3n de lanolina para mantener el agua ligeramente espumosa. Introduce suavemente las almohadillas en el agua y d\u00e9jalas en remojo entre 5 y 10 minutos.<\/p>\n<h5><strong>Bobinas<\/strong><\/h5>\n<p>Aclarar con agua tibia. Utilice siempre agua templada para lavar y aclarar la lana. El agua fr\u00eda puede sobresaltar las fibras de lana, haciendo que \u00e9sta se encoja y\/o se sienta.<\/p>\n<h5><strong>Secado<\/strong><\/h5>\n<p>Coloca o enrolla los discos absorbentes en una toalla y exprime el exceso de agua. Sac\u00fadalos r\u00e1pida y en\u00e9rgicamente para que recuperen su forma y elasticidad. D\u00e9jelos secar, preferiblemente sobre una fuente de calor suave.<\/p>\n<h5 class=\"font_8\"><span class=\"wixGuard\">\u200b<\/span>Certificados<\/h5>\n<p class=\"font_8\">LanaCare s\u00f3lo utiliza lana org\u00e1nica certificada y no tratada qu\u00edmicamente.<\/p>\n<p class=\"font_8\">La lana de LanaCare tiene el certificado internacional Oeko-Tex, expedido por la Asociaci\u00f3n Internacional de Investigaci\u00f3n y Ensayo sobre Ecolog\u00eda Textil (Oeko-Tex), con sede en Suiza, y recientemente tambi\u00e9n el certificado KbT. Este certificado se concede si los pastos donde pastan las ovejas est\u00e1n libres de fertilizantes artificiales y pesticidas y no se utilizan productos qu\u00edmicos agresivos para lavar la lana. La lana es tan pura en nuestras ovejas como lo es despu\u00e9s en la ropa de tu beb\u00e9.<\/p>\n<h5 class=\"font_8\"><span class=\"wixGuard\">\u200b<\/span>Los productos LANACare cuentan con los siguientes certificados internacionales:<\/h5>\n<p class=\"font_8\">- GOTS - Norma Textil Ecol\u00f3gica Mundial La Norma Textil Ecol\u00f3gica Mundial (GOTS) est\u00e1 reconocida como la principal norma de procesamiento de textiles fabricados a partir de fibras ecol\u00f3gicas en todo el mundo. Define criterios medioambientales de alto nivel a lo largo de toda la cadena de suministro de textiles ecol\u00f3gicos y tambi\u00e9n exige el cumplimiento de criterios sociales.<\/p>\n<p class=\"font_8\">- IVN BEST y KBT - Naturtextil IVN certificado BEST Este sello de calidad, muy conocido en Europa, establece actualmente el est\u00e1ndar ecol\u00f3gico m\u00e1s estricto para la producci\u00f3n textil al nivel t\u00e9cnico m\u00e1s alto que se puede alcanzar en la actualidad.<br \/>\nBEST refleja las normas sobre textiles ecol\u00f3gicos desarrolladas por la Asociaci\u00f3n Internacional de la Industria Textil Natural (IVN) desde 1990 y eval\u00faa toda la cadena de producci\u00f3n textil en t\u00e9rminos tanto de normas ecol\u00f3gicas como de responsabilidad social.<\/p>\n<p class=\"font_8\">- IVN Best supera la norma GOTS, que permite hasta 30% de fibras no org\u00e1nicas. La producci\u00f3n bajo IVN cumple la norma GOTS. El uso del sello IVN requiere afiliaci\u00f3n y certificaci\u00f3n conforme a las normas IVN.<\/p>\n<p class=\"font_8\">- Las lanas de los programas de la cadena de suministro del IVN proceden de ganado ecol\u00f3gico certificado (tambi\u00e9n conocido como kbT).<\/p>\n<p class=\"font_8\">- No se aplic\u00f3 mulesing a las ovejas, una forma muy criticada de \u2018vacunar\u2019 a las ovejas en Australia.<\/p>\n<p class=\"font_8\">- La Asociaci\u00f3n Danesa de Consumidores ha concedido la etiqueta \u2018A\u2019 a la crema para el pecho LANAcare porque no se han encontrado sustancias qu\u00edmicas problem\u00e1ticas en ella.<\/p>\n<\/div>\n<div id=\"comp-knyoha3p\" class=\"_1Q9if\" data-testid=\"richTextElement\">\n<h5 class=\"font_2\">Historia de LANACare<\/h5>\n<p class=\"font_8\">LANACare fue fundada por la enfermera danesa Jeannette Almstr\u00f8m en Dinamarca en 1990. Como madre de tres hijos, Jeannette Almstr\u00f8m desarroll\u00f3 una gama de productos para madres y beb\u00e9s en pura lana merina ecol\u00f3gica. Su formaci\u00f3n como enfermera y su formaci\u00f3n profesional en textiles y dise\u00f1o demostraron ser una combinaci\u00f3n perfecta de habilidades. Cada art\u00edculo de LANACare est\u00e1 dise\u00f1ado para promover la salud y el bienestar de la madre y el beb\u00e9, proporcionando la comodidad y el calor transpirable que s\u00f3lo la lana pura puede dar.<\/p>\n<p class=\"font_8\"><span class=\"wixGuard\">\u200b<\/span>En la actualidad, todas las actividades de LANACare est\u00e1n dirigidas por la propia Jeannette Almtr\u00f8m, apasionada de la b\u00fasqueda de materiales nuevos y sostenibles para su uso en nuevos productos que no s\u00f3lo promuevan la salud del individuo, sino tambi\u00e9n la de nuestra Madre Tierra.<\/p>\n<p class=\"font_8\"><span class=\"wixGuard\">\u200b<\/span>A lo largo de los a\u00f1os, los vol\u00famenes de producci\u00f3n y distribuci\u00f3n de LANACare se han desarrollado enormemente. En la actualidad, los productos se venden en 28 pa\u00edses de todo el mundo.<\/p>\n<\/div>","protected":false},"excerpt":{"rendered":"<p class=\"font_0\">La lactancia materna es el mejor alimento para tu beb\u00e9. Protege a tu beb\u00e9 de las enfermedades y tambi\u00e9n es bueno para tu salud. Por ejemplo, te ayuda a recuperar peso r\u00e1pidamente.<\/p>","protected":false},"featured_media":5504,"comment_status":"closed","ping_status":"closed","template":"","meta":{"_acf_changed":false},"product_brand":[],"product_cat":[349,360,363,353,225],"product_tag":[372],"class_list":{"0":"post-6258","1":"product","2":"type-product","3":"status-publish","4":"has-post-thumbnail","6":"product_cat-borstvoedingenvoedingskussens","7":"product_cat-cadeautips","8":"product_cat-cadeaus-e25-e50","9":"product_cat-lanacare","10":"product_cat-tepelzalf-zoogcompressen","11":"product_tag-populair","12":"pa_maat-zoogcompres-l-22cm","13":"pa_maat-zoogcompres-m-18cm","14":"pa_maat-zoogcompres-mini-10cm","15":"pa_maat-zoogcompres-s-15cm","16":"pa_maat-zoogcompres-xs-12cm","18":"first","19":"instock","20":"taxable","21":"shipping-taxable","22":"purchasable","23":"product-type-variable"},"acf":[],"_links":{"self":[{"href":"https:\/\/woolskins.eu\/es\/wp-json\/wp\/v2\/product\/6258","targetHints":{"allow":["GET"]}}],"collection":[{"href":"https:\/\/woolskins.eu\/es\/wp-json\/wp\/v2\/product"}],"about":[{"href":"https:\/\/woolskins.eu\/es\/wp-json\/wp\/v2\/types\/product"}],"replies":[{"embeddable":true,"href":"https:\/\/woolskins.eu\/es\/wp-json\/wp\/v2\/comments?post=6258"}],"wp:featuredmedia":[{"embeddable":true,"href":"https:\/\/woolskins.eu\/es\/wp-json\/wp\/v2\/media\/5504"}],"wp:attachment":[{"href":"https:\/\/woolskins.eu\/es\/wp-json\/wp\/v2\/media?parent=6258"}],"wp:term":[{"taxonomy":"product_brand","embeddable":true,"href":"https:\/\/woolskins.eu\/es\/wp-json\/wp\/v2\/product_brand?post=6258"},{"taxonomy":"product_cat","embeddable":true,"href":"https:\/\/woolskins.eu\/es\/wp-json\/wp\/v2\/product_cat?post=6258"},{"taxonomy":"product_tag","embeddable":true,"href":"https:\/\/woolskins.eu\/es\/wp-json\/wp\/v2\/product_tag?post=6258"}],"curies":[{"name":"wp","href":"https:\/\/api.w.org\/{rel}","templated":true}]}}