{"id":6242,"date":"2021-09-01T12:48:54","date_gmt":"2021-09-01T12:48:54","guid":{"rendered":"https:\/\/woolskins.eu\/eco-baby-care-essential-3"},"modified":"2026-04-01T08:40:14","modified_gmt":"2026-04-01T08:40:14","slug":"eco-baby-care-essential-3","status":"publish","type":"product","link":"https:\/\/woolskins.eu\/es\/eco-baby-care-essential-3\/","title":{"rendered":"Piel de oveja para cochecito - Essential (Medicinal)"},"content":{"rendered":"<p>Esta piel de cordero Eco Baby-Care est\u00e1 especialmente adaptada para su uso en la silla de paseo, la cuna, el asiento del coche o el mois\u00e9s. Muy c\u00f3moda tanto en casa como fuera de ella. Ideal para largos viajes de vacaciones a pa\u00edses c\u00e1lidos. Es extremadamente c\u00f3moda, ya que transpira y absorbe instant\u00e1neamente el sudor sin que el beb\u00e9 se sienta h\u00famedo o pegajoso.<\/p>\n<p>- Tama\u00f1o 75 x 45 cm, pelo 2 cm.<br \/>\n- Muescas para correas de seguridad de 3 y 5 puntos.<br \/>\n- Curtido medicinal.<br \/>\n- Pelaje suave y compacto.<br \/>\n- Se puede lavar y secar a m\u00e1quina.<br \/>\n- F\u00e1cil de mantener.<\/p>\n<h5 class=\"Text1234883549__root Text1234883549---typography-11-runningText Text1234883549---priority-7-primary s8gg2 _2UIKs InfoSectionTitle3095652555__root\" aria-hidden=\"false\" data-hook=\"info-section-title\">Viaje c\u00f3modo<\/h5>\n<div class=\"rah-static rah-static--height-auto\" aria-hidden=\"false\">\n<div>\n<div class=\"_1yvxJ fggS- cell\">\n<div class=\"WncCi NTPd3\" data-hook=\"info-section-description\">\n<p>Las fibras de lana respiran y tienen la capacidad de actuar como un termostato natural que regula la temperatura corporal? Esto ayuda al beb\u00e9 a mantener una temperatura estable y lo mantiene seco y c\u00f3modo. Lo hace de forma \u2018din\u00e1mica\u2019, es decir, cuando es necesario y no cuando no lo es. Caliente en invierno y fresco en verano.<\/p>\n<\/div>\n<\/div>\n<\/div>\n<\/div>\n<p>Los abrigos Woolskins Baby-Care tienen un pelaje m\u00e1s corto que los hace a prueba de beb\u00e9s. Son adecuados desde el nacimiento y, como su elaboraci\u00f3n tiene en cuenta el medio ambiente, protegen tanto a los peque\u00f1os como al planeta. En casa o fuera de ella, creas un entorno confortable en el que tu peque\u00f1o se siente feliz y relajado. Embalaje \u2018listo para regalo\u2019 con nota personal de serie.<\/p>\n<h5><b>Caracter\u00edsticas Capa esencial<\/b><\/h5>\n<p><span style=\"font-weight: 400;\">Esta piel de oveja Baby-Care procede de la oveja inglesa. Es un vell\u00f3n muy suave y compacto y \u00a1nuestro TIP! Como todos nuestros otros vellones, las fibras de lana respiran. Esto ayuda a tu beb\u00e9 a mantener una temperatura estable y lo mantiene seco y c\u00f3modo. Fresquito en verano y calentito en invierno.<\/span><\/p>\n<h5><b>Respetuoso con el medio ambiente<\/b><\/h5>\n<p><span style=\"font-weight: 400;\">Todos los agentes utilizados en el curtido y el acabado cumplen las directivas esenciales de la UE relativas a la conservaci\u00f3n y protecci\u00f3n del medio ambiente.<\/span><\/p>\n<p><span style=\"font-weight: 400;\">Nuestros abrigos se curten de acuerdo con la normativa REACH, adoptada para mejorar la protecci\u00f3n de la salud humana y el medio ambiente frente a los riesgos que pueden plantear las sustancias qu\u00edmicas, aumentando al mismo tiempo la competitividad de la industria qu\u00edmica de la UE. En la producci\u00f3n no se utilizan tintes AZO.<\/span><\/p>\n<p><span style=\"font-weight: 400;\">ECO PRODUCTOS - las pieles son Eco Friendly Skins, su procesamiento y tratamiento son seguros para adultos y ni\u00f1os. Las pieles son biodegradables, ecol\u00f3gicas.<\/span><\/p>\n<p><span style=\"font-weight: 400;\">Woolskins no vende vellones de ovejas que hayan sido muladas. El mulesing no se utiliza en ovejas europeas porque el par\u00e1sito que hace que los ganaderos utilicen el mulesing no se encuentra en Europa.<\/span><\/p>\n<h5><b>Dormilonas... \u00a1tomen nota!<\/b><\/h5>\n<p><span style=\"font-weight: 400;\">Los peque\u00f1os que duermen boca abajo durante los primeros 12 meses no deben dormir sobre nada blando por motivos de seguridad, ya que puede ser peligroso. As\u00ed que te recomendamos que utilices la piel Woolskins con prudencia. Presta siempre atenci\u00f3n cuando tu hijo est\u00e9 tumbado o durmiendo boca abajo y aseg\u00farate de que est\u00e9 siempre vigilado.<\/span><\/p>\n<p>&nbsp;<\/p>","protected":false},"excerpt":{"rendered":"<p><strong>Piel de oveja suave y natural para beb\u00e9s - Woolskins<br \/>\n<\/strong><br \/>\nDale a tu beb\u00e9 lo mejor con este vell\u00f3n de piel de oveja europea de alta calidad de Woolskins. El vell\u00f3n est\u00e1 especialmente esquilado en corto para la seguridad de tu beb\u00e9 y es ideal para usarlo en el cochecito, Maxi-Cosi o la mois\u00e9s, por ejemplo. Tiene pr\u00e1cticas aberturas para el arn\u00e9s de 5 puntos, para que puedas sujetar a tu beb\u00e9 con seguridad sin perder comodidad. La lana natural mantiene al beb\u00e9 c\u00f3modo gracias a la regulaci\u00f3n de la temperatura, mientras que el material hipoalerg\u00e9nico es suave con la piel sensible. Adem\u00e1s, el pelaje tiene un efecto calmante, que hace que tu beb\u00e9 se sienta relajado durante cualquier paseo o momento en casa. Duradero y f\u00e1cil de cuidar, para que puedas disfrutarlo durante mucho tiempo. M\u00e1s informaci\u00f3n sobre el producto.<\/p>\n<p><strong>Marca: Woolskins<\/strong><br \/>\n<strong>Pa\u00eds: Polonia<\/strong><\/p>","protected":false},"featured_media":9647,"comment_status":"closed","ping_status":"closed","template":"","meta":{"_acf_changed":false},"product_brand":[],"product_cat":[222,354],"product_tag":[],"class_list":{"0":"post-6242","1":"product","2":"type-product","3":"status-publish","4":"has-post-thumbnail","6":"product_cat-buggy-schapenvachtjes","7":"product_cat-woolskins","9":"first","10":"instock","11":"sale","12":"taxable","13":"shipping-taxable","14":"purchasable","15":"product-type-variable","16":"has-default-attributes"},"acf":[],"_links":{"self":[{"href":"https:\/\/woolskins.eu\/es\/wp-json\/wp\/v2\/product\/6242","targetHints":{"allow":["GET"]}}],"collection":[{"href":"https:\/\/woolskins.eu\/es\/wp-json\/wp\/v2\/product"}],"about":[{"href":"https:\/\/woolskins.eu\/es\/wp-json\/wp\/v2\/types\/product"}],"replies":[{"embeddable":true,"href":"https:\/\/woolskins.eu\/es\/wp-json\/wp\/v2\/comments?post=6242"}],"wp:featuredmedia":[{"embeddable":true,"href":"https:\/\/woolskins.eu\/es\/wp-json\/wp\/v2\/media\/9647"}],"wp:attachment":[{"href":"https:\/\/woolskins.eu\/es\/wp-json\/wp\/v2\/media?parent=6242"}],"wp:term":[{"taxonomy":"product_brand","embeddable":true,"href":"https:\/\/woolskins.eu\/es\/wp-json\/wp\/v2\/product_brand?post=6242"},{"taxonomy":"product_cat","embeddable":true,"href":"https:\/\/woolskins.eu\/es\/wp-json\/wp\/v2\/product_cat?post=6242"},{"taxonomy":"product_tag","embeddable":true,"href":"https:\/\/woolskins.eu\/es\/wp-json\/wp\/v2\/product_tag?post=6242"}],"curies":[{"name":"wp","href":"https:\/\/api.w.org\/{rel}","templated":true}]}}