{"id":6221,"date":"2021-09-01T12:48:54","date_gmt":"2021-09-01T12:48:54","guid":{"rendered":"https:\/\/woolskins.eu\/eco-baby-care-merino"},"modified":"2026-05-13T10:38:22","modified_gmt":"2026-05-13T10:38:22","slug":"piel-de-oveja-para-bebe-eco-baby-care-merino","status":"publish","type":"product","link":"https:\/\/woolskins.eu\/es\/schapenvacht-voor-baby-eco-baby-care-merino\/","title":{"rendered":"Piel de oveja para beb\u00e9 - Merino Extrafino (Medicinal)"},"content":{"rendered":"<p><strong>Descripci\u00f3n<\/strong><\/p>\n<p>Las pieles de oveja Woolskins Baby-Care para beb\u00e9 tienen un pelaje m\u00e1s corto que las hace a prueba de beb\u00e9s. Son adecuadas desde el nacimiento y, como su elaboraci\u00f3n tiene en cuenta el medio ambiente, protegen tanto a los peque\u00f1os como al planeta. En casa o de viaje, crea un entorno confortable en el que tu peque\u00f1o se sienta feliz y relajado. \u00bfSab\u00edas que la piel de oveja tambi\u00e9n es saludable para tu hijo?<\/p>\n<p>- Longitud 90-100cm \/ pelaje 3cm.<br \/>\n- Curtido medicinal.<br \/>\n- Pelaje extra suave y compacto.<br \/>\n- Se puede lavar y secar a m\u00e1quina.<br \/>\n- F\u00e1cil de mantener.<\/p>\n<p>Pida con \u00e9l un cepillo de mantenimiento para mantener su pelaje bonito durante mucho tiempo y\/o personal\u00edcelo con su regalo de nacimiento o el de su hijo. Un regalo precioso y \u00fanico, disponible exclusivamente en Woolskins. Embalaje est\u00e1ndar \u2018listo para regalo\u2019 con nota personal.<\/p>\n<p><strong>Propiedades de la piel de oveja merina<\/strong><\/p>\n<p>La lana\/pelo merino es conocida por los pelos m\u00e1s finos de la oveja merina y, por tanto, su tacto es ligeramente m\u00e1s suave. Los pelos son m\u00e1s finos y densos, por lo que el pelo es m\u00e1s compacto. Como el resto de nuestros vellones, las fibras de lana respiran. Esto ayuda al beb\u00e9 a mantener una temperatura estable y lo mantiene seco y c\u00f3modo. Fresco en verano y c\u00e1lido en invierno.<\/p>\n<p><strong>Respetuoso con el medio ambiente<\/strong><\/p>\n<p>Todos los agentes utilizados en el curtido y el acabado cumplen las directivas esenciales de la UE relativas a la conservaci\u00f3n y protecci\u00f3n del medio ambiente.<\/p>\n<p>Nuestras pieles de oveja para beb\u00e9 se curten de acuerdo con la normativa REACH, adoptada para mejorar la protecci\u00f3n de la salud humana y el medio ambiente frente a los riesgos que pueden plantear las sustancias qu\u00edmicas, aumentando al mismo tiempo la competitividad de la industria qu\u00edmica de la UE. En la producci\u00f3n no se utilizan tintes AZO.<\/p>\n<p>PRODUCTOS ECOL\u00d3GICOS - las pieles son pieles de oveja ecol\u00f3gicas, su procesamiento y tratamiento son seguros para adultos y ni\u00f1os. Las pieles son biodegradables, ecol\u00f3gicas.<\/p>\n<p>Woolskins no vende pieles de ovejas que hayan sido muladas. Mulesing no se utiliza en ovejas europeas porque el par\u00e1sito que hace que los ganaderos utilicen Mulesing no se encuentra en Europa.<\/p>\n<p><strong>Dormilonas... \u00a1tomen nota!<\/strong><\/p>\n<p>Los peque\u00f1os que duermen boca abajo durante los primeros 12 meses no deben dormir sobre nada blando por razones de seguridad, esto puede ser peligroso. Por lo tanto, \u00a1recomendamos utilizar la piel de oveja Woolskins para beb\u00e9 con prudencia! Presta siempre atenci\u00f3n cuando tu hijo est\u00e9 tumbado o durmiendo boca abajo y aseg\u00farate de que est\u00e9 siempre vigilado.<\/p>","protected":false},"excerpt":{"rendered":"<p><strong>Piel de oveja suave y natural para beb\u00e9s - Woolskins<br \/>\n<\/strong><br \/>\nDale a tu beb\u00e9 lo mejor con esta manta de piel de oveja europea de alta calidad de Woolskins. Perfecta como superficie suave y c\u00f3moda en la cuna, el parque o el suelo. El forro polar est\u00e1 hecho de suave lana natural que regula la temperatura y protege la sensible piel de su beb\u00e9. Tambi\u00e9n tiene un efecto calmante, que hace que tu beb\u00e9 se sienta relajado durante los juegos o los momentos de descanso. Duradero y f\u00e1cil de cuidar, para que puedas disfrutarlo durante mucho tiempo. Encontrar\u00e1 m\u00e1s informaci\u00f3n en la secci\u00f3n de informaci\u00f3n sobre el producto.<\/p>\n<p><strong>Marca: Woolskins<\/strong><br \/>\n<strong>Pa\u00eds: Polonia<\/strong><\/p>","protected":false},"featured_media":10531,"comment_status":"open","ping_status":"closed","template":"","meta":{"_acf_changed":false},"product_brand":[],"product_cat":[354,216],"product_tag":[503],"class_list":{"0":"post-6221","1":"product","2":"type-product","3":"status-publish","4":"has-post-thumbnail","6":"product_cat-woolskins","7":"product_cat-schapenvacht-voor-baby","8":"product_tag-schapenvacht-vor-baby","10":"first","11":"instock","12":"sale","13":"taxable","14":"shipping-taxable","15":"purchasable","16":"product-type-variable","17":"has-default-attributes"},"acf":[],"_links":{"self":[{"href":"https:\/\/woolskins.eu\/es\/wp-json\/wp\/v2\/product\/6221","targetHints":{"allow":["GET"]}}],"collection":[{"href":"https:\/\/woolskins.eu\/es\/wp-json\/wp\/v2\/product"}],"about":[{"href":"https:\/\/woolskins.eu\/es\/wp-json\/wp\/v2\/types\/product"}],"replies":[{"embeddable":true,"href":"https:\/\/woolskins.eu\/es\/wp-json\/wp\/v2\/comments?post=6221"}],"wp:featuredmedia":[{"embeddable":true,"href":"https:\/\/woolskins.eu\/es\/wp-json\/wp\/v2\/media\/10531"}],"wp:attachment":[{"href":"https:\/\/woolskins.eu\/es\/wp-json\/wp\/v2\/media?parent=6221"}],"wp:term":[{"taxonomy":"product_brand","embeddable":true,"href":"https:\/\/woolskins.eu\/es\/wp-json\/wp\/v2\/product_brand?post=6221"},{"taxonomy":"product_cat","embeddable":true,"href":"https:\/\/woolskins.eu\/es\/wp-json\/wp\/v2\/product_cat?post=6221"},{"taxonomy":"product_tag","embeddable":true,"href":"https:\/\/woolskins.eu\/es\/wp-json\/wp\/v2\/product_tag?post=6221"}],"curies":[{"name":"wp","href":"https:\/\/api.w.org\/{rel}","templated":true}]}}