{"id":30284,"date":"2026-04-17T14:35:15","date_gmt":"2026-04-17T14:35:15","guid":{"rendered":"https:\/\/woolskins.eu\/?post_type=product&#038;p=30284"},"modified":"2026-04-17T14:41:41","modified_gmt":"2026-04-17T14:41:41","slug":"wollen-wikkeldeken-capuchondeken-hazelnoot","status":"publish","type":"product","link":"https:\/\/woolskins.eu\/es\/wollen-wikkeldeken-capuchondeken-hazelnoot\/","title":{"rendered":"Wollen Wikkeldeken &#8211; Capuchondeken voor Baby | Felted Hazelnoot"},"content":{"rendered":"<p>Su beb\u00e9 dormir\u00e1 y so\u00f1ar\u00e1 en esta c\u00f3moda manta de lana con capucha de nuestra colecci\u00f3n \u2018Felted\u2019. Esta manta envolvente con capucha cae suavemente y es muy suave. Tienen un aspecto precioso y lujoso y son extremadamente c\u00f3modas. La manta envolvente est\u00e1 hecha de lana 100% y toma inmediatamente la temperatura de su hijo. Tambi\u00e9n puede utilizarla para envolver o dar de comer c\u00f3modamente a su hijo, o llevarla de viaje para mantener a su hijo a la temperatura adecuada.<\/p>\n<p>- Fieltro de lana virgen 100% con certificaci\u00f3n Woolmark.<br \/>\n- Estructura lisa, suave y compacta<br \/>\n- Buenas propiedades t\u00e9rmicas<br \/>\n- Para casa y para llevar.<br \/>\n- Tama\u00f1o: 80 x 80 cm.<br \/>\n- Producci\u00f3n europea.<br \/>\n- Lavable en ciclo de lavado de lana a 30 \u00b0C.<br \/>\n- Disponible exclusivamente en Woolskins<\/p>\n<p>Las fibras de lana respiran y tienen la capacidad de actuar como un termostato natural que regula la temperatura corporal? Esto ayuda al beb\u00e9 a mantener una temperatura estable y lo mantiene seco y c\u00f3modo. Lo hace de forma \u2018din\u00e1mica\u2019, es decir, cuando es necesario y no cuando no lo es. Caliente en invierno y fresco en verano.<\/p>\n<p>Este producto lleva las etiquetas Safe for Children y Woolmark, entre otras.<\/p>\n<div id=\"product-7026\" class=\"product type-product post-7026 status-publish first instock product_cat-babyshower product_cat-cadeaus-e25-e50 product_cat-cadeautips product_cat-alwero product_cat-slaapkleding-baby product_cat-babydeken product_cat-best-verkocht has-post-thumbnail taxable shipping-taxable purchasable product-type-variable ct-ajax-add-to-cart thumbs-bottom sticky-summary ct-default-gallery\">\n<div class=\"woocommerce-tabs wc-tabs-wrapper\" data-type=\"type-1:center\">\n<article>\n<div id=\"tab-description\" class=\"woocommerce-Tabs-panel woocommerce-Tabs-panel--description panel entry-content wc-tab\" role=\"tabpanel\" aria-labelledby=\"tab-title-description\">\n<h5>Etiqueta Woolskins<\/h5>\n<p>Tras a\u00f1os de fruct\u00edfera colaboraci\u00f3n con Alwero, nos enorgullece anunciar que ahora comercializamos nuestros productos con nuestra propia marca Woolskins.<\/p>\n<p>De este modo, sigue obteniendo la mejor calidad, pero combinada con los productos y dise\u00f1os m\u00e1s bonitos y exclusivos.<\/p>\n<p>La calidad de los tejidos y los colores sigue siendo la de siempre, s\u00f3lo que ahora hay una mayor variedad con la que Woolskins cree que puede distinguirse.<\/p>\n<p>Nuestra amplia colecci\u00f3n es tan parecida que son un gran complemento para cualquier conjunto de beb\u00e9, fabricados con lana europea 100% que transpira y es adecuada para todas las estaciones.<\/p>\n<p>Unimos nuestras fuerzas con entusiasmo para conseguir un producto sostenible, natural y lo m\u00e1s c\u00f3modo posible para tu beb\u00e9.<\/p>\n<\/div>\n<\/article>\n<\/div>\n<\/div>","protected":false},"excerpt":{"rendered":"<p>Esta manta de lana \u2018afieltrada\u2019 con capucha es un producto c\u00e1lido y c\u00f3modo adecuado para todas las estaciones. Est\u00e1 hecha de lana suave y natural, que a\u00edsla bien, transpira y cae suavemente. La manta tiene una capucha que mantiene la cabeza bien abrigada. Es un producto vers\u00e1til y pr\u00e1ctico, adecuado tanto para interiores como para exteriores. Una manta de lana con capucha es un verdadero \u2018must have\u2019 para cualquier conjunto de beb\u00e9, pero tambi\u00e9n es un gran regalo para hacer a alguien. Est\u00e1 disponible en distintos tejidos de lana y colores, por lo que siempre encontrar\u00e1 una manta que se adapte a sus necesidades. La manta est\u00e1 hecha de lana 100% y toma inmediatamente la temperatura del beb\u00e9. Tambi\u00e9n puede utilizarla para envolver o dar de comer c\u00f3modamente a su hijo, o llevarla f\u00e1cilmente de viaje para mantener a su hijo a la temperatura adecuada.<\/p>\n<p><strong>Marca: Woolskins<\/strong><br \/>\n<strong>Producci\u00f3n: Polonia<\/strong><\/p>","protected":false},"featured_media":30287,"comment_status":"closed","ping_status":"closed","template":"","meta":{"_acf_changed":false},"product_brand":[],"product_cat":[361,360,364,499,196,321,194],"product_tag":[],"class_list":{"0":"post-30284","1":"product","2":"type-product","3":"status-publish","4":"has-post-thumbnail","6":"product_cat-babyshower","7":"product_cat-cadeautips","8":"product_cat-cadeaus-vanaf-e50","9":"product_cat-new-arrivals","10":"product_cat-slaapkleding-baby","11":"product_cat-wikkeldekens","12":"product_cat-wollen-babyproducten","14":"first","15":"instock","16":"taxable","17":"shipping-taxable","18":"purchasable","19":"product-type-simple"},"acf":[],"_links":{"self":[{"href":"https:\/\/woolskins.eu\/es\/wp-json\/wp\/v2\/product\/30284","targetHints":{"allow":["GET"]}}],"collection":[{"href":"https:\/\/woolskins.eu\/es\/wp-json\/wp\/v2\/product"}],"about":[{"href":"https:\/\/woolskins.eu\/es\/wp-json\/wp\/v2\/types\/product"}],"replies":[{"embeddable":true,"href":"https:\/\/woolskins.eu\/es\/wp-json\/wp\/v2\/comments?post=30284"}],"wp:featuredmedia":[{"embeddable":true,"href":"https:\/\/woolskins.eu\/es\/wp-json\/wp\/v2\/media\/30287"}],"wp:attachment":[{"href":"https:\/\/woolskins.eu\/es\/wp-json\/wp\/v2\/media?parent=30284"}],"wp:term":[{"taxonomy":"product_brand","embeddable":true,"href":"https:\/\/woolskins.eu\/es\/wp-json\/wp\/v2\/product_brand?post=30284"},{"taxonomy":"product_cat","embeddable":true,"href":"https:\/\/woolskins.eu\/es\/wp-json\/wp\/v2\/product_cat?post=30284"},{"taxonomy":"product_tag","embeddable":true,"href":"https:\/\/woolskins.eu\/es\/wp-json\/wp\/v2\/product_tag?post=30284"}],"curies":[{"name":"wp","href":"https:\/\/api.w.org\/{rel}","templated":true}]}}