{"id":30157,"date":"2026-04-04T10:37:35","date_gmt":"2026-04-04T10:37:35","guid":{"rendered":"https:\/\/woolskins.eu\/?post_type=product&#038;p=30157"},"modified":"2026-04-04T10:42:16","modified_gmt":"2026-04-04T10:42:16","slug":"a-basic-brand-babysjaaltje-rib-brown","status":"publish","type":"product","link":"https:\/\/woolskins.eu\/es\/a-basic-brand-babysjaaltje-rib-brown\/","title":{"rendered":"A Basic Brand &#8211; Babysjaaltje Rib | Brown"},"content":{"rendered":"<p>Pa\u00f1uelo de algod\u00f3n acanalado. Complemento perfecto para nuestro gorro de canal\u00e9. Viene en un tama\u00f1o universal para adaptarse a todos.<\/p>\n<p>STANDARD 100 de OEKO-TEX<\/p>\n<p>TALLA UNICA (0 - 3 meses - longitud de la plantilla - 10 cm)<\/p>\n<h5>Una marca para beb\u00e9s<\/h5>\n<p>Descubre un armario minimalista repleto de b\u00e1sicos pr\u00e1cticos. Combina nuestros modelos y colores unisex.  Sin logotipos, sin estampados, sin complicaciones.<\/p>\n<p>Nuestra misi\u00f3n es hacerte la vida m\u00e1s f\u00e1cil, por lo que una de las ideas principales de nuestra filosof\u00eda es la PR\u00c1CTICA. Tambi\u00e9n nos preocupamos mucho por nuestro planeta y deseamos que todo el mundo lleve una vida m\u00e1s minimalista y, por tanto, utilice menos ropa (#CONSUMEWISELY).<\/p>\n<p>Por eso, la calidad de nuestros productos es la m\u00e1s alta posible. Podr\u00e1s usarlos durante a\u00f1os y traspasarlos cuando acabes. Utilizamos tejidos de primera calidad con certificado GOTS de algod\u00f3n org\u00e1nico y STANDARD 100 de OEKO-TEX\u00ae. Todos nuestros productos se pueden lavar a m\u00e1quina y secar en secadora tantas veces como quieras. Descubrir\u00e1 que nuestro forro polar de algod\u00f3n ni siquiera necesita planchado para tener buen aspecto.<\/p>","protected":false},"excerpt":{"rendered":"<p data-start=\"44\" data-end=\"345\">Zachte en stijlvolle katoenen rib sjaal voor baby\u2019s, perfect te combineren met de bijpassende ribbeanie. Deze baby sjaal van katoen is ademend, comfortabel en ideaal voor dagelijks gebruik. Dankzij de one size pasvorm (0\u20133 maanden) sluit hij mooi aan en biedt hij warmte zonder te knellen.<\/p>\n<p data-start=\"347\" data-end=\"563\">Gemaakt van 97% katoen en 3% elastaan en voorzien van het OEKO-TEX\u00ae STANDARD 100 keurmerk \u2013 veilig voor de gevoelige babyhuid. Een praktische en duurzame toevoeging aan een minimalistische baby garderobe.<\/p>\n<p data-start=\"347\" data-end=\"563\"><strong>Marca: A Basic Brand<\/strong><br \/>\n<strong>Pa\u00eds: Polonia<\/strong><\/p>","protected":false},"featured_media":30154,"comment_status":"open","ping_status":"closed","template":"","meta":{"_acf_changed":false},"product_brand":[],"product_cat":[360,335,361,362,529,535],"product_tag":[],"class_list":{"0":"post-30157","1":"product","2":"type-product","3":"status-publish","4":"has-post-thumbnail","6":"product_cat-cadeautips","7":"product_cat-a_baby_brand","8":"product_cat-babyshower","9":"product_cat-cadeaus-tot-e-25","10":"product_cat-katoenen-babykleertjes","11":"product_cat-katoenen-babymuts-babysjaaltjes","13":"first","14":"instock","15":"taxable","16":"shipping-taxable","17":"purchasable","18":"product-type-simple"},"acf":[],"_links":{"self":[{"href":"https:\/\/woolskins.eu\/es\/wp-json\/wp\/v2\/product\/30157","targetHints":{"allow":["GET"]}}],"collection":[{"href":"https:\/\/woolskins.eu\/es\/wp-json\/wp\/v2\/product"}],"about":[{"href":"https:\/\/woolskins.eu\/es\/wp-json\/wp\/v2\/types\/product"}],"replies":[{"embeddable":true,"href":"https:\/\/woolskins.eu\/es\/wp-json\/wp\/v2\/comments?post=30157"}],"wp:featuredmedia":[{"embeddable":true,"href":"https:\/\/woolskins.eu\/es\/wp-json\/wp\/v2\/media\/30154"}],"wp:attachment":[{"href":"https:\/\/woolskins.eu\/es\/wp-json\/wp\/v2\/media?parent=30157"}],"wp:term":[{"taxonomy":"product_brand","embeddable":true,"href":"https:\/\/woolskins.eu\/es\/wp-json\/wp\/v2\/product_brand?post=30157"},{"taxonomy":"product_cat","embeddable":true,"href":"https:\/\/woolskins.eu\/es\/wp-json\/wp\/v2\/product_cat?post=30157"},{"taxonomy":"product_tag","embeddable":true,"href":"https:\/\/woolskins.eu\/es\/wp-json\/wp\/v2\/product_tag?post=30157"}],"curies":[{"name":"wp","href":"https:\/\/api.w.org\/{rel}","templated":true}]}}