{"id":30151,"date":"2026-04-04T09:18:15","date_gmt":"2026-04-04T09:18:15","guid":{"rendered":"https:\/\/woolskins.eu\/?post_type=product&#038;p=30151"},"modified":"2026-04-04T10:09:24","modified_gmt":"2026-04-04T10:09:24","slug":"a-basic-brand-babymuts-rib-beanie-brown","status":"publish","type":"product","link":"https:\/\/woolskins.eu\/es\/a-basic-brand-babymuts-rib-beanie-brown\/","title":{"rendered":"A Basic Brand &#8211; Babymuts Rib Beanie | Brown"},"content":{"rendered":"<p>Gorro de canal\u00e9 de algod\u00f3n. Un gorro informal y un complemento perfecto para el armario de tu peque\u00f1o. Disponible en tres tallas: desde reci\u00e9n nacido hasta adulto. Esta amplia gama de tallas lo convierte en un producto perfecto de A BABY BRAND para combinar con ni\u00f1os y padres.<\/p>\n<p>STANDARD 100 de OEKO-TEX<\/p>\n<p>Tallas<\/p>\n<p>S - 0\/6m<br \/>\nM - 6m\/2y<br \/>\nL - 2y +<\/p>\n<h5>Una marca para beb\u00e9s<\/h5>\n<p>Descubre un armario minimalista repleto de b\u00e1sicos pr\u00e1cticos. Combina nuestros modelos y colores unisex.  Sin logotipos, sin estampados, sin complicaciones.<\/p>\n<p>Nuestra misi\u00f3n es hacerte la vida m\u00e1s f\u00e1cil, por lo que una de las ideas principales de nuestra filosof\u00eda es la PR\u00c1CTICA. Tambi\u00e9n nos preocupamos mucho por nuestro planeta y deseamos que todo el mundo lleve una vida m\u00e1s minimalista y, por tanto, utilice menos ropa (#CONSUMEWISELY).<\/p>\n<p>Por eso, la calidad de nuestros productos es la m\u00e1s alta posible. Podr\u00e1s usarlos durante a\u00f1os y traspasarlos cuando acabes. Utilizamos tejidos de primera calidad con certificado GOTS de algod\u00f3n org\u00e1nico y STANDARD 100 de OEKO-TEX\u00ae. Todos nuestros productos se pueden lavar a m\u00e1quina y secar en secadora tantas veces como quieras. Descubrir\u00e1 que nuestro forro polar de algod\u00f3n ni siquiera necesita planchado para tener buen aspecto.<\/p>","protected":false},"excerpt":{"rendered":"<p>Minimalistische katoenen ribbeanie voor baby\u2019s en kinderen, gemaakt van zacht en ademend katoen met stretch voor een perfecte pasvorm. Deze duurzame baby muts is comfortabel, tijdloos en ideaal voor dagelijks gebruik. Dankzij het unisex design en brede maatbereik is hij perfect om te matchen met ouders en kinderen.<\/p>\n<p>Gemaakt van 97% katoen en 3% elastaan, gecertificeerd met OEKO-TEX\u00ae STANDARD 100,\u00a0veilig voor de gevoelige babyhuid. Een praktische en stijlvolle essential binnen een minimalistische baby garderobe.<\/p>","protected":false},"featured_media":30155,"comment_status":"closed","ping_status":"closed","template":"","meta":{"_acf_changed":false},"product_brand":[],"product_cat":[335,361,360,362,529,535,499],"product_tag":[],"class_list":{"0":"post-30151","1":"product","2":"type-product","3":"status-publish","4":"has-post-thumbnail","6":"product_cat-a_baby_brand","7":"product_cat-babyshower","8":"product_cat-cadeautips","9":"product_cat-cadeaus-tot-e-25","10":"product_cat-katoenen-babykleertjes","11":"product_cat-katoenen-babymuts-babysjaaltjes","12":"product_cat-new-arrivals","13":"pa_maat-l","14":"pa_maat-m","15":"pa_maat-s","17":"first","18":"instock","19":"taxable","20":"shipping-taxable","21":"purchasable","22":"product-type-variable"},"acf":[],"_links":{"self":[{"href":"https:\/\/woolskins.eu\/es\/wp-json\/wp\/v2\/product\/30151","targetHints":{"allow":["GET"]}}],"collection":[{"href":"https:\/\/woolskins.eu\/es\/wp-json\/wp\/v2\/product"}],"about":[{"href":"https:\/\/woolskins.eu\/es\/wp-json\/wp\/v2\/types\/product"}],"replies":[{"embeddable":true,"href":"https:\/\/woolskins.eu\/es\/wp-json\/wp\/v2\/comments?post=30151"}],"wp:featuredmedia":[{"embeddable":true,"href":"https:\/\/woolskins.eu\/es\/wp-json\/wp\/v2\/media\/30155"}],"wp:attachment":[{"href":"https:\/\/woolskins.eu\/es\/wp-json\/wp\/v2\/media?parent=30151"}],"wp:term":[{"taxonomy":"product_brand","embeddable":true,"href":"https:\/\/woolskins.eu\/es\/wp-json\/wp\/v2\/product_brand?post=30151"},{"taxonomy":"product_cat","embeddable":true,"href":"https:\/\/woolskins.eu\/es\/wp-json\/wp\/v2\/product_cat?post=30151"},{"taxonomy":"product_tag","embeddable":true,"href":"https:\/\/woolskins.eu\/es\/wp-json\/wp\/v2\/product_tag?post=30151"}],"curies":[{"name":"wp","href":"https:\/\/api.w.org\/{rel}","templated":true}]}}