{"id":30015,"date":"2026-03-19T14:25:44","date_gmt":"2026-03-19T14:25:44","guid":{"rendered":"https:\/\/woolskins.eu\/?post_type=product&#038;p=30015"},"modified":"2026-03-20T12:44:56","modified_gmt":"2026-03-20T12:44:56","slug":"wollen-baby-winterpak-teddy-amandel","status":"publish","type":"product","link":"https:\/\/woolskins.eu\/es\/wollen-baby-winterpak-teddy-amandel\/","title":{"rendered":"Wollen Baby Winterpak | Teddy Amandel"},"content":{"rendered":"<p>Este producto tiene las etiquetas Safe for Children y Woolmark, entre otras. Este traje de invierno se lleva sobre la ropa, tenlo en cuenta en cuanto a la talla adecuada.<\/p>\n<p>- 100% lana virgen el\u00e1stica, etiqueta Woolmark.<br \/>\n- Manoplas y pies integrados en la manga y la pierna.<br \/>\n- La abertura se prolonga en el tubo.<br \/>\n- Consulte \u2018Tama\u00f1os en cent\u00edmetros\u2019 para conocer el tama\u00f1o correcto en cm.<\/p>\n<p>Nuestros trajes de invierno de lana ecol\u00f3gica son ideales para los m\u00e1s peque\u00f1os gracias a las propiedades naturales de las fibras de lana. \u00c9stas respiran y tienen la capacidad de actuar como un termostato natural que regula la temperatura corporal? Esto ayuda a tu beb\u00e9 a mantener una temperatura estable y lo mantiene seco y c\u00f3modo.<\/p>\n<p data-start=\"63\" data-end=\"427\"><strong data-start=\"63\" data-end=\"83\">Instrucciones de lavado<\/strong><\/p>\n<p data-start=\"63\" data-end=\"427\">Para mantener este tejido de lana Teddy bonito y suave, recomendamos lavarlo a mano a una temperatura m\u00e1xima de 30\u00b0C. Al hacerlo, proceda con cuidado y utilice un detergente suave para lana. Evite la lej\u00eda, la plancha, la secadora y el centrifugado. Deje secar el tejido en plano para conservar su forma. Tambi\u00e9n se puede lavar en seco.<\/p>\n<p data-start=\"429\" data-end=\"552\">\u2728 <strong data-start=\"431\" data-end=\"439\">Consejo:<\/strong> La lana no necesita lavarse a menudo. Un r\u00e1pido aireado al aire libre suele bastar para mantener el tejido fresco.<\/p>\n<p data-start=\"554\" data-end=\"817\">\ud83c\udf3f <strong data-start=\"557\" data-end=\"588\">Por qu\u00e9 la lana es especial: <\/strong>La lana es naturalmente autolimpiable y repele la suciedad. Los olores desaparecen simplemente aireando el tejido y la suciedad se adhiere menos f\u00e1cilmente que con otros materiales. As\u00ed, su tejido de lana se mantiene fresco durante m\u00e1s tiempo, sin necesidad de mucho mantenimiento.<\/p>\n<h5 class=\"Text1893342656__root Text1893342656---typography-11-runningText Text1893342656---priority-7-primary s8gg2 _2UIKs InfoSectionTitle3095652555__root\" aria-hidden=\"false\" data-hook=\"info-section-title\">Tama\u00f1os en cent\u00edmetros<\/h5>\n<div class=\"rah-static rah-static--height-auto\" aria-hidden=\"false\">\n<div>\n<div class=\"_1yvxJ fggS- cell\">\n<div class=\"WncCi\" data-hook=\"info-section-description\">\n<p>Talla: 0-6 meses Largo: 60 cm (del hombro al bajo) Ancho: 30 cm (en la axila).<br \/>\nTalla: 6-18 meses Largo: 68 cm (del hombro al bajo) Ancho: 33 cm (en la axila).<\/p>\n<\/div>\n<\/div>\n<\/div>\n<\/div>","protected":false},"excerpt":{"rendered":"<p>Este mono de invierno de lana el\u00e1stica es muy c\u00f3modo y calentito. Fabricado con lana 100% para que el beb\u00e9 est\u00e9 muy contento. Asegura que tu beb\u00e9 est\u00e9 preparado para salir a la calle. La abertura es lo suficientemente amplia para que puedas meter y sacar f\u00e1cilmente a tu beb\u00e9. Gracias a los pr\u00e1cticos cubremanos y cubrepi\u00e9s, tu hijo no pasar\u00e1 fr\u00edo. Este traje es adecuado para primavera, invierno y oto\u00f1o. Gracias a las propiedades absorbentes de la lana, tu hijo no sudar\u00e1 f\u00e1cilmente. (Las fotos corresponden a la versi\u00f3n beige).<\/p>\n<p><strong>Marca: Woolskins<\/strong><br \/>\n<strong>Producci\u00f3n: Polonia<\/strong><\/p>","protected":false},"featured_media":30021,"comment_status":"closed","ping_status":"closed","template":"","meta":{"_acf_changed":false},"product_brand":[],"product_cat":[200,499,196,344,319,463,194],"product_tag":[],"class_list":{"0":"post-30015","1":"product","2":"type-product","3":"status-publish","4":"has-post-thumbnail","6":"product_cat-wollen-babykleding","7":"product_cat-new-arrivals","8":"product_cat-slaapkleding-baby","9":"product_cat-kleertjes","10":"product_cat-pakjes-en-jasjes","11":"product_cat-winterpak","12":"product_cat-wollen-babyproducten","13":"pa_maat-0-6-maanden","14":"pa_maat-6-18-maanden","16":"first","17":"instock","18":"taxable","19":"shipping-taxable","20":"purchasable","21":"product-type-variable"},"acf":[],"_links":{"self":[{"href":"https:\/\/woolskins.eu\/es\/wp-json\/wp\/v2\/product\/30015","targetHints":{"allow":["GET"]}}],"collection":[{"href":"https:\/\/woolskins.eu\/es\/wp-json\/wp\/v2\/product"}],"about":[{"href":"https:\/\/woolskins.eu\/es\/wp-json\/wp\/v2\/types\/product"}],"replies":[{"embeddable":true,"href":"https:\/\/woolskins.eu\/es\/wp-json\/wp\/v2\/comments?post=30015"}],"wp:featuredmedia":[{"embeddable":true,"href":"https:\/\/woolskins.eu\/es\/wp-json\/wp\/v2\/media\/30021"}],"wp:attachment":[{"href":"https:\/\/woolskins.eu\/es\/wp-json\/wp\/v2\/media?parent=30015"}],"wp:term":[{"taxonomy":"product_brand","embeddable":true,"href":"https:\/\/woolskins.eu\/es\/wp-json\/wp\/v2\/product_brand?post=30015"},{"taxonomy":"product_cat","embeddable":true,"href":"https:\/\/woolskins.eu\/es\/wp-json\/wp\/v2\/product_cat?post=30015"},{"taxonomy":"product_tag","embeddable":true,"href":"https:\/\/woolskins.eu\/es\/wp-json\/wp\/v2\/product_tag?post=30015"}],"curies":[{"name":"wp","href":"https:\/\/api.w.org\/{rel}","templated":true}]}}