{"id":29670,"date":"2026-02-19T14:59:30","date_gmt":"2026-02-19T14:59:30","guid":{"rendered":"https:\/\/woolskins.eu\/?post_type=product&#038;p=29670"},"modified":"2026-05-14T13:30:44","modified_gmt":"2026-05-14T13:30:44","slug":"wollen-wiegdeken-babydeken-rosebeige","status":"publish","type":"product","link":"https:\/\/woolskins.eu\/es\/wollen-wiegdeken-babydeken-rosebeige\/","title":{"rendered":"Wollen Wiegdeken \/ Babydeken &#8211; Thumbled | Ros\u00e9beige"},"content":{"rendered":"<p>Onze Wollen Wiegdekens zijn zeer geschikt voor de allerkleinste dankzij de natuurlijke eigenschappen van wolvezels. Deze ademen en hebben de eigenschap op te treden als een natuurlijke thermostaat die de lichaamstemperatuur reguleert? Dit helpt je baby in het onderhouden van een stabiele temperatuur en houdt je baby droog en comfortabel. Het doet dit \u2018dynamisch\u2019, wat betekent dat het gebeurt als het nodig is, en niet als het niet nodig is.<\/p>\n<p>- Lana virgen 100% (Tumbled) con certificaci\u00f3n Woolmark.<br \/>\n- Para casa y para llevar.<br \/>\n- Tama\u00f1o: 75 x 100 cm y 90 x 130 cm.<br \/>\n- Producci\u00f3n europea.<br \/>\n- Lavable en ciclo de lavado de lana a 30\u00b0C.<\/p>\n<p>Los productos de lana desmenuzada se caracterizan por sus fibras de lana sueltas. Para minimizar la esponjosidad, lo mejor es dar palmaditas al producto por fuera antes de usarlo.<\/p>\n<p>Este producto lleva las etiquetas Safe for Children y Woolmark, entre otras.<\/p>\n<h5>Etiqueta Woolskins<\/h5>\n<p>Tras a\u00f1os de fruct\u00edfera colaboraci\u00f3n con Alwero, nos enorgullece anunciar que ahora comercializamos nuestros productos con nuestra propia marca Woolskins.<\/p>\n<p>De este modo, sigue obteniendo la mejor calidad, pero combinada con los productos y dise\u00f1os m\u00e1s bonitos y exclusivos.<\/p>\n<p>La calidad de los tejidos y los colores sigue siendo la de siempre, s\u00f3lo que ahora hay una mayor variedad con la que Woolskins cree que puede distinguirse.<\/p>\n<p>Nuestra amplia colecci\u00f3n es tan parecida que son un gran complemento para cualquier conjunto de beb\u00e9, fabricados con lana europea 100% que transpira y es adecuada para todas las estaciones.<\/p>\n<p>Unimos nuestras fuerzas con entusiasmo para conseguir un producto sostenible, natural y lo m\u00e1s c\u00f3modo posible para su hijo.<\/p>","protected":false},"excerpt":{"rendered":"<p>Su hijo dormir\u00e1 y so\u00f1ar\u00e1 bajo esta c\u00f3moda manta de cuna de lana 100%. La manta de cuna de lana es flexible y muy suave y est\u00e1 rematada con un punto de manta. Tienen un aspecto precioso y lujoso y no pueden faltar en el ajuar de ning\u00fan beb\u00e9. Las mantas de lana respiran y adoptan inmediatamente la temperatura del beb\u00e9. Tienen el tama\u00f1o y el peso ideales para dormir bajo ellas o jugar. \u00dasala en casa o de viaje para abrigar bien a tu hijo. La manta es adecuada para cualquier estaci\u00f3n y un regalo perfecto para un baby shower o una visita de maternidad.<\/p>\n<p><strong>Marca: Woolskins<\/strong><br \/>\n<strong>Producci\u00f3n: Polonia<\/strong><\/p>","protected":false},"featured_media":29673,"comment_status":"closed","ping_status":"closed","template":"","meta":{"_acf_changed":false},"product_brand":[],"product_cat":[361,360,363,364,499,196,318,194],"product_tag":[],"class_list":{"0":"post-29670","1":"product","2":"type-product","3":"status-publish","4":"has-post-thumbnail","6":"product_cat-babyshower","7":"product_cat-cadeautips","8":"product_cat-cadeaus-e25-e50","9":"product_cat-cadeaus-vanaf-e50","10":"product_cat-new-arrivals","11":"product_cat-slaapkleding-baby","12":"product_cat-wollen-wiegdeken-ledikantdeken","13":"product_cat-wollen-babyproducten","14":"pa_maat-75-x-100-cm","15":"pa_maat-90-x-130-cm","17":"first","18":"instock","19":"taxable","20":"shipping-taxable","21":"purchasable","22":"product-type-variable"},"acf":[],"_links":{"self":[{"href":"https:\/\/woolskins.eu\/es\/wp-json\/wp\/v2\/product\/29670","targetHints":{"allow":["GET"]}}],"collection":[{"href":"https:\/\/woolskins.eu\/es\/wp-json\/wp\/v2\/product"}],"about":[{"href":"https:\/\/woolskins.eu\/es\/wp-json\/wp\/v2\/types\/product"}],"replies":[{"embeddable":true,"href":"https:\/\/woolskins.eu\/es\/wp-json\/wp\/v2\/comments?post=29670"}],"wp:featuredmedia":[{"embeddable":true,"href":"https:\/\/woolskins.eu\/es\/wp-json\/wp\/v2\/media\/29673"}],"wp:attachment":[{"href":"https:\/\/woolskins.eu\/es\/wp-json\/wp\/v2\/media?parent=29670"}],"wp:term":[{"taxonomy":"product_brand","embeddable":true,"href":"https:\/\/woolskins.eu\/es\/wp-json\/wp\/v2\/product_brand?post=29670"},{"taxonomy":"product_cat","embeddable":true,"href":"https:\/\/woolskins.eu\/es\/wp-json\/wp\/v2\/product_cat?post=29670"},{"taxonomy":"product_tag","embeddable":true,"href":"https:\/\/woolskins.eu\/es\/wp-json\/wp\/v2\/product_tag?post=29670"}],"curies":[{"name":"wp","href":"https:\/\/api.w.org\/{rel}","templated":true}]}}