{"id":28481,"date":"2026-01-08T09:59:09","date_gmt":"2026-01-08T09:59:09","guid":{"rendered":"https:\/\/woolskins.eu\/?post_type=product&#038;p=28481"},"modified":"2026-05-15T14:03:52","modified_gmt":"2026-05-15T14:03:52","slug":"schapenvacht-voor-baby-essential-medicinaal-kopie","status":"publish","type":"product","link":"https:\/\/woolskins.eu\/es\/schapenvacht-voor-baby-essential-medicinaal-kopie\/","title":{"rendered":"Piel de Oveja para Beb\u00e9 - Esencial (Medicinal)"},"content":{"rendered":"<p class=\"brz-tp-lg-paragraph brz-fsft-lg-0 brz-fwdth-lg-100 brz-vfw-lg-400 brz-lh-lg-1_3 brz-ls-lg-0 brz-fw-lg-400 brz-fss-lg-px brz-fs-lg-16 brz-ft-google brz-ff-roboto brz-css-u0nq9\" data-generated-css=\"brz-css-wc8U_\" data-uniq-id=\"ywvFI\"><strong><span class=\"brz-cp-color7\">Hoe was ik dit product<\/span><\/strong><\/p>\n<p class=\"brz-tp-lg-paragraph brz-fsft-lg-0 brz-fwdth-lg-100 brz-vfw-lg-400 brz-lh-lg-1_3 brz-ls-lg-0 brz-fw-lg-400 brz-fss-lg-px brz-fs-lg-16 brz-ft-google brz-ff-roboto brz-css-u0nq9\" data-generated-css=\"brz-css-wc8U_\" data-uniq-id=\"ywvFI\"><span class=\"brz-cp-color7\">Wol is \u00e9\u00e9n van de meest bijzondere materialen die de natuur ons geeft. Het ademt, reguleert temperatuur en past zich aan het lichaam van je kindje aan. In de zomer houdt wol koel, in de winter juist behaaglijk warm<\/span><\/p>\n<p class=\"brz-tp-lg-paragraph brz-fsft-lg-0 brz-fwdth-lg-100 brz-vfw-lg-400 brz-lh-lg-1_3 brz-ls-lg-0 brz-fw-lg-400 brz-fss-lg-px brz-fs-lg-16 brz-ft-google brz-ff-roboto brz-css-jrs_t\" data-generated-css=\"brz-css-yPsqL\" data-uniq-id=\"skkYU\"><span class=\"brz-cp-color7\">Lo que mucha gente no sabe es que la lana es naturalmente <\/span><strong class=\"brz-cp-color7\">autolimpiante<\/strong><span class=\"brz-cp-color7\"> es. Gracias a la <\/span><strong class=\"brz-cp-color7\">lanolina<\/strong><span class=\"brz-cp-color7\"> - la grasa natural de la lana- repele la suciedad y las bacterias. Como resultado, la lana necesita lavarse con mucha menos frecuencia que otros tejidos. Un r\u00e1pido aireado suele bastar para mantenerla fresca. Esto hace que la lana no s\u00f3lo sea pr\u00e1ctica, sino tambi\u00e9n sostenible y respetuosa con el planeta.<\/span><\/p>\n<p class=\"brz-fsft-lg-0 brz-fwdth-lg-100 brz-vfw-lg-400 brz-lh-lg-1_8 brz-ls-lg-0 brz-fw-lg-400 brz-fss-lg-px brz-fs-lg-16 brz-ft-google brz-ff-roboto brz-tp-lg-empty brz-tp-xs-empty brz-fs-xs-16 brz-fss-xs-px brz-fw-xs-400 brz-ls-xs-0 brz-lh-xs-1_6 brz-vfw-xs-400 brz-fwdth-xs-100 brz-fsft-xs-0 brz-css-yQlCX\" data-generated-css=\"brz-css-tKxRR\" data-uniq-id=\"yEtCS\"><span class=\"brz-cp-color7\">Si quieres lavar tu abrigo puedes <\/span><strong class=\"brz-cp-color7 brz-bold-true\">s\u00f3lo<\/strong><span class=\"brz-cp-color7\"> con nuestro <\/span><strong class=\"brz-cp-color7 brz-bold-true\">Medicinal<\/strong><span class=\"brz-cp-color7\"> (amarillo dorado) en el programa de lavado de lana fina a 30 grados. Para ello disponemos de un detergente ecol\u00f3gico especial para lana con lanolina. Nuestras pieles de grado m\u00e9dico tambi\u00e9n pueden secarse en secadora a baja temperatura. El lavado de las pieles es responsabilidad suya.<\/span><\/p>\n<p class=\"brz-tp-lg-paragraph brz-tp-xs-empty brz-fs-xs-16 brz-fss-xs-px brz-fw-xs-400 brz-ls-xs-0 brz-lh-xs-1_6 brz-vfw-xs-400 brz-fwdth-xs-100 brz-fsft-xs-0 brz-css-nvDyE\" data-generated-css=\"brz-css-efqOq\" data-uniq-id=\"t26CS\"><strong class=\"brz-cp-color7\">Instrucciones de lavado:<\/strong><\/p>\n<ul>\n<li class=\"brz-tp-lg-paragraph brz-tp-xs-empty brz-fs-xs-16 brz-fss-xs-px brz-fw-xs-400 brz-ls-xs-0 brz-lh-xs-1_6 brz-vfw-xs-400 brz-fwdth-xs-100 brz-fsft-xs-0 brz-css-du3p1\" data-generated-css=\"brz-css-k5BvM\" data-uniq-id=\"nTHiT\"><span class=\"brz-cp-color7\">Plaats de vacht in de wasmachine met 50ml Eco Wool Wash in de zeeplade.<\/span><\/li>\n<li class=\"brz-tp-lg-paragraph brz-tp-xs-empty brz-fs-xs-16 brz-fss-xs-px brz-fw-xs-400 brz-ls-xs-0 brz-lh-xs-1_6 brz-vfw-xs-400 brz-fwdth-xs-100 brz-fsft-xs-0 brz-css-du3p1\" data-generated-css=\"brz-css-k5BvM\" data-uniq-id=\"nTHiT\">Was de vacht op 30 C wol\/fijnewasprogramma (korte cycles).<\/li>\n<li class=\"brz-tp-lg-paragraph brz-tp-xs-empty brz-fs-xs-16 brz-fss-xs-px brz-fw-xs-400 brz-ls-xs-0 brz-lh-xs-1_6 brz-vfw-xs-400 brz-fwdth-xs-100 brz-fsft-xs-0 brz-css-mWHSF\" data-generated-css=\"brz-css-n9J3I\" data-uniq-id=\"bf4wK\"><span class=\"brz-cp-color7\">Lig de vacht met de lederkant op een handdoek en rol deze op. Flink aandrukken zodat het resterende water zoveel mogelijk in de handdoek trekt. <\/span><\/li>\n<li class=\"brz-tp-lg-paragraph brz-tp-xs-empty brz-fs-xs-16 brz-fss-xs-px brz-fw-xs-400 brz-ls-xs-0 brz-lh-xs-1_6 brz-vfw-xs-400 brz-fwdth-xs-100 brz-fsft-xs-0 brz-css-rblxB\" data-generated-css=\"brz-css-yJIru\" data-uniq-id=\"x6HoK\"><span class=\"brz-cp-color7\">Nu de vacht laten drogen op een vlakke ondergrond of stop deze in de wasdroger op een lage \u2013 NIET HETE! \u2013 temperatuur. <\/span><\/li>\n<li class=\"brz-tp-lg-paragraph brz-tp-xs-empty brz-fs-xs-16 brz-fss-xs-px brz-fw-xs-400 brz-ls-xs-0 brz-lh-xs-1_6 brz-vfw-xs-400 brz-fwdth-xs-100 brz-fsft-xs-0 brz-css-qnT7L\" data-generated-css=\"brz-css-kmmFo\" data-uniq-id=\"dD6kw\"><span class=\"brz-cp-color7\">Laat de vacht hierna nog wat nadrogen en rek deze zachtjes in vorm. Daarna eventueel nog even naborstelen.<\/span><\/li>\n<li class=\"brz-tp-lg-paragraph brz-tp-xs-empty brz-fs-xs-16 brz-fss-xs-px brz-fw-xs-400 brz-ls-xs-0 brz-lh-xs-1_6 brz-vfw-xs-400 brz-fwdth-xs-100 brz-fsft-xs-0 brz-css-aACl7\" data-generated-css=\"brz-css-k46uV\" data-uniq-id=\"frAIr\"><span class=\"brz-cp-color7\">Despu\u00e9s del lavado, la parte de cuero puede parecer un poco r\u00edgida. Se volver\u00e1 a ablandar de forma natural con el uso.<\/span><\/li>\n<\/ul>\n<p class=\"brz-tp-lg-paragraph brz-tp-xs-empty brz-fs-xs-16 brz-fss-xs-px brz-fw-xs-400 brz-ls-xs-0 brz-lh-xs-1_6 brz-vfw-xs-400 brz-fwdth-xs-100 brz-fsft-xs-0 brz-css-lHmv2\" data-generated-css=\"brz-css-z1oli\" data-uniq-id=\"hVdVV\"><span class=\"brz-cp-color7\">Voor het wassen van wasbare schapenvachten gebruik je het beste onze &#8216;<\/span>Lavado ecol\u00f3gico de lana<span class=\"brz-cp-color7\"> wolwasmidde&#8217;l. Dit ecologisch wasmiddel, op basis van olijfolie, heeft een vethandhavende werking en bevat lanoline om de gezonde eigenschappen en soepelheid van de vacht te behouden. <\/span><\/p>\n<p data-generated-css=\"brz-css-z1oli\" data-uniq-id=\"hVdVV\"><strong>Over Woolskins<\/strong><\/p>\n<div id=\"\" class=\"brz-css-d-wrapper brz-css-1q73e7r brz-wrapper\">\n<div class=\"brz-rich-text brz-rich-text__custom brz-css-d-richtext brz-css-1d6pkzq\" data-brz-custom-id=\"jupwgglsfhzyptcsanqmqvyklnscuodjvwmx\">\n<div data-brz-translate-text=\"1\">\n<p class=\"brz-text-lg-center brz-tp-lg-empty brz-ff-montserrat brz-ft-google brz-fs-lg-38 brz-fss-lg-px brz-fw-lg-700 brz-ls-lg-0 brz-lh-lg-1_5 brz-vfw-lg-400 brz-fwdth-lg-100 brz-fsft-lg-0 brz-css-p4Ecm\" data-uniq-id=\"yGIY6\" data-generated-css=\"brz-css-ukNNR\"><strong class=\"brz-cp-color2,color1 brz-bold-true\">A <\/strong><strong class=\"brz-bold-true brz-cp-color1\">calurosa bienvenida<\/strong><strong class=\"brz-cp-color2,color1 brz-bold-true\"> para tu beb\u00e9. Con la suavidad de <\/strong><strong class=\"brz-bold-true brz-cp-color1\">pura lana<\/strong><strong class=\"brz-cp-color2,color1 brz-bold-true\">.<\/strong><\/p>\n<\/div>\n<\/div>\n<\/div>\n<div class=\"brz-row__container brz-css-d-row-row brz-css-mojfdd\" data-brz-custom-id=\"izkcgzgcoxikudcjaitolvdjemwwjfjwmzhe\">\n<div class=\"brz-row brz-css-d-row-container brz-css-r-row-container brz-css-ib68py\">\n<div class=\"brz-columns brz-css-d-column-column brz-css-1qopiwf\" data-brz-custom-id=\"uvkvjkmiksjiaibgwqtwgupxmagynoisygdo\">\n<div class=\"brz-column__items brz-css-d-column-bg brz-css-7my0ep\">\n<div id=\"\" class=\"brz-css-d-wrapper brz-css-1d0eh3h brz-wrapper\">\n<div class=\"brz-rich-text brz-rich-text__custom brz-css-d-richtext brz-css-zx8jyn\" data-brz-custom-id=\"jrjzqcvxnmacbjfxvwzvikkcvtgqeajnwtgb\">\n<div data-brz-translate-text=\"1\">\n<p class=\"brz-tp-lg-paragraph brz-css-dQqvA\" data-generated-css=\"brz-css-nBkEi\" data-uniq-id=\"rWVq8\"><span class=\"brz-cp-color2\">Bij Woolskins geloven we in de kracht van puur natuur. Wij ontwerpen en maken stijlvolle, zachte en duurzame producten van 100% wol, speciaal voor de allerkleinsten. Onze Woolskins collectie wordt door ons zelf ontworpen en met zorg geproduceerd in Europa, met de fijnste en beste kwaliteit wol. We kiezen bewust voor lokale productie.<\/span><\/p>\n<\/div>\n<\/div>\n<\/div>\n<\/div>\n<\/div>\n<div class=\"brz-columns brz-css-d-column-column brz-css-x2esfi\" data-brz-custom-id=\"uqqeozovlhnlhefkbitgoaexdggddjaxgxkk\">\n<div class=\"brz-column__items brz-css-d-column-bg brz-css-zxf4qj\">\n<div id=\"\" class=\"brz-css-d-wrapper brz-css-x9dw1i brz-wrapper\">\n<div class=\"brz-rich-text brz-rich-text__custom brz-css-d-richtext brz-css-14v53ti\" data-brz-custom-id=\"lruhgsvewnqbmociwgpszryazljsymitwfxv\">\n<div data-brz-translate-text=\"1\">\n<p class=\"brz-tp-lg-paragraph brz-css-g2dNo\" data-generated-css=\"brz-css-cCUyh\" data-uniq-id=\"hawxE\"><span class=\"brz-cp-color2\">con materiales naturales y sostenibles. De este modo, garantizamos no s\u00f3lo calidad y suavidad, sino tambi\u00e9n un producto honesto y responsable. Woolskins envuelve a tu beb\u00e9 con la suavidad de la naturaleza en estado puro, dise\u00f1ada con amor y cuidado. Para un comienzo en la vida seguro, natural y confortable.<\/span><\/p>\n<\/div>\n<\/div>\n<\/div>\n<\/div>\n<\/div>\n<\/div>\n<\/div>","protected":false},"excerpt":{"rendered":"<h6>Eco Baby-Care Piel de Oveja Esencial - Medicinal<\/h6>\n<p data-start=\"1588\" data-end=\"1903\">Geef je baby een veilig en geborgen gevoel met deze medicinale schapenvacht van Woolskins. De vacht is afkomstig van Europese schapen en wordt volledig binnen de EU gelooid volgens strenge richtlijnen. Dankzij de natuurlijke wol en aanwezige lanoline voelt de vacht uitzonderlijk zacht aan op de gevoelige babyhuid.<\/p>\n<p data-start=\"1905\" data-end=\"2165\">De ademende en temperatuurregulerende eigenschappen helpen je kindje warm te blijven in de winter en juist koel in de zomer. Geschikt voor gebruik in de wieg, box of op de vloer. Duurzaam geproduceerd, onderhoudsvriendelijk en ontworpen voor dagelijks comfort.<\/p>\n<p data-start=\"207\" data-end=\"258\"><strong>Producteigenschappen<\/strong><\/p>\n<ul>\n<li data-start=\"260\" data-end=\"316\">\n<p data-start=\"262\" data-end=\"316\"><strong data-start=\"262\" data-end=\"275\">Herkomst:<\/strong> Schapenvacht uit de EU, gelooid in de EU<\/p>\n<\/li>\n<li data-start=\"317\" data-end=\"356\">\n<p data-start=\"319\" data-end=\"356\"><strong data-start=\"319\" data-end=\"333\">Materiaal:<\/strong> 100% lana natural<\/p>\n<\/li>\n<li data-start=\"357\" data-end=\"426\">\n<p data-start=\"359\" data-end=\"426\"><strong data-start=\"359\" data-end=\"379\">No irrita la piel:<\/strong> Zacht en geschikt voor de gevoelige babyhuid<\/p>\n<\/li>\n<li data-start=\"427\" data-end=\"495\">\n<p data-start=\"429\" data-end=\"495\"><strong data-start=\"429\" data-end=\"455\">Temperatuurregulerend:<\/strong> Houdt warm bij kou en koel bij warmte<\/p>\n<\/li>\n<li data-start=\"496\" data-end=\"551\">\n<p data-start=\"498\" data-end=\"551\"><strong data-start=\"498\" data-end=\"510\">Ademend:<\/strong> Voorkomt oververhitting en klam gevoel<\/p>\n<\/li>\n<li data-start=\"552\" data-end=\"606\">\n<p data-start=\"554\" data-end=\"606\"><strong data-start=\"554\" data-end=\"566\">Uso:<\/strong> Geschikt voor wieg, box of speelvloer<\/p>\n<\/li>\n<li data-start=\"607\" data-end=\"669\">\n<p data-start=\"609\" data-end=\"669\"><strong data-start=\"609\" data-end=\"621\">Comodidad:<\/strong> Rustgevend en zacht om op te liggen of spelen<\/p>\n<\/li>\n<li data-start=\"670\" data-end=\"721\">\n<p data-start=\"672\" data-end=\"721\"><strong data-start=\"672\" data-end=\"685\">Duradera:<\/strong> Hoogwaardige schapenvacht die lang meegaat<\/p>\n<\/li>\n<li data-start=\"722\" data-end=\"809\">\n<p data-start=\"724\" data-end=\"809\"><strong data-start=\"724\" data-end=\"738\">Onderhoud:<\/strong> Onderhoudsvriendelijk; regelmatig luchten en borstelen, machine wasbaar<\/p>\n<\/li>\n<\/ul>\n<p data-start=\"207\" data-end=\"258\"><strong>Maten\/afmetingen<\/strong><\/p>\n<ul>\n<li data-start=\"260\" data-end=\"316\">\n<p data-start=\"262\" data-end=\"316\">90\/100cm (diagonaal gemeten) &#8211; <strong>Vachtlengte<\/strong> 3cm<\/p>\n<\/li>\n<\/ul>\n<p class=\"Text4179662635__root Text4179662635---typography-11-runningText Text4179662635---priority-7-primary s8gg2 _2UIKs InfoSectionTitle3095652555__root\" aria-hidden=\"false\" data-hook=\"info-section-title\"><strong>Dormilonas... \u00a1tomen nota!<\/strong><\/p>\n<div class=\"rah-static rah-static--height-auto\" aria-hidden=\"false\">\n<div class=\"_1yvxJ fggS- cell\">\n<div class=\"WncCi NTPd3\" data-hook=\"info-section-description\">\n<p>Los peque\u00f1os que duermen boca abajo durante los primeros 12 meses no deben dormir sobre nada blando por motivos de seguridad, ya que puede ser peligroso. As\u00ed que te recomendamos que utilices la piel Woolskins con prudencia. Presta siempre atenci\u00f3n cuando tu hijo est\u00e9 tumbado o durmiendo boca abajo y aseg\u00farate de que est\u00e9 siempre vigilado.<\/p>\n<\/div>\n<\/div>\n<\/div>\n<p><strong>Marca: Woolskins<\/strong><br \/>\n<strong>Productieland: Polen<\/strong><\/p>\n<p class=\"_2tV5m fggS- cell\"><strong>Eigenschapen Essential (medicinale) schapenvacht<\/strong><\/p>\n<div class=\"rah-static rah-static--height-auto\" aria-hidden=\"false\">\n<div class=\"_1yvxJ fggS- cell\">\n<div class=\"WncCi NTPd3\" data-hook=\"info-section-description\">\n<p data-start=\"0\" data-end=\"393\">Dit schapenvachtje is<strong> Onze Tip!<\/strong> Este <strong data-start=\"4\" data-end=\"31\">medicinale schapenvacht<\/strong> is een zorgvuldig geselecteerde en medicinaal gelooide schapenvacht waardoor alle goede en gezonde eigenschapen in de vacht zoveel mogelijk bewaard blijven, speciaal geschikt voor baby\u2019s en mensen met een gevoelige huid. Deze Baby-Care schapenvacht is afkomstig van het <strong data-start=\"219\" data-end=\"237\">Engelse schaap<\/strong> en heeft een <strong data-start=\"251\" data-end=\"288\">zeer zachte en compacte structuur<\/strong>. De wolvezels zijn ademend en werken temperatuurregulerend: <strong data-start=\"349\" data-end=\"390\">koel in de zomer en warm in de winter<\/strong>.<\/p>\n<p data-start=\"395\" data-end=\"579\">Door de manier van looien (medicinaal) zit de vacht <strong data-start=\"419\" data-end=\"435\">vol lanoline<\/strong>, een wolvet met vele <strong data-start=\"457\" data-end=\"491\">goede en gezonde eigenschappen<\/strong>. Lanoline werkt huidverzorgend, beschermend, is anti-bacterie\u00ebl en helpt de vacht vuilafstotend te maken.<\/p>\n<p data-start=\"581\" data-end=\"838\" data-is-last-node=\"\" data-is-only-node=\"\">De medicinale schapenvacht is <strong data-start=\"600\" data-end=\"611\">wasbaar<\/strong>, maar let op, <strong data-start=\"618\" data-end=\"666\">wassen is voor het eerste gebruik echt niet nodig<\/strong>. Dankzij de natuurlijke antibacterie\u00eble eigenschappen hoeft de vacht <strong data-start=\"728\" data-end=\"783\">alleen gewassen te worden wanneer deze zeer vies is<\/strong> en niet meer schoon te maken is met bijvoorbeeld een <strong data-start=\"824\" data-end=\"837\">washandje<\/strong>. Buiten laten luchten en bortselen volstaat vaak om de vacht lang mooi te houden.<\/p>\n<\/div>\n<\/div>\n<\/div>\n<p data-start=\"178\" data-end=\"210\"><strong>Eco Friendly &amp; 100% Europees<\/strong><\/p>\n<p data-start=\"212\" data-end=\"416\">Onze schapenvachten komen van Europese schapen en worden volledig in de EU gelooid en verwerkt en voldoen aan de strengste EU-richtlijnen.<\/p>\n<ul data-start=\"418\" data-end=\"721\">\n<li data-start=\"418\" data-end=\"530\">\n<p data-start=\"420\" data-end=\"530\"><strong data-start=\"420\" data-end=\"442\">Veilig &amp; duurzaam:<\/strong> Geen AZO-kleurstoffen, biologisch afbreekbaar en veilig voor kinderen en volwassenen.<\/p>\n<\/li>\n<li data-start=\"531\" data-end=\"644\">\n<p data-start=\"533\" data-end=\"644\"><strong data-start=\"533\" data-end=\"549\">REACH-proof:<\/strong> Onze productie volgt de EU REACH-voorschriften voor maximale bescherming van mens en milieu.<\/p>\n<\/li>\n<li data-start=\"645\" data-end=\"721\">\n<p data-start=\"647\" data-end=\"721\"><strong data-start=\"647\" data-end=\"663\">Dierwelzijn:<\/strong> Geen Mulesing \u2013 dit is bij Europese schapen niet nodig.<\/p>\n<\/li>\n<\/ul>\n<p data-start=\"723\" data-end=\"862\">Met Woolskins kies je voor een echt Europees, duurzaam en kwalitatief hoog schapenvachtje voor je kindje.<\/p>\n<div class=\"rah-static rah-static--height-auto\" aria-hidden=\"false\">\n<div class=\"_1yvxJ fggS- cell\">\n<div class=\"WncCi NTPd3\" data-hook=\"info-section-description\">\n<p>Lees hieronder meer&#8230;<\/p>\n<\/div>\n<\/div>\n<\/div>","protected":false},"featured_media":10531,"comment_status":"closed","ping_status":"closed","template":"","meta":{"_acf_changed":false},"product_brand":[],"product_cat":[545,360,364,216,354],"product_tag":[],"class_list":{"0":"post-28481","1":"product","2":"type-product","3":"status-publish","4":"has-post-thumbnail","6":"product_cat-best_verkocht","7":"product_cat-cadeautips","8":"product_cat-cadeaus-vanaf-e50","9":"product_cat-schapenvacht-voor-baby","10":"product_cat-woolskins","12":"first","13":"instock","14":"sale","15":"taxable","16":"shipping-taxable","17":"purchasable","18":"product-type-variable","19":"has-default-attributes"},"acf":[],"_links":{"self":[{"href":"https:\/\/woolskins.eu\/es\/wp-json\/wp\/v2\/product\/28481","targetHints":{"allow":["GET"]}}],"collection":[{"href":"https:\/\/woolskins.eu\/es\/wp-json\/wp\/v2\/product"}],"about":[{"href":"https:\/\/woolskins.eu\/es\/wp-json\/wp\/v2\/types\/product"}],"replies":[{"embeddable":true,"href":"https:\/\/woolskins.eu\/es\/wp-json\/wp\/v2\/comments?post=28481"}],"wp:featuredmedia":[{"embeddable":true,"href":"https:\/\/woolskins.eu\/es\/wp-json\/wp\/v2\/media\/10531"}],"wp:attachment":[{"href":"https:\/\/woolskins.eu\/es\/wp-json\/wp\/v2\/media?parent=28481"}],"wp:term":[{"taxonomy":"product_brand","embeddable":true,"href":"https:\/\/woolskins.eu\/es\/wp-json\/wp\/v2\/product_brand?post=28481"},{"taxonomy":"product_cat","embeddable":true,"href":"https:\/\/woolskins.eu\/es\/wp-json\/wp\/v2\/product_cat?post=28481"},{"taxonomy":"product_tag","embeddable":true,"href":"https:\/\/woolskins.eu\/es\/wp-json\/wp\/v2\/product_tag?post=28481"}],"curies":[{"name":"wp","href":"https:\/\/api.w.org\/{rel}","templated":true}]}}