{"id":28124,"date":"2025-12-16T12:00:44","date_gmt":"2025-12-16T12:00:44","guid":{"rendered":"https:\/\/woolskins.eu\/?post_type=product&#038;p=28124"},"modified":"2026-01-08T09:58:31","modified_gmt":"2026-01-08T09:58:31","slug":"lucky-heart-orange-splash","status":"publish","type":"product","link":"https:\/\/woolskins.eu\/es\/lucky-heart-orange-splash\/","title":{"rendered":"Lucky Heart | Haven"},"content":{"rendered":"<p><strong>Acerca de Mischa Hendriksen<\/strong><\/p>\n<p>Mischa naci\u00f3 en una familia de artistas. Desde muy peque\u00f1o estuvo rodeado de arte. Su padre pintaba, su madre era escultora y su hermana trabajaba en el sector gr\u00e1fico. As\u00ed que no es de extra\u00f1ar que Mischa aspirara a una carrera creativa.<\/p>\n<p class=\"font_8\"><span class=\"wixGuard\">\u200b<\/span>Comenz\u00f3 su carrera como bailar\u00edn profesional. Viaj\u00f3 por todo el mundo con varias compa\u00f1\u00edas de danza y disfrut\u00f3 de la adrenalina y la expresi\u00f3n del baile. Sin embargo, despu\u00e9s de 14 a\u00f1os, decidi\u00f3 que era hora de un nuevo reto.<\/p>\n<p class=\"font_8\"><span class=\"wixGuard\">\u200b<\/span>Mischa acab\u00f3 dedic\u00e1ndose al comercio internacional del arte. Afincado en \u00c1msterdam, trabaj\u00f3 con galer\u00edas y coleccionistas de todo el mundo, aprendiendo todo sobre el mercado del arte y el arte en s\u00ed. Le fascinaba el poder del arte para emocionar e inspirar a la gente.<\/p>\n<p class=\"font_8\"><span class=\"wixGuard\">\u200b<\/span>Tras 20 a\u00f1os en el mundo del arte, empez\u00f3 a pintar. Siempre le hab\u00eda apasionado pintar, pero nunca hab\u00eda tenido tiempo para ello. Ahora que dispon\u00eda de m\u00e1s tiempo, por fin pod\u00eda dedicarse plenamente a su arte.<\/p>\n<p class=\"font_8\">Sus cuadros son abstractos y coloristas. Transmiten una sensaci\u00f3n de paz y calma. Utiliza su arte para ayudar a la gente a escapar del ajetreo y el bullicio de la vida cotidiana. Quiere que la gente encuentre en sus cuadros un momento de paz y contemplaci\u00f3n.<\/p>\n<p class=\"font_8\"><span class=\"wixGuard\">\u200b<\/span>Mischa es un artista \u00fanico con una trayectoria interesante. Ha tenido una larga y exitosa carrera en el mundo de la danza y el arte, y ahora se dedica por completo a la pintura. Crea hermosos cuadros abstractos que destilan paz y calma.<\/p>\n<p><a href=\"https:\/\/woolskins.wixstudio.io\/mijnsite-1\" target=\"_blank\" rel=\"noopener\">Ver el sitio web<\/a><\/p>\n<p>&nbsp;<\/p>","protected":false},"excerpt":{"rendered":"<div id=\"\" class=\"brz-css-f1nL7 brz-wrapper\">\n<div class=\"brz-rich-text brz-rich-text__custom brz-css-bQsg8\" data-brz-custom-id=\"huusIuGBka_T\">\n<div data-brz-translate-text=\"1\">\n<p>Met dit unieke Artwork Gift geef je een stukje van je hart, een tastbare uitdrukking van liefde, dankbaarheid en verbinding. Een Lucky Heart is speciaal ontworpen om momenten in het leven te markeren die er \u00e9cht toe doen, momenten die je voor altijd wilt koesteren.<\/p>\n<p>Dit kunstwerk wordt vaak gegeven ter viering van de geboorte van een kind, als symbool van bescherming, liefde en een prachtig begin. Maar een Lucky Heart is net zo waardevol wanneer het wordt gegeven aan iemand die jouw leven heeft geraakt, iemand van wie je houdt, iemand die jou heeft gesteund, of iemand die je gewoon vanuit je hart wilt bedanken.<\/p>\n<p>Elk Lucky Heart symboliseert een boodschap van liefde, bescherming en oprechte verbondenheid. Het draagt zacht de betekenis: je bent geliefd, je bent gekoesterd en je bent nooit alleen.<\/p>\n<p>Een tijdloos aandenken dat liefde en herinnering biedt, dag na dag.<\/p>\n<\/div>\n<\/div>\n<\/div>\n<div id=\"\" class=\"brz-css-f1nL7 brz-wrapper\">\n<div class=\"brz-rich-text brz-rich-text__custom brz-css-bQsg8\" data-brz-custom-id=\"hdkVgQoLd3go\">\n<div data-brz-translate-text=\"1\">\n<p data-uniq-id=\"dctDn\" data-generated-css=\"brz-css-uFYkb\">Artista: Mischa Hendriksen<br \/>\nTitel: &#8216;Haven\u2019<br \/>\nMaat: 20 x 20 cm (7,8 x 7,8 inch)<br \/>\nMedia: 100% Handmade, 3-D art, acrylic on canvas<br \/>\nOplage: Original Artwork<br \/>\nPrice: \u20ac145,- (inclusief lijst)<\/p>\n<\/div>\n<\/div>\n<\/div>","protected":false},"featured_media":28121,"comment_status":"open","ping_status":"closed","template":"","meta":{"_acf_changed":false},"product_brand":[],"product_cat":[500,528],"product_tag":[],"class_list":{"0":"post-28124","1":"product","2":"type-product","3":"status-publish","4":"has-post-thumbnail","6":"product_cat-angel-heart","7":"product_cat-schapenvachten-voor-thuis","9":"first","10":"instock","11":"taxable","12":"shipping-taxable","13":"purchasable","14":"product-type-simple"},"acf":[],"_links":{"self":[{"href":"https:\/\/woolskins.eu\/es\/wp-json\/wp\/v2\/product\/28124","targetHints":{"allow":["GET"]}}],"collection":[{"href":"https:\/\/woolskins.eu\/es\/wp-json\/wp\/v2\/product"}],"about":[{"href":"https:\/\/woolskins.eu\/es\/wp-json\/wp\/v2\/types\/product"}],"replies":[{"embeddable":true,"href":"https:\/\/woolskins.eu\/es\/wp-json\/wp\/v2\/comments?post=28124"}],"wp:featuredmedia":[{"embeddable":true,"href":"https:\/\/woolskins.eu\/es\/wp-json\/wp\/v2\/media\/28121"}],"wp:attachment":[{"href":"https:\/\/woolskins.eu\/es\/wp-json\/wp\/v2\/media?parent=28124"}],"wp:term":[{"taxonomy":"product_brand","embeddable":true,"href":"https:\/\/woolskins.eu\/es\/wp-json\/wp\/v2\/product_brand?post=28124"},{"taxonomy":"product_cat","embeddable":true,"href":"https:\/\/woolskins.eu\/es\/wp-json\/wp\/v2\/product_cat?post=28124"},{"taxonomy":"product_tag","embeddable":true,"href":"https:\/\/woolskins.eu\/es\/wp-json\/wp\/v2\/product_tag?post=28124"}],"curies":[{"name":"wp","href":"https:\/\/api.w.org\/{rel}","templated":true}]}}