{"id":27939,"date":"2025-12-05T11:47:31","date_gmt":"2025-12-05T11:47:31","guid":{"rendered":"https:\/\/woolskins.eu\/?post_type=product&#038;p=27939"},"modified":"2026-03-13T13:55:59","modified_gmt":"2026-03-13T13:55:59","slug":"schapenvacht-voor-baby-natural-spotted-special-edition","status":"publish","type":"product","link":"https:\/\/woolskins.eu\/es\/schapenvacht-voor-baby-natural-spotted-special-edition\/","title":{"rendered":"Schapenvacht voor baby &#8211; Natural Spotted Special Edition"},"content":{"rendered":"<p>Las pieles de oveja Woolskins Baby-Care tienen un pelaje m\u00e1s corto que las hace a prueba de beb\u00e9s. Son adecuadas desde el nacimiento y, como su elaboraci\u00f3n tiene en cuenta el medio ambiente, protegen tanto a los peque\u00f1os como al planeta. En casa o fuera de ella, creas un entorno confortable en el que tu hijo se siente feliz y relajado. \u00bfSab\u00edas que la piel de oveja tambi\u00e9n es saludable para tu hijo?<\/p>\n<p>- Longitud 90-100cm \/ pelaje 3cm.<br \/>\n- Pelaje suave y compacto.<br \/>\n&#8211; <span style=\"color: #000000;\"><strong>NO<\/strong> <\/span>Se puede lavar y secar a m\u00e1quina.<br \/>\n- F\u00e1cil de mantener.<\/p>\n<p>Pida con \u00e9l un cepillo de mantenimiento para mantener su pelaje bonito durante mucho tiempo y\/o personal\u00edcelo con su regalo de nacimiento o el de su hijo. Un regalo precioso y \u00fanico, disponible exclusivamente en Woolskins. Embalaje est\u00e1ndar \u2018listo para regalo\u2019 con nota personal.<\/p>\n<p><strong>Caracter\u00edsticas Confort Piel de oveja<\/strong><\/p>\n<p>Esta piel de oveja Baby-Care procede de la oveja inglesa. Es un pelaje muy suave y bellamente compacto. Este pelaje Comfort es \u2018la\u2019 piel de oveja que conocemos de antes, s\u00f3lo que la hemos afeitado a una longitud corta. Es mucho m\u00e1s seguro. Como todos nuestros otros vellones, las fibras de lana respiran. Esto ayuda al beb\u00e9 a mantener una temperatura estable y lo mantiene seco y c\u00f3modo. Fresquito en verano y calentito en invierno.<\/p>\n<p><strong>Respetuoso con el medio ambiente<\/strong><\/p>\n<p>Todos los agentes utilizados en el curtido y el acabado cumplen las directivas esenciales de la UE relativas a la conservaci\u00f3n y protecci\u00f3n del medio ambiente.<\/p>\n<p>Nuestros abrigos se curten de acuerdo con la normativa REACH, adoptada para mejorar la protecci\u00f3n de la salud humana y el medio ambiente frente a los riesgos que pueden plantear las sustancias qu\u00edmicas, aumentando al mismo tiempo la competitividad de la industria qu\u00edmica de la UE. En la producci\u00f3n no se utilizan tintes AZO.<\/p>\n<p>ECO PRODUCTOS - las pieles son Eco Friendly Skins, su procesamiento y tratamiento son seguros para adultos y ni\u00f1os. Las pieles son biodegradables, ecol\u00f3gicas.<\/p>\n<p>Woolskins no vende vellones de ovejas que hayan sido muladas. El mulesing no se utiliza en ovejas europeas porque el par\u00e1sito que hace que los ganaderos utilicen el mulesing no se encuentra en Europa.<\/p>\n<p><strong>Dormilonas... \u00a1tomen nota!<\/strong><\/p>\n<p>Los peque\u00f1os que duermen boca abajo durante los primeros 12 meses no deben dormir sobre nada blando por motivos de seguridad, ya que puede ser peligroso. As\u00ed que te recomendamos que utilices la piel Woolskins con prudencia. Presta siempre atenci\u00f3n cuando tu hijo est\u00e9 tumbado o durmiendo boca abajo y aseg\u00farate de que est\u00e9 siempre vigilado.<\/p>","protected":false},"excerpt":{"rendered":"<p data-start=\"88\" data-end=\"161\"><strong data-start=\"88\" data-end=\"161\">Zacht, natuurlijk en exclusief schapenvachtje voor baby\u2019s \u2013 Woolskins<\/strong><\/p>\n<p data-start=\"163\" data-end=\"496\">Geef je kindje het allerbeste met dit hoogwaardige schapenvachtje van Woolskins. Deze <strong data-start=\"249\" data-end=\"277\">zeer gelimiteerde oplage<\/strong> bestaat uit <strong data-start=\"290\" data-end=\"329\">puur natuurlijke, gevlekte vachtjes<\/strong> \u2013 volledig <strong data-start=\"341\" data-end=\"354\">ongeverfd<\/strong>, in tegenstelling tot wat je vaak ziet bij collega-merken. Door het natuurlijke patroon is <strong data-start=\"446\" data-end=\"474\">ieder vachtje \u00e9cht uniek<\/strong> in kleur en tekening.\u00a0De vachten zijn afkomstig van <strong data-start=\"528\" data-end=\"548\">Europese schapen<\/strong> en worden ook <strong data-start=\"563\" data-end=\"584\">in Europa gelooid<\/strong> volgens hoge ecologische normen. Het vachtje is perfect te gebruiken als zacht, comfortabel oppervlak in de wieg, box of op de vloer.\u00a0De natuurlijke wol werkt temperatuurregulerend, ondersteunt een gezonde lichaamstemperatuur en is zacht voor de gevoelige babyhuid. Bovendien heeft het een rustgevend en omhullend effect, waardoor je kindje zich ontspannen voelt tijdens zowel spel- als rustmomenten.\u00a0Duurzaam, onderhoudsvriendelijk en extra bijzonder dankzij het unieke, natuurlijke karakter van elke vacht. Meer informatie lees je bij <em data-start=\"1124\" data-end=\"1143\">productinformatie<\/em> hieronder.<\/p>\n<p><strong>Marca: Woolskins<\/strong><br \/>\n<strong>Pa\u00eds: Polonia<\/strong><\/p>","protected":false},"featured_media":29949,"comment_status":"closed","ping_status":"closed","template":"","meta":{"_acf_changed":false},"product_brand":[],"product_cat":[361,360,364,499,216,354],"product_tag":[],"class_list":{"0":"post-27939","1":"product","2":"type-product","3":"status-publish","4":"has-post-thumbnail","6":"product_cat-babyshower","7":"product_cat-cadeautips","8":"product_cat-cadeaus-vanaf-e50","9":"product_cat-new-arrivals","10":"product_cat-schapenvacht-voor-baby","11":"product_cat-woolskins","13":"first","14":"instock","15":"taxable","16":"shipping-taxable","17":"purchasable","18":"product-type-variable","19":"has-default-attributes"},"acf":[],"_links":{"self":[{"href":"https:\/\/woolskins.eu\/es\/wp-json\/wp\/v2\/product\/27939","targetHints":{"allow":["GET"]}}],"collection":[{"href":"https:\/\/woolskins.eu\/es\/wp-json\/wp\/v2\/product"}],"about":[{"href":"https:\/\/woolskins.eu\/es\/wp-json\/wp\/v2\/types\/product"}],"replies":[{"embeddable":true,"href":"https:\/\/woolskins.eu\/es\/wp-json\/wp\/v2\/comments?post=27939"}],"wp:featuredmedia":[{"embeddable":true,"href":"https:\/\/woolskins.eu\/es\/wp-json\/wp\/v2\/media\/29949"}],"wp:attachment":[{"href":"https:\/\/woolskins.eu\/es\/wp-json\/wp\/v2\/media?parent=27939"}],"wp:term":[{"taxonomy":"product_brand","embeddable":true,"href":"https:\/\/woolskins.eu\/es\/wp-json\/wp\/v2\/product_brand?post=27939"},{"taxonomy":"product_cat","embeddable":true,"href":"https:\/\/woolskins.eu\/es\/wp-json\/wp\/v2\/product_cat?post=27939"},{"taxonomy":"product_tag","embeddable":true,"href":"https:\/\/woolskins.eu\/es\/wp-json\/wp\/v2\/product_tag?post=27939"}],"curies":[{"name":"wp","href":"https:\/\/api.w.org\/{rel}","templated":true}]}}