{"id":27432,"date":"2025-11-14T10:51:41","date_gmt":"2025-11-14T10:51:41","guid":{"rendered":"https:\/\/woolskins.eu\/?post_type=product&#038;p=27432"},"modified":"2026-03-28T12:29:40","modified_gmt":"2026-03-28T12:29:40","slug":"saco-de-dormir-de-lana","status":"publish","type":"product","link":"https:\/\/woolskins.eu\/es\/wollen-slaapzak\/","title":{"rendered":"Saco de dormir de lana para beb\u00e9 y ni\u00f1o | Fieltro Beige"},"content":{"rendered":"<p data-start=\"126\" data-end=\"937\">Este saco de dormir de lana con patas est\u00e1 dise\u00f1ado para crecer al ritmo diario de su hijo. Mientras que los sacos de dormir tradicionales se utilizan principalmente en la cama, este modelo ofrece mucha m\u00e1s libertad. Las patas sueltas permiten que tu hijo se mueva libremente nada m\u00e1s despertarse: sentarse, gatear, andar y jugar se hacen sin esfuerzo y sin perder calor. Esto hace que el saco de dormir sea ideal para las ma\u00f1anas largas y tranquilas del fin de semana, para los ni\u00f1os peque\u00f1os que quieren acurrucarse y jugar por la ma\u00f1ana, para los ni\u00f1os que se enfr\u00edan r\u00e1pidamente nada m\u00e1s salir de la cama, para los momentos acogedores en el sof\u00e1 o en el sal\u00f3n, y para los ni\u00f1os a los que les cuesta estarse quietos durante el cambio. Su hijo estar\u00e1 calentito y c\u00f3modo, pero sin las limitaciones de un saco de dormir tradicional.<\/p>\n<p data-start=\"126\" data-end=\"937\"><strong>100% Mont\u00f3n de lana virgen<\/strong><\/p>\n<p data-start=\"670\" data-end=\"706\"><strong>Esto hace que el saco de dormir sea ideal para:<\/strong><\/p>\n<ul data-start=\"707\" data-end=\"982\">\n<li data-start=\"707\" data-end=\"750\">\n<p data-start=\"709\" data-end=\"750\">ma\u00f1anas largas y tranquilas los fines de semana<\/p>\n<\/li>\n<li data-start=\"751\" data-end=\"813\">\n<p data-start=\"753\" data-end=\"813\">ni\u00f1os peque\u00f1os a los que les gusta abrazar y jugar por la ma\u00f1ana<\/p>\n<\/li>\n<li data-start=\"814\" data-end=\"867\">\n<p data-start=\"816\" data-end=\"867\">ni\u00f1os que se enfr\u00edan r\u00e1pidamente nada m\u00e1s levantarse de la cama<\/p>\n<\/li>\n<li data-start=\"868\" data-end=\"910\">\n<p data-start=\"870\" data-end=\"910\">momentos en el sof\u00e1 o en el sal\u00f3n<\/p>\n<\/li>\n<li data-start=\"911\" data-end=\"982\">\n<p data-start=\"913\" data-end=\"982\">ni\u00f1os que no permanecen quietos cuando se cambian o se cambian de ropa<\/p>\n<\/li>\n<\/ul>\n<p data-start=\"984\" data-end=\"1083\"><strong>Tu beb\u00e9 estar\u00e1 calentito y c\u00f3modo, pero sin las limitaciones de un saco de dormir tradicional.<\/strong><\/p>\n<p data-start=\"1085\" data-end=\"1347\"><strong>Cubrepu\u00f1os para tener los pies calientes o los dedos libres.<\/strong><\/p>\n<p data-start=\"1085\" data-end=\"1347\">Una ventaja a\u00f1adida de este modelo son los elegantes pu\u00f1os envolventes de las perneras. Estos permiten mantener los pies completamente calientes y recogidos, o dejarlos abiertos cuando el ni\u00f1o quiera pasear, explorar o jugar.<\/p>\n<ul data-start=\"1348\" data-end=\"1494\">\n<li data-start=\"1348\" data-end=\"1416\">\n<p data-start=\"1350\" data-end=\"1416\">Los pies apretados retienen el calor mientras duermes o descansas.<\/p>\n<\/li>\n<li data-start=\"1417\" data-end=\"1494\">\n<p data-start=\"1419\" data-end=\"1494\">Los pies abiertos dan a tu hijo libertad para caminar y jugar con seguridad.<\/p>\n<\/li>\n<\/ul>\n<p data-start=\"1496\" data-end=\"1639\">Para muchas mam\u00e1s, es la soluci\u00f3n para las ma\u00f1anas en las que su beb\u00e9 a\u00fan no necesita vestirse pero le gusta corretear y estar activo.<\/p>\n<p data-start=\"1641\" data-end=\"1851\"><strong>Por qu\u00e9 la lana es tan buena para beb\u00e9s y ni\u00f1os<\/strong><\/p>\n<p data-start=\"1641\" data-end=\"1851\">La lana es un material excepcional por naturaleza, tanto mientras duerme como cuando su beb\u00e9 est\u00e1 activo. Regula la temperatura de forma natural.<\/p>\n<ul data-start=\"1852\" data-end=\"1967\">\n<li data-start=\"1852\" data-end=\"1898\">\n<p data-start=\"1854\" data-end=\"1898\">La lana conserva el calor cuando hace fr\u00edo.<\/p>\n<\/li>\n<li data-start=\"1899\" data-end=\"1967\">\n<p data-start=\"1901\" data-end=\"1967\">La lana evacua el exceso de calor y humedad cuando hace calor.<\/p>\n<\/li>\n<\/ul>\n<p data-start=\"1969\" data-end=\"2212\">Esto ayuda a evitar que tu beb\u00e9 se sobrecaliente, garantiza un patr\u00f3n de sue\u00f1o m\u00e1s reparador y mantiene la temperatura corporal m\u00e1s equilibrada. Esto es especialmente importante para los beb\u00e9s y los ni\u00f1os peque\u00f1os, que apenas pueden regular su temperatura por s\u00ed mismos.<\/p>\n<p data-start=\"2214\" data-end=\"2368\">Adem\u00e1s, la lana utilizada est\u00e1 curtida m\u00e9dicamente, es hipoalerg\u00e9nica y no contiene sustancias nocivas. Esto hace que el saco de dormir sea especialmente adecuado para los m\u00e1s peque\u00f1os con:<\/p>\n<ul data-start=\"2369\" data-end=\"2438\">\n<li data-start=\"2369\" data-end=\"2379\">\n<p data-start=\"2371\" data-end=\"2379\">eczema<\/p>\n<\/li>\n<li data-start=\"2380\" data-end=\"2423\">\n<p data-start=\"2382\" data-end=\"2423\">piel sensible o f\u00e1cilmente irritable<\/p>\n<\/li>\n<li data-start=\"2424\" data-end=\"2438\">\n<p data-start=\"2426\" data-end=\"2438\">alergias<\/p>\n<\/li>\n<\/ul>\n<p data-start=\"2440\" data-end=\"2554\">La lana tambi\u00e9n es resistente a las bacterias y poco atractiva para los \u00e1caros del polvo, lo que contribuye a crear un entorno saludable para dormir.<\/p>\n<p data-start=\"2556\" data-end=\"2886\">La lana tambi\u00e9n es transpirable, resistente a los olores y autolimpiable. Neutraliza los olores, transpira excepcionalmente bien y rara vez necesita lavarse; suele bastar con airearla r\u00e1pidamente. La estructura suave y envolvente de la lana tambi\u00e9n hace que los ni\u00f1os se sientan seguros y protegidos, lo que a menudo hace que duerman m\u00e1s tranquilos, menos inquietos y m\u00e1s profundamente.<\/p>\n<p data-start=\"2888\" data-end=\"2982\"><strong>Ideal para ni\u00f1os que ya caminan<\/strong><\/p>\n<p data-start=\"2888\" data-end=\"2982\">Las perneras y el ajuste flexible permiten a tu hijo:<\/p>\n<ul data-start=\"2983\" data-end=\"3125\">\n<li data-start=\"2983\" data-end=\"3022\">\n<p data-start=\"2985\" data-end=\"3022\">levantarse de la cama sin refrescarse<\/p>\n<\/li>\n<li data-start=\"3023\" data-end=\"3043\">\n<p data-start=\"3025\" data-end=\"3043\">caminar con seguridad<\/p>\n<\/li>\n<li data-start=\"3044\" data-end=\"3066\">\n<p data-start=\"3046\" data-end=\"3066\">juego independiente<\/p>\n<\/li>\n<li data-start=\"3067\" data-end=\"3125\">\n<p data-start=\"3069\" data-end=\"3125\">desayunar c\u00f3modamente o participar en el ritual matutino<\/p>\n<\/li>\n<\/ul>\n<p data-start=\"3127\" data-end=\"3260\">Se acabaron las prisas por cambiarse inmediatamente y las preocupaciones por los pies fr\u00edos: el saco de dormir simplemente se queda puesto y facilita todos los rituales matutinos.<\/p>\n<p data-start=\"3262\" data-end=\"3539\"><strong>Perfecto para las ma\u00f1anas y las tardes en casa<\/strong><\/p>\n<p data-start=\"3262\" data-end=\"3539\">Muchas mam\u00e1s llaman a este saco de dormir de lana un aut\u00e9ntico h\u00e9roe ma\u00f1anero. Es ideal para las acogedoras ma\u00f1anas de fin de semana, cuando tu beb\u00e9 a\u00fan se pasea por la habitaci\u00f3n en saco de dormir, gatea por el sof\u00e1 contigo o juega tranquilamente mientras t\u00fa empiezas el d\u00eda.<\/p>","protected":false},"excerpt":{"rendered":"<p>Mientras que los sacos de dormir tradicionales est\u00e1n pensados principalmente para su uso en la cama, este saco de dormir de lana con tubos ofrece muchas m\u00e1s posibilidades. Gracias al <strong data-start=\"1093\" data-end=\"1110\">tuber\u00edas sueltas<\/strong> Gracias a su cuello envolvente, tu hijo podr\u00e1 moverse libremente nada m\u00e1s despertarse: sentarse, gatear, caminar o jugar alegremente sin perder calor. Este saco de dormir \u00fanico est\u00e1 hecho de <strong data-start=\"731\" data-end=\"765\">zuiver scheerwol met OekoTex keur<\/strong>, un material suave e hipoalerg\u00e9nico que mantiene al ni\u00f1o abrigado de forma segura y le ayuda a dormir mejor. Muchas madres llaman a este saco de dormir de lana un aut\u00e9ntico h\u00e9roe ma\u00f1anero. Es ideal para las acogedoras ma\u00f1anas de fin de semana, cuando tu hijo a\u00fan est\u00e1 en el saco de dormir paseando por la habitaci\u00f3n, gateando por el sof\u00e1 contigo o jugando tranquilamente mientras t\u00fa empiezas el d\u00eda.<\/p>\n<p><strong>Marca: Woolskins<\/strong><br \/>\n<strong>Producci\u00f3n: Polonia<br \/>\nKeur: Oeko-Tex Standard<\/strong><\/p>\n<p><img loading=\"lazy\" decoding=\"async\" class=\"alignnone wp-image-28173 entered lazyloaded\" src=\"https:\/\/woolskins.eu\/wp-content\/uploads\/2024\/05\/csm_OEKO-TEX_Logo_2022_rgb_c1aaeb5ceb-300x300.jpg\" alt=\"\" width=\"89\" height=\"89\" data-lazy-src=\"https:\/\/woolskins.eu\/wp-content\/uploads\/2024\/05\/csm_OEKO-TEX_Logo_2022_rgb_c1aaeb5ceb-300x300.jpg\" data-ll-status=\"loaded\" srcset=\"https:\/\/woolskins.eu\/wp-content\/uploads\/2024\/05\/csm_OEKO-TEX_Logo_2022_rgb_c1aaeb5ceb-300x300.jpg 300w, https:\/\/woolskins.eu\/wp-content\/uploads\/2024\/05\/csm_OEKO-TEX_Logo_2022_rgb_c1aaeb5ceb-150x150.jpg 150w, https:\/\/woolskins.eu\/wp-content\/uploads\/2024\/05\/csm_OEKO-TEX_Logo_2022_rgb_c1aaeb5ceb-768x769.jpg 768w, https:\/\/woolskins.eu\/wp-content\/uploads\/2024\/05\/csm_OEKO-TEX_Logo_2022_rgb_c1aaeb5ceb-12x12.jpg 12w, https:\/\/woolskins.eu\/wp-content\/uploads\/2024\/05\/csm_OEKO-TEX_Logo_2022_rgb_c1aaeb5ceb-600x601.jpg 600w, https:\/\/woolskins.eu\/wp-content\/uploads\/2024\/05\/csm_OEKO-TEX_Logo_2022_rgb_c1aaeb5ceb-100x100.jpg 100w, https:\/\/woolskins.eu\/wp-content\/uploads\/2024\/05\/csm_OEKO-TEX_Logo_2022_rgb_c1aaeb5ceb-64x64.jpg 64w, https:\/\/woolskins.eu\/wp-content\/uploads\/2024\/05\/csm_OEKO-TEX_Logo_2022_rgb_c1aaeb5ceb.jpg 885w\" sizes=\"auto, (max-width: 89px) 100vw, 89px\" \/><\/p>","protected":false},"featured_media":29923,"comment_status":"open","ping_status":"closed","template":"","meta":{"_acf_changed":false},"product_brand":[],"product_cat":[360,361,545,364,499,196,370,194],"product_tag":[],"class_list":{"0":"post-27432","1":"product","2":"type-product","3":"status-publish","4":"has-post-thumbnail","6":"product_cat-cadeautips","7":"product_cat-babyshower","8":"product_cat-best_verkocht","9":"product_cat-cadeaus-vanaf-e50","10":"product_cat-new-arrivals","11":"product_cat-slaapkleding-baby","12":"product_cat-slaapzakken","13":"product_cat-wollen-babyproducten","15":"first","16":"instock","17":"taxable","18":"shipping-taxable","19":"purchasable","20":"product-type-variable"},"acf":[],"_links":{"self":[{"href":"https:\/\/woolskins.eu\/es\/wp-json\/wp\/v2\/product\/27432","targetHints":{"allow":["GET"]}}],"collection":[{"href":"https:\/\/woolskins.eu\/es\/wp-json\/wp\/v2\/product"}],"about":[{"href":"https:\/\/woolskins.eu\/es\/wp-json\/wp\/v2\/types\/product"}],"replies":[{"embeddable":true,"href":"https:\/\/woolskins.eu\/es\/wp-json\/wp\/v2\/comments?post=27432"}],"wp:featuredmedia":[{"embeddable":true,"href":"https:\/\/woolskins.eu\/es\/wp-json\/wp\/v2\/media\/29923"}],"wp:attachment":[{"href":"https:\/\/woolskins.eu\/es\/wp-json\/wp\/v2\/media?parent=27432"}],"wp:term":[{"taxonomy":"product_brand","embeddable":true,"href":"https:\/\/woolskins.eu\/es\/wp-json\/wp\/v2\/product_brand?post=27432"},{"taxonomy":"product_cat","embeddable":true,"href":"https:\/\/woolskins.eu\/es\/wp-json\/wp\/v2\/product_cat?post=27432"},{"taxonomy":"product_tag","embeddable":true,"href":"https:\/\/woolskins.eu\/es\/wp-json\/wp\/v2\/product_tag?post=27432"}],"curies":[{"name":"wp","href":"https:\/\/api.w.org\/{rel}","templated":true}]}}