{"id":26900,"date":"2025-10-17T13:05:04","date_gmt":"2025-10-17T13:05:04","guid":{"rendered":"https:\/\/woolskins.eu\/?post_type=product&#038;p=26900"},"modified":"2025-12-20T10:36:34","modified_gmt":"2025-12-20T10:36:34","slug":"una-marca-basica-zapatillas-de-lana-senoras-100-lana-virgen-negro","status":"publish","type":"product","link":"https:\/\/woolskins.eu\/es\/a-basic-brand-wollen-sloffen-dames-100-scheerwol-zwart\/","title":{"rendered":"A Basic Brand - Pantuflas de lana para mujer - 100% New Wool | negro"},"content":{"rendered":"<h3 data-start=\"115\" data-end=\"164\"><strong data-start=\"119\" data-end=\"164\">A Basic Brand - Zapatillas de lana para se\u00f1ora<\/strong><\/h3>\n<p data-start=\"166\" data-end=\"475\">S\u00faper c\u00e1lido y reconfortante, pero tambi\u00e9n completamente natural y transpirable. Este <strong data-start=\"237\" data-end=\"273\">zapatillas de lana de A Basic Brand<\/strong> est\u00e1n pensadas para las mujeres amantes de la comodidad, la sencillez y los materiales naturales. Ofrecen el equilibrio perfecto entre calidez, transpirabilidad y estilo, ideal para llevar en casa todo el a\u00f1o.<\/p>\n<h4 data-start=\"477\" data-end=\"509\"><strong data-start=\"482\" data-end=\"509\">100% Puro pelo de lana virgen<\/strong><\/h4>\n<p data-start=\"510\" data-end=\"780\">El interior de las zapatillas est\u00e1 hecho de <strong data-start=\"555\" data-end=\"578\">100% pura lana virgen<\/strong>: lana reci\u00e9n extra\u00edda que no se ha procesado antes. Esto crea un forro excepcionalmente suave, el\u00e1stico y transpirable que se amolda a tus pies y mantiene continuamente una temperatura agradable.<\/p>\n<h4 data-start=\"782\" data-end=\"811\"><strong data-start=\"787\" data-end=\"811\">Las ventajas de la lana<\/strong><\/h4>\n<p data-start=\"812\" data-end=\"919\">La lana es una de las fibras naturales m\u00e1s funcionales que existen. Gracias a sus propiedades \u00fanicas:<\/p>\n<ul data-start=\"920\" data-end=\"1300\">\n<li data-start=\"920\" data-end=\"995\">\n<p data-start=\"922\" data-end=\"995\"><strong data-start=\"922\" data-end=\"954\">La lana regula la temperatura<\/strong> - c\u00e1lido en invierno, fresco en verano.<\/p>\n<\/li>\n<li data-start=\"996\" data-end=\"1070\">\n<p data-start=\"998\" data-end=\"1070\"><strong data-start=\"998\" data-end=\"1035\">Es transpirable y regula la humedad<\/strong> - mantiene los pies secos y frescos.<\/p>\n<\/li>\n<li data-start=\"1071\" data-end=\"1147\">\n<p data-start=\"1073\" data-end=\"1147\"><strong data-start=\"1073\" data-end=\"1115\">Es autolimpiante y antibacteriano<\/strong> - los olores no tienen ninguna posibilidad.<\/p>\n<\/li>\n<li data-start=\"1148\" data-end=\"1214\">\n<p data-start=\"1150\" data-end=\"1214\"><strong data-start=\"1150\" data-end=\"1174\">\u00bfEs hipoalerg\u00e9nico?<\/strong> - Respetuoso con la piel sensible.<\/p>\n<\/li>\n<li data-start=\"1215\" data-end=\"1300\">\n<p data-start=\"1217\" data-end=\"1300\"><strong data-start=\"1217\" data-end=\"1262\">\u00bfEs sostenible y biodegradable?<\/strong> - bueno para ti y para el planeta.<\/p>\n<\/li>\n<\/ul>\n<h4 data-start=\"1302\" data-end=\"1341\"><strong data-start=\"1307\" data-end=\"1341\">Calidez y confort a cada paso<\/strong><\/h4>\n<p data-start=\"1342\" data-end=\"1641\">Las zapatillas de lana de A Basic Brand son ligeras, pero ofrecen un agarre firme y una sujeci\u00f3n natural. La suave lana envuelve los pies como un c\u00e1lido abrazo y proporciona una sensaci\u00f3n instant\u00e1nea de relajaci\u00f3n. Perfectas para las ma\u00f1anas fr\u00edas, las noches tranquilas o los largos d\u00edas trabajando desde casa.<\/p>\n<h4 data-start=\"1643\" data-end=\"1679\"><strong data-start=\"1648\" data-end=\"1679\">Dise\u00f1o sencillo y atemporal<\/strong><\/h4>\n<p data-start=\"1680\" data-end=\"1913\">Como su nombre indica, se trata de <strong data-start=\"1709\" data-end=\"1726\">Una marca b\u00e1sica<\/strong> por la sencillez pura y la calidad natural. Sin detalles innecesarios, s\u00f3lo un aspecto atemporal y un confort duradero. El color natural de la lana se adapta a cualquier estilo e interior.<\/p>\n<h4 data-start=\"1915\" data-end=\"1950\"><strong data-start=\"1920\" data-end=\"1950\">Disponible en dos tama\u00f1os<\/strong><\/h4>\n<p data-start=\"1951\" data-end=\"1985\">Las zapatillas est\u00e1n disponibles en:<\/p>\n<ul data-start=\"1986\" data-end=\"2023\">\n<li data-start=\"1986\" data-end=\"2004\">\n<p data-start=\"1988\" data-end=\"2004\"><strong data-start=\"1988\" data-end=\"2002\">Talla 38\/39 (26cm)<\/strong><\/p>\n<\/li>\n<li data-start=\"2005\" data-end=\"2023\">\n<p data-start=\"2007\" data-end=\"2023\"><strong data-start=\"2007\" data-end=\"2021\">Talla 40\/41 (28 cm)<\/strong><\/p>\n<\/li>\n<\/ul>\n<p data-start=\"2025\" data-end=\"2167\">Gracias a la elasticidad natural de la lana, se ajustan perfectamente al pie sin apretar y conservan su forma con el uso regular.<\/p>","protected":false},"excerpt":{"rendered":"<h3 data-start=\"115\" data-end=\"164\"><strong data-start=\"119\" data-end=\"164\">A Basic Brand - Zapatillas de lana para se\u00f1ora<\/strong><\/h3>\n<p>Experimente lo \u00faltimo en confort dom\u00e9stico con el <strong data-start=\"171\" data-end=\"218\">zapatillas de lana para mujer de A Basic Brand<\/strong>. Hechos de pura lana virgen 100% de doble capa, son maravillosamente c\u00e1lidos, suaves y transpirables, ideales para los d\u00edas fr\u00edos y para los amantes de los materiales naturales. La lana regula la temperatura, evacua la humedad y mantiene los pies frescos y secos, sin pellizcar. Disponible en talla <strong data-start=\"486\" data-end=\"495\">38\/39<\/strong> y <strong data-start=\"499\" data-end=\"508\">40\/41<\/strong> para un ajuste perfecto y pura relajaci\u00f3n a cada paso. Adem\u00e1s, estas zapatillas est\u00e1n equipadas con <strong data-start=\"594\" data-end=\"613\">suelas antideslizantes<\/strong>, que le permiten caminar de forma segura y estable por todos los suelos.<\/p>\n<p><strong>Marca: A Basic Brand<\/strong><br \/>\n<strong>Pa\u00eds: Polonia<\/strong><\/p>","protected":false},"featured_media":26897,"comment_status":"open","ping_status":"closed","template":"","meta":{"_acf_changed":false},"product_brand":[],"product_cat":[499,351,360,364,350,31],"product_tag":[],"class_list":{"0":"post-26900","1":"product","2":"type-product","3":"status-publish","4":"has-post-thumbnail","6":"product_cat-new-arrivals","7":"product_cat-accessoiresvoormama","8":"product_cat-cadeautips","9":"product_cat-cadeaus-vanaf-e50","10":"product_cat-fashion","11":"product_cat-yogamat-wol","13":"first","14":"instock","15":"taxable","16":"shipping-taxable","17":"purchasable","18":"product-type-variable"},"acf":[],"_links":{"self":[{"href":"https:\/\/woolskins.eu\/es\/wp-json\/wp\/v2\/product\/26900","targetHints":{"allow":["GET"]}}],"collection":[{"href":"https:\/\/woolskins.eu\/es\/wp-json\/wp\/v2\/product"}],"about":[{"href":"https:\/\/woolskins.eu\/es\/wp-json\/wp\/v2\/types\/product"}],"replies":[{"embeddable":true,"href":"https:\/\/woolskins.eu\/es\/wp-json\/wp\/v2\/comments?post=26900"}],"wp:featuredmedia":[{"embeddable":true,"href":"https:\/\/woolskins.eu\/es\/wp-json\/wp\/v2\/media\/26897"}],"wp:attachment":[{"href":"https:\/\/woolskins.eu\/es\/wp-json\/wp\/v2\/media?parent=26900"}],"wp:term":[{"taxonomy":"product_brand","embeddable":true,"href":"https:\/\/woolskins.eu\/es\/wp-json\/wp\/v2\/product_brand?post=26900"},{"taxonomy":"product_cat","embeddable":true,"href":"https:\/\/woolskins.eu\/es\/wp-json\/wp\/v2\/product_cat?post=26900"},{"taxonomy":"product_tag","embeddable":true,"href":"https:\/\/woolskins.eu\/es\/wp-json\/wp\/v2\/product_tag?post=26900"}],"curies":[{"name":"wp","href":"https:\/\/api.w.org\/{rel}","templated":true}]}}