{"id":26851,"date":"2025-10-15T13:08:42","date_gmt":"2025-10-15T13:08:42","guid":{"rendered":"https:\/\/woolskins.eu\/?post_type=product&#038;p=26851"},"modified":"2025-11-11T14:06:48","modified_gmt":"2025-11-11T14:06:48","slug":"fular-portabebes-polivalente-zaffiro-be-close-algodon-avellana","status":"publish","type":"product","link":"https:\/\/woolskins.eu\/es\/multifunctionele-draagdoek-voor-baby-zaffiro-be-close-katoen-hazelnoot\/","title":{"rendered":"Fular portabeb\u00e9s multifunci\u00f3n - Zaffiro \u2018Be Close\u2019| Algod\u00f3n Avellana"},"content":{"rendered":"<h2 data-start=\"188\" data-end=\"260\"><strong data-start=\"191\" data-end=\"260\">Zaffiro Be Close - Fular portabeb\u00e9s tejido multifuncional<\/strong><\/h2>\n<p data-start=\"262\" data-end=\"614\">Descubra el <strong data-start=\"281\" data-end=\"302\">eslinga tejida<\/strong> para su beb\u00e9: el <strong data-start=\"322\" data-end=\"352\">Arn\u00e9s Zaffiro Be Close<\/strong> es una soluci\u00f3n vers\u00e1til, segura y c\u00f3moda para los padres a los que les gusta llevar a su beb\u00e9 cerca de ellos. Adecuada desde el nacimiento hasta aproximadamente los 2 a\u00f1os (3,5-13 kg), combina <strong data-start=\"539\" data-end=\"569\">arn\u00e9s multifuncional<\/strong> facilidad de uso con un dise\u00f1o ergon\u00f3mico.<\/p>\n<h3 data-start=\"616\" data-end=\"659\"><strong data-start=\"623\" data-end=\"659\">C\u00f3modo, transpirable y duradero<\/strong><\/h3>\n<p data-start=\"660\" data-end=\"957\">El fular est\u00e1 hecho de algod\u00f3n 100% transpirable e hipoalerg\u00e9nico. Gracias a su resistente tejido de espiga, la tela es suave y ofrece un soporte \u00f3ptimo tanto para usted como para su beb\u00e9. El algod\u00f3n natural proporciona ventilaci\u00f3n, manteniendo la tela c\u00f3moda incluso cuando hace calor.<\/p>\n<h3 data-start=\"959\" data-end=\"998\"><strong data-start=\"966\" data-end=\"998\">Transporte ergon\u00f3mico y seguro<\/strong><\/h3>\n<p data-start=\"999\" data-end=\"1327\">El fular portabeb\u00e9s Zaffiro Be Close favorece la forma natural en C de la espalda del beb\u00e9 y fomenta el desarrollo saludable de la cadera mediante una posici\u00f3n correcta de la pelvis - el conocido <strong data-start=\"1165\" data-end=\"1178\">Postura M<\/strong>, con las rodillas ligeramente m\u00e1s altas que las nalgas. Esto hace que el arn\u00e9s no s\u00f3lo sea c\u00f3modo, sino tambi\u00e9n seguro y ergon\u00f3mico.<\/p>\n<h3 data-start=\"1329\" data-end=\"1376\"><strong data-start=\"1336\" data-end=\"1376\">F\u00e1cil de atar y ajustar<\/strong><\/h3>\n<p data-start=\"1377\" data-end=\"1699\">Con una longitud de <strong data-start=\"1396\" data-end=\"1406\">460 cm<\/strong> y una l\u00ednea central marcada, el arn\u00e9s Be Close es f\u00e1cil de atar y se adapta a cualquier postura. Puedes utilizar el fular portabeb\u00e9s en diferentes posiciones: delante, a la cadera o a la espalda. Se recomienda llevarlo a la espalda en cuanto el beb\u00e9 pueda sentarse sin ayuda (normalmente a partir de los 12 meses).<\/p>\n<h3 data-start=\"1701\" data-end=\"1741\"><strong data-start=\"1708\" data-end=\"1741\">Menos peso, m\u00e1s libertad<\/strong><\/h3>\n<p data-start=\"1742\" data-end=\"1986\">Gracias a la distribuci\u00f3n uniforme del peso, tu beb\u00e9 se siente m\u00e1s ligero en el fular. Eso significa menos presi\u00f3n en la espalda y los hombros, lo que te permite llevarlo c\u00f3modamente durante m\u00e1s tiempo: ideal para el uso diario, los paseos o los desplazamientos.<\/p>\n<h3 data-start=\"1988\" data-end=\"2033\"><strong data-start=\"1995\" data-end=\"2033\">Pr\u00e1ctico y f\u00e1cil de cuidar<\/strong><\/h3>\n<p data-start=\"2034\" data-end=\"2330\">El arn\u00e9s Zaffiro Be Close ocupa poco espacio cuando est\u00e1 plegado y es f\u00e1cil de transportar. El arn\u00e9s viene con instrucciones de uso claras y cumple las normas de seguridad europeas.<br data-start=\"2234\" data-end=\"2237\" \/>Puede lavar el pa\u00f1o a 40\u00b0C en ciclo delicado; no lo blanquee ni lo seque en secadora.<\/p>\n<h3 data-start=\"2332\" data-end=\"2392\"><strong data-start=\"2339\" data-end=\"2392\">\u00bfPor qu\u00e9 elegir el arn\u00e9s Zaffiro Be Close?<\/strong><\/h3>\n<ul data-start=\"2393\" data-end=\"2745\">\n<li data-start=\"2393\" data-end=\"2443\">\n<p data-start=\"2395\" data-end=\"2443\">Adecuado desde el nacimiento hasta los 2 a\u00f1os (3,5-13 kg)<\/p>\n<\/li>\n<li data-start=\"2444\" data-end=\"2485\">\n<p data-start=\"2446\" data-end=\"2485\">100% algod\u00f3n transpirable e hipoalerg\u00e9nico<\/p>\n<\/li>\n<li data-start=\"2486\" data-end=\"2545\">\n<p data-start=\"2488\" data-end=\"2545\">Dise\u00f1o ergon\u00f3mico con forma natural de C y postura de M<\/p>\n<\/li>\n<li data-start=\"2546\" data-end=\"2603\">\n<p data-start=\"2548\" data-end=\"2603\">Longitud: 460 cm - f\u00e1cil de atar y ajustar<\/p>\n<\/li>\n<li data-start=\"2604\" data-end=\"2640\">\n<p data-start=\"2606\" data-end=\"2640\">Posiciones de transporte: est\u00f3mago, cadera y espalda<\/p>\n<\/li>\n<li data-start=\"2641\" data-end=\"2686\">\n<p data-start=\"2643\" data-end=\"2686\">Duradera, compacta y f\u00e1cil de usar<\/p>\n<\/li>\n<li data-start=\"2687\" data-end=\"2745\">\n<p data-start=\"2689\" data-end=\"2745\">Dise\u00f1ado y probado seg\u00fan las normas de seguridad europeas<\/p>\n<\/li>\n<\/ul>\n<p data-start=\"2747\" data-end=\"3004\">En <strong data-start=\"2750\" data-end=\"2780\">Arn\u00e9s Zaffiro Be Close<\/strong> es la elecci\u00f3n ideal para los padres que valoran la comodidad, la seguridad y la conectividad. Ya sea en casa o fuera de ella, con esta <strong data-start=\"2913\" data-end=\"2939\">arn\u00e9s ergon\u00f3mico<\/strong> siempre tienes a tu beb\u00e9 cerca: calentito, seguro y relajado.<\/p>","protected":false},"excerpt":{"rendered":"<p><strong data-start=\"122\" data-end=\"188\">Fular portabeb\u00e9s Zaffiro Be Close - Seguro, c\u00f3modo y vers\u00e1til<br \/>\n<\/strong><br data-start=\"188\" data-end=\"191\" \/>El Zaffiro Be Close es un <strong data-start=\"218\" data-end=\"239\">eslinga tejida<\/strong> Fabricado en algod\u00f3n 100% transpirable e hipoalerg\u00e9nico. Este fular puede utilizarse de m\u00faltiples maneras. Adecuado desde el nacimiento hasta aproximadamente los 2 a\u00f1os (3,5-13 kg). El resistente tejido de espiga garantiza un soporte \u00f3ptimo para su beb\u00e9 y una distribuci\u00f3n uniforme del peso, lo que hace que el porteo resulte m\u00e1s ligero y c\u00f3modo. Con una longitud de 460 cm y una l\u00ednea central marcada, la tela es f\u00e1cil de atar y se adapta a cualquier estatura. Una elecci\u00f3n pr\u00e1ctica, elegante y segura para el uso diario. M\u00e1s informaci\u00f3n sobre el producto.<\/p>\n<p><strong>Marca: Zaffiro<\/strong><br \/>\n<strong>Pa\u00eds: Polonia<\/strong><\/p>","protected":false},"featured_media":26862,"comment_status":"open","ping_status":"closed","template":"","meta":{"_acf_changed":false},"product_brand":[],"product_cat":[531,364,31,352,502],"product_tag":[],"class_list":{"0":"post-26851","1":"product","2":"type-product","3":"status-publish","4":"has-post-thumbnail","6":"product_cat-babydraagdoeken","7":"product_cat-cadeaus-vanaf-e50","8":"product_cat-yogamat-wol","9":"product_cat-merken","10":"product_cat-zaffiro","12":"first","13":"instock","14":"taxable","15":"shipping-taxable","16":"purchasable","17":"product-type-simple"},"acf":[],"_links":{"self":[{"href":"https:\/\/woolskins.eu\/es\/wp-json\/wp\/v2\/product\/26851","targetHints":{"allow":["GET"]}}],"collection":[{"href":"https:\/\/woolskins.eu\/es\/wp-json\/wp\/v2\/product"}],"about":[{"href":"https:\/\/woolskins.eu\/es\/wp-json\/wp\/v2\/types\/product"}],"replies":[{"embeddable":true,"href":"https:\/\/woolskins.eu\/es\/wp-json\/wp\/v2\/comments?post=26851"}],"wp:featuredmedia":[{"embeddable":true,"href":"https:\/\/woolskins.eu\/es\/wp-json\/wp\/v2\/media\/26862"}],"wp:attachment":[{"href":"https:\/\/woolskins.eu\/es\/wp-json\/wp\/v2\/media?parent=26851"}],"wp:term":[{"taxonomy":"product_brand","embeddable":true,"href":"https:\/\/woolskins.eu\/es\/wp-json\/wp\/v2\/product_brand?post=26851"},{"taxonomy":"product_cat","embeddable":true,"href":"https:\/\/woolskins.eu\/es\/wp-json\/wp\/v2\/product_cat?post=26851"},{"taxonomy":"product_tag","embeddable":true,"href":"https:\/\/woolskins.eu\/es\/wp-json\/wp\/v2\/product_tag?post=26851"}],"curies":[{"name":"wp","href":"https:\/\/api.w.org\/{rel}","templated":true}]}}