{"id":26717,"date":"2025-10-08T11:37:00","date_gmt":"2025-10-08T11:37:00","guid":{"rendered":"https:\/\/woolskins.eu\/?post_type=product&#038;p=26717"},"modified":"2026-01-10T08:48:57","modified_gmt":"2026-01-10T08:48:57","slug":"bolsa_pies_de_lana","status":"publish","type":"product","link":"https:\/\/woolskins.eu\/es\/wollen_voetenzak\/","title":{"rendered":"Zaffiro | Saco lana 0-3 a\u00f1os EverGrow | Beige"},"content":{"rendered":"<h3 data-start=\"196\" data-end=\"251\">Zaffiro - Saco de lana EverGrow<\/h3>\n<p data-start=\"252\" data-end=\"301\">Calor, comodidad y protecci\u00f3n en cualquier estaci\u00f3n<\/p>\n<p data-start=\"303\" data-end=\"1048\">El saco de lana EverGrow de Zafiro est\u00e1 dise\u00f1ado para los padres que desean ofrecer a su beb\u00e9 el m\u00e1ximo confort incluso en los d\u00edas m\u00e1s fr\u00edos. Este lujoso saco de invierno est\u00e1 forrado con lana de oveja natural de primera calidad 100%. La lana tiene propiedades naturales de regulaci\u00f3n de la temperatura: retiene el calor cuando hace fr\u00edo, pero permite que el exceso de calor y la humedad salgan f\u00e1cilmente. As\u00ed, tu beb\u00e9 se mantiene siempre a una temperatura agradable, sin sudar. Adem\u00e1s, la lana es hipoalerg\u00e9nica, autolimpiable y transpirable, por lo que es ideal para la piel sensible del beb\u00e9. El saco cubrepi\u00e9s EverGrow ofrece una protecci\u00f3n sana y natural y hace que tu beb\u00e9 se sienta seguro, tanto si vais de paseo como de viaje.<\/p>\n<h4 data-start=\"1050\" data-end=\"1078\">Caracter\u00edsticas principales<\/h4>\n<ul data-start=\"1079\" data-end=\"1935\">\n<li data-start=\"1079\" data-end=\"1160\">\n<p data-start=\"1081\" data-end=\"1160\">100% lana de oveja natural premium - suave, transpirable y termorreguladora<\/p>\n<\/li>\n<li data-start=\"1161\" data-end=\"1243\">\n<p data-start=\"1163\" data-end=\"1243\">Aislamiento t\u00e9rmico perfecto: mantiene al ni\u00f1o abrigado incluso a temperaturas bajo cero.<\/p>\n<\/li>\n<li data-start=\"1244\" data-end=\"1346\">\n<p data-start=\"1246\" data-end=\"1346\">Modelo de crecimiento con longitud ajustable (88-107 cm) - adecuado desde el nacimiento hasta aproximadamente los 3 \u00f3 4 a\u00f1os de edad<\/p>\n<\/li>\n<li data-start=\"1347\" data-end=\"1445\">\n<p data-start=\"1349\" data-end=\"1445\">Aberturas de cintur\u00f3n universales: se adapta pr\u00e1cticamente a todas las sillas de paseo, cochecitos, sillas de coche y trineos<\/p>\n<\/li>\n<li data-start=\"1446\" data-end=\"1542\">\n<p data-start=\"1448\" data-end=\"1542\">Capa exterior que repele el agua y la suciedad (revestimiento W\/R): protege de la lluvia, la nieve y las manchas.<\/p>\n<\/li>\n<li data-start=\"1543\" data-end=\"1622\">\n<p data-start=\"1545\" data-end=\"1622\">Fondo reforzado y resistente al agua, ideal para los m\u00e1s peque\u00f1os con zapatos<\/p>\n<\/li>\n<li data-start=\"1623\" data-end=\"1741\">\n<p data-start=\"1625\" data-end=\"1741\">Parte delantera extra\u00edble: f\u00e1cil de abrir o quitar por completo; tambi\u00e9n se puede utilizar como prenda interior de abrigo.<\/p>\n<\/li>\n<li data-start=\"1742\" data-end=\"1862\">\n<p data-start=\"1744\" data-end=\"1862\">Dise\u00f1o de capucha c\u00e1lida: la parte superior se puede juntar formando una acogedora capucha para una mayor protecci\u00f3n contra el viento y el fr\u00edo.<\/p>\n<\/li>\n<li data-start=\"1863\" data-end=\"1935\">\n<p data-start=\"1865\" data-end=\"1935\">Reverso antideslizante: evita que resbale en la silla de paseo o el cochecito<\/p>\n<\/li>\n<\/ul>\n<h4 data-start=\"1937\" data-end=\"1965\">\u00bfPor qu\u00e9 elegir la lana?<\/h4>\n<p data-start=\"1966\" data-end=\"2424\">La lana de oveja utilizada es de una calidad excepcional y est\u00e1 tejida por las dos caras del tejido. Esto proporciona un calor adicional y una gesti\u00f3n \u00f3ptima de la humedad, mientras que el material es naturalmente autolimpiable y neutraliza los olores. Adem\u00e1s, la lana es hipoalerg\u00e9nica e impide la proliferaci\u00f3n de \u00e1caros, lo que resulta perfecto para los beb\u00e9s con piel sensible. Las fibras naturales garantizan un entorno fresco e higi\u00e9nico permanente para tu beb\u00e9.<\/p>\n<h4 data-start=\"2426\" data-end=\"2444\">Especificaciones<\/h4>\n<ul data-start=\"2445\" data-end=\"2644\">\n<li data-start=\"2445\" data-end=\"2500\">\n<p data-start=\"2447\" data-end=\"2500\">Dimensiones: 88 \/ 107 cm (ajustable) x 45 cm de ancho<\/p>\n<\/li>\n<li data-start=\"2501\" data-end=\"2528\">\n<p data-start=\"2503\" data-end=\"2528\">Adecuado para: 0-4 a\u00f1os<\/p>\n<\/li>\n<li data-start=\"2529\" data-end=\"2576\">\n<p data-start=\"2531\" data-end=\"2576\">Exterior: poli\u00e9ster 100% (repelente al agua)<\/p>\n<\/li>\n<li data-start=\"2577\" data-end=\"2616\">\n<p data-start=\"2579\" data-end=\"2616\">Interior: 100% lana de oveja premium<\/p>\n<\/li>\n<li data-start=\"2617\" data-end=\"2644\">\n<p data-start=\"2619\" data-end=\"2644\">Relleno: poli\u00e9ster 100%<\/p>\n<\/li>\n<\/ul>\n<h4 data-start=\"2646\" data-end=\"2660\">Mantenimiento<\/h4>\n<p data-start=\"2661\" data-end=\"2852\">No lavar, no blanquear, no planchar. Limpiar suavemente en seco y secar en plano. Gracias a las propiedades naturales de autolimpieza de la lana, no es necesario limpiarla con frecuencia.<\/p>","protected":false},"excerpt":{"rendered":"<p data-start=\"265\" data-end=\"310\"><strong data-start=\"265\" data-end=\"308\">Saco de lana Zaffiro - EverGrow beige<\/strong><\/p>\n<p data-start=\"312\" data-end=\"597\">Dale a tu beb\u00e9 el calor y la seguridad de la lana natural. El saco de lana EverGrow est\u00e1 forrado con lana de oveja 100% de primera calidad, que regula la temperatura y transpira de forma natural. De este modo, su beb\u00e9 siempre estar\u00e1 c\u00f3modo: abrigado en invierno y ventilado cuando haga buen tiempo. Gracias a su dise\u00f1o ajustable, el saco crece con tu hijo, desde reci\u00e9n nacido hasta ni\u00f1o peque\u00f1o. La capa exterior repelente al agua protege del viento, la nieve y la lluvia, mientras que el suave interior de lana proporciona un calor reconfortante. El EverGrow se adapta a casi cualquier silla de paseo, cochecito o silla para el autom\u00f3vil y est\u00e1 dise\u00f1ado para el uso diario: pr\u00e1ctico, duradero y, por supuesto, bonito.<\/p>\n<p data-start=\"177\" data-end=\"224\"><strong data-start=\"177\" data-end=\"222\">Por qu\u00e9 elegir el cubrepi\u00e9s EverGrow:<\/strong><\/p>\n<ul>\n<li data-start=\"227\" data-end=\"289\">100% Lana de oveja natural: c\u00e1lida, transpirable e hipoalerg\u00e9nica<\/li>\n<li data-start=\"227\" data-end=\"289\">Longitud ajustable: crece de beb\u00e9 a ni\u00f1o peque\u00f1o (0-4 a\u00f1os)<\/li>\n<li data-start=\"227\" data-end=\"289\">Capa exterior que repele el agua y la suciedad, ideal para todas las estaciones<\/li>\n<li data-start=\"227\" data-end=\"289\">Se adapta pr\u00e1cticamente a cualquier silla de paseo, cochecito o silla de autom\u00f3vil<\/li>\n<\/ul>\n<p><strong>Marca: Zaffiro<\/strong><br \/>\n<strong>Producci\u00f3n: Polonia<br \/>\nKeur: Oeko-Tex Standard<\/strong><\/p>\n<p><img loading=\"lazy\" decoding=\"async\" class=\"alignnone wp-image-28173 entered lazyloaded\" src=\"https:\/\/woolskins.eu\/wp-content\/uploads\/2024\/05\/csm_OEKO-TEX_Logo_2022_rgb_c1aaeb5ceb-300x300.jpg\" alt=\"\" width=\"89\" height=\"89\" data-lazy-src=\"https:\/\/woolskins.eu\/wp-content\/uploads\/2024\/05\/csm_OEKO-TEX_Logo_2022_rgb_c1aaeb5ceb-300x300.jpg\" data-ll-status=\"loaded\" srcset=\"https:\/\/woolskins.eu\/wp-content\/uploads\/2024\/05\/csm_OEKO-TEX_Logo_2022_rgb_c1aaeb5ceb-300x300.jpg 300w, https:\/\/woolskins.eu\/wp-content\/uploads\/2024\/05\/csm_OEKO-TEX_Logo_2022_rgb_c1aaeb5ceb-150x150.jpg 150w, https:\/\/woolskins.eu\/wp-content\/uploads\/2024\/05\/csm_OEKO-TEX_Logo_2022_rgb_c1aaeb5ceb-768x769.jpg 768w, https:\/\/woolskins.eu\/wp-content\/uploads\/2024\/05\/csm_OEKO-TEX_Logo_2022_rgb_c1aaeb5ceb-12x12.jpg 12w, https:\/\/woolskins.eu\/wp-content\/uploads\/2024\/05\/csm_OEKO-TEX_Logo_2022_rgb_c1aaeb5ceb-600x601.jpg 600w, https:\/\/woolskins.eu\/wp-content\/uploads\/2024\/05\/csm_OEKO-TEX_Logo_2022_rgb_c1aaeb5ceb-100x100.jpg 100w, https:\/\/woolskins.eu\/wp-content\/uploads\/2024\/05\/csm_OEKO-TEX_Logo_2022_rgb_c1aaeb5ceb-64x64.jpg 64w, https:\/\/woolskins.eu\/wp-content\/uploads\/2024\/05\/csm_OEKO-TEX_Logo_2022_rgb_c1aaeb5ceb.jpg 885w\" sizes=\"auto, (max-width: 89px) 100vw, 89px\" \/><\/p>","protected":false},"featured_media":26724,"comment_status":"open","ping_status":"closed","template":"","meta":{"_acf_changed":false},"product_brand":[],"product_cat":[499,360,364,352,196,336,502],"product_tag":[],"class_list":{"0":"post-26717","1":"product","2":"type-product","3":"status-publish","4":"has-post-thumbnail","6":"product_cat-new-arrivals","7":"product_cat-cadeautips","8":"product_cat-cadeaus-vanaf-e50","9":"product_cat-merken","10":"product_cat-slaapkleding-baby","11":"product_cat-voetenzakken","12":"product_cat-zaffiro","14":"first","15":"instock","16":"taxable","17":"shipping-taxable","18":"purchasable","19":"product-type-simple"},"acf":[],"_links":{"self":[{"href":"https:\/\/woolskins.eu\/es\/wp-json\/wp\/v2\/product\/26717","targetHints":{"allow":["GET"]}}],"collection":[{"href":"https:\/\/woolskins.eu\/es\/wp-json\/wp\/v2\/product"}],"about":[{"href":"https:\/\/woolskins.eu\/es\/wp-json\/wp\/v2\/types\/product"}],"replies":[{"embeddable":true,"href":"https:\/\/woolskins.eu\/es\/wp-json\/wp\/v2\/comments?post=26717"}],"wp:featuredmedia":[{"embeddable":true,"href":"https:\/\/woolskins.eu\/es\/wp-json\/wp\/v2\/media\/26724"}],"wp:attachment":[{"href":"https:\/\/woolskins.eu\/es\/wp-json\/wp\/v2\/media?parent=26717"}],"wp:term":[{"taxonomy":"product_brand","embeddable":true,"href":"https:\/\/woolskins.eu\/es\/wp-json\/wp\/v2\/product_brand?post=26717"},{"taxonomy":"product_cat","embeddable":true,"href":"https:\/\/woolskins.eu\/es\/wp-json\/wp\/v2\/product_cat?post=26717"},{"taxonomy":"product_tag","embeddable":true,"href":"https:\/\/woolskins.eu\/es\/wp-json\/wp\/v2\/product_tag?post=26717"}],"curies":[{"name":"wp","href":"https:\/\/api.w.org\/{rel}","templated":true}]}}