{"id":26678,"date":"2025-10-07T12:01:36","date_gmt":"2025-10-07T12:01:36","guid":{"rendered":"https:\/\/woolskins.eu\/?post_type=product&#038;p=26678"},"modified":"2025-12-17T11:58:01","modified_gmt":"2025-12-17T11:58:01","slug":"mitones-de-lana-para-nino-3-5-anos-zaffiro-fieltro-gris-claro","status":"publish","type":"product","link":"https:\/\/woolskins.eu\/es\/wollen-wanten-voor-kind-3-5-jaar-zaffiro-felted-lichtgrijs\/","title":{"rendered":"Manoplas de lana para ni\u00f1o 3-5 a\u00f1os - Zaffiro | Fieltro gris claro"},"content":{"rendered":"<h5>Manoplas de lana para ni\u00f1o 3-5 a\u00f1os - Zaffiro<\/h5>\n<p>Houd de kleine handjes warm en comfortabel met de wollen wanten van Zaffiro. Deze schattige wantjes zijn ideaal voor koude dagen en gemaakt van zachte, natuurlijke felted premium wol, die vriendelijk is voor de gevoelige huid van je kindje.\u00a0Dankzij het <strong data-start=\"318\" data-end=\"337\">handige koortje<\/strong> blijven de wantjes bij elkaar en raak je ze <strong data-start=\"382\" data-end=\"417\">veel minder snel kwijt onderweg<\/strong> \u2013 superpraktisch tijdens wandelingen of uitstapjes. De wollen wanten bieden uitstekende isolatie en zijn geschikt voor kindjes van 3 tot 5 jaar.<\/p>\n<p>Algunas caracter\u00edsticas:<\/p>\n<ul>\n<li>Calor: La lana a\u00edsla de forma natural y mantiene las manos de tu beb\u00e9 agradables y calientes incluso en los d\u00edas m\u00e1s fr\u00edos.<\/li>\n<li>Suavidad: Las manoplas est\u00e1n hechas de lana lujosamente suave que no irritar\u00e1 la piel de tu beb\u00e9.<\/li>\n<li>Transpirabilidad: La lana es naturalmente transpirable, manteniendo las manos de tu beb\u00e9 c\u00f3modas y libres de sudor.<\/li>\n<li>F\u00e1ciles de poner y quitar: las manoplas tienen un pu\u00f1o para que sean f\u00e1ciles de poner y quitar, incluso para los m\u00e1s peque\u00f1os.<\/li>\n<li>Las manoplas combinan bien con todos los dem\u00e1s productos de nuestra colecci\u00f3n Felted.<\/li>\n<\/ul>\n<p data-sourcepos=\"5:1-5:57\">Talla: 3-5 a\u00f1os.<\/p>\n<h5>Zaffiro<\/h5>\n<p>La empresa Zaffiro es una empresa familiar polaca. Desde nuestros inicios en 1989, nos hemos especializado en la fabricaci\u00f3n de productos para beb\u00e9s y ni\u00f1os, y la mayor parte de lo que producimos se exporta a m\u00e1s de 40 pa\u00edses. Creamos la marca Zaffiro para promover productos que apoyen a los padres conscientes de la importancia de la intimidad y el v\u00ednculo con su beb\u00e9 desde las primeras horas tras el nacimiento. Promovemos el concepto de llevar a los ni\u00f1os \u2018de coraz\u00f3n a coraz\u00f3n\u2019 en fulares y portabeb\u00e9s, reintroduciendo la sabia tradici\u00f3n de generaciones anteriores, redescubierta y desarrollada teniendo en cuenta la investigaci\u00f3n psicol\u00f3gica contempor\u00e1nea.<\/p>","protected":false},"excerpt":{"rendered":"<p>Houd de kleine handjes warm en comfortabel met de wollen wanten van Zaffiro. Deze schattige wantjes zijn ideaal voor koude dagen en gemaakt van zachte, natuurlijke felted premium wol, die vriendelijk is voor de gevoelige huid van je kindje.\u00a0Dankzij het <strong data-start=\"318\" data-end=\"337\">handige koortje<\/strong> blijven de wantjes bij elkaar en raak je ze <strong data-start=\"382\" data-end=\"417\">veel minder snel kwijt onderweg<\/strong> \u2013 superpraktisch tijdens wandelingen of uitstapjes. De wollen wanten bieden uitstekende isolatie en zijn geschikt voor kindjes van 3 tot 5 jaar.<\/p>\n<div class=\"woocommerce-product-details__short-description\">\n<p><strong>Marca: Zaffiro<\/strong><br \/>\n<strong>Producci\u00f3n: Polonia<br \/>\nKeur: Oeko-Tex Standard<\/strong><\/p>\n<p><img loading=\"lazy\" decoding=\"async\" class=\"alignnone wp-image-28173 entered lazyloaded\" src=\"https:\/\/woolskins.eu\/wp-content\/uploads\/2024\/05\/csm_OEKO-TEX_Logo_2022_rgb_c1aaeb5ceb-300x300.jpg\" alt=\"\" width=\"89\" height=\"89\" data-lazy-src=\"https:\/\/woolskins.eu\/wp-content\/uploads\/2024\/05\/csm_OEKO-TEX_Logo_2022_rgb_c1aaeb5ceb-300x300.jpg\" data-ll-status=\"loaded\" srcset=\"https:\/\/woolskins.eu\/wp-content\/uploads\/2024\/05\/csm_OEKO-TEX_Logo_2022_rgb_c1aaeb5ceb-300x300.jpg 300w, https:\/\/woolskins.eu\/wp-content\/uploads\/2024\/05\/csm_OEKO-TEX_Logo_2022_rgb_c1aaeb5ceb-150x150.jpg 150w, https:\/\/woolskins.eu\/wp-content\/uploads\/2024\/05\/csm_OEKO-TEX_Logo_2022_rgb_c1aaeb5ceb-768x769.jpg 768w, https:\/\/woolskins.eu\/wp-content\/uploads\/2024\/05\/csm_OEKO-TEX_Logo_2022_rgb_c1aaeb5ceb-12x12.jpg 12w, https:\/\/woolskins.eu\/wp-content\/uploads\/2024\/05\/csm_OEKO-TEX_Logo_2022_rgb_c1aaeb5ceb-600x601.jpg 600w, https:\/\/woolskins.eu\/wp-content\/uploads\/2024\/05\/csm_OEKO-TEX_Logo_2022_rgb_c1aaeb5ceb-100x100.jpg 100w, https:\/\/woolskins.eu\/wp-content\/uploads\/2024\/05\/csm_OEKO-TEX_Logo_2022_rgb_c1aaeb5ceb-64x64.jpg 64w, https:\/\/woolskins.eu\/wp-content\/uploads\/2024\/05\/csm_OEKO-TEX_Logo_2022_rgb_c1aaeb5ceb.jpg 885w\" sizes=\"auto, (max-width: 89px) 100vw, 89px\" \/><\/p>\n<\/div>","protected":false},"featured_media":20253,"comment_status":"open","ping_status":"closed","template":"","meta":{"_acf_changed":false},"product_brand":[],"product_cat":[502,345,361,362,200,196,346],"product_tag":[],"class_list":{"0":"post-26678","1":"product","2":"type-product","3":"status-publish","4":"has-post-thumbnail","6":"product_cat-zaffiro","7":"product_cat-accessoires","8":"product_cat-babyshower","9":"product_cat-cadeaus-tot-e-25","10":"product_cat-wollen-babykleding","11":"product_cat-slaapkleding-baby","12":"product_cat-mutsjesensjaaltjes","14":"first","15":"instock","16":"taxable","17":"shipping-taxable","18":"purchasable","19":"product-type-simple"},"acf":[],"_links":{"self":[{"href":"https:\/\/woolskins.eu\/es\/wp-json\/wp\/v2\/product\/26678","targetHints":{"allow":["GET"]}}],"collection":[{"href":"https:\/\/woolskins.eu\/es\/wp-json\/wp\/v2\/product"}],"about":[{"href":"https:\/\/woolskins.eu\/es\/wp-json\/wp\/v2\/types\/product"}],"replies":[{"embeddable":true,"href":"https:\/\/woolskins.eu\/es\/wp-json\/wp\/v2\/comments?post=26678"}],"wp:featuredmedia":[{"embeddable":true,"href":"https:\/\/woolskins.eu\/es\/wp-json\/wp\/v2\/media\/20253"}],"wp:attachment":[{"href":"https:\/\/woolskins.eu\/es\/wp-json\/wp\/v2\/media?parent=26678"}],"wp:term":[{"taxonomy":"product_brand","embeddable":true,"href":"https:\/\/woolskins.eu\/es\/wp-json\/wp\/v2\/product_brand?post=26678"},{"taxonomy":"product_cat","embeddable":true,"href":"https:\/\/woolskins.eu\/es\/wp-json\/wp\/v2\/product_cat?post=26678"},{"taxonomy":"product_tag","embeddable":true,"href":"https:\/\/woolskins.eu\/es\/wp-json\/wp\/v2\/product_tag?post=26678"}],"curies":[{"name":"wp","href":"https:\/\/api.w.org\/{rel}","templated":true}]}}