{"id":26466,"date":"2025-09-30T15:02:23","date_gmt":"2025-09-30T15:02:23","guid":{"rendered":"https:\/\/woolskins.eu\/?post_type=product&#038;p=26466"},"modified":"2025-12-18T10:47:13","modified_gmt":"2025-12-18T10:47:13","slug":"calientamanos-para-cochecito-zaffiro-fieltro-gris-claro","status":"publish","type":"product","link":"https:\/\/woolskins.eu\/es\/handwarmers-voor-kinderwagen-zaffiro-felted-lichtgrijs\/","title":{"rendered":"Calientamanos para cochecito - Zaffiro | Felted light grey"},"content":{"rendered":"<p>Calientamanos para cochecito 2en1 Lana de primera calidad. Estos calientamanos\/manguitos son perfectos para cualquiera a quien le guste dar largos paseos con los ni\u00f1os al aire libre. Los calientamanos est\u00e1n hechos de lana natural de oveja de primera calidad, muy c\u00f3moda y c\u00e1lida al tacto. Gracias a la lana c\u00e1lida y aislante, no se te enfriar\u00e1n las manos f\u00e1cilmente. Los calientamanos son f\u00e1ciles de montar juntos o por separado en el cochecito. Son muy eficientes de usar, ya que basta con deslizar las manos dentro y volver a sacarlas cuando te quede algo.<\/p>\n<p>Caracter\u00edsticas:<\/p>\n<p>- dimensiones: 38x26cm<br \/>\n- 100% lana afieltrada premium<br \/>\n- tama\u00f1o universal<br \/>\n- puede utilizarse como una sola manga o como dos guantes separados<br \/>\n- se adapta a cualquier modelo de cochecito<\/p>\n<p>Lana de primera calidad<br \/>\nLos calientamanos Zaffiro para cochecito y silla de paseo est\u00e1n fabricados con fibras de la m\u00e1s alta calidad enriquecidas con un procesamiento adicional especializado, que crea una cobertura capilar en ambos lados del tejido. Gracias a estas propiedades, la lana de nuestros sacos de dormir es higrosc\u00f3pica, absorbe perfectamente la humedad y protege contra la p\u00e9rdida de calor. La lana utilizada en el calientamanos para cochecitos retiene el calor mejor que la lana ordinaria, gracias a las dos capas de vell\u00f3n de lobo.<\/p>\n<p>La suave lana natural de oveja PREMIUM utilizada para fabricar el saco de dormir es perfecta para los inviernos fr\u00edos y los d\u00edas m\u00e1s c\u00e1lidos. Proporciona una termorregulaci\u00f3n natural a\u00fan mejor, protegiendo eficazmente al ni\u00f1o incluso en caso de fuertes heladas y garantizando que no se sobrecaliente en los d\u00edas calurosos. La lana de oveja tambi\u00e9n tiene propiedades antial\u00e9rgicas y resiste el desarrollo de \u00e1caros. Tiene propiedades higi\u00e9nicas y autolimpiables. Neutraliza los malos olores y la suciedad.<\/p>\n<p>Composici\u00f3n:<br \/>\n100% vell\u00f3n de lobo<\/p>","protected":false},"excerpt":{"rendered":"<p data-start=\"110\" data-end=\"193\"><strong data-start=\"110\" data-end=\"191\">Calor y comodidad en cada paseo - Calientamanos para el cochecito<\/strong><\/p>\n<p data-start=\"195\" data-end=\"488\">Disfruta de largos paseos con tus hijos, incluso en los d\u00edas m\u00e1s fr\u00edos, con nuestros lujosos calentadores de manos hechos de\u00a0 <strong>100%<\/strong> <strong data-start=\"305\" data-end=\"339\">lana natural premium<\/strong>. Estas suaves y c\u00e1lidas manguitos mantendr\u00e1n sus manos c\u00f3modas, mientras que el <strong data-start=\"418\" data-end=\"453\">doble capa de lana<\/strong> protege las manos de las inclemencias del tiempo y las mantiene maravillosamente calientes y c\u00f3modas. Este calentador de manos combina con todos los productos de fieltro Zaffiro.<\/p>\n<p data-start=\"490\" data-end=\"816\">Estos calentadores de manos son <strong data-start=\"512\" data-end=\"559\">f\u00e1cil de acoplar a cualquier cochecito<\/strong>, Los dos bolsillos, juntos y por separado, te permiten meter las manos cuando las necesites y sacarlas con la misma facilidad mientras est\u00e1s ocupada con tu peque\u00f1o. Pr\u00e1ctico, elegante y eficaz: el compa\u00f1ero perfecto para cualquier madre que camina.<\/p>\n<p><strong>Marca: Zaffiro<\/strong><br \/>\n<strong>Producci\u00f3n: Polonia<br \/>\nKeur: Oeko-Tex Standard<\/strong><\/p>\n<p><img loading=\"lazy\" decoding=\"async\" class=\"alignnone wp-image-28173 entered lazyloaded\" src=\"https:\/\/woolskins.eu\/wp-content\/uploads\/2024\/05\/csm_OEKO-TEX_Logo_2022_rgb_c1aaeb5ceb-300x300.jpg\" alt=\"\" width=\"89\" height=\"89\" data-lazy-src=\"https:\/\/woolskins.eu\/wp-content\/uploads\/2024\/05\/csm_OEKO-TEX_Logo_2022_rgb_c1aaeb5ceb-300x300.jpg\" data-ll-status=\"loaded\" srcset=\"https:\/\/woolskins.eu\/wp-content\/uploads\/2024\/05\/csm_OEKO-TEX_Logo_2022_rgb_c1aaeb5ceb-300x300.jpg 300w, https:\/\/woolskins.eu\/wp-content\/uploads\/2024\/05\/csm_OEKO-TEX_Logo_2022_rgb_c1aaeb5ceb-150x150.jpg 150w, https:\/\/woolskins.eu\/wp-content\/uploads\/2024\/05\/csm_OEKO-TEX_Logo_2022_rgb_c1aaeb5ceb-768x769.jpg 768w, https:\/\/woolskins.eu\/wp-content\/uploads\/2024\/05\/csm_OEKO-TEX_Logo_2022_rgb_c1aaeb5ceb-12x12.jpg 12w, https:\/\/woolskins.eu\/wp-content\/uploads\/2024\/05\/csm_OEKO-TEX_Logo_2022_rgb_c1aaeb5ceb-600x601.jpg 600w, https:\/\/woolskins.eu\/wp-content\/uploads\/2024\/05\/csm_OEKO-TEX_Logo_2022_rgb_c1aaeb5ceb-100x100.jpg 100w, https:\/\/woolskins.eu\/wp-content\/uploads\/2024\/05\/csm_OEKO-TEX_Logo_2022_rgb_c1aaeb5ceb-64x64.jpg 64w, https:\/\/woolskins.eu\/wp-content\/uploads\/2024\/05\/csm_OEKO-TEX_Logo_2022_rgb_c1aaeb5ceb.jpg 885w\" sizes=\"auto, (max-width: 89px) 100vw, 89px\" \/><\/p>","protected":false},"featured_media":26467,"comment_status":"closed","ping_status":"closed","template":"","meta":{"_acf_changed":false},"product_brand":[],"product_cat":[352,363,336,502],"product_tag":[],"class_list":{"0":"post-26466","1":"product","2":"type-product","3":"status-publish","4":"has-post-thumbnail","6":"product_cat-merken","7":"product_cat-cadeaus-e25-e50","8":"product_cat-voetenzakken","9":"product_cat-zaffiro","11":"first","12":"instock","13":"taxable","14":"shipping-taxable","15":"purchasable","16":"product-type-simple"},"acf":[],"_links":{"self":[{"href":"https:\/\/woolskins.eu\/es\/wp-json\/wp\/v2\/product\/26466","targetHints":{"allow":["GET"]}}],"collection":[{"href":"https:\/\/woolskins.eu\/es\/wp-json\/wp\/v2\/product"}],"about":[{"href":"https:\/\/woolskins.eu\/es\/wp-json\/wp\/v2\/types\/product"}],"replies":[{"embeddable":true,"href":"https:\/\/woolskins.eu\/es\/wp-json\/wp\/v2\/comments?post=26466"}],"wp:featuredmedia":[{"embeddable":true,"href":"https:\/\/woolskins.eu\/es\/wp-json\/wp\/v2\/media\/26467"}],"wp:attachment":[{"href":"https:\/\/woolskins.eu\/es\/wp-json\/wp\/v2\/media?parent=26466"}],"wp:term":[{"taxonomy":"product_brand","embeddable":true,"href":"https:\/\/woolskins.eu\/es\/wp-json\/wp\/v2\/product_brand?post=26466"},{"taxonomy":"product_cat","embeddable":true,"href":"https:\/\/woolskins.eu\/es\/wp-json\/wp\/v2\/product_cat?post=26466"},{"taxonomy":"product_tag","embeddable":true,"href":"https:\/\/woolskins.eu\/es\/wp-json\/wp\/v2\/product_tag?post=26466"}],"curies":[{"name":"wp","href":"https:\/\/api.w.org\/{rel}","templated":true}]}}