{"id":25910,"date":"2025-08-29T13:49:43","date_gmt":"2025-08-29T13:49:43","guid":{"rendered":"https:\/\/woolskins.eu\/?post_type=product&#038;p=25910"},"modified":"2025-12-20T10:39:21","modified_gmt":"2025-12-20T10:39:21","slug":"woolskins-abrigo-de-lana-para-bebe-chaqueta-kimono-fieltro-beige","status":"publish","type":"product","link":"https:\/\/woolskins.eu\/es\/woolskins-wollen-babyjas-kimonojas-felted-beige\/","title":{"rendered":"Abrigo para beb\u00e9 de lana Woolskins - Abrigo kimono | Fieltro beige"},"content":{"rendered":"<p data-start=\"0\" data-end=\"81\"><strong data-start=\"0\" data-end=\"79\">Chaqueta Kimono de lana Woolskins: suave, c\u00e1lida y pura comodidad para tu peque\u00f1o<\/strong><\/p>\n<p data-start=\"83\" data-end=\"355\">Envuelve a tu beb\u00e9 en calor y seguridad con el <strong data-start=\"132\" data-end=\"168\">Chaqueta kimono de lana Woolskins<\/strong>. Este dulce <strong data-start=\"180\" data-end=\"200\">chaqueta de lana para beb\u00e9<\/strong> est\u00e1 especialmente dise\u00f1ada para las mam\u00e1s que quieren lo mejor: una chaqueta que sea suave con la piel sensible del beb\u00e9, c\u00f3moda de llevar y con un aspecto estupendo.<\/p>\n<p data-start=\"357\" data-end=\"637\">La chaqueta tiene un <strong data-start=\"377\" data-end=\"397\">doble solapamiento<\/strong> que s\u00f3lo tienes que cerrar con los suaves cordones. As\u00ed se mantiene perfectamente en su sitio, tanto si tu peque\u00f1o est\u00e1 tumbado tranquilamente como si se mueve alegremente. Ideal como <strong data-start=\"536\" data-end=\"569\">albornoz acogedor despu\u00e9s del ba\u00f1o<\/strong> o si <strong data-start=\"577\" data-end=\"599\">elegante abrigo<\/strong> para los d\u00edas fr\u00edos. La divertida bolsa con forma de luna puede contener la ropa de tu hijo, por ejemplo, para tenerla siempre a mano.<\/p>\n<p data-start=\"639\" data-end=\"975\">Hecho de <strong>zuivere scheerwol met Oeko-Tex keurmerk<\/strong>, biedt dit jasje meer dan alleen zachtheid. Wol <strong data-start=\"745\" data-end=\"754\">respira<\/strong>, es <strong data-start=\"759\" data-end=\"784\">regulador de temperatura<\/strong> y mantiene a tu beb\u00e9 abrigado en invierno y fresco en verano. Adem\u00e1s, la lana es <strong data-start=\"858\" data-end=\"875\">hipoalerg\u00e9nico<\/strong> y <strong data-start=\"879\" data-end=\"896\">autolimpiante<\/strong> - perfecto para la delicada piel de tu peque\u00f1o y pr\u00e1ctico para las mam\u00e1s ocupadas.<\/p>\n<p data-start=\"977\" data-end=\"1036\"><strong data-start=\"977\" data-end=\"1034\">Por qu\u00e9 las mam\u00e1s adoran la chaqueta kimono de Woolskins:<\/strong><\/p>\n<ul data-start=\"1037\" data-end=\"1352\">\n<li data-start=\"1037\" data-end=\"1097\">\n<p data-start=\"1039\" data-end=\"1097\">Bonito dise\u00f1o con doble solapa y suaves cordones<\/p>\n<\/li>\n<li data-start=\"1098\" data-end=\"1156\">\n<p data-start=\"1100\" data-end=\"1156\">Maravillosamente suave y c\u00e1lido, apto para interior y exterior<\/p>\n<\/li>\n<li data-start=\"1157\" data-end=\"1219\">\n<p data-start=\"1159\" data-end=\"1219\">Zuivere scheerwol met Oeko-Tex keur, Europese wol &#8211; veilig en huidvriendelijk<\/p>\n<\/li>\n<li data-start=\"1220\" data-end=\"1286\">\n<p data-start=\"1222\" data-end=\"1286\">Mantiene al beb\u00e9 c\u00f3modo: caliente en invierno, fresco en verano<\/p>\n<\/li>\n<li data-start=\"1287\" data-end=\"1352\">\n<p data-start=\"1289\" data-end=\"1352\">Hipoalerg\u00e9nico y autolimpiable: menos lavados, m\u00e1s disfrute<\/p>\n<\/li>\n<li data-start=\"1287\" data-end=\"1352\">1 talla 12 -24 meses (ver dimensiones m\u00e1s abajo)<\/li>\n<\/ul>\n<p data-start=\"1354\" data-end=\"1551\">Deja que tu peque\u00f1o se envuelva en el lujo natural de la lana. Este <strong data-start=\"1423\" data-end=\"1443\">chaqueta de lana para beb\u00e9<\/strong> no es s\u00f3lo una prenda pr\u00e1ctica, sino tambi\u00e9n un art\u00edculo atemporal que te encanta usar a diario.<\/p>\n<p data-start=\"1354\" data-end=\"1551\"><img loading=\"lazy\" decoding=\"async\" class=\"alignnone wp-image-25914\" src=\"https:\/\/woolskins.eu\/wp-content\/uploads\/2025\/08\/Afmetingen-Kimonojasje-Middel-300x300.png\" alt=\"Chaqueta kimono lana beb\u00e9\" width=\"339\" height=\"339\" srcset=\"https:\/\/woolskins.eu\/wp-content\/uploads\/2025\/08\/Afmetingen-Kimonojasje-Middel-300x300.png 300w, https:\/\/woolskins.eu\/wp-content\/uploads\/2025\/08\/Afmetingen-Kimonojasje-Middel-150x150.png 150w, https:\/\/woolskins.eu\/wp-content\/uploads\/2025\/08\/Afmetingen-Kimonojasje-Middel-768x765.png 768w, https:\/\/woolskins.eu\/wp-content\/uploads\/2025\/08\/Afmetingen-Kimonojasje-Middel-12x12.png 12w, https:\/\/woolskins.eu\/wp-content\/uploads\/2025\/08\/Afmetingen-Kimonojasje-Middel-600x598.png 600w, https:\/\/woolskins.eu\/wp-content\/uploads\/2025\/08\/Afmetingen-Kimonojasje-Middel-100x100.png 100w, https:\/\/woolskins.eu\/wp-content\/uploads\/2025\/08\/Afmetingen-Kimonojasje-Middel-64x64.png 64w, https:\/\/woolskins.eu\/wp-content\/uploads\/2025\/08\/Afmetingen-Kimonojasje-Middel.png 771w\" sizes=\"auto, (max-width: 339px) 100vw, 339px\" \/><\/p>","protected":false},"excerpt":{"rendered":"<p data-start=\"87\" data-end=\"443\">Dit wollen kimonojasje van Woolskins omhult je baby met natuurlijke warmte en geborgenheid. Dit zachte en stijlvolle jasje is perfect als wollen babyjas voor buiten of als knusse badjas voor binnen. Dankzij de dubbele overslag met zachte koortjes sluit het jasje altijd mooi aan en blijft het comfortabel zitten, of je kleintje nu rustig ligt of beweegt.<\/p>\n<p data-start=\"445\" data-end=\"828\" data-is-last-node=\"\" data-is-only-node=\"\">Hecho de <strong>zuivere scheerwol<\/strong>\u00a0is het jasje ademend en temperatuurregulerend: warm in de winter en verkoelend in de zomer. De wol is bovendien hypoallergeen en zelfreinigend, waardoor het extra zacht is voor de gevoelige babyhuid \u00e9n praktisch voor dagelijks gebruik. Zo voelt je baby zich in elk seizoen veilig, comfortabel en geborgen.<\/p>\n<p>Talla: 12-24 meses (v\u00e9ase la descripci\u00f3n de la talla m\u00e1s abajo)<\/p>\n<p>Reci\u00e9n llegados. M\u00e1s fotos de detalle a seguir. Para preguntas o m\u00e1s detalles sobre este producto env\u00edenos un whatsapp en el n\u00famero +31202044557<\/p>\n<p><strong>Marca: Woolskins<\/strong><br \/>\n<strong>Producci\u00f3n: Polonia<br \/>\n<\/strong><\/p>","protected":false},"featured_media":25915,"comment_status":"open","ping_status":"closed","template":"","meta":{"_acf_changed":false},"product_brand":[],"product_cat":[360,364,200,337,194],"product_tag":[],"class_list":{"0":"post-25910","1":"product","2":"type-product","3":"status-publish","4":"has-post-thumbnail","6":"product_cat-cadeautips","7":"product_cat-cadeaus-vanaf-e50","8":"product_cat-wollen-babykleding","9":"product_cat-vestjes","10":"product_cat-wollen-babyproducten","12":"first","13":"instock","14":"taxable","15":"shipping-taxable","16":"purchasable","17":"product-type-simple"},"acf":[],"_links":{"self":[{"href":"https:\/\/woolskins.eu\/es\/wp-json\/wp\/v2\/product\/25910","targetHints":{"allow":["GET"]}}],"collection":[{"href":"https:\/\/woolskins.eu\/es\/wp-json\/wp\/v2\/product"}],"about":[{"href":"https:\/\/woolskins.eu\/es\/wp-json\/wp\/v2\/types\/product"}],"replies":[{"embeddable":true,"href":"https:\/\/woolskins.eu\/es\/wp-json\/wp\/v2\/comments?post=25910"}],"wp:featuredmedia":[{"embeddable":true,"href":"https:\/\/woolskins.eu\/es\/wp-json\/wp\/v2\/media\/25915"}],"wp:attachment":[{"href":"https:\/\/woolskins.eu\/es\/wp-json\/wp\/v2\/media?parent=25910"}],"wp:term":[{"taxonomy":"product_brand","embeddable":true,"href":"https:\/\/woolskins.eu\/es\/wp-json\/wp\/v2\/product_brand?post=25910"},{"taxonomy":"product_cat","embeddable":true,"href":"https:\/\/woolskins.eu\/es\/wp-json\/wp\/v2\/product_cat?post=25910"},{"taxonomy":"product_tag","embeddable":true,"href":"https:\/\/woolskins.eu\/es\/wp-json\/wp\/v2\/product_tag?post=25910"}],"curies":[{"name":"wp","href":"https:\/\/api.w.org\/{rel}","templated":true}]}}