{"id":25379,"date":"2025-06-24T10:49:29","date_gmt":"2025-06-24T10:49:29","guid":{"rendered":"https:\/\/woolskins.eu\/?post_type=product&#038;p=25379"},"modified":"2026-02-17T22:15:47","modified_gmt":"2026-02-17T22:15:47","slug":"zaffiro-saco-lana-0-3-anos-igrow-gris-claro","status":"publish","type":"product","link":"https:\/\/woolskins.eu\/es\/zaffiro-wollen-voetenzak-0-3-jaar-igrow-lichtgrijs\/","title":{"rendered":"Zaffiro | Saco de lana 0-3 a\u00f1os - iGrow | Felted Light Grey"},"content":{"rendered":"<p data-start=\"159\" data-end=\"496\"><strong data-start=\"159\" data-end=\"217\">C\u00e1lida, lujosa y naturalmente confortable, todo el a\u00f1o.<br \/>\n<\/strong><br data-start=\"217\" data-end=\"220\" \/>Ve despreocupado de viaje con tu beb\u00e9 en este precioso saco de lana para los pies de\u00a0<strong data-start=\"293\" data-end=\"304\">Zaffiro<\/strong>, Fabricado \u00edntegramente con lana natural de primera calidad. Este cubrepi\u00e9s no solo ofrece calidez y comodidad, sino tambi\u00e9n un cuidado dise\u00f1o que crece con tu hijo, hasta los 3 a\u00f1os.<\/p>\n<p data-start=\"498\" data-end=\"786\">Gracias a su ingeniosa pieza extensible, el cubrepi\u00e9s puede ajustarse f\u00e1cilmente en longitud. La parte inferior se puede abrir, creando espacio extra para las piernas en crecimiento con una simple operaci\u00f3n. As\u00ed, este saco es una opci\u00f3n duradera y pr\u00e1ctica para varias temporadas.<\/p>\n<p data-start=\"788\" data-end=\"1048\">El cubrepi\u00e9s tiene aberturas verticales para los cinturones de seguridad y es apto para casi cualquier sistema: desde cinturones de 3 y 5 puntos hasta sillas de paseo y cochecitos con correas de sujeci\u00f3n. Para que lo sujetes de forma f\u00e1cil y segura all\u00e1 donde vayas.<\/p>\n<p data-start=\"1050\" data-end=\"1369\">Lo que hace realmente especial a este saco es su doble capa de suave lana de lobo. Esta lana natural proporciona una excelente regulaci\u00f3n de la temperatura: maravillosamente c\u00e1lido en invierno y sorprendentemente fresco en verano. La parte superior del cubrepi\u00e9s es totalmente desmontable, para que puedas adaptarlo a la temperatura en cualquier estaci\u00f3n.<\/p>\n<p data-start=\"1371\" data-end=\"1553\">Con su aspecto atemporal, sus materiales de alta calidad y su c\u00f3modo interior, este cubrepi\u00e9s Zaffiro es un art\u00edculo de lujo imprescindible para los padres que s\u00f3lo quieren lo mejor para sus hijos.<\/p>\n<p data-start=\"1555\" data-end=\"1583\"><strong data-start=\"1555\" data-end=\"1583\">Caracter\u00edsticas a simple vista:<\/strong><\/p>\n<ul data-start=\"1584\" data-end=\"1967\">\n<li data-start=\"1584\" data-end=\"1633\">\n<p data-start=\"1586\" data-end=\"1633\">100% zuiver scheerwolvezel, Felted.<\/p>\n<\/li>\n<li data-start=\"1584\" data-end=\"1633\">\n<p data-start=\"1586\" data-end=\"1633\">Heeft het Oeko-Tex Standard keurmerk.<\/p>\n<\/li>\n<li data-start=\"1584\" data-end=\"1633\">\n<p data-start=\"1586\" data-end=\"1633\">Adecuado hasta aprox. 3 a\u00f1os gracias a su dise\u00f1o extensible<\/p>\n<\/li>\n<li data-start=\"1584\" data-end=\"1633\">\n<p data-start=\"1586\" data-end=\"1633\">Ajustable en longitud gracias a la secci\u00f3n extra\u00edble del pie<\/p>\n<\/li>\n<li data-start=\"1584\" data-end=\"1633\">\n<p data-start=\"1586\" data-end=\"1633\">Dos capas de lana para mayor calidez y confort<\/p>\n<\/li>\n<li data-start=\"1584\" data-end=\"1633\">\n<p data-start=\"1586\" data-end=\"1633\">Parte superior totalmente desmontable: ideal para cualquier temporada<\/p>\n<\/li>\n<li data-start=\"1584\" data-end=\"1633\">\n<p data-start=\"1586\" data-end=\"1633\">Compatible con cinturones de 3 y 5 puntos, as\u00ed como con modelos con correas fijas<\/p>\n<\/li>\n<li data-start=\"1584\" data-end=\"1633\">\n<p data-start=\"1586\" data-end=\"1633\">Dise\u00f1o atemporal, producci\u00f3n sostenible<\/p>\n<\/li>\n<\/ul>\n<p data-start=\"1969\" data-end=\"2053\">Mima a tu hijo con lo mejor de la naturaleza: abrigado, seguro y siempre c\u00f3modo mientras se desplaza.<\/p>\n<h3 data-start=\"324\" data-end=\"388\"><strong data-start=\"328\" data-end=\"388\">Saco de lana de primera calidad fabricado con lana de oveja natural 100%<\/strong><\/h3>\n<p data-start=\"390\" data-end=\"796\">Este\u00a0<strong data-start=\"395\" data-end=\"438\">saco de lana para beb\u00e9s y ni\u00f1os peque\u00f1os<\/strong>\u00a0is gemaakt van\u00a0<strong data-start=\"459\" data-end=\"481\">premium scheerwol,<\/strong>\u00a0un material natural conocido por su excepcional calidez, suavidad y transpirabilidad. Gracias a un procesamiento especial, el tejido tiene una suave estructura de pelo en ambos lados, lo que proporciona un confort extra y un aislamiento \u00f3ptimo. Ideal para usar tanto en invierno como en los d\u00edas frescos de verano.<\/p>\n<p data-start=\"798\" data-end=\"1067\">La doble capa\u00a0<strong data-start=\"814\" data-end=\"827\">lana de lobo<\/strong>\u00a0ofrece una excelente protecci\u00f3n contra el fr\u00edo y el viento. Al mismo tiempo, la\u00a0<strong data-start=\"907\" data-end=\"926\">termorregulaci\u00f3n<\/strong>\u00a0de lana aseguran que tu hijo no se sobrecaliente en los d\u00edas m\u00e1s calurosos. Este\u00a0<strong data-start=\"1001\" data-end=\"1027\">cubrepi\u00e9s de lana para beb\u00e9<\/strong>\u00a0Como tal, es perfecto para todas las estaciones.<\/p>\n<p data-start=\"1069\" data-end=\"1106\"><strong data-start=\"1069\" data-end=\"1106\">Ventajas de la lana de oveja de primera calidad:<\/strong><\/p>\n<ul data-start=\"1107\" data-end=\"1464\">\n<li data-start=\"1107\" data-end=\"1184\">\n<p data-start=\"1109\" data-end=\"1184\"><strong data-start=\"1109\" data-end=\"1145\">Regulaci\u00f3n natural de la temperatura<\/strong>caliente en invierno, fresco en verano<\/p>\n<\/li>\n<li data-start=\"1185\" data-end=\"1257\">\n<p data-start=\"1187\" data-end=\"1257\"><strong data-start=\"1187\" data-end=\"1204\">Higrosc\u00f3pico<\/strong>absorbe eficazmente la humedad y mantiene seco al beb\u00e9<\/p>\n<\/li>\n<li data-start=\"1258\" data-end=\"1333\">\n<p data-start=\"1260\" data-end=\"1333\"><strong data-start=\"1260\" data-end=\"1299\">Autolimpiable y neutralizador de olores<\/strong>repele la suciedad y los malos olores<\/p>\n<\/li>\n<li data-start=\"1334\" data-end=\"1402\">\n<p data-start=\"1336\" data-end=\"1402\"><strong data-start=\"1336\" data-end=\"1369\">Antial\u00e9rgico y resistente a los \u00e1caros<\/strong>seguro para pieles sensibles<\/p>\n<\/li>\n<li data-start=\"1403\" data-end=\"1464\">\n<p data-start=\"1405\" data-end=\"1464\"><strong data-start=\"1405\" data-end=\"1431\">Duradero e higi\u00e9nico<\/strong>Adecuado para uso diario<\/p>\n<\/li>\n<\/ul>\n<p data-start=\"1466\" data-end=\"1687\">Este lujo\u00a0<strong data-start=\"1476\" data-end=\"1504\">cubrepi\u00e9s de lana de oveja<\/strong>\u00a0es imprescindible para los padres que buscan una soluci\u00f3n ecol\u00f3gica, c\u00f3moda y funcional para los desplazamientos. La elecci\u00f3n perfecta para el cochecito, la silla de paseo o el asiento del coche.<\/p>","protected":false},"excerpt":{"rendered":"<p data-start=\"133\" data-end=\"435\"><strong data-start=\"133\" data-end=\"211\">Acurr\u00facate con tu beb\u00e9 en este c\u00e1lido cubrepi\u00e9s de lana de Zaffiro.<br \/>\n<\/strong><br data-start=\"211\" data-end=\"214\" \/>Fabricado \u00edntegramente con forro polar de lobo natural de primera calidad y apto para su uso hasta los 3 a\u00f1os gracias a la ingeniosa pieza de extensi\u00f3n. De hecho, la parte inferior se puede abrir, lo que permite ajustar la longitud del cubrepi\u00e9s. Gracias a las aberturas longitudinales del cintur\u00f3n de seguridad, este cubrepi\u00e9s es adecuado tanto para los sistemas de cintur\u00f3n de 3 y 5 puntos, como para los modelos con correas fijas. El cubrepi\u00e9s de lana Zaffiro es lujoso, c\u00e1lido y confortable. Con dos capas de vell\u00f3n de lobo, ofrece un calor adicional en invierno, mientras que la parte superior se puede cerrar completamente con cremallera para su uso en las estaciones m\u00e1s c\u00e1lidas. Para que tu hijo est\u00e9 c\u00f3modo todo el a\u00f1o. Consulta todos los detalles y especificaciones a continuaci\u00f3n.<\/p>\n<p><strong>Marca: Zaffiro<\/strong><br \/>\n<strong>Producci\u00f3n: Polonia<br \/>\nKeur: Oeko-Tex Standard<\/strong><\/p>\n<p><img loading=\"lazy\" decoding=\"async\" class=\"alignnone wp-image-28173 entered lazyloaded\" src=\"https:\/\/woolskins.eu\/wp-content\/uploads\/2024\/05\/csm_OEKO-TEX_Logo_2022_rgb_c1aaeb5ceb-300x300.jpg\" alt=\"\" width=\"89\" height=\"89\" data-lazy-src=\"https:\/\/woolskins.eu\/wp-content\/uploads\/2024\/05\/csm_OEKO-TEX_Logo_2022_rgb_c1aaeb5ceb-300x300.jpg\" data-ll-status=\"loaded\" srcset=\"https:\/\/woolskins.eu\/wp-content\/uploads\/2024\/05\/csm_OEKO-TEX_Logo_2022_rgb_c1aaeb5ceb-300x300.jpg 300w, https:\/\/woolskins.eu\/wp-content\/uploads\/2024\/05\/csm_OEKO-TEX_Logo_2022_rgb_c1aaeb5ceb-150x150.jpg 150w, https:\/\/woolskins.eu\/wp-content\/uploads\/2024\/05\/csm_OEKO-TEX_Logo_2022_rgb_c1aaeb5ceb-768x769.jpg 768w, https:\/\/woolskins.eu\/wp-content\/uploads\/2024\/05\/csm_OEKO-TEX_Logo_2022_rgb_c1aaeb5ceb-12x12.jpg 12w, https:\/\/woolskins.eu\/wp-content\/uploads\/2024\/05\/csm_OEKO-TEX_Logo_2022_rgb_c1aaeb5ceb-600x601.jpg 600w, https:\/\/woolskins.eu\/wp-content\/uploads\/2024\/05\/csm_OEKO-TEX_Logo_2022_rgb_c1aaeb5ceb-100x100.jpg 100w, https:\/\/woolskins.eu\/wp-content\/uploads\/2024\/05\/csm_OEKO-TEX_Logo_2022_rgb_c1aaeb5ceb-64x64.jpg 64w, https:\/\/woolskins.eu\/wp-content\/uploads\/2024\/05\/csm_OEKO-TEX_Logo_2022_rgb_c1aaeb5ceb.jpg 885w\" sizes=\"auto, (max-width: 89px) 100vw, 89px\" \/><\/p>","protected":false},"featured_media":25391,"comment_status":"closed","ping_status":"closed","template":"","meta":{"_acf_changed":false},"product_brand":[],"product_cat":[352,499,336,502],"product_tag":[],"class_list":{"0":"post-25379","1":"product","2":"type-product","3":"status-publish","4":"has-post-thumbnail","6":"product_cat-merken","7":"product_cat-new-arrivals","8":"product_cat-voetenzakken","9":"product_cat-zaffiro","11":"first","12":"instock","13":"taxable","14":"shipping-taxable","15":"purchasable","16":"product-type-simple"},"acf":[],"_links":{"self":[{"href":"https:\/\/woolskins.eu\/es\/wp-json\/wp\/v2\/product\/25379","targetHints":{"allow":["GET"]}}],"collection":[{"href":"https:\/\/woolskins.eu\/es\/wp-json\/wp\/v2\/product"}],"about":[{"href":"https:\/\/woolskins.eu\/es\/wp-json\/wp\/v2\/types\/product"}],"replies":[{"embeddable":true,"href":"https:\/\/woolskins.eu\/es\/wp-json\/wp\/v2\/comments?post=25379"}],"wp:featuredmedia":[{"embeddable":true,"href":"https:\/\/woolskins.eu\/es\/wp-json\/wp\/v2\/media\/25391"}],"wp:attachment":[{"href":"https:\/\/woolskins.eu\/es\/wp-json\/wp\/v2\/media?parent=25379"}],"wp:term":[{"taxonomy":"product_brand","embeddable":true,"href":"https:\/\/woolskins.eu\/es\/wp-json\/wp\/v2\/product_brand?post=25379"},{"taxonomy":"product_cat","embeddable":true,"href":"https:\/\/woolskins.eu\/es\/wp-json\/wp\/v2\/product_cat?post=25379"},{"taxonomy":"product_tag","embeddable":true,"href":"https:\/\/woolskins.eu\/es\/wp-json\/wp\/v2\/product_tag?post=25379"}],"curies":[{"name":"wp","href":"https:\/\/api.w.org\/{rel}","templated":true}]}}