{"id":25325,"date":"2025-06-17T13:30:24","date_gmt":"2025-06-17T13:30:24","guid":{"rendered":"https:\/\/woolskins.eu\/?post_type=product&#038;p=25325"},"modified":"2026-04-04T18:42:07","modified_gmt":"2026-04-04T18:42:07","slug":"zaffiro-manta-multiusos-de-lana-afieltrada-beige-2","status":"publish","type":"product","link":"https:\/\/woolskins.eu\/es\/zaffiro-multifunctionele-wollen-wikkeldeken-felted-beige\/","title":{"rendered":"Zaffiro | Manta de lana multifuncional | Fieltro Beige"},"content":{"rendered":"<p data-start=\"265\" data-end=\"343\"><strong>Manta de lana para beb\u00e9s - Naturalmente c\u00e1lida y segura con Zaffiro<\/strong><\/p>\n<p data-start=\"345\" data-end=\"628\">La manta de lana para beb\u00e9 de Zaffiro es la elecci\u00f3n ideal para los padres que buscan una manta para beb\u00e9 natural y transpirable. Esta vers\u00e1til manta envolvente para beb\u00e9 es adecuada para usarla en la silla del coche, el cochecito, la mois\u00e9s o simplemente en casa. Fabricada con lana de oveja natural 100%, esta manta envolvente ofrece una excelente regulaci\u00f3n de la temperatura. Las fibras de lana act\u00faan como un termostato natural: mantienen al beb\u00e9 abrigado cuando hace fr\u00edo y garantizan que no se sobrecaliente. As\u00ed, tu beb\u00e9 siempre estar\u00e1 seco, c\u00f3modo y a la temperatura adecuada, sea cual sea la estaci\u00f3n. La lana es naturalmente hipoalerg\u00e9nica, antibacteriana y autolimpiable. Esto significa que la manta neutraliza los olores, repele la suciedad y se mantiene higi\u00e9nica, sin necesidad de lavados frecuentes. Gracias a las ingeniosas aberturas para el cintur\u00f3n, la manta envolvente es adecuada para todo tipo de cinturones de seguridad de sillas de coche y cochecitos: f\u00e1cil y segura de usar.<\/p>\n<p>- 100% lana virgen de primera calidad, fieltro de doble capa.<br \/>\n- Adecuado para 0-12 meses.<br \/>\n- Cord\u00f3n de ajuste en el cuello para proteger la cabeza del ni\u00f1o.<br \/>\n- Pr\u00e1cticas aberturas para las correas de seguridad (3 y 5 puntos).<br \/>\n- longitud 112<span style=\"color: #000000;\"> cm x anchura 112 cm.<\/span><br \/>\n- Lavable en ciclo de lavado de lana a 30\u00b0C.<\/p>\n<p data-start=\"218\" data-end=\"276\"><strong>Acerca de Zaffiro - Artesan\u00eda y conexi\u00f3n desde 1989<\/strong><\/p>\n<p data-start=\"278\" data-end=\"558\">Zaffiro es una empresa familiar polaca dedicada a la fabricaci\u00f3n de productos de alta calidad para beb\u00e9s y ni\u00f1os desde 1989. Zaffiro, que exporta a m\u00e1s de 40 pa\u00edses de todo el mundo, es conocida por sus productos que ponen el v\u00ednculo afectivo entre padres e hijos, la comodidad y la seguridad en el centro de su actividad. La marca se fund\u00f3 con la convicci\u00f3n de que los primeros momentos con el beb\u00e9 son esenciales para crear un v\u00ednculo afectivo. Por eso Zaffiro desarrolla productos que ayudan a los padres durante este periodo tan especial: desde fulares ergon\u00f3micos hasta mantas de lana natural. Combinamos tradiciones ancestrales, como llevar a los beb\u00e9s \u2018coraz\u00f3n con coraz\u00f3n\u2019, con los conocimientos de la investigaci\u00f3n psicol\u00f3gica moderna. As\u00ed es como creamos soluciones pr\u00e1cticas, cari\u00f1osas y seguras para un c\u00e1lido comienzo en la vida.<\/p>","protected":false},"excerpt":{"rendered":"<p data-start=\"250\" data-end=\"343\"><strong data-start=\"254\" data-end=\"343\">Abrigo de lana para beb\u00e9s - adecuado para casa, Maxi-Cosi, silla de coche y cochecito (0-12 meses)<\/strong><\/p>\n<p data-start=\"345\" data-end=\"573\">Este fular multiusos de lana de alta calidad es perfecto para envolver a tu reci\u00e9n nacido o beb\u00e9 de hasta 12 meses de forma segura y calentita, tanto si est\u00e1s fuera con el Maxi-Cosi, el cochecito, el capazo o simplemente en casa. Fabricado con lana de oveja natural afieltrada 100%, este fular es conocido por sus propiedades transpirables, termorreguladoras e hipoalerg\u00e9nicas. La lana retiene muy bien el calor sin sobrecalentar al beb\u00e9 y absorbe f\u00e1cilmente el sudor, por lo que tu beb\u00e9 estar\u00e1 muy c\u00f3modo. Gracias a las pr\u00e1cticas aberturas para arneses de 3 y 5 puntos, la tela se puede fijar f\u00e1cilmente a casi todas las sillas de coche y cochecitos. As\u00ed combinar\u00e1s comodidad y seguridad est\u00e9s donde est\u00e9s.<\/p>\n<p data-start=\"1058\" data-end=\"1268\">El fular de lana es ideal para primavera, oto\u00f1o e invierno. Tambi\u00e9n es muy adecuado como regalo de maternidad o para padres que valoran los materiales naturales y la comodidad para su beb\u00e9.<\/p>\n<div class=\"woocommerce-product-details__short-description\">\n<p><strong>Marca: Zaffiro<\/strong><br \/>\n<strong>Producci\u00f3n: Polonia<\/strong><\/p>\n<\/div>","protected":false},"featured_media":25339,"comment_status":"open","ping_status":"closed","template":"","meta":{"_acf_changed":false},"product_brand":[],"product_cat":[502,370,336,321],"product_tag":[],"class_list":{"0":"post-25325","1":"product","2":"type-product","3":"status-publish","4":"has-post-thumbnail","6":"product_cat-zaffiro","7":"product_cat-slaapzakken","8":"product_cat-voetenzakken","9":"product_cat-wikkeldekens","11":"first","12":"instock","13":"taxable","14":"shipping-taxable","15":"purchasable","16":"product-type-simple"},"acf":[],"_links":{"self":[{"href":"https:\/\/woolskins.eu\/es\/wp-json\/wp\/v2\/product\/25325","targetHints":{"allow":["GET"]}}],"collection":[{"href":"https:\/\/woolskins.eu\/es\/wp-json\/wp\/v2\/product"}],"about":[{"href":"https:\/\/woolskins.eu\/es\/wp-json\/wp\/v2\/types\/product"}],"replies":[{"embeddable":true,"href":"https:\/\/woolskins.eu\/es\/wp-json\/wp\/v2\/comments?post=25325"}],"wp:featuredmedia":[{"embeddable":true,"href":"https:\/\/woolskins.eu\/es\/wp-json\/wp\/v2\/media\/25339"}],"wp:attachment":[{"href":"https:\/\/woolskins.eu\/es\/wp-json\/wp\/v2\/media?parent=25325"}],"wp:term":[{"taxonomy":"product_brand","embeddable":true,"href":"https:\/\/woolskins.eu\/es\/wp-json\/wp\/v2\/product_brand?post=25325"},{"taxonomy":"product_cat","embeddable":true,"href":"https:\/\/woolskins.eu\/es\/wp-json\/wp\/v2\/product_cat?post=25325"},{"taxonomy":"product_tag","embeddable":true,"href":"https:\/\/woolskins.eu\/es\/wp-json\/wp\/v2\/product_tag?post=25325"}],"curies":[{"name":"wp","href":"https:\/\/api.w.org\/{rel}","templated":true}]}}