{"id":25296,"date":"2025-06-17T09:41:33","date_gmt":"2025-06-17T09:41:33","guid":{"rendered":"https:\/\/woolskins.eu\/?post_type=product&#038;p=25296"},"modified":"2026-02-18T13:50:02","modified_gmt":"2026-02-18T13:50:02","slug":"saco-de-dormir-de-lana-zaffiro-para-silla-de-paseo-y-capazo-teddy-avellana","status":"publish","type":"product","link":"https:\/\/woolskins.eu\/es\/zaffiro-wollen-voetenzak-slaapzak-voor-buggy-en-reiswieg-teddy-hazelnoot\/","title":{"rendered":"Zaffiro | Saco de Lana - Saco de Dormir para Cochecito y Capazo | Peluche Avellana"},"content":{"rendered":"<h5>Saco de dormir de lana para silla de paseo, capazo y mois\u00e9s.<\/h5>\n<p>Estos cubrepi\u00e9s de lana - saco de dormir para silla de paseo y Maxi-Cosi son muy adecuados para los m\u00e1s peque\u00f1os gracias a las propiedades naturales de las fibras de lana. \u00c9stas respiran y tienen la capacidad de actuar como un termostato natural que regula la temperatura corporal? Esto ayuda al beb\u00e9 a mantener una temperatura estable y lo mantiene seco y c\u00f3modo. La lana de oveja tambi\u00e9n tiene propiedades antial\u00e9rgicas y antibacterianas, por lo que es higi\u00e9nica y autolimpiable. Neutraliza los malos olores y la suciedad. Puede estar seguro de que su hijo estar\u00e1 calentito y c\u00f3modo con este cubrepi\u00e9s de lana Zaffiro. Todos los tipos de correas de seguridad caben en este modelo sin ning\u00fan problema gracias a las aberturas especiales.<\/p>\n<p>- 100% lana virgen de primera calidad, Fieltro.<br \/>\n- Adecuado para 0-18 meses.<br \/>\n- Cord\u00f3n de ajuste en el cuello para proteger la cabeza del ni\u00f1o.<br \/>\n- Parte superior completamente desmontable de la parte inferior.<br \/>\n- C\u00f3modas aberturas para las correas de seguridad (5 puntos).<br \/>\n- largo 90 cm x ancho 40\/42 cm.<\/p>\n<p data-start=\"63\" data-end=\"427\"><strong data-start=\"63\" data-end=\"83\">Instrucciones de lavado<\/strong><\/p>\n<p data-start=\"63\" data-end=\"427\">Para mantener este tejido de lana Teddy bonito y suave, recomendamos lavarlo a mano a una temperatura m\u00e1xima de 30\u00b0C. Al hacerlo, proceda con cuidado y utilice un detergente suave para lana. Evite la lej\u00eda, la plancha, la secadora y el centrifugado. Deje secar el tejido en plano para conservar su forma. Tambi\u00e9n se puede lavar en seco.<\/p>\n<p data-start=\"429\" data-end=\"552\">\u2728 <strong data-start=\"431\" data-end=\"439\">Consejo:<\/strong> La lana no necesita lavarse a menudo. Un r\u00e1pido aireado al aire libre suele bastar para mantener el tejido fresco.<\/p>\n<p data-start=\"554\" data-end=\"817\">\ud83c\udf3f <strong data-start=\"557\" data-end=\"588\">Por qu\u00e9 la lana es especial: <\/strong>La lana es naturalmente autolimpiable y repele la suciedad. Los olores desaparecen simplemente aireando el tejido y la suciedad se adhiere menos f\u00e1cilmente que con otros materiales. As\u00ed, su tejido de lana se mantiene fresco durante m\u00e1s tiempo, sin necesidad de mucho mantenimiento.<\/p>\n<h5>Zaffiro<\/h5>\n<p>La empresa Zaffiro es una empresa familiar polaca. Desde nuestros inicios en 1989, nos hemos especializado en la fabricaci\u00f3n de productos para beb\u00e9s y ni\u00f1os, y la mayor parte de lo que producimos se exporta a m\u00e1s de 40 pa\u00edses. Creamos la marca Zaffiro para promover productos que apoyen a los padres conscientes de la importancia de la intimidad y el v\u00ednculo con su beb\u00e9 desde las primeras horas tras el nacimiento. Promovemos el concepto de llevar a los ni\u00f1os \u2018de coraz\u00f3n a coraz\u00f3n\u2019 en fulares y portabeb\u00e9s, reintroduciendo la sabia tradici\u00f3n de generaciones anteriores, redescubierta y desarrollada teniendo en cuenta la investigaci\u00f3n psicol\u00f3gica contempor\u00e1nea.<\/p>","protected":false},"excerpt":{"rendered":"<p>Disfruta llevando a tu beb\u00e9 de paseo con este c\u00e1lido saco de lana de Zaffiro para el cochecito, la silla de paseo, el mois\u00e9s o en casa. Este saco de lana 100% de primera calidad (fieltro) se adapta inmediatamente a la temperatura del beb\u00e9. Retiene bien el calor sin hacer sudar al ni\u00f1o porque la lana transpira. Gracias a estas propiedades \u00fanicas de la lana, su hijo estar\u00e1 calentito y c\u00f3modo. Gracias a las pr\u00e1cticas aberturas para el cintur\u00f3n, podr\u00e1s instalar r\u00e1pidamente este saco de lana en el cochecito o la silla de paseo. Puedes tirar del cord\u00f3n del cuello para proteger la cabeza de tu hijo de las inclemencias del tiempo. Este cubrepi\u00e9s de Zaffiro puede utilizarse todo el a\u00f1o, pero resulta muy \u00fatil en primavera, invierno y oto\u00f1o.<\/p>\n<div class=\"woocommerce-product-details__short-description\">\n<p><strong>Marca: Zaffiro<\/strong><br \/>\n<strong>Producci\u00f3n: Polonia<br \/>\nKeur: Oeko-Tex Standard<\/strong><\/p>\n<p><img loading=\"lazy\" decoding=\"async\" class=\"alignnone wp-image-28173 entered lazyloaded\" src=\"https:\/\/woolskins.eu\/wp-content\/uploads\/2024\/05\/csm_OEKO-TEX_Logo_2022_rgb_c1aaeb5ceb-300x300.jpg\" alt=\"\" width=\"89\" height=\"89\" data-lazy-src=\"https:\/\/woolskins.eu\/wp-content\/uploads\/2024\/05\/csm_OEKO-TEX_Logo_2022_rgb_c1aaeb5ceb-300x300.jpg\" data-ll-status=\"loaded\" srcset=\"https:\/\/woolskins.eu\/wp-content\/uploads\/2024\/05\/csm_OEKO-TEX_Logo_2022_rgb_c1aaeb5ceb-300x300.jpg 300w, https:\/\/woolskins.eu\/wp-content\/uploads\/2024\/05\/csm_OEKO-TEX_Logo_2022_rgb_c1aaeb5ceb-150x150.jpg 150w, https:\/\/woolskins.eu\/wp-content\/uploads\/2024\/05\/csm_OEKO-TEX_Logo_2022_rgb_c1aaeb5ceb-768x769.jpg 768w, https:\/\/woolskins.eu\/wp-content\/uploads\/2024\/05\/csm_OEKO-TEX_Logo_2022_rgb_c1aaeb5ceb-12x12.jpg 12w, https:\/\/woolskins.eu\/wp-content\/uploads\/2024\/05\/csm_OEKO-TEX_Logo_2022_rgb_c1aaeb5ceb-600x601.jpg 600w, https:\/\/woolskins.eu\/wp-content\/uploads\/2024\/05\/csm_OEKO-TEX_Logo_2022_rgb_c1aaeb5ceb-100x100.jpg 100w, https:\/\/woolskins.eu\/wp-content\/uploads\/2024\/05\/csm_OEKO-TEX_Logo_2022_rgb_c1aaeb5ceb-64x64.jpg 64w, https:\/\/woolskins.eu\/wp-content\/uploads\/2024\/05\/csm_OEKO-TEX_Logo_2022_rgb_c1aaeb5ceb.jpg 885w\" sizes=\"auto, (max-width: 89px) 100vw, 89px\" \/><\/p>\n<\/div>","protected":false},"featured_media":25307,"comment_status":"open","ping_status":"closed","template":"","meta":{"_acf_changed":false},"product_brand":[],"product_cat":[502,370,336],"product_tag":[],"class_list":{"0":"post-25296","1":"product","2":"type-product","3":"status-publish","4":"has-post-thumbnail","6":"product_cat-zaffiro","7":"product_cat-slaapzakken","8":"product_cat-voetenzakken","10":"first","11":"outofstock","12":"taxable","13":"shipping-taxable","14":"purchasable","15":"product-type-simple"},"acf":[],"_links":{"self":[{"href":"https:\/\/woolskins.eu\/es\/wp-json\/wp\/v2\/product\/25296","targetHints":{"allow":["GET"]}}],"collection":[{"href":"https:\/\/woolskins.eu\/es\/wp-json\/wp\/v2\/product"}],"about":[{"href":"https:\/\/woolskins.eu\/es\/wp-json\/wp\/v2\/types\/product"}],"replies":[{"embeddable":true,"href":"https:\/\/woolskins.eu\/es\/wp-json\/wp\/v2\/comments?post=25296"}],"wp:featuredmedia":[{"embeddable":true,"href":"https:\/\/woolskins.eu\/es\/wp-json\/wp\/v2\/media\/25307"}],"wp:attachment":[{"href":"https:\/\/woolskins.eu\/es\/wp-json\/wp\/v2\/media?parent=25296"}],"wp:term":[{"taxonomy":"product_brand","embeddable":true,"href":"https:\/\/woolskins.eu\/es\/wp-json\/wp\/v2\/product_brand?post=25296"},{"taxonomy":"product_cat","embeddable":true,"href":"https:\/\/woolskins.eu\/es\/wp-json\/wp\/v2\/product_cat?post=25296"},{"taxonomy":"product_tag","embeddable":true,"href":"https:\/\/woolskins.eu\/es\/wp-json\/wp\/v2\/product_tag?post=25296"}],"curies":[{"name":"wp","href":"https:\/\/api.w.org\/{rel}","templated":true}]}}