{"id":25067,"date":"2025-05-18T11:06:40","date_gmt":"2025-05-18T11:06:40","guid":{"rendered":"https:\/\/woolskins.eu\/?post_type=product&#038;p=25067"},"modified":"2026-02-06T09:32:57","modified_gmt":"2026-02-06T09:32:57","slug":"piel-de-oveja-alfombra-corralito-medicinal-o-100cm-copia","status":"publish","type":"product","link":"https:\/\/woolskins.eu\/es\/schapenvacht-boxkleed-speelkleed-medicinaal-o-100cm-kopie\/","title":{"rendered":"Tapete de piel de oveja - Medicinal \u00d8 100cm (copia)"},"content":{"rendered":"<p>La alfombra redonda para parque Woolskins Eco Baby-Care tiene un pelaje m\u00e1s corto que las hace a prueba de beb\u00e9s. Son adecuadas desde el nacimiento y, como su elaboraci\u00f3n tiene en cuenta el medio ambiente, protegen tanto a los peque\u00f1os como al planeta. En casa o fuera de ella, creas un entorno confortable en el que tu hijo se siente feliz y relajado. \u00bfSab\u00edas que la piel de oveja tambi\u00e9n es saludable para tu hijo?<\/p>\n<p>- \u00d8 100 cm.<br \/>\n- Curtido medicinal.<br \/>\n- Pelaje suave y compacto.<br \/>\n- Se puede lavar y secar a m\u00e1quina.<br \/>\n- F\u00e1cil de mantener.<\/p>\n<p>Pida con \u00e9l un cepillo de mantenimiento para mantener su pelaje bonito durante mucho tiempo y\/o personal\u00edcelo con su regalo de nacimiento o el de su hijo. Un regalo precioso y \u00fanico, disponible exclusivamente en Woolskins. Embalaje est\u00e1ndar \u2018listo para regalo\u2019 con nota personal.<\/p>\n<p><strong>Propiedades Essential Sheepskin (medicinal)<\/strong><\/p>\n<p class=\"\" data-start=\"87\" data-end=\"420\">Esta piel de oveja de Baby-Care medicinally tanned procede de la oveja inglesa y es conocida por su textura suave y compacta: \u00a1nuestra prenda imprescindible! Es un vell\u00f3n medicado, especialmente curtido para ser hipoalerg\u00e9nico, antibacteriano y autolimpiable. Adem\u00e1s, este abrigo es lavable, lo que lo hace muy pr\u00e1ctico para el uso diario.<\/p>\n<p class=\"\" data-start=\"422\" data-end=\"821\">La piel se curte en Europa siguiendo estrictas normas medioambientales, lo que garantiza un producto duradero y seguro para tu beb\u00e9. Como todos nuestros otros forros polares, tiene fibras de lana transpirables que ayudan a regular la temperatura corporal de tu beb\u00e9 de forma natural. De este modo, el beb\u00e9 se mantiene seco, c\u00f3modo y protegido: fresquito en verano y calentito en invierno.<\/p>\n<p><strong>Respetuoso con el medio ambiente<\/strong><\/p>\n<p>Todos los agentes utilizados en el curtido y el acabado cumplen las directivas esenciales de la UE relativas a la conservaci\u00f3n y protecci\u00f3n del medio ambiente.<\/p>\n<p>Nuestros abrigos se curten de acuerdo con la normativa REACH, adoptada para mejorar la protecci\u00f3n de la salud humana y el medio ambiente frente a los riesgos que pueden plantear las sustancias qu\u00edmicas, aumentando al mismo tiempo la competitividad de la industria qu\u00edmica de la UE. En la producci\u00f3n no se utilizan tintes AZO.<\/p>\n<p>ECO PRODUCTOS - las pieles son Eco Friendly Skins, su procesamiento y tratamiento son seguros para adultos y ni\u00f1os. Las pieles son biodegradables, ecol\u00f3gicas.<\/p>\n<p>Woolskins no vende vellones de ovejas que hayan sido muladas. El mulesing no se utiliza en ovejas europeas porque el par\u00e1sito que hace que los ganaderos utilicen el mulesing no se encuentra en Europa.<\/p>\n<p><strong>Dormilonas... \u00a1tomen nota!<\/strong><\/p>\n<p>Los peque\u00f1os que duermen boca abajo durante los primeros 12 meses no deben dormir sobre nada blando por motivos de seguridad, ya que puede ser peligroso. As\u00ed que te recomendamos que utilices la piel Woolskins con prudencia. Presta siempre atenci\u00f3n cuando tu hijo est\u00e9 tumbado o durmiendo boca abajo y aseg\u00farate de que est\u00e9 siempre vigilado.<\/p>","protected":false},"excerpt":{"rendered":"<p>Sobre esta c\u00f3moda y suave alfombra redonda de piel de oveja tu beb\u00e9 podr\u00e1 jugar y descansar. Gracias a sus \u2018superpoderes\u2019 naturales, es c\u00e1lida en invierno y fresca en verano. Esto se debe a que adopta instant\u00e1neamente la temperatura corporal. Son adecuadas desde el nacimiento y, como su elaboraci\u00f3n tiene en cuenta el medio ambiente, protegen tanto a los peque\u00f1os como al planeta. En casa o fuera de ella, creas un ambiente confortable en el que tu hijo se siente feliz y relajado. \u00bfSab\u00edas que la piel de oveja tambi\u00e9n es saludable para tu hijo?<\/p>\n<p><strong>Marca: Woolskins<\/strong><br \/>\n<strong>Producci\u00f3n: Polonia<\/strong><\/p>","protected":false},"featured_media":25070,"comment_status":"closed","ping_status":"closed","template":"","meta":{"_acf_changed":false},"product_brand":[],"product_cat":[216,527,354],"product_tag":[],"class_list":{"0":"post-25067","1":"product","2":"type-product","3":"status-publish","4":"has-post-thumbnail","6":"product_cat-schapenvacht-voor-baby","7":"product_cat-wollen-schapenvacht-boxkleed-speelkleed","8":"product_cat-woolskins","10":"first","11":"outofstock","12":"taxable","13":"shipping-taxable","14":"purchasable","15":"product-type-variable","16":"has-default-attributes"},"acf":[],"_links":{"self":[{"href":"https:\/\/woolskins.eu\/es\/wp-json\/wp\/v2\/product\/25067","targetHints":{"allow":["GET"]}}],"collection":[{"href":"https:\/\/woolskins.eu\/es\/wp-json\/wp\/v2\/product"}],"about":[{"href":"https:\/\/woolskins.eu\/es\/wp-json\/wp\/v2\/types\/product"}],"replies":[{"embeddable":true,"href":"https:\/\/woolskins.eu\/es\/wp-json\/wp\/v2\/comments?post=25067"}],"wp:featuredmedia":[{"embeddable":true,"href":"https:\/\/woolskins.eu\/es\/wp-json\/wp\/v2\/media\/25070"}],"wp:attachment":[{"href":"https:\/\/woolskins.eu\/es\/wp-json\/wp\/v2\/media?parent=25067"}],"wp:term":[{"taxonomy":"product_brand","embeddable":true,"href":"https:\/\/woolskins.eu\/es\/wp-json\/wp\/v2\/product_brand?post=25067"},{"taxonomy":"product_cat","embeddable":true,"href":"https:\/\/woolskins.eu\/es\/wp-json\/wp\/v2\/product_cat?post=25067"},{"taxonomy":"product_tag","embeddable":true,"href":"https:\/\/woolskins.eu\/es\/wp-json\/wp\/v2\/product_tag?post=25067"}],"curies":[{"name":"wp","href":"https:\/\/api.w.org\/{rel}","templated":true}]}}