{"id":24759,"date":"2025-04-02T10:41:34","date_gmt":"2025-04-02T10:41:34","guid":{"rendered":"https:\/\/woolskins.eu\/?post_type=product&#038;p=24759"},"modified":"2026-05-12T13:24:44","modified_gmt":"2026-05-12T13:24:44","slug":"lanacare-detergente-para-lana-jabon-de-lanolina","status":"publish","type":"product","link":"https:\/\/woolskins.eu\/es\/lanacare-wolwasmiddel-lanolinezeep\/","title":{"rendered":"Lanacare Detergente para lana \/ Jab\u00f3n de lanolina"},"content":{"rendered":"<p>El jab\u00f3n de lanolina\/detergente para lana LANACare es 100% hipoalerg\u00e9nico. Especialmente desarrollado para el lavado \u00f3ptimo de productos de lana. Lava y limpia los productos de lana y optimiza la reposici\u00f3n de lanolina en la fibra de lana, sin dejar una pel\u00edcula aceitosa ni manchas. El jab\u00f3n contiene lanolina m\u00e9dica y no contiene perfumes ni colorantes. Este jab\u00f3n de lanolina se ha desarrollado especialmente para LANACare.<br \/>\nEl jab\u00f3n de lanolina LANACare es muy beneficioso para las personas con problemas cut\u00e1neos, como piel sensible, erupciones o incluso psoriasis. La lanolina hipoalerg\u00e9nica suaviza la piel. Alivia la dermatitis a\u00f1adiendo grasa natural extra a la piel. Alivia el picor y tiene un gran efecto calmante.<\/p>\n<p>Probado en laboratorio \/ un frasco contiene 150 ml.<\/p>\n<p>Producido en Suecia.<\/p>","protected":false},"excerpt":{"rendered":"<p>El jab\u00f3n de lanolina\/detergente para lana LANACare es 100% hipoalerg\u00e9nico. Especialmente desarrollado para el lavado \u00f3ptimo de productos de lana. Lava y limpia los productos de lana y optimiza la reposici\u00f3n de lanolina en la fibra de lana, sin dejar una pel\u00edcula aceitosa ni manchas. El jab\u00f3n contiene lanolina m\u00e9dica y no contiene perfumes ni colorantes. Este jab\u00f3n de lanolina se ha desarrollado especialmente para LANACare.<\/p>\n<p>Probado en laboratorio \/ un frasco contiene 150 ml.<\/p>\n<p><strong>Marca:<\/strong> Lanacare<br \/>\n<strong>Producci\u00f3n:<\/strong> Suecia<\/p>","protected":false},"featured_media":24760,"comment_status":"open","ping_status":"closed","template":"","meta":{"_acf_changed":false},"product_brand":[],"product_cat":[357,353],"product_tag":[],"class_list":{"0":"post-24759","1":"product","2":"type-product","3":"status-publish","4":"has-post-thumbnail","6":"product_cat-onderhoud","7":"product_cat-lanacare","9":"first","10":"instock","11":"taxable","12":"shipping-taxable","13":"purchasable","14":"product-type-simple"},"acf":[],"_links":{"self":[{"href":"https:\/\/woolskins.eu\/es\/wp-json\/wp\/v2\/product\/24759","targetHints":{"allow":["GET"]}}],"collection":[{"href":"https:\/\/woolskins.eu\/es\/wp-json\/wp\/v2\/product"}],"about":[{"href":"https:\/\/woolskins.eu\/es\/wp-json\/wp\/v2\/types\/product"}],"replies":[{"embeddable":true,"href":"https:\/\/woolskins.eu\/es\/wp-json\/wp\/v2\/comments?post=24759"}],"wp:featuredmedia":[{"embeddable":true,"href":"https:\/\/woolskins.eu\/es\/wp-json\/wp\/v2\/media\/24760"}],"wp:attachment":[{"href":"https:\/\/woolskins.eu\/es\/wp-json\/wp\/v2\/media?parent=24759"}],"wp:term":[{"taxonomy":"product_brand","embeddable":true,"href":"https:\/\/woolskins.eu\/es\/wp-json\/wp\/v2\/product_brand?post=24759"},{"taxonomy":"product_cat","embeddable":true,"href":"https:\/\/woolskins.eu\/es\/wp-json\/wp\/v2\/product_cat?post=24759"},{"taxonomy":"product_tag","embeddable":true,"href":"https:\/\/woolskins.eu\/es\/wp-json\/wp\/v2\/product_tag?post=24759"}],"curies":[{"name":"wp","href":"https:\/\/api.w.org\/{rel}","templated":true}]}}