{"id":24655,"date":"2025-03-18T14:14:39","date_gmt":"2025-03-18T14:14:39","guid":{"rendered":"https:\/\/woolskins.eu\/?post_type=product&#038;p=24655"},"modified":"2026-01-04T10:35:07","modified_gmt":"2026-01-04T10:35:07","slug":"colchon-de-lana-para-balance-board-crudo-marron","status":"publish","type":"product","link":"https:\/\/woolskins.eu\/es\/wollen-matras-voor-balance-board-ecru-bruin\/","title":{"rendered":"Colchoneta de lana para Balance Board + Coj\u00edn gratis | Crudo\/marr\u00f3n"},"content":{"rendered":"<p>Convierte tu Balance Board en un acogedor nido con nuestro suave colch\u00f3n de lana.<\/p>\n<p>Transforme la Balance Board de su hijo en un c\u00f3modo lugar de juego y descanso con nuestro colch\u00f3n y coj\u00edn de lana. Este colch\u00f3n suave y de apoyo es el complemento perfecto para la Balance Board, tiene un suave acolchado que hace que tu hijo disfrute a\u00fan m\u00e1s de este vers\u00e1til juguete.<\/p>\n<p>Dimensiones: 28 cm x 70 cm.<\/p>\n<p>Caracter\u00edsticas:<\/p>\n<p>* Confort extra: El suave colch\u00f3n proporciona una superficie c\u00f3moda y absorbe al instante el calor corporal, ideal para tumbarse, sentarse o acurrucarse sobre \u00e9l.<\/p>\n<p>* Seguro y de apoyo: El colch\u00f3n proporciona apoyo adicional para la espalda y el cuello de su beb\u00e9, por lo que es seguro y c\u00f3modo de usar.<\/p>\n<p>* Ajuste perfecto: Especialmente dise\u00f1ado para ajustarse perfectamente a la Balance Board, con pr\u00e1cticas gomas el\u00e1sticas que mantienen el colch\u00f3n firmemente sujeto a la Balance Board.....<\/p>\n<p>* Materiales de alta calidad: La parte superior est\u00e1 hecha de lana suave, transpirable y apta para ni\u00f1os, que es segura y saludable para la piel sensible.<\/p>\n<p>* Uso vers\u00e1til: Adem\u00e1s de utilizarse en la tabla de equilibrio, la colchoneta tambi\u00e9n puede utilizarse como alfombrilla de juegos.<\/p>\n<p>Beneficios para tu beb\u00e9:<\/p>\n<p>* Estimula los sentidos y el desarrollo motor<\/p>\n<p>* Favorece el equilibrio y la coordinaci\u00f3n<\/p>\n<p>* Proporciona una zona de juego segura y c\u00f3moda<\/p>\n<p>* Estimula la imaginaci\u00f3n y la creatividad<\/p>\n<p>Ideal para:<\/p>\n<p>* Beb\u00e9s y ni\u00f1os peque\u00f1os que aprenden a mantener el equilibrio<\/p>\n<p>* Ni\u00f1os que buscan una zona de juegos c\u00f3moda<\/p>\n<p>* Padres que desean ofrecer a sus hijos un entorno seguro y estimulante<\/p>\n<p>Completa la Balance Board con nuestro suave colch\u00f3n de lana y \u00a1dale a tu hijo horas de diversi\u00f3n y comodidad!<\/p>","protected":false},"excerpt":{"rendered":"<p>Convierte tu Balance Board en un acogedor lugar de descanso con nuestro suave colch\u00f3n de lana.<\/p>\n<p>Transforme la Balance Board de su hijo en un c\u00f3modo lugar de juego y descanso con nuestro colch\u00f3n y coj\u00edn de lana. Este colch\u00f3n suave y de apoyo es el complemento perfecto para la Balance Board, tiene un suave acolchado que hace que tu hijo disfrute a\u00fan m\u00e1s de este vers\u00e1til juguete.<\/p>\n<p>Completa tu Balance Board con nuestro suave colch\u00f3n de lana y \u00a1dale a tu hijo horas de diversi\u00f3n y comodidad!<\/p>\n<p>Dimensiones: 28 cm x 70 cm (adecuado para un Wobbel Starter, por ejemplo)<\/p>","protected":false},"featured_media":24649,"comment_status":"open","ping_status":"closed","template":"","meta":{"_acf_changed":false},"product_brand":[],"product_cat":[363,499],"product_tag":[],"class_list":{"0":"post-24655","1":"product","2":"type-product","3":"status-publish","4":"has-post-thumbnail","6":"product_cat-cadeaus-e25-e50","7":"product_cat-new-arrivals","9":"first","10":"instock","11":"taxable","12":"shipping-taxable","13":"purchasable","14":"product-type-simple"},"acf":[],"_links":{"self":[{"href":"https:\/\/woolskins.eu\/es\/wp-json\/wp\/v2\/product\/24655","targetHints":{"allow":["GET"]}}],"collection":[{"href":"https:\/\/woolskins.eu\/es\/wp-json\/wp\/v2\/product"}],"about":[{"href":"https:\/\/woolskins.eu\/es\/wp-json\/wp\/v2\/types\/product"}],"replies":[{"embeddable":true,"href":"https:\/\/woolskins.eu\/es\/wp-json\/wp\/v2\/comments?post=24655"}],"wp:featuredmedia":[{"embeddable":true,"href":"https:\/\/woolskins.eu\/es\/wp-json\/wp\/v2\/media\/24649"}],"wp:attachment":[{"href":"https:\/\/woolskins.eu\/es\/wp-json\/wp\/v2\/media?parent=24655"}],"wp:term":[{"taxonomy":"product_brand","embeddable":true,"href":"https:\/\/woolskins.eu\/es\/wp-json\/wp\/v2\/product_brand?post=24655"},{"taxonomy":"product_cat","embeddable":true,"href":"https:\/\/woolskins.eu\/es\/wp-json\/wp\/v2\/product_cat?post=24655"},{"taxonomy":"product_tag","embeddable":true,"href":"https:\/\/woolskins.eu\/es\/wp-json\/wp\/v2\/product_tag?post=24655"}],"curies":[{"name":"wp","href":"https:\/\/api.w.org\/{rel}","templated":true}]}}