{"id":24414,"date":"2025-02-18T11:27:35","date_gmt":"2025-02-18T11:27:35","guid":{"rendered":"https:\/\/woolskins.eu\/?post_type=product&#038;p=24414"},"modified":"2026-03-31T12:05:37","modified_gmt":"2026-03-31T12:05:37","slug":"merino-baby-starter-kit-caja-regalo-crudo","status":"publish","type":"product","link":"https:\/\/woolskins.eu\/es\/merino-baby-starterset-geschenkdoos-ecru\/","title":{"rendered":"Merino Baby Starter Set + Caja de regalo | Crudo"},"content":{"rendered":"<p data-start=\"187\" data-end=\"259\"><strong data-start=\"187\" data-end=\"259\">Lo \u00faltimo en conjuntos de lana para beb\u00e9s: suaves, naturales y hechos con amor<\/strong><\/p>\n<p data-start=\"261\" data-end=\"586\">Dale a tu peque\u00f1o el mejor confort con este completo conjunto de lana para beb\u00e9, compuesto por un s\u00faper suave <em data-start=\"365\" data-end=\"386\">pantalones de lana para beb\u00e9<\/em>, un maravilloso y c\u00e1lido <em data-start=\"406\" data-end=\"427\">jersey de lana para beb\u00e9<\/em> y un acogedor <em data-start=\"440\" data-end=\"458\">manta de cuna de lana<\/em>. Todo hecho de 100% suave lana merino de Italia, con atenci\u00f3n a la calidad, durabilidad y el bienestar de su beb\u00e9.<\/p>\n<p data-start=\"588\" data-end=\"947\">Este conjunto est\u00e1 perfectamente adaptado para mantener a tu beb\u00e9 c\u00f3modo y seguro durante todo el a\u00f1o. La lana merina procedente de Europa regula de forma natural la temperatura, transpira muy bien y es respetuosa con la piel m\u00e1s sensible del beb\u00e9. Tanto si tu peque\u00f1o duerme, gatea o juega, este conjunto de lana le har\u00e1 sentirse siempre maravillosamente libre y calentito.<\/p>\n<p data-start=\"949\" data-end=\"983\"><strong data-start=\"949\" data-end=\"981\">\u00bfPor qu\u00e9 este conjunto de lana para beb\u00e9?<\/strong><\/p>\n<ul data-start=\"984\" data-end=\"1560\">\n<li data-start=\"984\" data-end=\"1097\">\n<p data-start=\"986\" data-end=\"1097\"><strong data-start=\"986\" data-end=\"1019\">S\u00faper suave y agradable para la piel<\/strong>: la fina lana merino italiana no pica y se siente como un suave abrazo<\/p>\n<\/li>\n<li data-start=\"1098\" data-end=\"1196\">\n<p data-start=\"1100\" data-end=\"1196\"><strong data-start=\"1100\" data-end=\"1136\">Transpirable y termorregulador<\/strong>mantiene al beb\u00e9 abrigado sin sobrecalentarlo, en cualquier estaci\u00f3n del a\u00f1o<\/p>\n<\/li>\n<li data-start=\"1197\" data-end=\"1291\">\n<p data-start=\"1199\" data-end=\"1291\"><strong data-start=\"1199\" data-end=\"1232\">Sostenible y respetuoso con el medio ambiente<\/strong>Fabricado en Europa respetando a las personas, los animales y la naturaleza<\/p>\n<\/li>\n<li data-start=\"1292\" data-end=\"1454\">\n<p data-start=\"1294\" data-end=\"1454\"><strong data-start=\"1294\" data-end=\"1325\">Polivalente y manejable<\/strong>La manta de cuna es ligera y f\u00e1cil de transportar, y la braguita y el jersey se adaptan perfectamente a todos los movimientos y al crecimiento del beb\u00e9.<\/p>\n<\/li>\n<li data-start=\"1455\" data-end=\"1560\">\n<p data-start=\"1457\" data-end=\"1560\"><strong data-start=\"1457\" data-end=\"1485\">F\u00e1cil de mantener<\/strong>La lana es autolimpiable y resistente a los olores, por lo que hay que lavarla con menos frecuencia.<\/p>\n<\/li>\n<\/ul>\n<p data-start=\"1562\" data-end=\"1761\"><strong data-start=\"1562\" data-end=\"1585\">Beneficio exclusivo:<\/strong> Compre el juego completo y benef\u00edciese de un atractivo descuento. De este modo, no s\u00f3lo ahorrar\u00e1 en el precio, sino que adem\u00e1s regalar\u00e1 a su beb\u00e9 un kit de inicio bonito, natural y sostenible.<\/p>\n<p data-start=\"1763\" data-end=\"1957\">Este conjunto de lana para beb\u00e9 es una elecci\u00f3n cari\u00f1osa y pr\u00e1ctica para los padres que se preocupan por la calidad, la comodidad y un comienzo saludable para su beb\u00e9. Combina estilo, comodidad y naturaleza pura en un solo paquete.<\/p>","protected":false},"excerpt":{"rendered":"<p><strong data-start=\"109\" data-end=\"195\">Set completo para beb\u00e9 de lana merina italiana 100%: suave, c\u00e1lido y natural<\/strong><br data-start=\"195\" data-end=\"198\" \/>Este conjunto incluye una braguita de lana, un jersey y una manta de cuna, todos ellos de suave lana merina procedente de Italia. Transpirable, termorregulador y perfecto para la piel sensible del beb\u00e9. Pr\u00e1ctico, multiusos y producido de forma sostenible en Europa. \u00a1Aprovecha ahora el descuento al comprar el conjunto completo!<br data-start=\"500\" data-end=\"503\" \/><em data-start=\"503\" data-end=\"587\">Empaquetado especialmente para usted en nuestra bonita caja de regalo, perfecta para regalar.<\/em><\/p>\n<p><strong>Marca: Woolskins<\/strong><br \/>\n<strong>Producci\u00f3n: Polonia<\/strong><\/p>","protected":false},"featured_media":24417,"comment_status":"open","ping_status":"closed","template":"","meta":{"_acf_changed":false},"product_brand":[],"product_cat":[499,360,364,200,196,322,337,344,194],"product_tag":[],"class_list":{"0":"post-24414","1":"product","2":"type-product","3":"status-publish","4":"has-post-thumbnail","6":"product_cat-new-arrivals","7":"product_cat-cadeautips","8":"product_cat-cadeaus-vanaf-e50","9":"product_cat-wollen-babykleding","10":"product_cat-slaapkleding-baby","11":"product_cat-broekjes","12":"product_cat-vestjes","13":"product_cat-kleertjes","14":"product_cat-wollen-babyproducten","15":"pa_maat-2-6-maanden","16":"pa_maat-6-12-maanden","18":"first","19":"outofstock","20":"sale","21":"taxable","22":"shipping-taxable","23":"purchasable","24":"product-type-variable"},"acf":[],"_links":{"self":[{"href":"https:\/\/woolskins.eu\/es\/wp-json\/wp\/v2\/product\/24414","targetHints":{"allow":["GET"]}}],"collection":[{"href":"https:\/\/woolskins.eu\/es\/wp-json\/wp\/v2\/product"}],"about":[{"href":"https:\/\/woolskins.eu\/es\/wp-json\/wp\/v2\/types\/product"}],"replies":[{"embeddable":true,"href":"https:\/\/woolskins.eu\/es\/wp-json\/wp\/v2\/comments?post=24414"}],"wp:featuredmedia":[{"embeddable":true,"href":"https:\/\/woolskins.eu\/es\/wp-json\/wp\/v2\/media\/24417"}],"wp:attachment":[{"href":"https:\/\/woolskins.eu\/es\/wp-json\/wp\/v2\/media?parent=24414"}],"wp:term":[{"taxonomy":"product_brand","embeddable":true,"href":"https:\/\/woolskins.eu\/es\/wp-json\/wp\/v2\/product_brand?post=24414"},{"taxonomy":"product_cat","embeddable":true,"href":"https:\/\/woolskins.eu\/es\/wp-json\/wp\/v2\/product_cat?post=24414"},{"taxonomy":"product_tag","embeddable":true,"href":"https:\/\/woolskins.eu\/es\/wp-json\/wp\/v2\/product_tag?post=24414"}],"curies":[{"name":"wp","href":"https:\/\/api.w.org\/{rel}","templated":true}]}}