{"id":23459,"date":"2025-01-17T15:10:01","date_gmt":"2025-01-17T15:10:01","guid":{"rendered":"https:\/\/woolskins.eu\/?post_type=product&#038;p=23459"},"modified":"2026-04-16T09:16:06","modified_gmt":"2026-04-16T09:16:06","slug":"manta-de-lana-para-bebe-100-lana-merino-beige","status":"publish","type":"product","link":"https:\/\/woolskins.eu\/es\/wollen-babydeken-100-merinowol-beige\/","title":{"rendered":"Gebreide Merinowollen Babydeken \u2013 100% merinowol | Hazelnoot"},"content":{"rendered":"<p data-start=\"233\" data-end=\"311\"><strong data-start=\"233\" data-end=\"311\">Acogedora, c\u00e1lida y pura naturaleza: la manta de cuna de lana con la que tu beb\u00e9 so\u00f1ar\u00e1.<\/strong><\/p>\n<p data-start=\"313\" data-end=\"644\">Imagina a tu peque\u00f1o tumbado, suave y seguro bajo una manta que se siente como un abrazo cari\u00f1oso. Esta <em data-start=\"423\" data-end=\"441\">manta de cuna de lana<\/em> est\u00e1 confeccionada con suave lana merina italiana 100%, especialmente seleccionada por su m\u00e1xima suavidad y transpirabilidad. Es la manta ideal para los peque\u00f1os que merecen comodidad y calor.<\/p>\n<p data-start=\"646\" data-end=\"903\">La lana merina europea regula la temperatura de forma natural, por lo que tu beb\u00e9 nunca pasar\u00e1 ni demasiado fr\u00edo ni demasiado calor. La manta de cuna de lana aleja la humedad de la piel y transpira muy bien, para que tu beb\u00e9 duerma pl\u00e1cidamente sin sudar ni ponerse h\u00famedo.<\/p>\n<p data-start=\"905\" data-end=\"949\">Qu\u00e9 hace tan especial a esta manta de lana para beb\u00e9:<\/p>\n<ul data-start=\"950\" data-end=\"1386\">\n<li data-start=\"950\" data-end=\"1034\">\n<p data-start=\"952\" data-end=\"1034\"><strong data-start=\"952\" data-end=\"985\">S\u00faper suave y agradable para la piel<\/strong> - adecuado para las pieles m\u00e1s sensibles de los beb\u00e9s<\/p>\n<\/li>\n<li data-start=\"1035\" data-end=\"1117\">\n<p data-start=\"1037\" data-end=\"1117\"><strong data-start=\"1037\" data-end=\"1073\">Termorregulador y transpirable<\/strong> - mantiene a tu beb\u00e9 abrigado en cualquier estaci\u00f3n<\/p>\n<\/li>\n<li data-start=\"1118\" data-end=\"1195\">\n<p data-start=\"1120\" data-end=\"1195\"><strong data-start=\"1120\" data-end=\"1151\">Autolimpiable y resistente a los olores<\/strong> - f\u00e1cil de cuidar y siempre fresco<\/p>\n<\/li>\n<li data-start=\"1196\" data-end=\"1293\">\n<p data-start=\"1198\" data-end=\"1293\"><strong data-start=\"1198\" data-end=\"1231\">Sostenible y respetuoso con el medio ambiente<\/strong> - fabricado en Europa de forma justa y respetuosa con los animales y la naturaleza<\/p>\n<\/li>\n<li data-start=\"1294\" data-end=\"1386\">\n<p data-start=\"1296\" data-end=\"1386\"><strong data-start=\"1296\" data-end=\"1318\">Ligero pero c\u00e1lido<\/strong> - perfecto para envolver al beb\u00e9 o ponerlo sobre la cuna<\/p>\n<\/li>\n<\/ul>\n<p data-start=\"1388\" data-end=\"1587\">Ya sea para una noche tranquila, una siesta por la tarde o para envolver suavemente a tu hijo durante un paseo, esta manta de cuna de lana ofrece calidez y confort de forma natural y suave.<\/p>\n<p data-start=\"1589\" data-end=\"1915\"><strong data-start=\"1589\" data-end=\"1633\">\u00bfPor qu\u00e9 elegir una manta de lana para beb\u00e9?<\/strong><br data-start=\"1633\" data-end=\"1636\" \/>La lana es una de las opciones m\u00e1s inteligentes en textiles para beb\u00e9s. Es antibacteriana, detiene los malos olores y requiere lavados mucho menos frecuentes que las mantas sint\u00e9ticas. Gracias a su elasticidad, la lana merina conserva su forma y sus propiedades aislantes incluso despu\u00e9s de un uso frecuente.<\/p>\n<p data-start=\"1917\" data-end=\"2050\"><strong data-start=\"1917\" data-end=\"1925\">Consejo:<\/strong> Combina esta manta de cuna de lana con un pantal\u00f3n o un jersey de lana a juego para conseguir el conjunto m\u00e1s suave y natural.<\/p>","protected":false},"excerpt":{"rendered":"<p><strong data-start=\"95\" data-end=\"170\">Manta de lana para cuna de 100% Lana merina italiana - suave, c\u00e1lida y transpirable<\/strong><br data-start=\"170\" data-end=\"173\" \/>Este acogedor\u00a0<em data-start=\"184\" data-end=\"202\">manta de cuna de lana<\/em>\u00a0est\u00e1 confeccionado con suave lana merina procedente de Italia. Es transpirable, regula la temperatura y es ideal para la piel sensible del beb\u00e9. Ligero, muy pr\u00e1ctico y polivalente: perfecto para mantener seguro a tu beb\u00e9 todo el a\u00f1o, en casa o de viaje. Duradero y fabricado con esmero en Europa. Disponible en tama\u00f1o 75 x 100 cm<\/p>\n<p><strong>Marca: Woolskins<\/strong><br \/>\n<strong>Producci\u00f3n: Polonia<\/strong><\/p>","protected":false},"featured_media":23729,"comment_status":"open","ping_status":"closed","template":"","meta":{"_acf_changed":false},"product_brand":[],"product_cat":[360,364,499,196,318,194],"product_tag":[],"class_list":{"0":"post-23459","1":"product","2":"type-product","3":"status-publish","4":"has-post-thumbnail","6":"product_cat-cadeautips","7":"product_cat-cadeaus-vanaf-e50","8":"product_cat-new-arrivals","9":"product_cat-slaapkleding-baby","10":"product_cat-wollen-wiegdeken-ledikantdeken","11":"product_cat-wollen-babyproducten","12":"pa_maat-2-6-maanden","13":"pa_maat-6-12-maanden","15":"first","16":"outofstock","17":"taxable","18":"shipping-taxable","19":"purchasable","20":"product-type-simple"},"acf":[],"_links":{"self":[{"href":"https:\/\/woolskins.eu\/es\/wp-json\/wp\/v2\/product\/23459","targetHints":{"allow":["GET"]}}],"collection":[{"href":"https:\/\/woolskins.eu\/es\/wp-json\/wp\/v2\/product"}],"about":[{"href":"https:\/\/woolskins.eu\/es\/wp-json\/wp\/v2\/types\/product"}],"replies":[{"embeddable":true,"href":"https:\/\/woolskins.eu\/es\/wp-json\/wp\/v2\/comments?post=23459"}],"wp:featuredmedia":[{"embeddable":true,"href":"https:\/\/woolskins.eu\/es\/wp-json\/wp\/v2\/media\/23729"}],"wp:attachment":[{"href":"https:\/\/woolskins.eu\/es\/wp-json\/wp\/v2\/media?parent=23459"}],"wp:term":[{"taxonomy":"product_brand","embeddable":true,"href":"https:\/\/woolskins.eu\/es\/wp-json\/wp\/v2\/product_brand?post=23459"},{"taxonomy":"product_cat","embeddable":true,"href":"https:\/\/woolskins.eu\/es\/wp-json\/wp\/v2\/product_cat?post=23459"},{"taxonomy":"product_tag","embeddable":true,"href":"https:\/\/woolskins.eu\/es\/wp-json\/wp\/v2\/product_tag?post=23459"}],"curies":[{"name":"wp","href":"https:\/\/api.w.org\/{rel}","templated":true}]}}