{"id":23455,"date":"2025-01-17T15:00:49","date_gmt":"2025-01-17T15:00:49","guid":{"rendered":"https:\/\/woolskins.eu\/?post_type=product&#038;p=23455"},"modified":"2026-01-12T13:57:33","modified_gmt":"2026-01-12T13:57:33","slug":"pantalon-lana-bebe-100-merino-beige","status":"publish","type":"product","link":"https:\/\/woolskins.eu\/es\/wollen-babybroekje-100-merinowol-beige\/","title":{"rendered":"Pantalones lana beb\u00e9 100% Lana merino | Avellana"},"content":{"rendered":"<p data-start=\"261\" data-end=\"352\"><strong data-start=\"261\" data-end=\"352\">Suave, c\u00e1lido y natural: el pantal\u00f3n de lana para beb\u00e9 que os har\u00e1 felices a ti y a tu beb\u00e9<\/strong><\/p>\n<p data-start=\"354\" data-end=\"626\">Imagina a tu beb\u00e9 rodando, gateando o durmiendo tranquilamente, maravillosamente abrigado y envuelto por la lana m\u00e1s suave que puedas imaginar. Este\u00a0<em data-start=\"494\" data-end=\"515\">pantalones de lana para beb\u00e9<\/em>, fabricado con lana merina italiana 100%, se siente como una segunda piel: suave, transpirable y totalmente natural.<\/p>\n<p data-start=\"628\" data-end=\"924\">Para estos pantalones cortos s\u00f3lo se ha utilizado la mejor lana merina de Europa, procedente de Italia. La lana merina es conocida no s\u00f3lo por su suavidad, sino tambi\u00e9n por sus propiedades termorreguladoras: c\u00e1lida en invierno, fresca en verano. Para que tu beb\u00e9 se sienta siempre c\u00f3modo, sin sudar ni enfriarse.<\/p>\n<p data-start=\"926\" data-end=\"958\">Lo que hace especiales a estos pantalones cortos:<\/p>\n<ul data-start=\"959\" data-end=\"1402\">\n<li data-start=\"959\" data-end=\"1050\">\n<p data-start=\"961\" data-end=\"1050\"><strong data-start=\"961\" data-end=\"980\">Suave y flexible<\/strong>\u00a0- sin cosquillas, sino pura suavidad para la delicada piel del beb\u00e9<\/p>\n<\/li>\n<li data-start=\"1051\" data-end=\"1142\">\n<p data-start=\"1053\" data-end=\"1142\"><strong data-start=\"1053\" data-end=\"1089\">Transpirable y termorregulador<\/strong>\u00a0- tu beb\u00e9 estar\u00e1 seco y calentito d\u00eda y noche<\/p>\n<\/li>\n<li data-start=\"1143\" data-end=\"1223\">\n<p data-start=\"1145\" data-end=\"1223\"><strong data-start=\"1145\" data-end=\"1162\">Autolimpiable<\/strong>\u00a0- Una r\u00e1pida ventilaci\u00f3n suele ser suficiente, ideal para d\u00edas ajetreados<\/p>\n<\/li>\n<li data-start=\"1224\" data-end=\"1312\">\n<p data-start=\"1226\" data-end=\"1312\"><strong data-start=\"1226\" data-end=\"1258\">Hecho con amor en Europa<\/strong>\u00a0- sostenible, respetuosa con los animales y producida de forma justa<\/p>\n<\/li>\n<li data-start=\"1313\" data-end=\"1402\">\n<p data-start=\"1315\" data-end=\"1402\"><strong data-start=\"1315\" data-end=\"1341\">El\u00e1stico y c\u00f3modo<\/strong>\u00a0- para que tu peque\u00f1o pueda moverse, descubrir y crecer libremente<\/p>\n<\/li>\n<\/ul>\n<p data-start=\"1404\" data-end=\"1573\">Tanto si buscas un primer conjunto para tu reci\u00e9n nacido, como un pantal\u00f3n familiar para tu descubridor gateador: estos pantalones de lana para beb\u00e9 se adaptan sin esfuerzo a cada etapa.<\/p>\n<p data-start=\"1575\" data-end=\"1885\"><strong data-start=\"1575\" data-end=\"1618\">\u00bfPor qu\u00e9 elegir ropa de lana para beb\u00e9s?<\/strong><br data-start=\"1618\" data-end=\"1621\" \/>La lana es una maravilla de la naturaleza. Es antibacteriana, detiene los malos olores y apenas necesita lavarse. Y lo mejor de todo es que la lana respira. Esto significa que tu beb\u00e9 siempre estar\u00e1 bien abrigado, sin pasar calor.<\/p>\n<p data-start=\"1887\" data-end=\"2016\">Los calzoncillos de lana para beb\u00e9 no son un lujo innecesario, sino una elecci\u00f3n consciente de confort, salud y comodidad, para ti y para tu beb\u00e9.<\/p>\n<p data-start=\"2018\" data-end=\"2152\"><strong data-start=\"2018\" data-end=\"2045\">Consejo de otras madres:<\/strong> Combina los pantalones cortos con un pelele o un c\u00e1rdigan de lana y descubre por ti mismo por qu\u00e9 la lana es tan popular.<\/p>","protected":false},"excerpt":{"rendered":"<p><strong data-start=\"165\" data-end=\"238\">Pantal\u00f3n de lana merino 100% para beb\u00e9: suave, transpirable y natural<\/strong><br data-start=\"238\" data-end=\"241\" \/>Esta multa\u00a0<em data-start=\"251\" data-end=\"272\">pantalones de lana para beb\u00e9<\/em>\u00a0est\u00e1 confeccionado con lana merina supersuave procedente de Italia. La lana es transpirable, regula la temperatura y es perfecta para la piel sensible de tu beb\u00e9. C\u00e1lido en invierno, fresco en verano: ideal para todas las estaciones. Gracias a su elasticidad natural, los pantalones se ajustan perfectamente sin apretar, permitiendo que tu beb\u00e9 se mueva con libertad. Fabricado en Europa con amor y atenci\u00f3n por las personas, los animales y la naturaleza. Disponible en cuatro colores, crudo, beige, gris claro y rosa p\u00e1lido en las tallas 2-6 meses. y 6-12 meses.<\/p>\n<p><strong>Marca: Woolskins<\/strong><br \/>\n<strong>Producte: Polonia<\/strong><\/p>","protected":false},"featured_media":23728,"comment_status":"open","ping_status":"closed","template":"","meta":{"_acf_changed":false},"product_brand":[],"product_cat":[360,364,200,499,322,344,194],"product_tag":[],"class_list":{"0":"post-23455","1":"product","2":"type-product","3":"status-publish","4":"has-post-thumbnail","6":"product_cat-cadeautips","7":"product_cat-cadeaus-vanaf-e50","8":"product_cat-wollen-babykleding","9":"product_cat-new-arrivals","10":"product_cat-broekjes","11":"product_cat-kleertjes","12":"product_cat-wollen-babyproducten","13":"pa_maat-2-6-maanden","14":"pa_maat-6-12-maanden","16":"first","17":"instock","18":"taxable","19":"shipping-taxable","20":"purchasable","21":"product-type-variable"},"acf":[],"_links":{"self":[{"href":"https:\/\/woolskins.eu\/es\/wp-json\/wp\/v2\/product\/23455","targetHints":{"allow":["GET"]}}],"collection":[{"href":"https:\/\/woolskins.eu\/es\/wp-json\/wp\/v2\/product"}],"about":[{"href":"https:\/\/woolskins.eu\/es\/wp-json\/wp\/v2\/types\/product"}],"replies":[{"embeddable":true,"href":"https:\/\/woolskins.eu\/es\/wp-json\/wp\/v2\/comments?post=23455"}],"wp:featuredmedia":[{"embeddable":true,"href":"https:\/\/woolskins.eu\/es\/wp-json\/wp\/v2\/media\/23728"}],"wp:attachment":[{"href":"https:\/\/woolskins.eu\/es\/wp-json\/wp\/v2\/media?parent=23455"}],"wp:term":[{"taxonomy":"product_brand","embeddable":true,"href":"https:\/\/woolskins.eu\/es\/wp-json\/wp\/v2\/product_brand?post=23455"},{"taxonomy":"product_cat","embeddable":true,"href":"https:\/\/woolskins.eu\/es\/wp-json\/wp\/v2\/product_cat?post=23455"},{"taxonomy":"product_tag","embeddable":true,"href":"https:\/\/woolskins.eu\/es\/wp-json\/wp\/v2\/product_tag?post=23455"}],"curies":[{"name":"wp","href":"https:\/\/api.w.org\/{rel}","templated":true}]}}