{"id":23404,"date":"2025-01-17T12:59:20","date_gmt":"2025-01-17T12:59:20","guid":{"rendered":"https:\/\/woolskins.eu\/?post_type=product&#038;p=23404"},"modified":"2025-10-16T14:16:07","modified_gmt":"2025-10-16T14:16:07","slug":"jersey-bebe-lana-merino-crudo","status":"publish","type":"product","link":"https:\/\/woolskins.eu\/es\/wollen-babytruitje-merino-ecru\/","title":{"rendered":"Jersey lana beb\u00e9 100% Lana merino | Crudo"},"content":{"rendered":"<div id=\"product-24563\" class=\"product type-product post-24563 status-publish first instock product_cat-cadeautips product_cat-new-arrivals product_cat-cadeaus-vanaf-e50 product_cat-alwero product_cat-wollen-babykleding product_cat-kleertjes product_cat-vestjes product_cat-best-verkocht has-post-thumbnail taxable shipping-taxable purchasable product-type-variable ct-default-gallery ct-ajax-add-to-cart thumbs-bottom sticky-summary\">\n<div class=\"woocommerce-tabs wc-tabs-wrapper\" data-type=\"type-1:center\">\n<article>\n<div id=\"tab-description\" class=\"woocommerce-Tabs-panel woocommerce-Tabs-panel--description panel entry-content wc-tab is-layout-constrained\" role=\"tabpanel\" aria-labelledby=\"tab-title-description\">\n<p data-start=\"290\" data-end=\"373\"><strong data-start=\"290\" data-end=\"373\">Suave, c\u00e1lido y natural: el jersey de lana que crece con tu hijo<\/strong><\/p>\n<p data-start=\"375\" data-end=\"699\">Imagina a tu beb\u00e9 tumbado en tus brazos o haciendo sus primeros movimientos exploratorios, calentito y seguro en un jersey que parece un peluche. Este\u00a0<em data-start=\"537\" data-end=\"558\">jersey de lana para beb\u00e9<\/em>, fabricado con lana merina italiana 100%, es tan suave que casi te olvidas de que est\u00e1 hecho de lana. Sin picores, sin molestias: puro confort.<\/p>\n<p data-start=\"701\" data-end=\"984\">La lana merina que utilizamos procede de Europa y es conocida por su suavidad natural, transpirabilidad y regulaci\u00f3n de la temperatura. Esto hace que este jersey sea adecuado para todas las estaciones: c\u00e1lido en invierno, aireado en verano. Ideal para beb\u00e9s que a\u00fan est\u00e1n aprendiendo a regularse.<\/p>\n<p data-start=\"986\" data-end=\"1032\">Qu\u00e9 hace tan especial a este jersey de lana para beb\u00e9:<\/p>\n<ul data-start=\"1033\" data-end=\"1427\">\n<li data-start=\"1033\" data-end=\"1107\">\n<p data-start=\"1035\" data-end=\"1107\"><strong data-start=\"1035\" data-end=\"1068\">Ultrasuave y agradable para la piel<\/strong>\u00a0- perfecto para la piel sensible del beb\u00e9<\/p>\n<\/li>\n<li data-start=\"1108\" data-end=\"1202\">\n<p data-start=\"1110\" data-end=\"1202\"><strong data-start=\"1110\" data-end=\"1146\">Transpirable y termorregulador<\/strong>\u00a0- evita el sobrecalentamiento y mantiene al beb\u00e9 abrigado<\/p>\n<\/li>\n<li data-start=\"1203\" data-end=\"1278\">\n<p data-start=\"1205\" data-end=\"1278\"><strong data-start=\"1205\" data-end=\"1222\">Autolimpiable<\/strong>\u00a0- A menudo basta con airear, rara vez es necesario lavar.<\/p>\n<\/li>\n<li data-start=\"1279\" data-end=\"1348\">\n<p data-start=\"1281\" data-end=\"1348\"><strong data-start=\"1281\" data-end=\"1307\">El\u00e1stico y c\u00f3modo<\/strong>\u00a0- se mueve con cada meneo del brazo<\/p>\n<\/li>\n<li data-start=\"1349\" data-end=\"1427\">\n<p data-start=\"1351\" data-end=\"1427\"><strong data-start=\"1351\" data-end=\"1385\">Producci\u00f3n justa en Europa<\/strong>\u00a0- respetando a las personas, los animales y la naturaleza<\/p>\n<\/li>\n<\/ul>\n<p data-start=\"1429\" data-end=\"1623\">Ya sea como primera capa sobre la piel o como capa superior c\u00e1lida, este jersey de lana para beb\u00e9 ofrece a tu hijo comodidad y protecci\u00f3n todos los d\u00edas, de una forma totalmente natural.<\/p>\n<p data-start=\"1625\" data-end=\"2000\"><strong data-start=\"1625\" data-end=\"1669\">\u00bfPor qu\u00e9 elegir un jersey de lana para beb\u00e9?<\/strong><br data-start=\"1669\" data-end=\"1672\" \/>La lana es uno de los materiales m\u00e1s populares para la ropa de beb\u00e9, y con raz\u00f3n. La lana merina es naturalmente antibacteriana, resistente a los olores y ayuda a mantener la piel seca y a temperatura. Apenas necesita lavarse, mantiene su forma y es totalmente biodegradable. Una elecci\u00f3n consciente y pr\u00e1ctica.<\/p>\n<p data-start=\"2002\" data-end=\"2163\"><strong data-start=\"2002\" data-end=\"2010\">Consejo:<\/strong> Comb\u00ednalo con un braguita de lana a juego para conseguir un conjunto completo en el que tu beb\u00e9 pueda moverse con total libertad y, adem\u00e1s, est\u00e9 guap\u00edsimo.<\/p>\n<\/div>\n<\/article>\n<\/div>\n<\/div>","protected":false},"excerpt":{"rendered":"<p><strong data-start=\"131\" data-end=\"202\">Jersey para beb\u00e9 de lana merina 100%: suave, transpirable y atemporal<\/strong><br data-start=\"202\" data-end=\"205\" \/>Esta maravillosa y suave\u00a0<em data-start=\"225\" data-end=\"246\">jersey de lana para beb\u00e9<\/em>\u00a0est\u00e1 confeccionado con lana merina italiana 100%. La lana transpira, regula la temperatura y resulta agradable incluso para la piel m\u00e1s sensible del beb\u00e9. Abriga en invierno y refresca en verano. El jersey es ligero, el\u00e1stico y se mueve suavemente con tu beb\u00e9. Fabricado con amor y de forma sostenible en Europa, es una prenda natural para todos los d\u00edas. Disponible en cuatro colores: crudo, beige, gris claro y rosa p\u00e1lido en las tallas 2-6 meses. y 6-12 meses.<\/p>\n<p><strong>Marca: Woolskins<\/strong><br \/>\n<strong>Producte: Polonia<\/strong><\/p>","protected":false},"featured_media":23438,"comment_status":"open","ping_status":"closed","template":"","meta":{"_acf_changed":false},"product_brand":[],"product_cat":[360,364,200,499,337,344,194],"product_tag":[],"class_list":{"0":"post-23404","1":"product","2":"type-product","3":"status-publish","4":"has-post-thumbnail","6":"product_cat-cadeautips","7":"product_cat-cadeaus-vanaf-e50","8":"product_cat-wollen-babykleding","9":"product_cat-new-arrivals","10":"product_cat-vestjes","11":"product_cat-kleertjes","12":"product_cat-wollen-babyproducten","13":"pa_maat-2-6-maanden","14":"pa_maat-6-12-maanden","16":"first","17":"instock","18":"taxable","19":"shipping-taxable","20":"purchasable","21":"product-type-variable"},"acf":[],"_links":{"self":[{"href":"https:\/\/woolskins.eu\/es\/wp-json\/wp\/v2\/product\/23404","targetHints":{"allow":["GET"]}}],"collection":[{"href":"https:\/\/woolskins.eu\/es\/wp-json\/wp\/v2\/product"}],"about":[{"href":"https:\/\/woolskins.eu\/es\/wp-json\/wp\/v2\/types\/product"}],"replies":[{"embeddable":true,"href":"https:\/\/woolskins.eu\/es\/wp-json\/wp\/v2\/comments?post=23404"}],"wp:featuredmedia":[{"embeddable":true,"href":"https:\/\/woolskins.eu\/es\/wp-json\/wp\/v2\/media\/23438"}],"wp:attachment":[{"href":"https:\/\/woolskins.eu\/es\/wp-json\/wp\/v2\/media?parent=23404"}],"wp:term":[{"taxonomy":"product_brand","embeddable":true,"href":"https:\/\/woolskins.eu\/es\/wp-json\/wp\/v2\/product_brand?post=23404"},{"taxonomy":"product_cat","embeddable":true,"href":"https:\/\/woolskins.eu\/es\/wp-json\/wp\/v2\/product_cat?post=23404"},{"taxonomy":"product_tag","embeddable":true,"href":"https:\/\/woolskins.eu\/es\/wp-json\/wp\/v2\/product_tag?post=23404"}],"curies":[{"name":"wp","href":"https:\/\/api.w.org\/{rel}","templated":true}]}}