{"id":22882,"date":"2024-12-04T10:14:21","date_gmt":"2024-12-04T10:14:21","guid":{"rendered":"https:\/\/woolskins.eu\/?post_type=product&#038;p=22882"},"modified":"2026-02-26T19:58:12","modified_gmt":"2026-02-26T19:58:12","slug":"bufanda-de-lana-0-3-anos-zaffiro-igrow-4-0-beige-antracita","status":"publish","type":"product","link":"https:\/\/woolskins.eu\/es\/wollen-voetenzak-0-3-jaar-zaffiro-igrow-4-0-antraciet-beige\/","title":{"rendered":"Saco de lana 0-3 a\u00f1os - Zaffiro iGrow 4.0 | Negro"},"content":{"rendered":"<p>El iGrow 4.0 es una versi\u00f3n mejorada de nuestro bestseller y est\u00e1 disponible en Woolskins en 4 colores. Este cubrepi\u00e9s est\u00e1 fabricado con lana natural de primera calidad que crece con tu hijo hasta los 3 a\u00f1os gracias a sus dos opciones de ajuste de longitud. Gracias al uso de orificios longitudinales para los cinturones de seguridad, se adapta tanto a los modelos con sistema de instalaci\u00f3n de cinturones de 5 y 3 puntos como a los modelos con arneses que sujetan al ni\u00f1o. La secci\u00f3n inferior extendida del modelo iGrow 4.0 tiene un revestimiento protector especial W\/R, que permite que los ni\u00f1os m\u00e1s altos viajen con zapatos.<\/p>\n<p>Este saco Zaffiro es lujoso, c\u00e1lido y c\u00f3modo. La capa exterior especial es impermeable y cortaviento, para que tu hijo est\u00e9 siempre protegido contra el fr\u00edo. En el interior, dos capas de forro polar de lana aportan m\u00e1s calidez y confort.<\/p>\n<p>La longitud del saco se puede ajustar abriendo la cremallera de la parte inferior. Esto depende de la edad y las necesidades del peque\u00f1o. El cubrepi\u00e9s tiene un cord\u00f3n en el cuello que permite ajustarlo f\u00e1cilmente a la forma de la cabeza del peque\u00f1o.<\/p>\n<p>Cuando la parte inferior est\u00e1 sin cerrar, es adecuada para un capazo y sillas de coche. Cuando la parte inferior est\u00e1 sin cerrar, es adecuada para cochecitos.<\/p>\n<p>Caracter\u00edsticas:<\/p>\n<p>- Dimensiones: 84\/106 x 45 cm.<br \/>\n- Destinado a ni\u00f1os desde el nacimiento hasta los 3 a\u00f1os como m\u00ednimo.<br \/>\n- Se adapta a todos los modelos de cochecito.<br \/>\n- Material antimanchas para repeler la suciedad.<br \/>\n- Cortaviento e impermeable (protege de la lluvia y la nieve).<br \/>\n- Buen aislamiento gracias a la c\u00e1lida lana de oveja de primera calidad.<br \/>\n- Tejido no tejido mullido antial\u00e9rgico de 300 g\/m2 en la parte trasera del saco de dormir y de 450 g\/m2 en la parte delantera del edred\u00f3n.<br \/>\n- La parte superior del saco de dormir se puede ajustar con un cord\u00f3n para formar una c\u00e1lida capucha.<br \/>\n- La cubierta se puede levantar, lo que protege a\u00fan mejor la cabeza y el cuello del ni\u00f1o del viento y las heladas.<br \/>\n- La parte superior puede abrirse completamente.<br \/>\n- No se desliza f\u00e1cilmente en el cochecito o el trineo.<\/p>\n<p>Lana de primera calidad<br \/>\nEl saco de dormir iGrow 4.0 est\u00e1 fabricado con fibras de la m\u00e1xima calidad enriquecidas con un procesamiento especializado adicional, que crea una cobertura capilar en ambos lados del tejido. Gracias a estas propiedades, la lana de nuestros sacos de dormir es higrosc\u00f3pica, absorbe perfectamente la humedad y protege contra la p\u00e9rdida de calor. La lana utilizada en el saco de dormir iGrow 4.0 retiene el calor mejor que la lana ordinaria, gracias a las dos capas de vell\u00f3n de lobo.<\/p>\n<p>La suave lana natural de oveja PREMIUM utilizada para fabricar el saco de dormir es perfecta para los inviernos fr\u00edos y los d\u00edas m\u00e1s c\u00e1lidos. Proporciona una termorregulaci\u00f3n natural a\u00fan mejor, protegiendo eficazmente al ni\u00f1o incluso en caso de fuertes heladas y garantizando que no se sobrecaliente en los d\u00edas calurosos. La lana de oveja tambi\u00e9n tiene propiedades antial\u00e9rgicas y resiste el desarrollo de \u00e1caros. Tiene propiedades higi\u00e9nicas y autolimpiables. Neutraliza los malos olores y la suciedad.<\/p>\n<p>Composici\u00f3n:<br \/>\nTejido de la funda: 100% poli\u00e9ster; tejido interior: 100% vell\u00f3n de lobo; acolchado: 100% poli\u00e9ster.<\/p>","protected":false},"excerpt":{"rendered":"<p>Acurr\u00facate con tu hijo con este c\u00e1lido saco de lana de Zaffiro. El interior del saco est\u00e1 hecho de lana natural de primera calidad y crece con tu hijo hasta los 3 a\u00f1os, gracias a la pieza adicional. El saco se puede ajustar en longitud abriendo la cremallera de la parte inferior. Gracias a las aberturas longitudinales para el cintur\u00f3n de seguridad, se adapta tanto a los sistemas de arn\u00e9s de 5 y 3 puntos como a los modelos con correas de sujeci\u00f3n. La parte inferior extendida tiene un revestimiento protector especial resistente al agua, para que quepan ni\u00f1os m\u00e1s grandes con zapatos. Este saco de lana Zaffiro es lujoso, c\u00e1lido y confortable. La capa exterior especial es resistente al agua y al viento, para que su hijo est\u00e9 siempre protegido del fr\u00edo. En el interior, dos capas de vell\u00f3n de lobo aportan calor y confort adicionales. El saco de lana Zaffiro puede utilizarse durante todo el a\u00f1o, pero resulta m\u00e1s \u00fatil en invierno y oto\u00f1o. Puede estar seguro de que su hijo estar\u00e1 calentito y muy c\u00f3modo con este saco de lana Zaffiro. M\u00e1s informaci\u00f3n a continuaci\u00f3n.<\/p>\n<p><strong>Marca: Zaffiro<\/strong><br \/>\n<strong>Producci\u00f3n: Polonia<br \/>\nKeur: Oeko-Tex Standard<\/strong><\/p>\n<p><img loading=\"lazy\" decoding=\"async\" class=\"alignnone wp-image-28173 entered lazyloaded\" src=\"https:\/\/woolskins.eu\/wp-content\/uploads\/2024\/05\/csm_OEKO-TEX_Logo_2022_rgb_c1aaeb5ceb-300x300.jpg\" alt=\"\" width=\"89\" height=\"89\" data-lazy-src=\"https:\/\/woolskins.eu\/wp-content\/uploads\/2024\/05\/csm_OEKO-TEX_Logo_2022_rgb_c1aaeb5ceb-300x300.jpg\" data-ll-status=\"loaded\" srcset=\"https:\/\/woolskins.eu\/wp-content\/uploads\/2024\/05\/csm_OEKO-TEX_Logo_2022_rgb_c1aaeb5ceb-300x300.jpg 300w, https:\/\/woolskins.eu\/wp-content\/uploads\/2024\/05\/csm_OEKO-TEX_Logo_2022_rgb_c1aaeb5ceb-150x150.jpg 150w, https:\/\/woolskins.eu\/wp-content\/uploads\/2024\/05\/csm_OEKO-TEX_Logo_2022_rgb_c1aaeb5ceb-768x769.jpg 768w, https:\/\/woolskins.eu\/wp-content\/uploads\/2024\/05\/csm_OEKO-TEX_Logo_2022_rgb_c1aaeb5ceb-12x12.jpg 12w, https:\/\/woolskins.eu\/wp-content\/uploads\/2024\/05\/csm_OEKO-TEX_Logo_2022_rgb_c1aaeb5ceb-600x601.jpg 600w, https:\/\/woolskins.eu\/wp-content\/uploads\/2024\/05\/csm_OEKO-TEX_Logo_2022_rgb_c1aaeb5ceb-100x100.jpg 100w, https:\/\/woolskins.eu\/wp-content\/uploads\/2024\/05\/csm_OEKO-TEX_Logo_2022_rgb_c1aaeb5ceb-64x64.jpg 64w, https:\/\/woolskins.eu\/wp-content\/uploads\/2024\/05\/csm_OEKO-TEX_Logo_2022_rgb_c1aaeb5ceb.jpg 885w\" sizes=\"auto, (max-width: 89px) 100vw, 89px\" \/><\/p>","protected":false},"featured_media":20279,"comment_status":"closed","ping_status":"closed","template":"","meta":{"_acf_changed":false},"product_brand":[],"product_cat":[352,336,502],"product_tag":[],"class_list":{"0":"post-22882","1":"product","2":"type-product","3":"status-publish","4":"has-post-thumbnail","6":"product_cat-merken","7":"product_cat-voetenzakken","8":"product_cat-zaffiro","10":"first","11":"instock","12":"sale","13":"taxable","14":"shipping-taxable","15":"purchasable","16":"product-type-simple"},"acf":[],"_links":{"self":[{"href":"https:\/\/woolskins.eu\/es\/wp-json\/wp\/v2\/product\/22882","targetHints":{"allow":["GET"]}}],"collection":[{"href":"https:\/\/woolskins.eu\/es\/wp-json\/wp\/v2\/product"}],"about":[{"href":"https:\/\/woolskins.eu\/es\/wp-json\/wp\/v2\/types\/product"}],"replies":[{"embeddable":true,"href":"https:\/\/woolskins.eu\/es\/wp-json\/wp\/v2\/comments?post=22882"}],"wp:featuredmedia":[{"embeddable":true,"href":"https:\/\/woolskins.eu\/es\/wp-json\/wp\/v2\/media\/20279"}],"wp:attachment":[{"href":"https:\/\/woolskins.eu\/es\/wp-json\/wp\/v2\/media?parent=22882"}],"wp:term":[{"taxonomy":"product_brand","embeddable":true,"href":"https:\/\/woolskins.eu\/es\/wp-json\/wp\/v2\/product_brand?post=22882"},{"taxonomy":"product_cat","embeddable":true,"href":"https:\/\/woolskins.eu\/es\/wp-json\/wp\/v2\/product_cat?post=22882"},{"taxonomy":"product_tag","embeddable":true,"href":"https:\/\/woolskins.eu\/es\/wp-json\/wp\/v2\/product_tag?post=22882"}],"curies":[{"name":"wp","href":"https:\/\/api.w.org\/{rel}","templated":true}]}}