{"id":22605,"date":"2024-11-22T12:24:52","date_gmt":"2024-11-22T12:24:52","guid":{"rendered":"https:\/\/woolskins.eu\/?post_type=product&#038;p=22605"},"modified":"2026-04-08T13:55:26","modified_gmt":"2026-04-08T13:55:26","slug":"saco-de-dormir-de-lana-para-silla-de-paseo-y-cochecito-beige-fieltro-costura-oscura","status":"publish","type":"product","link":"https:\/\/woolskins.eu\/es\/wollen-voetenzak-slaapzak-voor-buggy-en-kinderwagen-buggy-beige-felted-donkere-stiksel\/","title":{"rendered":"Wollen Voetenzak Bakigo &#8211; Slaapzak voor Buggy en Kinderwagen | Beige Felted \/ donkere stiksel"},"content":{"rendered":"<p data-start=\"152\" data-end=\"216\"><strong data-start=\"152\" data-end=\"214\">Delicioso saco de lana para los pies de tu beb\u00e9 - Woolskins Bakigo<\/strong><\/p>\n<p data-start=\"218\" data-end=\"609\">Salga sin preocupaciones con su peque\u00f1o en la c\u00e1lida y suave <strong data-start=\"276\" data-end=\"308\">saco de lana para beb\u00e9s<\/strong> de Woolskins. El cubrepi\u00e9s Bakigo est\u00e1 especialmente dise\u00f1ado para el cochecito o la silla de paseo y ofrece la m\u00e1xima comodidad durante cualquier estaci\u00f3n del a\u00f1o. Woolskins ha hecho el saco 5 cm m\u00e1s largo, para que tu hijo pueda usarlo durante m\u00e1s tiempo, y lo ha equipado con una abertura extra grande para la barra de seguridad.<\/p>\n<p data-start=\"611\" data-end=\"959\">La nueva versi\u00f3n tiene una cremallera en la parte superior, ideal para usar s\u00f3lo la parte inferior durante los d\u00edas ligeramente m\u00e1s c\u00e1lidos. Gracias a las propiedades naturales del <strong data-start=\"778\" data-end=\"785\">lana<\/strong> el cubrepi\u00e9s toma instant\u00e1neamente la temperatura de tu hijo y la mantiene, sin sobrecalentarlo ni hacerle sudar. Para que tu beb\u00e9 disfrute de un calor constante y un confort \u00f3ptimo.<\/p>\n<p data-start=\"961\" data-end=\"1195\">Perfecto para <strong data-start=\"978\" data-end=\"1008\">todas las estaciones <\/strong>del a\u00f1o, pero puede utilizarse durante todo el a\u00f1o gracias a su ingeniosa tapa con cremallera. Un complemento indispensable para <strong data-start=\"1119\" data-end=\"1133\">kit beb\u00e9<\/strong> Para madres que s\u00f3lo quieren lo mejor para su peque\u00f1o.<\/p>\n<p data-start=\"1197\" data-end=\"1368\">Con el cubrepi\u00e9s Woolskins Bakigo, puede estar seguro de que su hijo siempre estar\u00e1 bien abrigado y c\u00f3modo: una inversi\u00f3n en calidez, comodidad y tranquilidad durante los desplazamientos.<\/p>\n<p>- 5 cm m\u00e1s largo, lo que lo hace m\u00e1s f\u00e1cil de usar.<br \/>\n- Lana virgen 100%, etiqueta Woolmark.<br \/>\n- Para casa y para llevar.<br \/>\n- Aberturas para las correas de seguridad (5 puntos).<br \/>\n- largo 90 cm x ancho 45 cm.<br \/>\n- Lavable en ciclo de lavado de lana a 30\u00b0C.<\/p>\n<p data-start=\"162\" data-end=\"231\"><strong data-start=\"162\" data-end=\"229\">Etiqueta Woolskins: productos de lana c\u00e1lidos, suaves y duraderos para tu beb\u00e9<\/strong><\/p>\n<p data-start=\"233\" data-end=\"685\">En Woolskins, creemos que tu peque\u00f1o s\u00f3lo se merece lo mejor. Por eso fabricamos <strong data-start=\"330\" data-end=\"358\">productos de lana para beb\u00e9s<\/strong>, como cubrepi\u00e9s, borreguitos y prendas de lana, fabricados \u00edntegramente con lana europea 100%. Nuestros productos son suaves, c\u00f3modos y seguros para la piel sensible de su beb\u00e9. Gracias a las propiedades naturales de <strong data-start=\"571\" data-end=\"578\">lana<\/strong> Mantenga las manos, los pies y el cuerpo de su beb\u00e9 a la temperatura perfecta, sin sobrecalentamiento ni sudoraci\u00f3n.<\/p>\n<p data-start=\"687\" data-end=\"1186\">Nuestra colecci\u00f3n est\u00e1 dise\u00f1ada con un ojo puesto en los detalles y la calidad. Cada <strong data-start=\"753\" data-end=\"775\">productos de lana para beb\u00e9s<\/strong> de Woolskins se produce de forma sostenible en Europa, con lana hipoalerg\u00e9nica y transpirable que dura a\u00f1os. Tanto si quieres un suave <strong data-start=\"906\" data-end=\"926\">bolsa de lana para los pies<\/strong>, En Woolskins encontrar\u00e1s todo lo que necesitas para que tu beb\u00e9 tenga un comienzo c\u00e1lido, seguro y confortable. Descubre nuestra <strong data-start=\"1101\" data-end=\"1137\">productos de lana de primera calidad para beb\u00e9s<\/strong> Y experimenta por qu\u00e9 los padres eligen Woolskins.<\/p>","protected":false},"excerpt":{"rendered":"<p data-start=\"193\" data-end=\"585\">Mant\u00e9n a tu beb\u00e9 maravillosamente abrigado durante cada paseo con el suave <strong data-start=\"259\" data-end=\"291\">saco de lana para beb\u00e9s<\/strong> de Woolskins. El cubrepi\u00e9s Bakigo es extra largo para que puedas usarlo durante m\u00e1s tiempo y tiene una amplia abertura para el asa de seguridad, ideal para el cochecito o la silla de paseo. La nueva cremallera de la parte superior tambi\u00e9n facilita que tu peque\u00f1o est\u00e9 c\u00f3modo incluso en los d\u00edas m\u00e1s calurosos.<\/p>\n<p data-start=\"587\" data-end=\"965\">Gracias a las propiedades naturales de <strong data-start=\"628\" data-end=\"635\">lana<\/strong> el cubrepi\u00e9s se adapta y mantiene la temperatura corporal del beb\u00e9, sin hacerle sudar. Ideal para <strong data-start=\"769\" data-end=\"799\">primavera, oto\u00f1o e invierno<\/strong>, y un complemento indispensable para cualquier <strong data-start=\"839\" data-end=\"853\">kit beb\u00e9<\/strong>. Con Woolskins Bakigo, puedes estar seguro de que tu beb\u00e9 siempre estar\u00e1 c\u00f3modo y seguro en cada salida.<\/p>\n<p><strong>Marca: Woolskins<\/strong><br \/>\n<strong>Producci\u00f3n: Polonia<\/strong><\/p>\n<p>&nbsp;<\/p>","protected":false},"featured_media":22607,"comment_status":"closed","ping_status":"closed","template":"","meta":{"_acf_changed":false},"product_brand":[],"product_cat":[361,360,364,196,336,194],"product_tag":[],"class_list":{"0":"post-22605","1":"product","2":"type-product","3":"status-publish","4":"has-post-thumbnail","6":"product_cat-babyshower","7":"product_cat-cadeautips","8":"product_cat-cadeaus-vanaf-e50","9":"product_cat-slaapkleding-baby","10":"product_cat-voetenzakken","11":"product_cat-wollen-babyproducten","13":"first","14":"instock","15":"taxable","16":"shipping-taxable","17":"purchasable","18":"product-type-simple"},"acf":[],"_links":{"self":[{"href":"https:\/\/woolskins.eu\/es\/wp-json\/wp\/v2\/product\/22605","targetHints":{"allow":["GET"]}}],"collection":[{"href":"https:\/\/woolskins.eu\/es\/wp-json\/wp\/v2\/product"}],"about":[{"href":"https:\/\/woolskins.eu\/es\/wp-json\/wp\/v2\/types\/product"}],"replies":[{"embeddable":true,"href":"https:\/\/woolskins.eu\/es\/wp-json\/wp\/v2\/comments?post=22605"}],"wp:featuredmedia":[{"embeddable":true,"href":"https:\/\/woolskins.eu\/es\/wp-json\/wp\/v2\/media\/22607"}],"wp:attachment":[{"href":"https:\/\/woolskins.eu\/es\/wp-json\/wp\/v2\/media?parent=22605"}],"wp:term":[{"taxonomy":"product_brand","embeddable":true,"href":"https:\/\/woolskins.eu\/es\/wp-json\/wp\/v2\/product_brand?post=22605"},{"taxonomy":"product_cat","embeddable":true,"href":"https:\/\/woolskins.eu\/es\/wp-json\/wp\/v2\/product_cat?post=22605"},{"taxonomy":"product_tag","embeddable":true,"href":"https:\/\/woolskins.eu\/es\/wp-json\/wp\/v2\/product_tag?post=22605"}],"curies":[{"name":"wp","href":"https:\/\/api.w.org\/{rel}","templated":true}]}}