{"id":22267,"date":"2024-11-06T11:12:23","date_gmt":"2024-11-06T11:12:23","guid":{"rendered":"https:\/\/woolskins.eu\/?post_type=product&#038;p=22267"},"modified":"2026-03-29T18:44:02","modified_gmt":"2026-03-29T18:44:02","slug":"manta-de-lana-manta-bebe-recien-nacido-beige","status":"publish","type":"product","link":"https:\/\/woolskins.eu\/es\/wollen-wiegdeken-babydeken-newborn-beige\/","title":{"rendered":"Manta de cuna de lana \/ Manta beb\u00e9 reci\u00e9n nacido | Beige"},"content":{"rendered":"<p>Tu beb\u00e9 dormir\u00e1 y so\u00f1ar\u00e1 en esta c\u00f3moda manta de lana de nuestra colecci\u00f3n \u2018Reci\u00e9n nacido\u2019. Suave y vaporosa, esta manta es ideal para los d\u00edas m\u00e1s c\u00e1lidos. Tienen un aspecto precioso y lujoso y son extremadamente c\u00f3modas. El interior de la manta es totalmente de lana. Puedes llev\u00e1rtela f\u00e1cilmente de viaje para mantener bien calentito a tu beb\u00e9.<\/p>\n<p>- Disponible exclusivamente en Woolskins<br \/>\n- De dos caras, una de las cuales (la interior) es de lana entera.<br \/>\n- Woolblend 56% pura lana virgen cruda (etiqueta Woolmark) 44% fibra sint\u00e9tica.<br \/>\n- Para casa y para llevar.<br \/>\n- Dimensiones: 65 x 90 cm y 90 x 130 cm<br \/>\n- Producci\u00f3n europea.<br \/>\n- Lavable en ciclo de lavado de lana a 30\u00b0C.<\/p>\n<p>Nuestras mantas Eco Woolblend son ideales para los m\u00e1s peque\u00f1os gracias a las propiedades naturales de las fibras de lana. \u00c9stas respiran y tienen la capacidad de actuar como un termostato natural que regula la temperatura corporal? Esto ayuda a tu beb\u00e9 a mantener una temperatura estable y lo mantiene seco y c\u00f3modo.<\/p>\n<p>Este producto lleva las etiquetas Safe for Children y Woolmark, entre otras.<\/p>\n<h5>Etiqueta Woolskins<\/h5>\n<p>Tras a\u00f1os de fruct\u00edfera colaboraci\u00f3n con Alwero, nos enorgullece anunciar que ahora comercializamos nuestros productos con nuestra propia marca Woolskins.<\/p>\n<p>De este modo, sigue obteniendo la mejor calidad, pero combinada con los productos y dise\u00f1os m\u00e1s bonitos y exclusivos.<\/p>\n<p>La calidad de los tejidos y los colores sigue siendo la de siempre, s\u00f3lo que ahora hay una mayor variedad con la que Woolskins cree que puede distinguirse.<\/p>\n<p>Nuestra amplia colecci\u00f3n es tan parecida que son un gran complemento para cualquier conjunto de beb\u00e9, fabricados con lana europea 100% que transpira y es adecuada para todas las estaciones.<\/p>\n<p>Unimos nuestras fuerzas con entusiasmo para conseguir un producto sostenible, natural y lo m\u00e1s c\u00f3modo posible para tu beb\u00e9.<\/p>","protected":false},"excerpt":{"rendered":"<p>Su hijo dormir\u00e1 bien y so\u00f1ar\u00e1 bajo esta c\u00f3moda manta de lana para la cuna. La manta de cuna de lana es flexible y muy suave y est\u00e1 rematada con un ribete. Tienen un aspecto precioso y lujoso y forman parte del ajuar de cualquier beb\u00e9. Las mantas de lana respiran y adoptan inmediatamente la temperatura de su hijo. Tienen el tama\u00f1o y el peso ideales para dormir bajo ellas o jugar. \u00dasala en casa o de viaje para abrigar bien a tu hijo. La manta es adecuada para cualquier estaci\u00f3n y un regalo perfecto para un baby shower o una visita de maternidad.<\/p>\n<p><strong>Marca: Woolskins<\/strong><br \/>\n<strong>Producci\u00f3n: Polonia<\/strong><\/p>","protected":false},"featured_media":22270,"comment_status":"open","ping_status":"closed","template":"","meta":{"_acf_changed":false},"product_brand":[],"product_cat":[360,363,196,318,194],"product_tag":[],"class_list":{"0":"post-22267","1":"product","2":"type-product","3":"status-publish","4":"has-post-thumbnail","6":"product_cat-cadeautips","7":"product_cat-cadeaus-e25-e50","8":"product_cat-slaapkleding-baby","9":"product_cat-wollen-wiegdeken-ledikantdeken","10":"product_cat-wollen-babyproducten","11":"pa_maat-65-x-90-cm","12":"pa_maat-90-x-130-cm","14":"first","15":"instock","16":"taxable","17":"shipping-taxable","18":"purchasable","19":"product-type-variable"},"acf":[],"_links":{"self":[{"href":"https:\/\/woolskins.eu\/es\/wp-json\/wp\/v2\/product\/22267","targetHints":{"allow":["GET"]}}],"collection":[{"href":"https:\/\/woolskins.eu\/es\/wp-json\/wp\/v2\/product"}],"about":[{"href":"https:\/\/woolskins.eu\/es\/wp-json\/wp\/v2\/types\/product"}],"replies":[{"embeddable":true,"href":"https:\/\/woolskins.eu\/es\/wp-json\/wp\/v2\/comments?post=22267"}],"wp:featuredmedia":[{"embeddable":true,"href":"https:\/\/woolskins.eu\/es\/wp-json\/wp\/v2\/media\/22270"}],"wp:attachment":[{"href":"https:\/\/woolskins.eu\/es\/wp-json\/wp\/v2\/media?parent=22267"}],"wp:term":[{"taxonomy":"product_brand","embeddable":true,"href":"https:\/\/woolskins.eu\/es\/wp-json\/wp\/v2\/product_brand?post=22267"},{"taxonomy":"product_cat","embeddable":true,"href":"https:\/\/woolskins.eu\/es\/wp-json\/wp\/v2\/product_cat?post=22267"},{"taxonomy":"product_tag","embeddable":true,"href":"https:\/\/woolskins.eu\/es\/wp-json\/wp\/v2\/product_tag?post=22267"}],"curies":[{"name":"wp","href":"https:\/\/api.w.org\/{rel}","templated":true}]}}