{"id":21955,"date":"2024-10-18T09:57:29","date_gmt":"2024-10-18T09:57:29","guid":{"rendered":"https:\/\/woolskins.eu\/?post_type=product&#038;p=21955"},"modified":"2025-10-14T18:39:50","modified_gmt":"2025-10-14T18:39:50","slug":"bodywarmer-infantil-de-lana-negro-de-la-marca-a-basic","status":"publish","type":"product","link":"https:\/\/woolskins.eu\/es\/a-basic-brand-wollen-kinder-bodywarmer-zwart\/","title":{"rendered":"A Basic Brand - Chaleco de lana para ni\u00f1os | negro"},"content":{"rendered":"<h6><strong>Una marca para beb\u00e9s<\/strong><\/h6>\n<p>Chaleco 100% de lana. Maravillosamente c\u00e1lido y confortable, totalmente natural, transpirable y s\u00faper a la moda. El chaleco tiene peque\u00f1os bolsillos y se cierra con cremallera. P\u00f3ntelo encima de una sudadera en un d\u00eda ventoso o debajo de una chaqueta cuando haga mucho fr\u00edo. Este c\u00e1rdigan tambi\u00e9n est\u00e1 disponible para las mam\u00e1s.<\/p>\n<p>Composici\u00f3n<br \/>\nLana 100%.<\/p>\n<p>Tallas:<\/p>\n<p>6m - 70 cm<br \/>\n1 a\u00f1o - 86 cm<br \/>\n2y - 92 cm<br \/>\n4y - 104cm<br \/>\n6y - 116cm<\/p>\n<p>Instrucciones de lavado:<\/p>\n<p>Recomendamos lavar nuestros productos a mano con agua tibia y un detergente de lanolina.<\/p>","protected":false},"excerpt":{"rendered":"<h6><strong>Una marca para beb\u00e9s<\/strong><\/h6>\n<p>Chaleco de lana maravillosamente c\u00e1lido y c\u00f3modo. Este chaleco tiene cremallera y bolsillos y combina bien con todos nuestros otros productos. Tambi\u00e9n disponible en tallas m\u00e1s grandes para mam\u00e1s en lana 100%.<\/p>","protected":false},"featured_media":21969,"comment_status":"open","ping_status":"closed","template":"","meta":{"_acf_changed":false},"product_brand":[],"product_cat":[335,360,363,200,337,413,344],"product_tag":[423,424,420,421,422,425],"class_list":{"0":"post-21955","1":"product","2":"type-product","3":"status-publish","4":"has-post-thumbnail","6":"product_cat-a_baby_brand","7":"product_cat-cadeautips","8":"product_cat-cadeaus-e25-e50","9":"product_cat-wollen-babykleding","10":"product_cat-vestjes","11":"product_cat-alwero-bodywarmer","12":"product_cat-kleertjes","13":"product_tag-a-baby-brand","14":"product_tag-alwero-bodywarmer","15":"product_tag-bodywarmer-wol","16":"product_tag-wollen-bodywarmer","17":"product_tag-wool-vest","18":"product_tag-woolskins","19":"pa_maat-1-jaar","20":"pa_maat-2-jaar","21":"pa_maat-4-jaar","22":"pa_maat-6-jaar","23":"pa_maat-6-maanden","24":"pa_maat-8-jaar","26":"first","27":"instock","28":"taxable","29":"shipping-taxable","30":"purchasable","31":"product-type-variable"},"acf":[],"_links":{"self":[{"href":"https:\/\/woolskins.eu\/es\/wp-json\/wp\/v2\/product\/21955","targetHints":{"allow":["GET"]}}],"collection":[{"href":"https:\/\/woolskins.eu\/es\/wp-json\/wp\/v2\/product"}],"about":[{"href":"https:\/\/woolskins.eu\/es\/wp-json\/wp\/v2\/types\/product"}],"replies":[{"embeddable":true,"href":"https:\/\/woolskins.eu\/es\/wp-json\/wp\/v2\/comments?post=21955"}],"wp:featuredmedia":[{"embeddable":true,"href":"https:\/\/woolskins.eu\/es\/wp-json\/wp\/v2\/media\/21969"}],"wp:attachment":[{"href":"https:\/\/woolskins.eu\/es\/wp-json\/wp\/v2\/media?parent=21955"}],"wp:term":[{"taxonomy":"product_brand","embeddable":true,"href":"https:\/\/woolskins.eu\/es\/wp-json\/wp\/v2\/product_brand?post=21955"},{"taxonomy":"product_cat","embeddable":true,"href":"https:\/\/woolskins.eu\/es\/wp-json\/wp\/v2\/product_cat?post=21955"},{"taxonomy":"product_tag","embeddable":true,"href":"https:\/\/woolskins.eu\/es\/wp-json\/wp\/v2\/product_tag?post=21955"}],"curies":[{"name":"wp","href":"https:\/\/api.w.org\/{rel}","templated":true}]}}