{"id":21871,"date":"2024-10-14T12:16:24","date_gmt":"2024-10-14T12:16:24","guid":{"rendered":"https:\/\/woolskins.eu\/?post_type=product&#038;p=21871"},"modified":"2026-04-29T19:47:53","modified_gmt":"2026-04-29T19:47:53","slug":"saco-de-dormir-de-lana-para-bebe-thumbled-mocca","status":"publish","type":"product","link":"https:\/\/woolskins.eu\/es\/wollen-slaapzak-voor-baby-thumbled-mocca\/","title":{"rendered":"Saco de dormir de lana para beb\u00e9 | Teddy avellana"},"content":{"rendered":"<p>Los botones de presi\u00f3n dobles hacen que el tama\u00f1o del cuello sea ajustable y tiene una cremallera larga que facilita la apertura de todo el saco de dormir.<\/p>\n<p>- Lana virgen 100% Thumbled con certificaci\u00f3n Woolmark.<br \/>\n- Textura de peluche suave y blanda que se mueve contigo.<br \/>\n- Cremallera larga que permite abrir el saco de dormir por completo o s\u00f3lo la parte inferior.<br \/>\n- Buenas propiedades t\u00e9rmicas.<br \/>\n- Para casa y para llevar.<br \/>\n- Talla: 0\/6 meses 67 cm, 6\/12 meses 82 cm.<br \/>\n- Producci\u00f3n europea.<\/p>\n<p>Nuestros sacos de dormir Eco Wool son ideales para los m\u00e1s peque\u00f1os gracias a las propiedades naturales de las fibras de lana. \u00c9stas respiran y tienen la capacidad de actuar como un termostato natural que regula la temperatura corporal? Esto ayuda al beb\u00e9 a mantener una temperatura estable y lo mantiene seco y c\u00f3modo. Lo hace de forma \u2018din\u00e1mica\u2019, es decir, cuando es necesario y no cuando no lo es.<\/p>\n<p data-start=\"63\" data-end=\"427\"><strong data-start=\"63\" data-end=\"83\">Instrucciones de lavado<\/strong><\/p>\n<p data-start=\"63\" data-end=\"427\">Para mantener este tejido de lana Teddy bonito y suave, recomendamos lavarlo a mano a una temperatura m\u00e1xima de 30\u00b0C. Al hacerlo, proceda con cuidado y utilice un detergente suave para lana. Evite la lej\u00eda, la plancha, la secadora y el centrifugado. Deje secar el tejido en plano para conservar su forma. Tambi\u00e9n se puede lavar en seco.<\/p>\n<p data-start=\"429\" data-end=\"552\">\u2728 <strong data-start=\"431\" data-end=\"439\">Consejo:<\/strong> La lana no necesita lavarse a menudo. Un r\u00e1pido aireado al aire libre suele bastar para mantener el tejido fresco.<\/p>\n<p data-start=\"554\" data-end=\"817\">\ud83c\udf3f <strong data-start=\"557\" data-end=\"588\">Por qu\u00e9 la lana es especial: <\/strong>La lana es naturalmente autolimpiable y repele la suciedad. Los olores desaparecen simplemente aireando el tejido y la suciedad se adhiere menos f\u00e1cilmente que con otros materiales. As\u00ed, su tejido de lana se mantiene fresco durante m\u00e1s tiempo, sin necesidad de mucho mantenimiento.<\/p>\n<h5>Etiqueta Woolskins<\/h5>\n<p>Tras a\u00f1os de fruct\u00edfera colaboraci\u00f3n con Alwero, nos enorgullece anunciar que ahora comercializamos nuestros productos con nuestra propia marca Woolskins.<\/p>\n<p>De este modo, sigue obteniendo la mejor calidad, pero combinada con los productos y dise\u00f1os m\u00e1s bonitos y exclusivos.<\/p>\n<p>La calidad de los tejidos y los colores sigue siendo la de siempre, s\u00f3lo que ahora hay una mayor variedad con la que Woolskins cree que puede distinguirse.<\/p>\n<p>Nuestra amplia colecci\u00f3n es tan parecida que son un gran complemento para cualquier conjunto de beb\u00e9, fabricados con lana europea 100% que transpira y es adecuada para todas las estaciones.<\/p>\n<p>Unimos nuestras fuerzas con entusiasmo para conseguir un producto sostenible, natural y lo m\u00e1s c\u00f3modo posible para su hijo.<\/p>","protected":false},"excerpt":{"rendered":"<p>Si buscas un saco de dormir c\u00f3modo y c\u00e1lido para tu beb\u00e9, la lana es una excelente elecci\u00f3n. De hecho, la lana tiene muchas ventajas que ayudar\u00e1n a tu beb\u00e9 a dormir bien, en cualquier estaci\u00f3n del a\u00f1o.<\/p>\n<p>Nuestro ligero saco de dormir de lana ecol\u00f3gica para beb\u00e9s es transpirable y tiene la capacidad de actuar como un termostato natural que regula la temperatura corporal, ayudando a su beb\u00e9 a descansar y dormir profundamente. Este saco de dormir es muy adecuado para los ni\u00f1os peque\u00f1os gracias a los botones autom\u00e1ticos dobles que permiten ampliar o reducir la abertura del cuello. La larga cremallera se abre por dos lados, por lo que el saco de dormir puede abrirse por completo o s\u00f3lo la parte inferior para cambiar a tu beb\u00e9. El saco de dormir de lana se mueve contigo (el\u00e1stico) y ayuda a tu beb\u00e9 a mantener una temperatura estable y lo mantiene seco y c\u00f3modo. Lo hace de forma \u2018din\u00e1mica\u2019, es decir, cuando es necesario y no cuando no lo es. Por eso, estos sacos de dormir de lana son c\u00e1lidos en invierno y frescos en verano.<\/p>\n<p><strong>Marca: Woolskins<\/strong><br \/>\n<strong>Producci\u00f3n: Polonia<\/strong><\/p>","protected":false},"featured_media":21880,"comment_status":"closed","ping_status":"closed","template":"","meta":{"_acf_changed":false},"product_brand":[],"product_cat":[361,360,364,196,370,194],"product_tag":[414],"class_list":{"0":"post-21871","1":"product","2":"type-product","3":"status-publish","4":"has-post-thumbnail","6":"product_cat-babyshower","7":"product_cat-cadeautips","8":"product_cat-cadeaus-vanaf-e50","9":"product_cat-slaapkleding-baby","10":"product_cat-slaapzakken","11":"product_cat-wollen-babyproducten","12":"product_tag-alwero-slaapzak","13":"pa_maat-0-6-maanden","14":"pa_maat-6-12-maanden","16":"first","17":"instock","18":"taxable","19":"shipping-taxable","20":"purchasable","21":"product-type-variable"},"acf":[],"_links":{"self":[{"href":"https:\/\/woolskins.eu\/es\/wp-json\/wp\/v2\/product\/21871","targetHints":{"allow":["GET"]}}],"collection":[{"href":"https:\/\/woolskins.eu\/es\/wp-json\/wp\/v2\/product"}],"about":[{"href":"https:\/\/woolskins.eu\/es\/wp-json\/wp\/v2\/types\/product"}],"replies":[{"embeddable":true,"href":"https:\/\/woolskins.eu\/es\/wp-json\/wp\/v2\/comments?post=21871"}],"wp:featuredmedia":[{"embeddable":true,"href":"https:\/\/woolskins.eu\/es\/wp-json\/wp\/v2\/media\/21880"}],"wp:attachment":[{"href":"https:\/\/woolskins.eu\/es\/wp-json\/wp\/v2\/media?parent=21871"}],"wp:term":[{"taxonomy":"product_brand","embeddable":true,"href":"https:\/\/woolskins.eu\/es\/wp-json\/wp\/v2\/product_brand?post=21871"},{"taxonomy":"product_cat","embeddable":true,"href":"https:\/\/woolskins.eu\/es\/wp-json\/wp\/v2\/product_cat?post=21871"},{"taxonomy":"product_tag","embeddable":true,"href":"https:\/\/woolskins.eu\/es\/wp-json\/wp\/v2\/product_tag?post=21871"}],"curies":[{"name":"wp","href":"https:\/\/api.w.org\/{rel}","templated":true}]}}