{"id":21443,"date":"2024-09-20T11:40:48","date_gmt":"2024-09-20T11:40:48","guid":{"rendered":"https:\/\/woolskins.eu\/?post_type=product&#038;p=21443"},"modified":"2025-12-17T12:12:33","modified_gmt":"2025-12-17T12:12:33","slug":"chaleco-de-lana-unisex-adulto-zaffiro-beige-fieltro","status":"publish","type":"product","link":"https:\/\/woolskins.eu\/es\/wollen-bodywarmer-unisex-adult-zaffiro-beige-felted\/","title":{"rendered":"Chaleco Lana Unisex Adulto - Zaffiro | Fieltro Beige"},"content":{"rendered":"<p>Mantente abrigado con estilo con este elegante chaleco Zaffiro confeccionado en lana 100% de primera calidad. La suave y c\u00f3moda lana de primera calidad mantendr\u00e1 tu cuerpo maravillosamente abrigado y c\u00f3modo cuando la lluvia refresque ligeramente. Perfecto para llevarlo en capas, ideal para los d\u00edas fr\u00edos y las aventuras al aire libre. El chaleco tiene un cierre alto con cremallera y grandes bolsillos que mantienen las manos calientes.<\/p>\n<p>Caracter\u00edsticas principales:<\/p>\n<ul>\n<li>Lana de alta calidad: Proporciona una calidez y un confort superiores.<\/li>\n<li>Dise\u00f1o elegante: complementa cualquier atuendo con su corte cl\u00e1sico.<\/li>\n<li>Pr\u00e1cticos bolsillos: Mant\u00e9n las manos calientes y los objetos esenciales al alcance de la mano.<\/li>\n<li>Duradero: Hecho para durar a\u00f1os.<\/li>\n<\/ul>\n<p>Experimente el confort y la elegancia de Zaffiro.<\/p>\n<h5>Lana de primera calidad<\/h5>\n<p>La suave lana natural de oveja PREMIUM utilizada para fabricar el saco de dormir es perfecta para los inviernos fr\u00edos y los d\u00edas m\u00e1s c\u00e1lidos. Proporciona una termorregulaci\u00f3n natural a\u00fan mejor, protegiendo eficazmente al ni\u00f1o incluso en caso de fuertes heladas y garantizando que no se sobrecaliente en los d\u00edas calurosos. La lana de oveja tambi\u00e9n tiene propiedades antial\u00e9rgicas y resiste el desarrollo de \u00e1caros. Tiene propiedades higi\u00e9nicas y autolimpiables. Neutraliza los malos olores y la suciedad.<\/p>\n<h5>Zaffiro<\/h5>\n<p>La empresa Zaffiro es una empresa familiar polaca. Desde nuestros inicios en 1989, nos hemos especializado en la fabricaci\u00f3n de productos para beb\u00e9s y ni\u00f1os, y la mayor parte de lo que producimos se exporta a m\u00e1s de 40 pa\u00edses. Creamos la marca Zaffiro para promover productos que apoyen a los padres conscientes de la importancia de la intimidad y el v\u00ednculo con su beb\u00e9 desde las primeras horas tras el nacimiento. Promovemos el concepto de llevar a los ni\u00f1os \u2018de coraz\u00f3n a coraz\u00f3n\u2019 en fulares y portabeb\u00e9s, reintroduciendo la sabia tradici\u00f3n de generaciones anteriores, redescubierta y desarrollada teniendo en cuenta la investigaci\u00f3n psicol\u00f3gica contempor\u00e1nea.<\/p>","protected":false},"excerpt":{"rendered":"<p>Mantente abrigado con estilo con este elegante chaleco Zaffiro confeccionado en lana 100% de primera calidad. La suave y c\u00f3moda lana de primera calidad mantendr\u00e1 tu cuerpo maravillosamente abrigado y c\u00f3modo cuando la lluvia refresque ligeramente. Perfecto para llevarlo en capas, ideal para los d\u00edas fr\u00edos y las aventuras al aire libre. El chaleco tiene un cierre alto con cremallera y grandes bolsillos que mantienen las manos calientes.<\/p>\n<p><strong>Marca: Zaffiro<\/strong><br \/>\n<strong>Producci\u00f3n: Polonia<br \/>\nKeur: Oeko-Tex Standard<\/strong><\/p>\n<p><img loading=\"lazy\" decoding=\"async\" class=\"alignnone wp-image-28173 entered lazyloaded\" src=\"https:\/\/woolskins.eu\/wp-content\/uploads\/2024\/05\/csm_OEKO-TEX_Logo_2022_rgb_c1aaeb5ceb-300x300.jpg\" alt=\"\" width=\"89\" height=\"89\" data-lazy-src=\"https:\/\/woolskins.eu\/wp-content\/uploads\/2024\/05\/csm_OEKO-TEX_Logo_2022_rgb_c1aaeb5ceb-300x300.jpg\" data-ll-status=\"loaded\" srcset=\"https:\/\/woolskins.eu\/wp-content\/uploads\/2024\/05\/csm_OEKO-TEX_Logo_2022_rgb_c1aaeb5ceb-300x300.jpg 300w, https:\/\/woolskins.eu\/wp-content\/uploads\/2024\/05\/csm_OEKO-TEX_Logo_2022_rgb_c1aaeb5ceb-150x150.jpg 150w, https:\/\/woolskins.eu\/wp-content\/uploads\/2024\/05\/csm_OEKO-TEX_Logo_2022_rgb_c1aaeb5ceb-768x769.jpg 768w, https:\/\/woolskins.eu\/wp-content\/uploads\/2024\/05\/csm_OEKO-TEX_Logo_2022_rgb_c1aaeb5ceb-12x12.jpg 12w, https:\/\/woolskins.eu\/wp-content\/uploads\/2024\/05\/csm_OEKO-TEX_Logo_2022_rgb_c1aaeb5ceb-600x601.jpg 600w, https:\/\/woolskins.eu\/wp-content\/uploads\/2024\/05\/csm_OEKO-TEX_Logo_2022_rgb_c1aaeb5ceb-100x100.jpg 100w, https:\/\/woolskins.eu\/wp-content\/uploads\/2024\/05\/csm_OEKO-TEX_Logo_2022_rgb_c1aaeb5ceb-64x64.jpg 64w, https:\/\/woolskins.eu\/wp-content\/uploads\/2024\/05\/csm_OEKO-TEX_Logo_2022_rgb_c1aaeb5ceb.jpg 885w\" sizes=\"auto, (max-width: 89px) 100vw, 89px\" \/><\/p>","protected":false},"featured_media":21447,"comment_status":"open","ping_status":"closed","template":"","meta":{"_acf_changed":false},"product_brand":[],"product_cat":[360,364,350,31,502],"product_tag":[424,420,421,422,425,507],"class_list":{"0":"post-21443","1":"product","2":"type-product","3":"status-publish","4":"has-post-thumbnail","6":"product_cat-cadeautips","7":"product_cat-cadeaus-vanaf-e50","8":"product_cat-fashion","9":"product_cat-yogamat-wol","10":"product_cat-zaffiro","11":"product_tag-alwero-bodywarmer","12":"product_tag-bodywarmer-wol","13":"product_tag-wollen-bodywarmer","14":"product_tag-wool-vest","15":"product_tag-woolskins","16":"product_tag-zaffiro","17":"pa_maat-adult-size-l","18":"pa_maat-adult-size-m","19":"pa_maat-adult-size-s","20":"pa_maat-adult-size-xl","22":"first","23":"outofstock","24":"taxable","25":"shipping-taxable","26":"purchasable","27":"product-type-variable"},"acf":[],"_links":{"self":[{"href":"https:\/\/woolskins.eu\/es\/wp-json\/wp\/v2\/product\/21443","targetHints":{"allow":["GET"]}}],"collection":[{"href":"https:\/\/woolskins.eu\/es\/wp-json\/wp\/v2\/product"}],"about":[{"href":"https:\/\/woolskins.eu\/es\/wp-json\/wp\/v2\/types\/product"}],"replies":[{"embeddable":true,"href":"https:\/\/woolskins.eu\/es\/wp-json\/wp\/v2\/comments?post=21443"}],"wp:featuredmedia":[{"embeddable":true,"href":"https:\/\/woolskins.eu\/es\/wp-json\/wp\/v2\/media\/21447"}],"wp:attachment":[{"href":"https:\/\/woolskins.eu\/es\/wp-json\/wp\/v2\/media?parent=21443"}],"wp:term":[{"taxonomy":"product_brand","embeddable":true,"href":"https:\/\/woolskins.eu\/es\/wp-json\/wp\/v2\/product_brand?post=21443"},{"taxonomy":"product_cat","embeddable":true,"href":"https:\/\/woolskins.eu\/es\/wp-json\/wp\/v2\/product_cat?post=21443"},{"taxonomy":"product_tag","embeddable":true,"href":"https:\/\/woolskins.eu\/es\/wp-json\/wp\/v2\/product_tag?post=21443"}],"curies":[{"name":"wp","href":"https:\/\/api.w.org\/{rel}","templated":true}]}}