{"id":21414,"date":"2024-09-20T09:10:34","date_gmt":"2024-09-20T09:10:34","guid":{"rendered":"https:\/\/woolskins.eu\/?post_type=product&#038;p=21414"},"modified":"2026-03-30T10:49:16","modified_gmt":"2026-03-30T10:49:16","slug":"gorro-de-lana-para-bebe","status":"publish","type":"product","link":"https:\/\/woolskins.eu\/es\/babymuts-wol\/","title":{"rendered":"Gorro beb\u00e9 Lana \u2018Tulip\u00e1n\u2019 Reci\u00e9n Nacido - Zaffiro | Teddy beige"},"content":{"rendered":"<p>El gorro para beb\u00e9 \u2018Tulip\u00e1n\u2019 de lana Zaffiro mantendr\u00e1 a tu beb\u00e9 maravillosamente abrigado. Fabricado con suave lana de cordero de alta calidad, este elegante gorro para beb\u00e9 de la marca Zaffiro ofrece un confort y un calor excepcionales. Su exclusiva forma de tulip\u00e1n garantiza un ajuste perfecto y protege la delicada cabeza y las orejas de tu beb\u00e9 del fr\u00edo y el viento. El gorro tiene cordones para atarlo y cuenta con un bonito ribete y un pomp\u00f3n. Hecho a mano con lana de cordero 100%<\/p>\n<p>caracter\u00edsticas:<\/p>\n<ul>\n<li>Lana de cordero de primera calidad: Proporciona una calidez y suavidad \u00f3ptimas para pieles sensibles.<\/li>\n<li>Dise\u00f1o cl\u00e1sico de tulip\u00e1n: ofrece un ajuste elegante y c\u00f3modo.<\/li>\n<li>Duradera: hecha para durar, incluso con un uso frecuente.<\/li>\n<li>F\u00e1cil de mantener: F\u00e1cil de limpiar y mantener.<\/li>\n<\/ul>\n<p>Perfecto para:<\/p>\n<ul>\n<li>Salidas y aventuras diarias.<\/li>\n<li>Tiempo invernal y noches fr\u00edas.<\/li>\n<li>Regalos para padres primerizos.<\/li>\n<\/ul>\n<p>Elige el gorro para beb\u00e9 de lana Zaffiro Tulip para darle un toque de elegancia y calidez pr\u00e1ctica. Gorro de lana para beb\u00e9.<\/p>\n<p data-start=\"63\" data-end=\"427\"><strong data-start=\"63\" data-end=\"83\">Instrucciones de lavado<\/strong><\/p>\n<p data-start=\"63\" data-end=\"427\">Para mantener este tejido de lana Teddy bonito y suave, recomendamos lavarlo a mano a una temperatura m\u00e1xima de 30\u00b0C. Al hacerlo, proceda con cuidado y utilice un detergente suave para lana. Evite la lej\u00eda, la plancha, la secadora y el centrifugado. Deje secar el tejido en plano para conservar su forma. Tambi\u00e9n se puede lavar en seco.<\/p>\n<p data-start=\"429\" data-end=\"552\">\u2728 <strong data-start=\"431\" data-end=\"439\">Consejo:<\/strong> La lana no necesita lavarse a menudo. Un r\u00e1pido aireado al aire libre suele bastar para mantener el tejido fresco.<\/p>\n<p data-start=\"554\" data-end=\"817\">\ud83c\udf3f <strong data-start=\"557\" data-end=\"588\">Por qu\u00e9 la lana es especial: <\/strong>La lana es naturalmente autolimpiable y repele la suciedad. Los olores desaparecen simplemente aireando el tejido y la suciedad se adhiere menos f\u00e1cilmente que con otros materiales. As\u00ed, su tejido de lana se mantiene fresco durante m\u00e1s tiempo, sin necesidad de mucho mantenimiento.<\/p>","protected":false},"excerpt":{"rendered":"<p>El gorro para beb\u00e9 \u2018Tulip\u00e1n\u2019 de lana Zaffiro mantendr\u00e1 a tu beb\u00e9 maravillosamente abrigado. Fabricado con suave lana de cordero de alta calidad, este elegante gorro para beb\u00e9 de la marca Zaffiro ofrece un confort y un calor excepcionales. Su exclusiva forma de tulip\u00e1n garantiza un ajuste perfecto y protege la delicada cabeza y las orejas de tu beb\u00e9 del fr\u00edo y el viento. El gorro tiene cordones para atarlo y cuenta con un bonito ribete y un pomp\u00f3n. Hecho a mano con lana de cordero 100%. Gorro de lana para beb\u00e9<\/p>\n<p><strong>Marca: Zaffiro<\/strong><br \/>\n<strong>Producci\u00f3n: Polonia<br \/>\nKeur: Oeko-Tex Standard<\/strong><\/p>\n<p><img loading=\"lazy\" decoding=\"async\" class=\"alignnone wp-image-28173 entered lazyloaded\" src=\"https:\/\/woolskins.eu\/wp-content\/uploads\/2024\/05\/csm_OEKO-TEX_Logo_2022_rgb_c1aaeb5ceb-300x300.jpg\" alt=\"\" width=\"89\" height=\"89\" data-lazy-src=\"https:\/\/woolskins.eu\/wp-content\/uploads\/2024\/05\/csm_OEKO-TEX_Logo_2022_rgb_c1aaeb5ceb-300x300.jpg\" data-ll-status=\"loaded\" srcset=\"https:\/\/woolskins.eu\/wp-content\/uploads\/2024\/05\/csm_OEKO-TEX_Logo_2022_rgb_c1aaeb5ceb-300x300.jpg 300w, https:\/\/woolskins.eu\/wp-content\/uploads\/2024\/05\/csm_OEKO-TEX_Logo_2022_rgb_c1aaeb5ceb-150x150.jpg 150w, https:\/\/woolskins.eu\/wp-content\/uploads\/2024\/05\/csm_OEKO-TEX_Logo_2022_rgb_c1aaeb5ceb-768x769.jpg 768w, https:\/\/woolskins.eu\/wp-content\/uploads\/2024\/05\/csm_OEKO-TEX_Logo_2022_rgb_c1aaeb5ceb-12x12.jpg 12w, https:\/\/woolskins.eu\/wp-content\/uploads\/2024\/05\/csm_OEKO-TEX_Logo_2022_rgb_c1aaeb5ceb-600x601.jpg 600w, https:\/\/woolskins.eu\/wp-content\/uploads\/2024\/05\/csm_OEKO-TEX_Logo_2022_rgb_c1aaeb5ceb-100x100.jpg 100w, https:\/\/woolskins.eu\/wp-content\/uploads\/2024\/05\/csm_OEKO-TEX_Logo_2022_rgb_c1aaeb5ceb-64x64.jpg 64w, https:\/\/woolskins.eu\/wp-content\/uploads\/2024\/05\/csm_OEKO-TEX_Logo_2022_rgb_c1aaeb5ceb.jpg 885w\" sizes=\"auto, (max-width: 89px) 100vw, 89px\" \/><\/p>","protected":false},"featured_media":21422,"comment_status":"open","ping_status":"closed","template":"","meta":{"_acf_changed":false},"product_brand":[],"product_cat":[361,363,200,352,499,196,346,502],"product_tag":[],"class_list":{"0":"post-21414","1":"product","2":"type-product","3":"status-publish","4":"has-post-thumbnail","6":"product_cat-babyshower","7":"product_cat-cadeaus-e25-e50","8":"product_cat-wollen-babykleding","9":"product_cat-merken","10":"product_cat-new-arrivals","11":"product_cat-slaapkleding-baby","12":"product_cat-mutsjesensjaaltjes","13":"product_cat-zaffiro","15":"first","16":"instock","17":"taxable","18":"shipping-taxable","19":"purchasable","20":"product-type-variable"},"acf":[],"_links":{"self":[{"href":"https:\/\/woolskins.eu\/es\/wp-json\/wp\/v2\/product\/21414","targetHints":{"allow":["GET"]}}],"collection":[{"href":"https:\/\/woolskins.eu\/es\/wp-json\/wp\/v2\/product"}],"about":[{"href":"https:\/\/woolskins.eu\/es\/wp-json\/wp\/v2\/types\/product"}],"replies":[{"embeddable":true,"href":"https:\/\/woolskins.eu\/es\/wp-json\/wp\/v2\/comments?post=21414"}],"wp:featuredmedia":[{"embeddable":true,"href":"https:\/\/woolskins.eu\/es\/wp-json\/wp\/v2\/media\/21422"}],"wp:attachment":[{"href":"https:\/\/woolskins.eu\/es\/wp-json\/wp\/v2\/media?parent=21414"}],"wp:term":[{"taxonomy":"product_brand","embeddable":true,"href":"https:\/\/woolskins.eu\/es\/wp-json\/wp\/v2\/product_brand?post=21414"},{"taxonomy":"product_cat","embeddable":true,"href":"https:\/\/woolskins.eu\/es\/wp-json\/wp\/v2\/product_cat?post=21414"},{"taxonomy":"product_tag","embeddable":true,"href":"https:\/\/woolskins.eu\/es\/wp-json\/wp\/v2\/product_tag?post=21414"}],"curies":[{"name":"wp","href":"https:\/\/api.w.org\/{rel}","templated":true}]}}