{"id":21288,"date":"2024-09-12T10:40:50","date_gmt":"2024-09-12T10:40:50","guid":{"rendered":"https:\/\/woolskins.eu\/?post_type=product&#038;p=21288"},"modified":"2026-02-06T10:00:20","modified_gmt":"2026-02-06T10:00:20","slug":"piel-de-oveja-para-bebe-mimosa-bio-sin-refinar","status":"publish","type":"product","link":"https:\/\/woolskins.eu\/es\/schapenvacht-voor-baby-mimosa-bio-unrefined\/","title":{"rendered":"Piel de oveja para beb\u00e9 - Raw Mimosa (curtido vegetal con Mimosa cruda)"},"content":{"rendered":"<p><strong>Descripci\u00f3n<\/strong><\/p>\n<p>Las pieles de oveja Woolskins Baby-Care tienen un pelaje m\u00e1s corto que las hace a prueba de beb\u00e9s. Son adecuadas desde el nacimiento y, como su elaboraci\u00f3n tiene en cuenta el medio ambiente, protegen tanto a los peque\u00f1os como al planeta. En casa o fuera de ella, creas un entorno confortable en el que tu hijo se siente feliz y relajado. \u00bfSab\u00edas que la piel de oveja tambi\u00e9n es saludable para tu hijo?<\/p>\n<p>- Longitud 90-100cm \/ pelaje 3cm.<br \/>\n- 100% Curtido plano con tanino de mimosa crudo.<br \/>\n- Pelaje suave y compacto.<br \/>\n- NO se puede lavar ni secar a m\u00e1quina.<br \/>\n- F\u00e1cil de mantener.<\/p>\n<p>Pida con \u00e9l un cepillo de mantenimiento para mantener su pelaje bonito durante mucho tiempo y\/o personal\u00edcelo con su regalo de nacimiento o el de su hijo. Un regalo precioso y \u00fanico, disponible exclusivamente en Woolskins. Embalaje est\u00e1ndar \u2018listo para regalo\u2019 con nota personal.<\/p>\n<p><strong>Caracter\u00edsticas Piel de oveja Mimosa<\/strong><\/p>\n<p>Para este pelaje de curtido vegetal puro se utiliza el tanino crudo de MIMOSA, obtenido de la corteza del \u00e1rbol de la mimosa. Los pelajes no est\u00e1n pretratados ni coloreados, lo que preserva la pigmentaci\u00f3n original. Al utilizar tanino de mimosa crudo durante el curtido, el pelaje adquiere un bonito color miel-crema y la parte del cuero se muestra ligeramente rosada por el tanino.  Esto ayuda al beb\u00e9 a mantener una temperatura estable y lo mantiene seco y c\u00f3modo. Fresco en verano y c\u00e1lido en invierno.<\/p>\n<p><strong>Respetuoso con el medio ambiente<\/strong><\/p>\n<p>Todos los agentes utilizados en el curtido y el acabado cumplen las directivas esenciales de la UE relativas a la conservaci\u00f3n y protecci\u00f3n del medio ambiente.<\/p>\n<p>Nuestros abrigos se curten de acuerdo con la normativa REACH, adoptada para mejorar la protecci\u00f3n de la salud humana y el medio ambiente frente a los riesgos que pueden plantear las sustancias qu\u00edmicas, aumentando al mismo tiempo la competitividad de la industria qu\u00edmica de la UE. En la producci\u00f3n no se utilizan tintes AZO.<\/p>\n<p>ECO PRODUCTOS - las pieles son Eco Friendly Skins, su procesamiento y tratamiento son seguros para adultos y ni\u00f1os. Las pieles son biodegradables, ecol\u00f3gicas.<\/p>\n<p>Woolskins no vende vellones de ovejas que hayan sido muladas. El mulesing no se utiliza en ovejas europeas porque el par\u00e1sito que hace que los ganaderos utilicen el mulesing no se encuentra en Europa.<\/p>\n<p><strong>Dormilonas... \u00a1tomen nota!<\/strong><\/p>\n<p>Los peque\u00f1os que duermen boca abajo durante los primeros 12 meses no deben dormir sobre nada blando por motivos de seguridad, ya que puede ser peligroso. As\u00ed que te recomendamos que utilices la piel Woolskins con prudencia. Presta siempre atenci\u00f3n cuando tu hijo est\u00e9 tumbado o durmiendo boca abajo y aseg\u00farate de que est\u00e9 siempre vigilado.<\/p>","protected":false},"excerpt":{"rendered":"<p><strong>Piel de oveja suave y natural para beb\u00e9s - Woolskins<br \/>\n<\/strong><br \/>\nDale a tu beb\u00e9 lo mejor con esta manta de piel de oveja europea de alta calidad de Woolskins. Perfecta como superficie suave y c\u00f3moda en la cuna, el parque o el suelo. El forro polar est\u00e1 hecho de suave lana natural que regula la temperatura y protege la sensible piel de tu beb\u00e9. <span style=\"font-size: 16px;\">Al utilizar tanino de mimosa crudo durante el curtido, el pelaje adquiere un bonito color miel-crema y la parte del cuero se muestra ligeramente rosada por el tanino. <\/span>Tambi\u00e9n tiene un efecto calmante, que hace que su hijo se sienta relajado durante el juego o los momentos de descanso. Duradero y de f\u00e1cil cuidado, para que pueda disfrutarlo durante mucho tiempo. Encontrar\u00e1 m\u00e1s informaci\u00f3n en la secci\u00f3n de informaci\u00f3n sobre el producto.<\/p>\n<p><strong>Marca: Woolskins<\/strong><br \/>\n<strong>Pa\u00eds: Polonia<\/strong><\/p>\n<h6><\/h6>","protected":false},"featured_media":21304,"comment_status":"closed","ping_status":"closed","template":"","meta":{"_acf_changed":false},"product_brand":[],"product_cat":[216,354],"product_tag":[],"class_list":{"0":"post-21288","1":"product","2":"type-product","3":"status-publish","4":"has-post-thumbnail","6":"product_cat-schapenvacht-voor-baby","7":"product_cat-woolskins","9":"first","10":"outofstock","11":"taxable","12":"shipping-taxable","13":"purchasable","14":"product-type-variable","15":"has-default-attributes"},"acf":[],"_links":{"self":[{"href":"https:\/\/woolskins.eu\/es\/wp-json\/wp\/v2\/product\/21288","targetHints":{"allow":["GET"]}}],"collection":[{"href":"https:\/\/woolskins.eu\/es\/wp-json\/wp\/v2\/product"}],"about":[{"href":"https:\/\/woolskins.eu\/es\/wp-json\/wp\/v2\/types\/product"}],"replies":[{"embeddable":true,"href":"https:\/\/woolskins.eu\/es\/wp-json\/wp\/v2\/comments?post=21288"}],"wp:featuredmedia":[{"embeddable":true,"href":"https:\/\/woolskins.eu\/es\/wp-json\/wp\/v2\/media\/21304"}],"wp:attachment":[{"href":"https:\/\/woolskins.eu\/es\/wp-json\/wp\/v2\/media?parent=21288"}],"wp:term":[{"taxonomy":"product_brand","embeddable":true,"href":"https:\/\/woolskins.eu\/es\/wp-json\/wp\/v2\/product_brand?post=21288"},{"taxonomy":"product_cat","embeddable":true,"href":"https:\/\/woolskins.eu\/es\/wp-json\/wp\/v2\/product_cat?post=21288"},{"taxonomy":"product_tag","embeddable":true,"href":"https:\/\/woolskins.eu\/es\/wp-json\/wp\/v2\/product_tag?post=21288"}],"curies":[{"name":"wp","href":"https:\/\/api.w.org\/{rel}","templated":true}]}}