{"id":20825,"date":"2024-07-10T09:03:01","date_gmt":"2024-07-10T09:03:01","guid":{"rendered":"https:\/\/woolskins.eu\/?post_type=product&#038;p=20825"},"modified":"2025-09-27T09:29:09","modified_gmt":"2025-09-27T09:29:09","slug":"click-clack-bolas-madera-naranja","status":"publish","type":"product","link":"https:\/\/woolskins.eu\/es\/klik-klak-ballen-hout-oranje\/","title":{"rendered":"Bolas Click Clack | Madera - Naranja"},"content":{"rendered":"<p>Para divertirse haciendo \u201cclic-clac\u201d, hay que agarrar el aro y realizar en\u00e9rgicos movimientos con la mano hacia arriba y hacia abajo, de modo que las bolas de madera reboten alternativamente por encima y por debajo de la mano. Cuando las bolas rebotan unas contra otras, emiten el caracter\u00edstico sonido \"clic-clac\". Gracias a este juguete, los ni\u00f1os pueden entrenar sus reflejos y practicar la destreza manual y la coordinaci\u00f3n ojo-mano... bueno, no s\u00f3lo los ni\u00f1os.<\/p>\n<p>Caracter\u00edsticas:<\/p>\n<p>-el juego consiste en un aro al que se sujeta un trozo de cuerda, en cuyo extremo se colocan dos bolas de colores<\/p>\n<p>-est\u00e1 disponible en dos colores<\/p>\n<p>- azul y naranja Fabricado con madera noble de la mejor calidad procedente de proveedores con certificaci\u00f3n FSC\u00ae Se utilizaron pinturas ecol\u00f3gicas para la pintura<\/p>\n<p>-acabado con una laca segura y no t\u00f3xicacuidadosamente pulido, agradable al tacto para aportar alegr\u00eda y garantizar la seguridad<\/p>\n<p>-producto ecol\u00f3gico juguetes sin sustancias nocivas-apto para ni\u00f1os a partir de 3 a\u00f1os<\/p>\n<p>DimensionesDi\u00e1metro de la bola 4 cm, cuerda 20 cm<\/p>\n<p data-sourcepos=\"38:1-38:17\"><strong>Acerca de Tarnawa<\/strong><\/p>\n<p><strong>Conf\u00eda en la tradici\u00f3n familiar<\/strong><\/p>\n<p>Sabemos c\u00f3mo hacer felices a los ni\u00f1os desde peque\u00f1os. Sabemos que su desarrollo y seguridad son tan importantes como la diversi\u00f3n. M\u00e1s de 80 a\u00f1os de trabajo fabricando juguetes y art\u00edculos de madera nos lo han ense\u00f1ado. Ofrecemos a nuestros clientes juguetes de madera de alta calidad para ni\u00f1os que no s\u00f3lo son resistentes, sino tambi\u00e9n seguros. Conocimientos, experiencia, pasi\u00f3n y compromiso que transmitimos en nuestra casa de generaci\u00f3n en generaci\u00f3n. Tarnawa no es s\u00f3lo una empresa, \u00a1es una familia!<\/p>\n<p><img loading=\"lazy\" decoding=\"async\" class=\"alignnone size-medium wp-image-20439\" src=\"https:\/\/woolskins.eu\/wp-content\/uploads\/2024\/06\/IMG_1333-scaled-Klein-225x300.jpg\" alt=\"Pato andador de madera Bast\u00f3n Juguetes de madera Pieles de lana Tarnawa\" width=\"225\" height=\"300\" srcset=\"https:\/\/woolskins.eu\/wp-content\/uploads\/2024\/06\/IMG_1333-scaled-Klein-225x300.jpg 225w, https:\/\/woolskins.eu\/wp-content\/uploads\/2024\/06\/IMG_1333-scaled-Klein-64x85.jpg 64w, https:\/\/woolskins.eu\/wp-content\/uploads\/2024\/06\/IMG_1333-scaled-Klein-9x12.jpg 9w, https:\/\/woolskins.eu\/wp-content\/uploads\/2024\/06\/IMG_1333-scaled-Klein.jpg 480w\" sizes=\"auto, (max-width: 225px) 100vw, 225px\" \/><\/p>\n<p><strong>Juguetes de alta calidad para sus hijos y los nuestros.<br \/>\n<\/strong><br \/>\nCreemos que, como padre, usted quiere que los juguetes que regala a su hijo sean bonitos, cuidadosamente fabricados, duraderos y seguros. Nos aseguramos de que nuestros productos de madera, gracias a su funcionalidad, as\u00ed como a su est\u00e9tica y precisi\u00f3n de acabado, sirvan a su hijo tanto tiempo y tan bien como sea posible. Los fabricamos a mano, prestando atenci\u00f3n a los detalles m\u00e1s peque\u00f1os. Los juguetes de madera de Tarnawa no se fabrican en serie, son peque\u00f1as obras de arte.<\/p>\n<p><strong>Creamos con los tiempos<br \/>\n<\/strong><br \/>\nEl mundo evoluciona constantemente, al igual que su hijo y usted. El desarrollo es la base de la existencia. A\u00f1os de experiencia nos han ense\u00f1ado a no quedarnos quietos, y por eso intentamos constantemente hacer algo nuevo. Como fabricantes de juguetes de madera, combinamos la pasi\u00f3n por las t\u00e9cnicas tradicionales de fabricaci\u00f3n de juguetes con un aspecto moderno. Llegamos a usted, querido padre, gracias a los medios de comunicaci\u00f3n modernos, facilit\u00e1ndole a usted y a su hijo el acceso a nuestros productos naturales.<\/p>\n<p>&nbsp;<\/p>\n<p><img loading=\"lazy\" decoding=\"async\" class=\"size-full wp-image-20440 aligncenter\" src=\"https:\/\/woolskins.eu\/wp-content\/uploads\/2024\/06\/Logo.black_-300x263-1.png\" alt=\"Pato andador de madera Bast\u00f3n Juguetes de madera Pieles de lana Tarnawa\" width=\"300\" height=\"263\" srcset=\"https:\/\/woolskins.eu\/wp-content\/uploads\/2024\/06\/Logo.black_-300x263-1.png 300w, https:\/\/woolskins.eu\/wp-content\/uploads\/2024\/06\/Logo.black_-300x263-1-64x56.png 64w, https:\/\/woolskins.eu\/wp-content\/uploads\/2024\/06\/Logo.black_-300x263-1-14x12.png 14w\" sizes=\"auto, (max-width: 300px) 100vw, 300px\" \/><\/p>","protected":false},"excerpt":{"rendered":"<p data-sourcepos=\"1:1-1:55\"><strong>Bolas de madera Click-clack<\/strong><\/p>\n<p data-sourcepos=\"3:1-3:54\">Para ni\u00f1os un poco mayores, o para los padres, \u00a1\u00e9ste es un regalo superdivertido! La diversi\u00f3n clic-clac consiste en agarrar el anillo y realizar en\u00e9rgicos movimientos con la mano hacia arriba y hacia abajo, de modo que las bolas de madera reboten alternativamente por encima y por debajo de la mano. Cuando las bolas rebotan unas contra otras, emiten el caracter\u00edstico sonido \u201cclic-clac\u201d. Gracias a este juguete, los ni\u00f1os pueden entrenar sus reflejos y practicar la destreza manual y la coordinaci\u00f3n ojo-mano... bueno, no s\u00f3lo los ni\u00f1os.<\/p>\n<p><strong>Marca: Tarnawa<\/strong><br \/>\n<strong>Producci\u00f3n: Polonia<\/strong><\/p>\n<p data-sourcepos=\"38:1-38:17\">","protected":false},"featured_media":20832,"comment_status":"open","ping_status":"closed","template":"","meta":{"_acf_changed":false},"product_brand":[],"product_cat":[504,505],"product_tag":[],"class_list":{"0":"post-20825","1":"product","2":"type-product","3":"status-publish","4":"has-post-thumbnail","6":"product_cat-houten-speelgoed","7":"product_cat-tarnawa","9":"first","10":"outofstock","11":"sale","12":"taxable","13":"shipping-taxable","14":"purchasable","15":"product-type-simple"},"acf":[],"_links":{"self":[{"href":"https:\/\/woolskins.eu\/es\/wp-json\/wp\/v2\/product\/20825","targetHints":{"allow":["GET"]}}],"collection":[{"href":"https:\/\/woolskins.eu\/es\/wp-json\/wp\/v2\/product"}],"about":[{"href":"https:\/\/woolskins.eu\/es\/wp-json\/wp\/v2\/types\/product"}],"replies":[{"embeddable":true,"href":"https:\/\/woolskins.eu\/es\/wp-json\/wp\/v2\/comments?post=20825"}],"wp:featuredmedia":[{"embeddable":true,"href":"https:\/\/woolskins.eu\/es\/wp-json\/wp\/v2\/media\/20832"}],"wp:attachment":[{"href":"https:\/\/woolskins.eu\/es\/wp-json\/wp\/v2\/media?parent=20825"}],"wp:term":[{"taxonomy":"product_brand","embeddable":true,"href":"https:\/\/woolskins.eu\/es\/wp-json\/wp\/v2\/product_brand?post=20825"},{"taxonomy":"product_cat","embeddable":true,"href":"https:\/\/woolskins.eu\/es\/wp-json\/wp\/v2\/product_cat?post=20825"},{"taxonomy":"product_tag","embeddable":true,"href":"https:\/\/woolskins.eu\/es\/wp-json\/wp\/v2\/product_tag?post=20825"}],"curies":[{"name":"wp","href":"https:\/\/api.w.org\/{rel}","templated":true}]}}