{"id":20803,"date":"2024-07-09T12:38:35","date_gmt":"2024-07-09T12:38:35","guid":{"rendered":"https:\/\/woolskins.eu\/?post_type=product&#038;p=20803"},"modified":"2025-12-17T20:23:55","modified_gmt":"2025-12-17T20:23:55","slug":"autobus-de-madera","status":"publish","type":"product","link":"https:\/\/woolskins.eu\/es\/houten-autobus\/","title":{"rendered":"Coche Autob\u00fas de Madera - Natural"},"content":{"rendered":"<p data-sourcepos=\"19:1-19:18\"><strong>Especificaciones:<\/strong><\/p>\n<ul data-sourcepos=\"21:1-24:0\">\n<li data-sourcepos=\"21:1-21:17\">Material: madera certificada FSC<\/li>\n<li data-sourcepos=\"22:1-22:35\">Dimensiones: 13,5 x 5,5 x 5,5 cm<\/li>\n<li data-sourcepos=\"23:1-24:0\">Edad: Ni\u00f1os peque\u00f1os<\/li>\n<\/ul>\n<p data-sourcepos=\"25:1-25:118\"><strong>\u00a1Convierta el tiempo de juego en tiempo de aprendizaje con este juego de equilibrio de madera! \u00a1P\u00eddelo hoy mismo y deja que tu hijo experimente la diversi\u00f3n!<\/strong><\/p>\n<p data-sourcepos=\"38:1-38:17\"><strong>Acerca de Tarnawa<\/strong><\/p>\n<p><strong>Conf\u00eda en la tradici\u00f3n familiar<\/strong><\/p>\n<p>Sabemos c\u00f3mo hacer felices a los ni\u00f1os desde peque\u00f1os. Sabemos que su desarrollo y seguridad son tan importantes como la diversi\u00f3n. M\u00e1s de 80 a\u00f1os de trabajo fabricando juguetes y art\u00edculos de madera nos lo han ense\u00f1ado. Ofrecemos a nuestros clientes juguetes de madera de alta calidad para ni\u00f1os que no s\u00f3lo son resistentes, sino tambi\u00e9n seguros. Conocimientos, experiencia, pasi\u00f3n y compromiso que transmitimos en nuestra casa de generaci\u00f3n en generaci\u00f3n. Tarnawa no es s\u00f3lo una empresa, \u00a1es una familia!<\/p>\n<p><img loading=\"lazy\" decoding=\"async\" class=\"alignnone size-medium wp-image-20439 entered lazyloaded\" src=\"https:\/\/i0.wp.com\/woolskins.eu\/wp-content\/uploads\/2024\/06\/IMG_1333-scaled-Klein.jpg?resize=225%2C300&amp;ssl=1\" sizes=\"auto, (max-width: 225px) 100vw, 225px\" srcset=\"https:\/\/i0.wp.com\/woolskins.eu\/wp-content\/uploads\/2024\/06\/IMG_1333-scaled-Klein.jpg?resize=225%2C300&amp;ssl=1 225w, https:\/\/i0.wp.com\/woolskins.eu\/wp-content\/uploads\/2024\/06\/IMG_1333-scaled-Klein.jpg?resize=9%2C12&amp;ssl=1 9w, https:\/\/i0.wp.com\/woolskins.eu\/wp-content\/uploads\/2024\/06\/IMG_1333-scaled-Klein.jpg?resize=64%2C85&amp;ssl=1 64w, https:\/\/i0.wp.com\/woolskins.eu\/wp-content\/uploads\/2024\/06\/IMG_1333-scaled-Klein.jpg?w=480&amp;ssl=1 480w\" alt=\"Pato andador de madera Bast\u00f3n Juguetes de madera Pieles de lana Tarnawa\" width=\"225\" height=\"300\" data-lazy-srcset=\"https:\/\/i0.wp.com\/woolskins.eu\/wp-content\/uploads\/2024\/06\/IMG_1333-scaled-Klein.jpg?resize=225%2C300&amp;ssl=1 225w, https:\/\/i0.wp.com\/woolskins.eu\/wp-content\/uploads\/2024\/06\/IMG_1333-scaled-Klein.jpg?resize=9%2C12&amp;ssl=1 9w, https:\/\/i0.wp.com\/woolskins.eu\/wp-content\/uploads\/2024\/06\/IMG_1333-scaled-Klein.jpg?resize=64%2C85&amp;ssl=1 64w, https:\/\/i0.wp.com\/woolskins.eu\/wp-content\/uploads\/2024\/06\/IMG_1333-scaled-Klein.jpg?w=480&amp;ssl=1 480w\" data-lazy-sizes=\"(max-width: 225px) 100vw, 225px\" data-recalc-dims=\"1\" data-lazy-src=\"https:\/\/i0.wp.com\/woolskins.eu\/wp-content\/uploads\/2024\/06\/IMG_1333-scaled-Klein.jpg?resize=225%2C300&amp;ssl=1\" data-ll-status=\"loaded\" \/><\/p>\n<p><strong>Juguetes de alta calidad para sus hijos y los nuestros.<br \/>\n<\/strong><br \/>\nCreemos que, como padre, usted quiere que los juguetes que regala a su hijo sean bonitos, cuidadosamente fabricados, duraderos y seguros. Nos aseguramos de que nuestros productos de madera, gracias a su funcionalidad, as\u00ed como a su est\u00e9tica y precisi\u00f3n de acabado, sirvan a su hijo tanto tiempo y tan bien como sea posible. Los fabricamos a mano, prestando atenci\u00f3n a los detalles m\u00e1s peque\u00f1os. Los juguetes de madera de Tarnawa no se fabrican en serie, son peque\u00f1as obras de arte.<\/p>\n<p><strong>Creamos con los tiempos<br \/>\n<\/strong><br \/>\nEl mundo evoluciona constantemente, al igual que su hijo y usted. El desarrollo es la base de la existencia. A\u00f1os de experiencia nos han ense\u00f1ado a no quedarnos quietos, y por eso intentamos constantemente hacer algo nuevo. Como fabricantes de juguetes de madera, combinamos la pasi\u00f3n por las t\u00e9cnicas tradicionales de fabricaci\u00f3n de juguetes con un aspecto moderno. Llegamos a usted, querido padre, gracias a los medios de comunicaci\u00f3n modernos, facilit\u00e1ndole a usted y a su hijo el acceso a nuestros productos naturales.<\/p>\n<p>&nbsp;<\/p>\n<p><img loading=\"lazy\" decoding=\"async\" class=\"size-full wp-image-20440 aligncenter entered lazyloaded\" src=\"https:\/\/i0.wp.com\/woolskins.eu\/wp-content\/uploads\/2024\/06\/Logo.black_-300x263-1.png?resize=300%2C263&amp;ssl=1\" sizes=\"auto, (max-width: 300px) 100vw, 300px\" srcset=\"https:\/\/i0.wp.com\/woolskins.eu\/wp-content\/uploads\/2024\/06\/Logo.black_-300x263-1.png?w=300&amp;ssl=1 300w, https:\/\/i0.wp.com\/woolskins.eu\/wp-content\/uploads\/2024\/06\/Logo.black_-300x263-1.png?resize=14%2C12&amp;ssl=1 14w, https:\/\/i0.wp.com\/woolskins.eu\/wp-content\/uploads\/2024\/06\/Logo.black_-300x263-1.png?resize=64%2C56&amp;ssl=1 64w\" alt=\"Pato andador de madera Bast\u00f3n Juguetes de madera Pieles de lana Tarnawa\" width=\"300\" height=\"263\" data-lazy-srcset=\"https:\/\/i0.wp.com\/woolskins.eu\/wp-content\/uploads\/2024\/06\/Logo.black_-300x263-1.png?w=300&amp;ssl=1 300w, https:\/\/i0.wp.com\/woolskins.eu\/wp-content\/uploads\/2024\/06\/Logo.black_-300x263-1.png?resize=14%2C12&amp;ssl=1 14w, https:\/\/i0.wp.com\/woolskins.eu\/wp-content\/uploads\/2024\/06\/Logo.black_-300x263-1.png?resize=64%2C56&amp;ssl=1 64w\" data-lazy-sizes=\"(max-width: 300px) 100vw, 300px\" data-recalc-dims=\"1\" data-lazy-src=\"https:\/\/i0.wp.com\/woolskins.eu\/wp-content\/uploads\/2024\/06\/Logo.black_-300x263-1.png?resize=300%2C263&amp;ssl=1\" data-ll-status=\"loaded\" \/><\/p>","protected":false},"excerpt":{"rendered":"<p>Este coche de madera es perfecto para que las manitas lo agarren y se pongan a zumbar. Fabricado en madera lisa y resistente, es seguro y duradero para un sinf\u00edn de aventuras imaginativas.<\/p>\n<p>Caracter\u00edsticas:<\/p>\n<ul>\n<li>Fabricado con madera sostenible.<\/li>\n<li>Acabado liso y pintado.<\/li>\n<li>Formato grueso para facilitar el agarre.<\/li>\n<li>Da rienda suelta a la creatividad de tu hijo con este intemporal juguete de madera.<\/li>\n<\/ul>\n<p><strong>Marca: Tarnawa<\/strong><br \/>\n<strong>Producci\u00f3n: Polonia<\/strong><\/p>","protected":false},"featured_media":20812,"comment_status":"open","ping_status":"closed","template":"","meta":{"_acf_changed":false},"product_brand":[],"product_cat":[504,505],"product_tag":[],"class_list":{"0":"post-20803","1":"product","2":"type-product","3":"status-publish","4":"has-post-thumbnail","6":"product_cat-houten-speelgoed","7":"product_cat-tarnawa","9":"first","10":"outofstock","11":"taxable","12":"shipping-taxable","13":"purchasable","14":"product-type-simple"},"acf":[],"_links":{"self":[{"href":"https:\/\/woolskins.eu\/es\/wp-json\/wp\/v2\/product\/20803","targetHints":{"allow":["GET"]}}],"collection":[{"href":"https:\/\/woolskins.eu\/es\/wp-json\/wp\/v2\/product"}],"about":[{"href":"https:\/\/woolskins.eu\/es\/wp-json\/wp\/v2\/types\/product"}],"replies":[{"embeddable":true,"href":"https:\/\/woolskins.eu\/es\/wp-json\/wp\/v2\/comments?post=20803"}],"wp:featuredmedia":[{"embeddable":true,"href":"https:\/\/woolskins.eu\/es\/wp-json\/wp\/v2\/media\/20812"}],"wp:attachment":[{"href":"https:\/\/woolskins.eu\/es\/wp-json\/wp\/v2\/media?parent=20803"}],"wp:term":[{"taxonomy":"product_brand","embeddable":true,"href":"https:\/\/woolskins.eu\/es\/wp-json\/wp\/v2\/product_brand?post=20803"},{"taxonomy":"product_cat","embeddable":true,"href":"https:\/\/woolskins.eu\/es\/wp-json\/wp\/v2\/product_cat?post=20803"},{"taxonomy":"product_tag","embeddable":true,"href":"https:\/\/woolskins.eu\/es\/wp-json\/wp\/v2\/product_tag?post=20803"}],"curies":[{"name":"wp","href":"https:\/\/api.w.org\/{rel}","templated":true}]}}