{"id":20802,"date":"2024-07-09T12:35:11","date_gmt":"2024-07-09T12:35:11","guid":{"rendered":"https:\/\/woolskins.eu\/?post_type=product&#038;p=20802"},"modified":"2024-11-29T14:28:39","modified_gmt":"2024-11-29T14:28:39","slug":"torre-apilable-de-madera-bloques-apilables-octagono","status":"publish","type":"product","link":"https:\/\/woolskins.eu\/es\/houten-stapeltoren-stapelstenen-achthoek\/","title":{"rendered":"Torre apilable de madera - Ladrillos apilables | Oct\u00e1gono"},"content":{"rendered":"<p data-sourcepos=\"5:1-5:42\"><strong>\u00bfPor qu\u00e9 elegir la torre apilable de madera?<\/strong><\/p>\n<ul data-sourcepos=\"7:1-7:44\">\n<li data-sourcepos=\"7:1-7:44\"><strong>Estimula el desarrollo motor:<\/strong> Al apilar los bloques, su hijo ejercita su motricidad fina y su coordinaci\u00f3n.<\/li>\n<li data-sourcepos=\"8:1-8:13\"><b>Coordinaci\u00f3n mano-ojo: <\/b>ayuda a la capacidad de realizar acciones que requieren el uso simult\u00e1neo de nuestros ojos y manos.<\/li>\n<li data-sourcepos=\"9:1-9:129\"><b>Habilidades cognitivas:\u00a0<\/b>foment\u00f3 la intelegancia y la concentraci\u00f3n.<\/li>\n<li data-sourcepos=\"10:1-10:134\"><strong>Fabricado con materiales duraderos:<\/strong> El juego de equilibrio est\u00e1 fabricado con madera FSC\u00ae de alta calidad, por lo que es duradero y resistente.<\/li>\n<li data-sourcepos=\"11:1-11:112\"><strong>Seguro para los ni\u00f1os:<\/strong>\u00a0El palo de empujar est\u00e1 acabado con una pintura segura y no t\u00f3xica y tiene un acabado liso, sin bordes afilados, lo que lo hace seguro para que los ni\u00f1os jueguen con \u00e9l.<\/li>\n<\/ul>\n<p data-sourcepos=\"13:1-13:40\"><strong>Este juego de equilibrio es perfecto para:<\/strong><\/p>\n<ul data-sourcepos=\"15:1-18:0\">\n<li data-sourcepos=\"15:1-15:25\">Ni\u00f1os peque\u00f1os aprendiendo a jugar.<\/li>\n<li data-sourcepos=\"16:1-16:44\">Ni\u00f1os que quieren usar su imaginaci\u00f3n<\/li>\n<li data-sourcepos=\"17:1-18:0\">Padres que buscan juguetes sostenibles y educativos<\/li>\n<\/ul>\n<p data-sourcepos=\"19:1-19:18\"><strong>Especificaciones:<\/strong><\/p>\n<ul data-sourcepos=\"21:1-24:0\">\n<li data-sourcepos=\"21:1-21:17\">Material: madera certificada FSC<\/li>\n<li data-sourcepos=\"22:1-22:35\">Dimensiones: 11,0 x 11,0 x 18,5 cm<\/li>\n<li data-sourcepos=\"23:1-24:0\">Edad: Ni\u00f1os peque\u00f1os<\/li>\n<\/ul>\n<p data-sourcepos=\"25:1-25:118\"><strong>\u00a1Convierta el tiempo de juego en tiempo de aprendizaje con este juego de equilibrio de madera! \u00a1P\u00eddelo hoy mismo y deja que tu hijo experimente la diversi\u00f3n!<\/strong><\/p>\n<p data-sourcepos=\"32:1-32:9\"><strong>Consejos:<\/strong><\/p>\n<ul data-sourcepos=\"34:1-37:0\">\n<li data-sourcepos=\"34:1-34:65\">Juega primero apilando los cubos por turnos.<\/li>\n<li data-sourcepos=\"35:1-35:70\">Juegue con su hijo mientras deja que el dado determine qu\u00e9 bloque apilar.<\/li>\n<\/ul>\n<p data-sourcepos=\"38:1-38:17\"><strong>Con este juego de apilar de Tarnawa, la diversi\u00f3n est\u00e1 garantizada para ti y para tu hijo.<\/strong><\/p>\n<p data-sourcepos=\"38:1-38:17\"><strong>Acerca de Tarnawa<\/strong><\/p>\n<p><strong>Conf\u00eda en la tradici\u00f3n familiar<\/strong><\/p>\n<p>Sabemos c\u00f3mo hacer felices a los ni\u00f1os desde peque\u00f1os. Sabemos que su desarrollo y seguridad son tan importantes como la diversi\u00f3n. M\u00e1s de 80 a\u00f1os de trabajo fabricando juguetes y art\u00edculos de madera nos lo han ense\u00f1ado. Ofrecemos a nuestros clientes juguetes de madera de alta calidad para ni\u00f1os que no s\u00f3lo son resistentes, sino tambi\u00e9n seguros. Conocimientos, experiencia, pasi\u00f3n y compromiso que transmitimos en nuestra casa de generaci\u00f3n en generaci\u00f3n. Tarnawa no es s\u00f3lo una empresa, \u00a1es una familia!<\/p>\n<p><img loading=\"lazy\" decoding=\"async\" class=\"alignnone size-medium wp-image-20439 entered lazyloaded\" src=\"https:\/\/i0.wp.com\/woolskins.eu\/wp-content\/uploads\/2024\/06\/IMG_1333-scaled-Klein.jpg?resize=225%2C300&amp;ssl=1\" sizes=\"auto, (max-width: 225px) 100vw, 225px\" srcset=\"https:\/\/i0.wp.com\/woolskins.eu\/wp-content\/uploads\/2024\/06\/IMG_1333-scaled-Klein.jpg?resize=225%2C300&amp;ssl=1 225w, https:\/\/i0.wp.com\/woolskins.eu\/wp-content\/uploads\/2024\/06\/IMG_1333-scaled-Klein.jpg?resize=9%2C12&amp;ssl=1 9w, https:\/\/i0.wp.com\/woolskins.eu\/wp-content\/uploads\/2024\/06\/IMG_1333-scaled-Klein.jpg?resize=64%2C85&amp;ssl=1 64w, https:\/\/i0.wp.com\/woolskins.eu\/wp-content\/uploads\/2024\/06\/IMG_1333-scaled-Klein.jpg?w=480&amp;ssl=1 480w\" alt=\"Pato andador de madera Bast\u00f3n Juguetes de madera Pieles de lana Tarnawa\" width=\"225\" height=\"300\" data-lazy-srcset=\"https:\/\/i0.wp.com\/woolskins.eu\/wp-content\/uploads\/2024\/06\/IMG_1333-scaled-Klein.jpg?resize=225%2C300&amp;ssl=1 225w, https:\/\/i0.wp.com\/woolskins.eu\/wp-content\/uploads\/2024\/06\/IMG_1333-scaled-Klein.jpg?resize=9%2C12&amp;ssl=1 9w, https:\/\/i0.wp.com\/woolskins.eu\/wp-content\/uploads\/2024\/06\/IMG_1333-scaled-Klein.jpg?resize=64%2C85&amp;ssl=1 64w, https:\/\/i0.wp.com\/woolskins.eu\/wp-content\/uploads\/2024\/06\/IMG_1333-scaled-Klein.jpg?w=480&amp;ssl=1 480w\" data-lazy-sizes=\"(max-width: 225px) 100vw, 225px\" data-recalc-dims=\"1\" data-lazy-src=\"https:\/\/i0.wp.com\/woolskins.eu\/wp-content\/uploads\/2024\/06\/IMG_1333-scaled-Klein.jpg?resize=225%2C300&amp;ssl=1\" data-ll-status=\"loaded\" \/><\/p>\n<p><strong>Juguetes de alta calidad para sus hijos y los nuestros.<br \/>\n<\/strong><br \/>\nCreemos que, como padre, usted quiere que los juguetes que regala a su hijo sean bonitos, cuidadosamente fabricados, duraderos y seguros. Nos aseguramos de que nuestros productos de madera, gracias a su funcionalidad, as\u00ed como a su est\u00e9tica y precisi\u00f3n de acabado, sirvan a su hijo tanto tiempo y tan bien como sea posible. Los fabricamos a mano, prestando atenci\u00f3n a los detalles m\u00e1s peque\u00f1os. Los juguetes de madera de Tarnawa no se fabrican en serie, son peque\u00f1as obras de arte.<\/p>\n<p><strong>Creamos con los tiempos<br \/>\n<\/strong><br \/>\nEl mundo evoluciona constantemente, al igual que su hijo y usted. El desarrollo es la base de la existencia. A\u00f1os de experiencia nos han ense\u00f1ado a no quedarnos quietos, y por eso intentamos constantemente hacer algo nuevo. Como fabricantes de juguetes de madera, combinamos la pasi\u00f3n por las t\u00e9cnicas tradicionales de fabricaci\u00f3n de juguetes con un aspecto moderno. Llegamos a usted, querido padre, gracias a los medios de comunicaci\u00f3n modernos, facilit\u00e1ndole a usted y a su hijo el acceso a nuestros productos naturales.<\/p>\n<p>&nbsp;<\/p>\n<p><img loading=\"lazy\" decoding=\"async\" class=\"size-full wp-image-20440 aligncenter entered lazyloaded\" src=\"https:\/\/i0.wp.com\/woolskins.eu\/wp-content\/uploads\/2024\/06\/Logo.black_-300x263-1.png?resize=300%2C263&amp;ssl=1\" sizes=\"auto, (max-width: 300px) 100vw, 300px\" srcset=\"https:\/\/i0.wp.com\/woolskins.eu\/wp-content\/uploads\/2024\/06\/Logo.black_-300x263-1.png?w=300&amp;ssl=1 300w, https:\/\/i0.wp.com\/woolskins.eu\/wp-content\/uploads\/2024\/06\/Logo.black_-300x263-1.png?resize=14%2C12&amp;ssl=1 14w, https:\/\/i0.wp.com\/woolskins.eu\/wp-content\/uploads\/2024\/06\/Logo.black_-300x263-1.png?resize=64%2C56&amp;ssl=1 64w\" alt=\"Pato andador de madera Bast\u00f3n Juguetes de madera Pieles de lana Tarnawa\" width=\"300\" height=\"263\" data-lazy-srcset=\"https:\/\/i0.wp.com\/woolskins.eu\/wp-content\/uploads\/2024\/06\/Logo.black_-300x263-1.png?w=300&amp;ssl=1 300w, https:\/\/i0.wp.com\/woolskins.eu\/wp-content\/uploads\/2024\/06\/Logo.black_-300x263-1.png?resize=14%2C12&amp;ssl=1 14w, https:\/\/i0.wp.com\/woolskins.eu\/wp-content\/uploads\/2024\/06\/Logo.black_-300x263-1.png?resize=64%2C56&amp;ssl=1 64w\" data-lazy-sizes=\"(max-width: 300px) 100vw, 300px\" data-recalc-dims=\"1\" data-lazy-src=\"https:\/\/i0.wp.com\/woolskins.eu\/wp-content\/uploads\/2024\/06\/Logo.black_-300x263-1.png?resize=300%2C263&amp;ssl=1\" data-ll-status=\"loaded\" \/><\/p>","protected":false},"excerpt":{"rendered":"<p>Divi\u00e9rtete con tu peque\u00f1o jugando a este juego de apilar torres de madera de Tarnawa. Este juego de apilar torres de madera ayuda a su hijo a pensar de forma l\u00f3gica y tambi\u00e9n a desarrollar sus habilidades cognitivas y la coordinaci\u00f3n mano-ojo. Puedes utilizar esta torre apilable de diferentes maneras. Los ni\u00f1os peque\u00f1os pueden construir la torre alrededor del soporte y los ni\u00f1os mayores tambi\u00e9n pueden intentar apilar los discos sin el soporte. La base y los bloques tienen un acabado liso, no tienen bordes afilados y est\u00e1n acabados con un barniz antiadherente, por lo que son seguros para que los ni\u00f1os jueguen con ellos.<\/p>\n<p><strong>Marca: Tarnawa<\/strong><br \/>\n<strong>Producci\u00f3n: Polonia<\/strong><\/p>","protected":false},"featured_media":20815,"comment_status":"open","ping_status":"closed","template":"","meta":{"_acf_changed":false},"product_brand":[],"product_cat":[504,505],"product_tag":[],"class_list":{"0":"post-20802","1":"product","2":"type-product","3":"status-publish","4":"has-post-thumbnail","6":"product_cat-houten-speelgoed","7":"product_cat-tarnawa","9":"first","10":"outofstock","11":"taxable","12":"shipping-taxable","13":"purchasable","14":"product-type-simple"},"acf":[],"_links":{"self":[{"href":"https:\/\/woolskins.eu\/es\/wp-json\/wp\/v2\/product\/20802","targetHints":{"allow":["GET"]}}],"collection":[{"href":"https:\/\/woolskins.eu\/es\/wp-json\/wp\/v2\/product"}],"about":[{"href":"https:\/\/woolskins.eu\/es\/wp-json\/wp\/v2\/types\/product"}],"replies":[{"embeddable":true,"href":"https:\/\/woolskins.eu\/es\/wp-json\/wp\/v2\/comments?post=20802"}],"wp:featuredmedia":[{"embeddable":true,"href":"https:\/\/woolskins.eu\/es\/wp-json\/wp\/v2\/media\/20815"}],"wp:attachment":[{"href":"https:\/\/woolskins.eu\/es\/wp-json\/wp\/v2\/media?parent=20802"}],"wp:term":[{"taxonomy":"product_brand","embeddable":true,"href":"https:\/\/woolskins.eu\/es\/wp-json\/wp\/v2\/product_brand?post=20802"},{"taxonomy":"product_cat","embeddable":true,"href":"https:\/\/woolskins.eu\/es\/wp-json\/wp\/v2\/product_cat?post=20802"},{"taxonomy":"product_tag","embeddable":true,"href":"https:\/\/woolskins.eu\/es\/wp-json\/wp\/v2\/product_tag?post=20802"}],"curies":[{"name":"wp","href":"https:\/\/api.w.org\/{rel}","templated":true}]}}