{"id":20442,"date":"2024-06-27T11:04:09","date_gmt":"2024-06-27T11:04:09","guid":{"rendered":"https:\/\/woolskins.eu\/?post_type=product&#038;p=20442"},"modified":"2025-06-10T18:26:01","modified_gmt":"2025-06-10T18:26:01","slug":"baston-de-madera-ardilla","status":"publish","type":"product","link":"https:\/\/woolskins.eu\/es\/houten-eekhoorn-duwstok-loopstok\/","title":{"rendered":"Bast\u00f3n de madera ardilla - Bast\u00f3n"},"content":{"rendered":"<p data-sourcepos=\"5:1-5:42\"><strong>\u00bfPor qu\u00e9 elegir un bast\u00f3n de madera?<\/strong><\/p>\n<ul data-sourcepos=\"7:1-7:44\">\n<li data-sourcepos=\"7:1-7:44\"><strong>Estimula el desarrollo motor:<\/strong> Al empujar o tirar del palo, el ni\u00f1o ejercita su motricidad gruesa y su coordinaci\u00f3n.<\/li>\n<li data-sourcepos=\"8:1-8:13\"><strong>Mejora el equilibrio:<\/strong> Caminar con el bast\u00f3n ayuda a tu hijo a desarrollar el equilibrio y a aprender a mantenerse firme sobre los pies.<\/li>\n<li data-sourcepos=\"9:1-9:129\"><strong>Fomenta el juego imaginativo:<\/strong> El palo de empujar se puede utilizar como un animal, un coche o cualquier cosa que se le ocurra a tu hijo.<\/li>\n<li data-sourcepos=\"10:1-10:134\"><strong>Fabricado con materiales duraderos:<\/strong> El bast\u00f3n est\u00e1 fabricado con madera FSC\u00ae de alta calidad, por lo que es duradero y resistente.<\/li>\n<li data-sourcepos=\"11:1-11:112\"><strong>Seguro para los ni\u00f1os:<\/strong> El palo de empujar est\u00e1 acabado con una pintura segura y no t\u00f3xica y tiene un acabado liso, sin bordes afilados, lo que lo hace seguro para que los ni\u00f1os jueguen con \u00e9l.<\/li>\n<\/ul>\n<p data-sourcepos=\"13:1-13:40\"><strong>Este palo de madera para empujar es perfecto para:<\/strong><\/p>\n<ul data-sourcepos=\"15:1-18:0\">\n<li data-sourcepos=\"15:1-15:25\">Ni\u00f1os peque\u00f1os que aprenden a andar<\/li>\n<li data-sourcepos=\"16:1-16:44\">Ni\u00f1os que quieren usar su imaginaci\u00f3n<\/li>\n<li data-sourcepos=\"17:1-18:0\">Padres que buscan juguetes sostenibles y educativos<\/li>\n<\/ul>\n<p data-sourcepos=\"19:1-19:18\"><strong>Especificaciones:<\/strong><\/p>\n<ul data-sourcepos=\"21:1-24:0\">\n<li data-sourcepos=\"21:1-21:17\">Material: madera certificada FSC<\/li>\n<li data-sourcepos=\"22:1-22:35\">Dimensiones: 18 x 15,5 x 64 cm<\/li>\n<li data-sourcepos=\"23:1-24:0\">Edad: Ni\u00f1os peque\u00f1os<\/li>\n<\/ul>\n<p data-sourcepos=\"25:1-25:118\"><strong>Convierta el tiempo de juego en tiempo de aprendizaje con este palo de madera para empujar. \u00a1P\u00eddelo hoy mismo y deja que tu hijo experimente la diversi\u00f3n!<\/strong><\/p>\n<p data-sourcepos=\"32:1-32:9\"><strong>Consejos:<\/strong><\/p>\n<ul data-sourcepos=\"34:1-37:0\">\n<li data-sourcepos=\"34:1-34:65\">Deje que su hijo utilice el palo de empujar dentro o fuera de casa.<\/li>\n<li data-sourcepos=\"35:1-35:70\">Juega con tu hijo e inventa divertidos juegos con el palo de empujar.<\/li>\n<\/ul>\n<p data-sourcepos=\"38:1-38:17\"><strong>Este palo de madera para empujar de Tarnawa garantiza la diversi\u00f3n de los m\u00e1s peque\u00f1os.<\/strong><\/p>\n<p data-sourcepos=\"38:1-38:17\"><strong>Acerca de Tarnawa<\/strong><\/p>\n<p><strong>Conf\u00eda en la tradici\u00f3n familiar<\/strong><\/p>\n<p>Sabemos c\u00f3mo hacer felices a los ni\u00f1os desde peque\u00f1os. Sabemos que su desarrollo y seguridad son tan importantes como la diversi\u00f3n. M\u00e1s de 80 a\u00f1os de trabajo fabricando juguetes y art\u00edculos de madera nos lo han ense\u00f1ado. Ofrecemos a nuestros clientes juguetes de madera de alta calidad para ni\u00f1os que no s\u00f3lo son resistentes, sino tambi\u00e9n seguros. Conocimientos, experiencia, pasi\u00f3n y compromiso que transmitimos en nuestra casa de generaci\u00f3n en generaci\u00f3n. Tarnawa no es s\u00f3lo una empresa, \u00a1es una familia!<\/p>\n<p><img loading=\"lazy\" decoding=\"async\" class=\"alignnone size-medium wp-image-20439\" src=\"https:\/\/woolskins.eu\/wp-content\/uploads\/2024\/06\/IMG_1333-scaled-Klein-225x300.jpg\" alt=\"Pato andador de madera Bast\u00f3n Juguetes de madera Pieles de lana Tarnawa\" width=\"225\" height=\"300\" srcset=\"https:\/\/woolskins.eu\/wp-content\/uploads\/2024\/06\/IMG_1333-scaled-Klein-225x300.jpg 225w, https:\/\/woolskins.eu\/wp-content\/uploads\/2024\/06\/IMG_1333-scaled-Klein-64x85.jpg 64w, https:\/\/woolskins.eu\/wp-content\/uploads\/2024\/06\/IMG_1333-scaled-Klein-9x12.jpg 9w, https:\/\/woolskins.eu\/wp-content\/uploads\/2024\/06\/IMG_1333-scaled-Klein.jpg 480w\" sizes=\"auto, (max-width: 225px) 100vw, 225px\" \/><\/p>\n<p><strong>Juguetes de alta calidad para sus hijos y los nuestros.<br \/>\n<\/strong><br \/>\nCreemos que, como padre, usted quiere que los juguetes que regala a su hijo sean bonitos, cuidadosamente fabricados, duraderos y seguros. Nos aseguramos de que nuestros productos de madera, gracias a su funcionalidad, as\u00ed como a su est\u00e9tica y precisi\u00f3n de acabado, sirvan a su hijo tanto tiempo y tan bien como sea posible. Los fabricamos a mano, prestando atenci\u00f3n a los detalles m\u00e1s peque\u00f1os. Los juguetes de madera de Tarnawa no se fabrican en serie, son peque\u00f1as obras de arte.<\/p>\n<p><strong>Creamos con los tiempos<br \/>\n<\/strong><br \/>\nEl mundo evoluciona constantemente, al igual que su hijo y usted. El desarrollo es la base de la existencia. A\u00f1os de experiencia nos han ense\u00f1ado a no quedarnos quietos, y por eso intentamos constantemente hacer algo nuevo. Como fabricantes de juguetes de madera, combinamos la pasi\u00f3n por las t\u00e9cnicas tradicionales de fabricaci\u00f3n de juguetes con un aspecto moderno. Llegamos a usted, querido padre, gracias a los medios de comunicaci\u00f3n modernos, facilit\u00e1ndole a usted y a su hijo el acceso a nuestros productos naturales.<\/p>\n<p>&nbsp;<\/p>\n<p><img loading=\"lazy\" decoding=\"async\" class=\"size-full wp-image-20440 aligncenter\" src=\"https:\/\/woolskins.eu\/wp-content\/uploads\/2024\/06\/Logo.black_-300x263-1.png\" alt=\"Pato andador de madera Bast\u00f3n Juguetes de madera Pieles de lana Tarnawa\" width=\"300\" height=\"263\" srcset=\"https:\/\/woolskins.eu\/wp-content\/uploads\/2024\/06\/Logo.black_-300x263-1.png 300w, https:\/\/woolskins.eu\/wp-content\/uploads\/2024\/06\/Logo.black_-300x263-1-64x56.png 64w, https:\/\/woolskins.eu\/wp-content\/uploads\/2024\/06\/Logo.black_-300x263-1-14x12.png 14w\" sizes=\"auto, (max-width: 300px) 100vw, 300px\" \/><\/p>","protected":false},"excerpt":{"rendered":"<p data-sourcepos=\"1:1-1:55\"><strong>Palo de madera para empujar patos - Bast\u00f3n\u00a0<\/strong><\/p>\n<p data-sourcepos=\"3:1-3:54\">\u00bfBusca juguetes divertidos y educativos para su peque\u00f1o? Entonces, \u00a1este palo de madera para empujar es la elecci\u00f3n perfecta! Fabricado con madera FSC\u00ae aprobada de alta calidad, este palo ofrece horas de diversi\u00f3n a la vez que fomenta el desarrollo motor de su hijo. El palo de empujar est\u00e1 acabado con una pintura segura, no t\u00f3xica y tiene un acabado liso, libre de bordes afilados, por lo que es seguro para que los ni\u00f1os jueguen con \u00e9l.<\/p>\n<p><strong>Marca: Tarnawa<\/strong><br \/>\n<strong>Producci\u00f3n: Polonia<\/strong><\/p>\n<p data-sourcepos=\"38:1-38:17\">","protected":false},"featured_media":20446,"comment_status":"open","ping_status":"closed","template":"","meta":{"_acf_changed":false},"product_brand":[],"product_cat":[504,505],"product_tag":[],"class_list":{"0":"post-20442","1":"product","2":"type-product","3":"status-publish","4":"has-post-thumbnail","6":"product_cat-houten-speelgoed","7":"product_cat-tarnawa","9":"first","10":"outofstock","11":"taxable","12":"shipping-taxable","13":"purchasable","14":"product-type-simple"},"acf":[],"_links":{"self":[{"href":"https:\/\/woolskins.eu\/es\/wp-json\/wp\/v2\/product\/20442","targetHints":{"allow":["GET"]}}],"collection":[{"href":"https:\/\/woolskins.eu\/es\/wp-json\/wp\/v2\/product"}],"about":[{"href":"https:\/\/woolskins.eu\/es\/wp-json\/wp\/v2\/types\/product"}],"replies":[{"embeddable":true,"href":"https:\/\/woolskins.eu\/es\/wp-json\/wp\/v2\/comments?post=20442"}],"wp:featuredmedia":[{"embeddable":true,"href":"https:\/\/woolskins.eu\/es\/wp-json\/wp\/v2\/media\/20446"}],"wp:attachment":[{"href":"https:\/\/woolskins.eu\/es\/wp-json\/wp\/v2\/media?parent=20442"}],"wp:term":[{"taxonomy":"product_brand","embeddable":true,"href":"https:\/\/woolskins.eu\/es\/wp-json\/wp\/v2\/product_brand?post=20442"},{"taxonomy":"product_cat","embeddable":true,"href":"https:\/\/woolskins.eu\/es\/wp-json\/wp\/v2\/product_cat?post=20442"},{"taxonomy":"product_tag","embeddable":true,"href":"https:\/\/woolskins.eu\/es\/wp-json\/wp\/v2\/product_tag?post=20442"}],"curies":[{"name":"wp","href":"https:\/\/api.w.org\/{rel}","templated":true}]}}