{"id":20224,"date":"2024-06-03T12:21:25","date_gmt":"2024-06-03T12:21:25","guid":{"rendered":"https:\/\/woolskins.eu\/?post_type=product&#038;p=20224"},"modified":"2026-03-31T12:38:04","modified_gmt":"2026-03-31T12:38:04","slug":"un-traje-de-bebe-de-la-marca-basic-nude","status":"publish","type":"product","link":"https:\/\/woolskins.eu\/es\/a-basic-brand-babypakje-nude\/","title":{"rendered":"A Basic Brand - Mono para beb\u00e9 sin pies | Nude"},"content":{"rendered":"<h6>Una marca para beb\u00e9s<\/h6>\n<p>Pelele de algod\u00f3n org\u00e1nico superligero. La calidad m\u00e1s fina y suave que puedas imaginar. El body se ajusta muy bien a los muslos gracias a las suaves aberturas el\u00e1sticas.<\/p>\n<p>100% Algod\u00f3n org\u00e1nico certificado GOTS.<\/p>\n<p>Tallas:<\/p>\n<p>largo cm \/ largo manga cm \/ ancho cm<\/p>\n<p>0m - 32 \/ 9 \/ 21<br \/>\n3m - 35 \/ 9 \/ 22<br \/>\n6m - 38 \/ 10 \/ 25<br \/>\n1y - 42 \/ 10 \/ 27<\/p>\n<h5>Una marca para beb\u00e9s<\/h5>\n<p>Descubre un armario minimalista repleto de b\u00e1sicos pr\u00e1cticos. Combina nuestros modelos y colores unisex.  Sin logotipos, sin estampados, sin complicaciones.<\/p>\n<p>Nuestra misi\u00f3n es hacerte la vida m\u00e1s f\u00e1cil, por lo que una de las ideas principales de nuestra filosof\u00eda es la PR\u00c1CTICA. Tambi\u00e9n nos preocupamos mucho por nuestro planeta y deseamos que todo el mundo lleve una vida m\u00e1s minimalista y, por tanto, utilice menos ropa (#CONSUMEWISELY).<\/p>\n<p>Por eso, la calidad de nuestros productos es la m\u00e1s alta posible. Podr\u00e1s usarlos durante a\u00f1os y traspasarlos cuando acabes. Utilizamos tejidos de primera calidad con certificado GOTS de algod\u00f3n org\u00e1nico y STANDARD 100 de OEKO-TEX\u00ae. Todos nuestros productos se pueden lavar a m\u00e1quina y secar en secadora tantas veces como quieras. Descubrir\u00e1 que nuestro forro polar de algod\u00f3n ni siquiera necesita planchado para tener buen aspecto.<\/p>","protected":false},"excerpt":{"rendered":"<h6>Una marca para beb\u00e9s<\/h6>\n<p>Pelele de algod\u00f3n org\u00e1nico superligero. La calidad m\u00e1s fina y suave que puedas imaginar. El body se ajusta muy bien a los muslos gracias a las suaves aberturas el\u00e1sticas.<\/p>","protected":false},"featured_media":20229,"comment_status":"closed","ping_status":"closed","template":"","meta":{"_acf_changed":false},"product_brand":[],"product_cat":[335,361,360,363,529,534],"product_tag":[],"class_list":{"0":"post-20224","1":"product","2":"type-product","3":"status-publish","4":"has-post-thumbnail","6":"product_cat-a_baby_brand","7":"product_cat-babyshower","8":"product_cat-cadeautips","9":"product_cat-cadeaus-e25-e50","10":"product_cat-katoenen-babykleertjes","11":"product_cat-katoenen-babypak","12":"pa_maat-0-maanden","13":"pa_maat-1-jaar","14":"pa_maat-3-maanden","15":"pa_maat-6-maanden","17":"first","18":"instock","19":"sale","20":"taxable","21":"shipping-taxable","22":"purchasable","23":"product-type-variable"},"acf":[],"_links":{"self":[{"href":"https:\/\/woolskins.eu\/es\/wp-json\/wp\/v2\/product\/20224","targetHints":{"allow":["GET"]}}],"collection":[{"href":"https:\/\/woolskins.eu\/es\/wp-json\/wp\/v2\/product"}],"about":[{"href":"https:\/\/woolskins.eu\/es\/wp-json\/wp\/v2\/types\/product"}],"replies":[{"embeddable":true,"href":"https:\/\/woolskins.eu\/es\/wp-json\/wp\/v2\/comments?post=20224"}],"wp:featuredmedia":[{"embeddable":true,"href":"https:\/\/woolskins.eu\/es\/wp-json\/wp\/v2\/media\/20229"}],"wp:attachment":[{"href":"https:\/\/woolskins.eu\/es\/wp-json\/wp\/v2\/media?parent=20224"}],"wp:term":[{"taxonomy":"product_brand","embeddable":true,"href":"https:\/\/woolskins.eu\/es\/wp-json\/wp\/v2\/product_brand?post=20224"},{"taxonomy":"product_cat","embeddable":true,"href":"https:\/\/woolskins.eu\/es\/wp-json\/wp\/v2\/product_cat?post=20224"},{"taxonomy":"product_tag","embeddable":true,"href":"https:\/\/woolskins.eu\/es\/wp-json\/wp\/v2\/product_tag?post=20224"}],"curies":[{"name":"wp","href":"https:\/\/api.w.org\/{rel}","templated":true}]}}