{"id":20157,"date":"2024-05-30T09:57:45","date_gmt":"2024-05-30T09:57:45","guid":{"rendered":"https:\/\/woolskins.eu\/?post_type=product&#038;p=20157"},"modified":"2026-02-10T14:02:30","modified_gmt":"2026-02-10T14:02:30","slug":"cochecito-de-lana-zaffiro-fieltro-beige","status":"publish","type":"product","link":"https:\/\/woolskins.eu\/es\/wollen-inleg-kinderwagen-zaffiro-felted-beige\/","title":{"rendered":"Cochecito con incrustaciones de lana - Zaffiro | Fieltro beige"},"content":{"rendered":"<h5>Cochecito con incrustaciones de lana - Zaffiro<\/h5>\n<p data-sourcepos=\"5:1-5:57\">Fabricada con lana de primera calidad 100%, esta incrustaci\u00f3n de lana para cochecito ofrece a su beb\u00e9 el m\u00e1ximo confort durante todo el a\u00f1o. La suave lana afelpada es transpirable y regula la humedad, manteniendo a tu hijo c\u00f3modamente seco en todo momento. Adem\u00e1s, la parte posterior de la inserci\u00f3n incorpora AIR-Mash para que el aire circule libremente. La parte inferior del relleno est\u00e1 fabricada con un tejido impermeable y resistente a la suciedad que facilita su limpieza. El relleno es grueso y suave, y ofrece un apoyo adicional a la espalda y el cuello del ni\u00f1o.<\/p>\n<p data-sourcepos=\"5:1-5:57\">- Dimensiones: 85 x 35,5\/40,5 cm.<br \/>\n- Lana premium suave y agradable al tacto.<br \/>\n- La parte inferior tiene un tejido impermeable y repelente de la suciedad.<br \/>\n- Protege contra la sudoraci\u00f3n, las \u201crozaduras\u201d y los efectos adversos del pl\u00e1stico del cochecito sobre la piel del ni\u00f1o.<br \/>\n- Mejora la comodidad de desplazamiento al conducir el cochecito por superficies irregulares.<br \/>\n- Protege la funda del asiento de la suciedad.<br \/>\n- Instalaci\u00f3n f\u00e1cil y r\u00e1pida del inserto.<\/p>\n<h5>Zaffiro<\/h5>\n<p>La empresa Zaffiro es una empresa familiar polaca. Desde nuestros inicios en 1989, nos hemos especializado en la fabricaci\u00f3n de productos para beb\u00e9s y ni\u00f1os, y la mayor parte de lo que producimos se exporta a m\u00e1s de 40 pa\u00edses. Creamos la marca Zaffiro para promover productos que apoyen a los padres conscientes de la importancia de la intimidad y el v\u00ednculo con su beb\u00e9 desde las primeras horas tras el nacimiento. Promovemos el concepto de llevar a los ni\u00f1os \u2018de coraz\u00f3n a coraz\u00f3n\u2019 en fulares y portabeb\u00e9s, reintroduciendo la sabia tradici\u00f3n de generaciones anteriores, redescubierta y desarrollada teniendo en cuenta la investigaci\u00f3n psicol\u00f3gica contempor\u00e1nea.<\/p>","protected":false},"excerpt":{"rendered":"<p class=\"product_title entry-title\">Disfruta llevando a tu beb\u00e9 de paseo con este c\u00e1lido cubrepi\u00e9s Zaffiro para el cochecito y la silla de paseo. Este cubrepi\u00e9s est\u00e1 fabricado con lana 100% de primera calidad (afieltrada) y adopta inmediatamente la temperatura de tu hijo. Retiene bien el calor sin hacer sudar al ni\u00f1o porque la lana transpira. Gracias a estas propiedades \u00fanicas de la lana, su hijo estar\u00e1 calentito y c\u00f3modo. Gracias a las pr\u00e1cticas aberturas para el cintur\u00f3n, podr\u00e1s instalar r\u00e1pidamente este saco de lana en el cochecito o la silla de paseo. Puedes tirar del cord\u00f3n del cuello para proteger la cabeza de tu hijo de las inclemencias del tiempo. Este cubrepi\u00e9s de Zaffiro puede utilizarse todo el a\u00f1o, pero resulta muy \u00fatil en primavera, invierno y oto\u00f1o.<\/p>\n<div class=\"woocommerce-product-details__short-description\">\n<p><strong>Marca: Zaffiro<\/strong><br \/>\n<strong>Producci\u00f3n: Polonia<br \/>\nKeur: Oeko-Tex Standard<\/strong><\/p>\n<p><img loading=\"lazy\" decoding=\"async\" class=\"alignnone wp-image-28173 entered lazyloaded\" src=\"https:\/\/woolskins.eu\/wp-content\/uploads\/2024\/05\/csm_OEKO-TEX_Logo_2022_rgb_c1aaeb5ceb-300x300.jpg\" alt=\"\" width=\"89\" height=\"89\" data-lazy-src=\"https:\/\/woolskins.eu\/wp-content\/uploads\/2024\/05\/csm_OEKO-TEX_Logo_2022_rgb_c1aaeb5ceb-300x300.jpg\" data-ll-status=\"loaded\" srcset=\"https:\/\/woolskins.eu\/wp-content\/uploads\/2024\/05\/csm_OEKO-TEX_Logo_2022_rgb_c1aaeb5ceb-300x300.jpg 300w, https:\/\/woolskins.eu\/wp-content\/uploads\/2024\/05\/csm_OEKO-TEX_Logo_2022_rgb_c1aaeb5ceb-150x150.jpg 150w, https:\/\/woolskins.eu\/wp-content\/uploads\/2024\/05\/csm_OEKO-TEX_Logo_2022_rgb_c1aaeb5ceb-768x769.jpg 768w, https:\/\/woolskins.eu\/wp-content\/uploads\/2024\/05\/csm_OEKO-TEX_Logo_2022_rgb_c1aaeb5ceb-12x12.jpg 12w, https:\/\/woolskins.eu\/wp-content\/uploads\/2024\/05\/csm_OEKO-TEX_Logo_2022_rgb_c1aaeb5ceb-600x601.jpg 600w, https:\/\/woolskins.eu\/wp-content\/uploads\/2024\/05\/csm_OEKO-TEX_Logo_2022_rgb_c1aaeb5ceb-100x100.jpg 100w, https:\/\/woolskins.eu\/wp-content\/uploads\/2024\/05\/csm_OEKO-TEX_Logo_2022_rgb_c1aaeb5ceb-64x64.jpg 64w, https:\/\/woolskins.eu\/wp-content\/uploads\/2024\/05\/csm_OEKO-TEX_Logo_2022_rgb_c1aaeb5ceb.jpg 885w\" sizes=\"auto, (max-width: 89px) 100vw, 89px\" \/><\/p>\n<p>&nbsp;<\/p>\n<\/div>","protected":false},"featured_media":20161,"comment_status":"open","ping_status":"closed","template":"","meta":{"_acf_changed":false},"product_brand":[],"product_cat":[502,336],"product_tag":[],"class_list":{"0":"post-20157","1":"product","2":"type-product","3":"status-publish","4":"has-post-thumbnail","6":"product_cat-zaffiro","7":"product_cat-voetenzakken","9":"first","10":"outofstock","11":"sale","12":"taxable","13":"shipping-taxable","14":"purchasable","15":"product-type-simple"},"acf":[],"_links":{"self":[{"href":"https:\/\/woolskins.eu\/es\/wp-json\/wp\/v2\/product\/20157","targetHints":{"allow":["GET"]}}],"collection":[{"href":"https:\/\/woolskins.eu\/es\/wp-json\/wp\/v2\/product"}],"about":[{"href":"https:\/\/woolskins.eu\/es\/wp-json\/wp\/v2\/types\/product"}],"replies":[{"embeddable":true,"href":"https:\/\/woolskins.eu\/es\/wp-json\/wp\/v2\/comments?post=20157"}],"wp:featuredmedia":[{"embeddable":true,"href":"https:\/\/woolskins.eu\/es\/wp-json\/wp\/v2\/media\/20161"}],"wp:attachment":[{"href":"https:\/\/woolskins.eu\/es\/wp-json\/wp\/v2\/media?parent=20157"}],"wp:term":[{"taxonomy":"product_brand","embeddable":true,"href":"https:\/\/woolskins.eu\/es\/wp-json\/wp\/v2\/product_brand?post=20157"},{"taxonomy":"product_cat","embeddable":true,"href":"https:\/\/woolskins.eu\/es\/wp-json\/wp\/v2\/product_cat?post=20157"},{"taxonomy":"product_tag","embeddable":true,"href":"https:\/\/woolskins.eu\/es\/wp-json\/wp\/v2\/product_tag?post=20157"}],"curies":[{"name":"wp","href":"https:\/\/api.w.org\/{rel}","templated":true}]}}