{"id":20012,"date":"2024-05-24T13:09:24","date_gmt":"2024-05-24T13:09:24","guid":{"rendered":"https:\/\/woolskins.eu\/?post_type=product&#038;p=20012"},"modified":"2026-05-08T12:34:04","modified_gmt":"2026-05-08T12:34:04","slug":"a-basic-brand-gorro-de-bebe-gorro-de-canale-azul-marino","status":"publish","type":"product","link":"https:\/\/woolskins.eu\/es\/a-basic-brand-babymuts-rib-beanie-navy\/","title":{"rendered":"A Basic Brand - Baby Hat Rib Beanie | Azul marino"},"content":{"rendered":"<p>Gorro de canal\u00e9 de algod\u00f3n. Un gorro informal y un complemento perfecto para el armario de tu peque\u00f1o. Disponible en tres tallas: desde reci\u00e9n nacido hasta adulto. Esta amplia gama de tallas lo convierte en un producto perfecto de A BABY BRAND para combinar con ni\u00f1os y padres.<\/p>\n<p>97% algod\u00f3n<br \/>\n3% elastano<\/p>\n<p>STANDARD 100 de OEKO-TEX<\/p>\n<p>Tallas<\/p>\n<p>S - 0\/6m<br \/>\nM - 6m\/2y<br \/>\nL - 2y +<\/p>\n<h5>Una marca para beb\u00e9s<\/h5>\n<p>Descubre un armario minimalista repleto de b\u00e1sicos pr\u00e1cticos. Combina nuestros modelos y colores unisex.  Sin logotipos, sin estampados, sin complicaciones.<\/p>\n<p>Nuestra misi\u00f3n es hacerte la vida m\u00e1s f\u00e1cil, por lo que una de las ideas principales de nuestra filosof\u00eda es la PR\u00c1CTICA. Tambi\u00e9n nos preocupamos mucho por nuestro planeta y deseamos que todo el mundo lleve una vida m\u00e1s minimalista y, por tanto, utilice menos ropa (#CONSUMEWISELY).<\/p>\n<p>Por eso, la calidad de nuestros productos es la m\u00e1s alta posible. Podr\u00e1s usarlos durante a\u00f1os y traspasarlos cuando acabes. Utilizamos tejidos de primera calidad con certificado GOTS de algod\u00f3n org\u00e1nico y STANDARD 100 de OEKO-TEX\u00ae. Todos nuestros productos se pueden lavar a m\u00e1quina y secar en secadora tantas veces como quieras. Descubrir\u00e1 que nuestro forro polar de algod\u00f3n ni siquiera necesita planchado para tener buen aspecto.<\/p>","protected":false},"excerpt":{"rendered":"<p>Gorro de algod\u00f3n acanalado. Una gorra informal y un complemento perfecto para el armario de tu peque\u00f1o.<\/p>","protected":false},"featured_media":20016,"comment_status":"closed","ping_status":"closed","template":"","meta":{"_acf_changed":false},"product_brand":[],"product_cat":[335,361,360,362,529,535],"product_tag":[],"class_list":{"0":"post-20012","1":"product","2":"type-product","3":"status-publish","4":"has-post-thumbnail","6":"product_cat-a_baby_brand","7":"product_cat-babyshower","8":"product_cat-cadeautips","9":"product_cat-cadeaus-tot-e-25","10":"product_cat-katoenen-babykleertjes","11":"product_cat-katoenen-babymuts-babysjaaltjes","12":"pa_maat-l","13":"pa_maat-m","14":"pa_maat-s","16":"first","17":"instock","18":"taxable","19":"shipping-taxable","20":"purchasable","21":"product-type-variable"},"acf":[],"_links":{"self":[{"href":"https:\/\/woolskins.eu\/es\/wp-json\/wp\/v2\/product\/20012","targetHints":{"allow":["GET"]}}],"collection":[{"href":"https:\/\/woolskins.eu\/es\/wp-json\/wp\/v2\/product"}],"about":[{"href":"https:\/\/woolskins.eu\/es\/wp-json\/wp\/v2\/types\/product"}],"replies":[{"embeddable":true,"href":"https:\/\/woolskins.eu\/es\/wp-json\/wp\/v2\/comments?post=20012"}],"wp:featuredmedia":[{"embeddable":true,"href":"https:\/\/woolskins.eu\/es\/wp-json\/wp\/v2\/media\/20016"}],"wp:attachment":[{"href":"https:\/\/woolskins.eu\/es\/wp-json\/wp\/v2\/media?parent=20012"}],"wp:term":[{"taxonomy":"product_brand","embeddable":true,"href":"https:\/\/woolskins.eu\/es\/wp-json\/wp\/v2\/product_brand?post=20012"},{"taxonomy":"product_cat","embeddable":true,"href":"https:\/\/woolskins.eu\/es\/wp-json\/wp\/v2\/product_cat?post=20012"},{"taxonomy":"product_tag","embeddable":true,"href":"https:\/\/woolskins.eu\/es\/wp-json\/wp\/v2\/product_tag?post=20012"}],"curies":[{"name":"wp","href":"https:\/\/api.w.org\/{rel}","templated":true}]}}