{"id":20007,"date":"2024-05-24T13:04:04","date_gmt":"2024-05-24T13:04:04","guid":{"rendered":"https:\/\/woolskins.eu\/?post_type=product&#038;p=20007"},"modified":"2025-11-12T11:11:40","modified_gmt":"2025-11-12T11:11:40","slug":"un-pantalon-de-bebe-de-la-marca-basic-rib-navy","status":"publish","type":"product","link":"https:\/\/woolskins.eu\/es\/a-basic-brand-baby-bloomers-rib-navy\/","title":{"rendered":"A Basic Brand - Baby Bloomers Rib | Azul marino"},"content":{"rendered":"<h6>Una marca para beb\u00e9s<\/h6>\n<p>Estos bonitos bombachos est\u00e1n confeccionados en tejido de algod\u00f3n acanalado. Tienen una c\u00f3moda cintura el\u00e1stica y se ajustan perfectamente a las piernecitas. Un aut\u00e9ntico favorito del verano.<\/p>\n<p>97% algod\u00f3n 3% elastano.<\/p>\n<p>STANDARD 100 de OEKO-TEX<\/p>\n<p>Tallas:<\/p>\n<p>longitud cm \/ anchura cm<\/p>\n<p>0m - 15 \/ 15<br \/>\n3m - 16 \/ 16<br \/>\n6m - 18 \/ 18<\/p>\n<h5>Una marca para beb\u00e9s<\/h5>\n<p>Descubre un armario minimalista repleto de b\u00e1sicos pr\u00e1cticos. Combina nuestros modelos y colores unisex.  Sin logotipos, sin estampados, sin complicaciones.<\/p>\n<p>Nuestra misi\u00f3n es hacerte la vida m\u00e1s f\u00e1cil, por lo que una de las ideas principales de nuestra filosof\u00eda es la PR\u00c1CTICA. Tambi\u00e9n nos preocupamos mucho por nuestro planeta y deseamos que todo el mundo lleve una vida m\u00e1s minimalista y, por tanto, utilice menos ropa (#CONSUMEWISELY).<\/p>\n<p>Por eso, la calidad de nuestros productos es la m\u00e1s alta posible. Podr\u00e1s usarlos durante a\u00f1os y traspasarlos cuando acabes. Utilizamos tejidos de primera calidad con certificado GOTS de algod\u00f3n org\u00e1nico y STANDARD 100 de OEKO-TEX\u00ae. Todos nuestros productos se pueden lavar a m\u00e1quina y secar en secadora tantas veces como quieras. Descubrir\u00e1 que nuestro forro polar de algod\u00f3n ni siquiera necesita planchado para tener buen aspecto.<\/p>","protected":false},"excerpt":{"rendered":"<h6>Una marca para beb\u00e9s<\/h6>\n<p>Estos bonitos bombachos est\u00e1n confeccionados en tejido de algod\u00f3n acanalado. Tienen una c\u00f3moda cintura el\u00e1stica y se ajustan perfectamente a las piernecitas. Un aut\u00e9ntico favorito del verano.<\/p>","protected":false},"featured_media":20011,"comment_status":"closed","ping_status":"closed","template":"","meta":{"_acf_changed":false},"product_brand":[],"product_cat":[360,335,361,362,529,532],"product_tag":[423,430,429,431],"class_list":{"0":"post-20007","1":"product","2":"type-product","3":"status-publish","4":"has-post-thumbnail","6":"product_cat-cadeautips","7":"product_cat-a_baby_brand","8":"product_cat-babyshower","9":"product_cat-cadeaus-tot-e-25","10":"product_cat-katoenen-babykleertjes","11":"product_cat-katoenen-babybroekjes","12":"product_tag-a-baby-brand","13":"product_tag-babykleding","14":"product_tag-bloomers","15":"product_tag-wollen-babykleding","16":"pa_maat-0-maanden","17":"pa_maat-3-maanden","18":"pa_maat-6-maanden","20":"first","21":"instock","22":"taxable","23":"shipping-taxable","24":"purchasable","25":"product-type-variable"},"acf":[],"_links":{"self":[{"href":"https:\/\/woolskins.eu\/es\/wp-json\/wp\/v2\/product\/20007","targetHints":{"allow":["GET"]}}],"collection":[{"href":"https:\/\/woolskins.eu\/es\/wp-json\/wp\/v2\/product"}],"about":[{"href":"https:\/\/woolskins.eu\/es\/wp-json\/wp\/v2\/types\/product"}],"replies":[{"embeddable":true,"href":"https:\/\/woolskins.eu\/es\/wp-json\/wp\/v2\/comments?post=20007"}],"wp:featuredmedia":[{"embeddable":true,"href":"https:\/\/woolskins.eu\/es\/wp-json\/wp\/v2\/media\/20011"}],"wp:attachment":[{"href":"https:\/\/woolskins.eu\/es\/wp-json\/wp\/v2\/media?parent=20007"}],"wp:term":[{"taxonomy":"product_brand","embeddable":true,"href":"https:\/\/woolskins.eu\/es\/wp-json\/wp\/v2\/product_brand?post=20007"},{"taxonomy":"product_cat","embeddable":true,"href":"https:\/\/woolskins.eu\/es\/wp-json\/wp\/v2\/product_cat?post=20007"},{"taxonomy":"product_tag","embeddable":true,"href":"https:\/\/woolskins.eu\/es\/wp-json\/wp\/v2\/product_tag?post=20007"}],"curies":[{"name":"wp","href":"https:\/\/api.w.org\/{rel}","templated":true}]}}