{"id":19990,"date":"2024-05-24T12:50:25","date_gmt":"2024-05-24T12:50:25","guid":{"rendered":"https:\/\/woolskins.eu\/?post_type=product&#038;p=19990"},"modified":"2026-03-31T12:37:01","modified_gmt":"2026-03-31T12:37:01","slug":"un-pelele-para-bebe-de-la-marca-basic-rib-navy","status":"publish","type":"product","link":"https:\/\/woolskins.eu\/es\/a-basic-brand-babyromper-rib-navy\/","title":{"rendered":"Una Marca B\u00e1sica - Babysuit Rib | Azul Marino"},"content":{"rendered":"<h6>Una marca para beb\u00e9s<\/h6>\n<p>El pelele definitivo para todo el d\u00eda y toda la noche. Pelele unisex sin pies confeccionado en nuestro algod\u00f3n acanalado favorito, con un divertido acabado crudo (rugoso). Se abre con peque\u00f1os botones a presi\u00f3n en la parte delantera para un acceso r\u00e1pido y f\u00e1cil. El dise\u00f1o m\u00e1s sencillo en colores b\u00e1sicos.<\/p>\n<p>97% algod\u00f3n 3% elastano. STANDARD 100 de OEKO-TEX<\/p>\n<p>Tallas:<\/p>\n<p>entrepierna cm \/ longitud total cm \/ longitud de las mangas cm<\/p>\n<p>0m - 13 \/ 41 \/ 18<br \/>\n3m - 16 \/ 51 \/ 20<br \/>\n6m - 19 \/ 58 \/ 24<\/p>\n<h5>Una marca para beb\u00e9s<\/h5>\n<p>Descubre un armario minimalista repleto de b\u00e1sicos pr\u00e1cticos. Combina nuestros modelos y colores unisex.  Sin logotipos, sin estampados, sin complicaciones.<\/p>\n<p>Nuestra misi\u00f3n es hacerte la vida m\u00e1s f\u00e1cil, por lo que una de las ideas principales de nuestra filosof\u00eda es la PR\u00c1CTICA. Tambi\u00e9n nos preocupamos mucho por nuestro planeta y deseamos que todo el mundo lleve una vida m\u00e1s minimalista y, por tanto, utilice menos ropa (#CONSUMEWISELY).<\/p>\n<p>Por eso, la calidad de nuestros productos es la m\u00e1s alta posible. Podr\u00e1s usarlos durante a\u00f1os y traspasarlos cuando acabes. Utilizamos tejidos de primera calidad con certificado GOTS de algod\u00f3n org\u00e1nico y STANDARD 100 de OEKO-TEX\u00ae. Todos nuestros productos se pueden lavar a m\u00e1quina y secar en secadora tantas veces como quieras. Descubrir\u00e1 que nuestro forro polar de algod\u00f3n ni siquiera necesita planchado para tener buen aspecto.<\/p>","protected":false},"excerpt":{"rendered":"<h6>Una marca para beb\u00e9s<\/h6>\n<p>El pelele definitivo para todo el d\u00eda y toda la noche. Pelele unisex sin pies confeccionado en nuestro algod\u00f3n acanalado favorito, con perfectos acabados en crudo. Se abre con peque\u00f1os botones a presi\u00f3n en la parte delantera para un acceso r\u00e1pido y f\u00e1cil. El dise\u00f1o m\u00e1s sencillo en colores b\u00e1sicos.<\/p>","protected":false},"featured_media":19994,"comment_status":"closed","ping_status":"closed","template":"","meta":{"_acf_changed":false},"product_brand":[],"product_cat":[335,361,360,363,529,534],"product_tag":[423,430,432,433,434,431,425],"class_list":{"0":"post-19990","1":"product","2":"type-product","3":"status-publish","4":"has-post-thumbnail","6":"product_cat-a_baby_brand","7":"product_cat-babyshower","8":"product_cat-cadeautips","9":"product_cat-cadeaus-e25-e50","10":"product_cat-katoenen-babykleertjes","11":"product_cat-katoenen-babypak","12":"product_tag-a-baby-brand","13":"product_tag-babykleding","14":"product_tag-babyromper","15":"product_tag-babyrompertjes","16":"product_tag-babyuitzet","17":"product_tag-wollen-babykleding","18":"product_tag-woolskins","19":"pa_maat-0-maanden","20":"pa_maat-3-maanden","21":"pa_maat-6-maanden","23":"first","24":"instock","25":"taxable","26":"shipping-taxable","27":"purchasable","28":"product-type-variable"},"acf":[],"_links":{"self":[{"href":"https:\/\/woolskins.eu\/es\/wp-json\/wp\/v2\/product\/19990","targetHints":{"allow":["GET"]}}],"collection":[{"href":"https:\/\/woolskins.eu\/es\/wp-json\/wp\/v2\/product"}],"about":[{"href":"https:\/\/woolskins.eu\/es\/wp-json\/wp\/v2\/types\/product"}],"replies":[{"embeddable":true,"href":"https:\/\/woolskins.eu\/es\/wp-json\/wp\/v2\/comments?post=19990"}],"wp:featuredmedia":[{"embeddable":true,"href":"https:\/\/woolskins.eu\/es\/wp-json\/wp\/v2\/media\/19994"}],"wp:attachment":[{"href":"https:\/\/woolskins.eu\/es\/wp-json\/wp\/v2\/media?parent=19990"}],"wp:term":[{"taxonomy":"product_brand","embeddable":true,"href":"https:\/\/woolskins.eu\/es\/wp-json\/wp\/v2\/product_brand?post=19990"},{"taxonomy":"product_cat","embeddable":true,"href":"https:\/\/woolskins.eu\/es\/wp-json\/wp\/v2\/product_cat?post=19990"},{"taxonomy":"product_tag","embeddable":true,"href":"https:\/\/woolskins.eu\/es\/wp-json\/wp\/v2\/product_tag?post=19990"}],"curies":[{"name":"wp","href":"https:\/\/api.w.org\/{rel}","templated":true}]}}