{"id":19410,"date":"2024-02-29T13:30:42","date_gmt":"2024-02-29T13:30:42","guid":{"rendered":"https:\/\/woolskins.eu\/?post_type=product&#038;p=19410"},"modified":"2026-05-12T11:28:12","modified_gmt":"2026-05-12T11:28:12","slug":"colchon-de-borreguito-para-capazo-y-cuna","status":"publish","type":"product","link":"https:\/\/woolskins.eu\/es\/schapenvacht-matrasje-voor-reiswieg-en-co-sleeper\/","title":{"rendered":"Colch\u00f3n de piel de oveja para Cuna de Viaje y Co Sleeper"},"content":{"rendered":"<p>Los colchones de piel de oveja Woolskins Baby-Care tienen un pelaje m\u00e1s corto que los hace a prueba de beb\u00e9s. Son adecuados desde el nacimiento y, como su elaboraci\u00f3n tiene en cuenta el medio ambiente, protegen tanto a los peque\u00f1os como al planeta. En casa o fuera de ella, creas un entorno confortable en el que tu peque\u00f1o se siente feliz y relajado. \u00bfSab\u00edas que la piel de oveja tambi\u00e9n es saludable para tu hijo?<\/p>\n<p>- Longitud 40-90 cm o 50\u00d790 cm \/ pelaje 3cm.<br \/>\n- Curtido medicinal.<br \/>\n- C\u00f3modas cintas el\u00e1sticas que rodean el colch\u00f3n.<br \/>\n- Pelaje suave y compacto.<br \/>\n- Se puede lavar y secar a m\u00e1quina.<br \/>\n- F\u00e1cil de mantener.<\/p>\n<p>Pida con \u00e9l un cepillo de mantenimiento para mantener su pelaje bonito durante mucho tiempo y\/o personal\u00edcelo con su regalo de nacimiento o el de su hijo. Un regalo precioso y \u00fanico, disponible exclusivamente en Woolskins.<\/p>\n<h5 class=\"_2tV5m fggS- cell\">Caracter\u00edsticas Capa esencial<\/h5>\n<div class=\"rah-static rah-static--height-auto\" aria-hidden=\"false\">\n<div>\n<div class=\"_1yvxJ fggS- cell\">\n<div class=\"WncCi NTPd3\" data-hook=\"info-section-description\">\n<p>Esta piel de oveja Baby-Care procede de la oveja inglesa. Es un vell\u00f3n muy suave y compacto y \u00a1nuestro TIP! Como todos nuestros otros vellones, las fibras de lana respiran. Esto ayuda a tu beb\u00e9 a mantener una temperatura estable y lo mantiene seco y c\u00f3modo. Fresquito en verano y calentito en invierno.<\/p>\n<\/div>\n<\/div>\n<\/div>\n<\/div>\n<h5 class=\"Text4179662635__root Text4179662635---typography-11-runningText Text4179662635---priority-7-primary s8gg2 _2UIKs InfoSectionTitle3095652555__root\" aria-hidden=\"false\" data-hook=\"info-section-title\">Respetuoso con el medio ambiente<\/h5>\n<div class=\"rah-static rah-static--height-auto\" aria-hidden=\"false\">\n<div class=\"_1yvxJ fggS- cell\">\n<div class=\"WncCi NTPd3\" data-hook=\"info-section-description\">\n<p>Todos los agentes utilizados en el curtido y el acabado cumplen las directivas esenciales de la UE relativas a la conservaci\u00f3n y protecci\u00f3n del medio ambiente.<\/p>\n<p>Nuestros abrigos se curten de acuerdo con la normativa REACH, adoptada para mejorar la protecci\u00f3n de la salud humana y el medio ambiente frente a los riesgos que pueden plantear las sustancias qu\u00edmicas, aumentando al mismo tiempo la competitividad de la industria qu\u00edmica de la UE. En la producci\u00f3n no se utilizan tintes AZO.<\/p>\n<p>ECO PRODUCTOS - las pieles son Eco Friendly Skins, su procesamiento y tratamiento son seguros para adultos y ni\u00f1os. Las pieles son biodegradables, ecol\u00f3gicas.<\/p>\n<p>Woolskins no vende vellones de ovejas que hayan sido muladas. El mulesing no se utiliza en ovejas europeas porque el par\u00e1sito que hace que los ganaderos utilicen el mulesing no se encuentra en Europa.<\/p>\n<h5 class=\"Text4179662635__root Text4179662635---typography-11-runningText Text4179662635---priority-7-primary s8gg2 _2UIKs InfoSectionTitle3095652555__root\" aria-hidden=\"false\" data-hook=\"info-section-title\">Dormilonas... \u00a1tomen nota!<\/h5>\n<div class=\"rah-static rah-static--height-auto\" aria-hidden=\"false\">\n<div class=\"_1yvxJ fggS- cell\">\n<div class=\"WncCi NTPd3\" data-hook=\"info-section-description\">\n<p>Los peque\u00f1os que duermen boca abajo durante los primeros 12 meses no deben dormir sobre nada blando por motivos de seguridad, ya que puede ser peligroso. As\u00ed que te recomendamos que utilices la piel Woolskins con prudencia. Presta siempre atenci\u00f3n cuando tu hijo est\u00e9 tumbado o durmiendo boca abajo y aseg\u00farate de que est\u00e9 siempre vigilado.<\/p>\n<\/div>\n<\/div>\n<\/div>\n<\/div>\n<\/div>\n<\/div>","protected":false},"excerpt":{"rendered":"<p>Este forro polar de piel de oveja de Woolskins puede utilizarse en cualquier estaci\u00f3n del a\u00f1o. El forro polar est\u00e1 hecho de suave lana de cordero curtida medicinalmente con una altura de lana de 3 cm. Dormir sobre una piel de oveja es muy reconfortante y, gracias a la fibra hueca de la lana, su hijo no sudar\u00e1 f\u00e1cilmente y, por lo tanto, estar\u00e1 extremadamente c\u00f3modo. Este colch\u00f3n puede utilizarse durante todo el a\u00f1o y ayuda a tu beb\u00e9 a mantener una temperatura estable. Lo hace de forma \u2018din\u00e1mica\u2019, es decir, cuando es necesario y no cuando no lo es. Caliente en invierno y fresco en verano. Gracias a las dos bandas el\u00e1sticas, el colch\u00f3n se mantiene firmemente en su sitio.<\/p>","protected":false},"featured_media":19417,"comment_status":"open","ping_status":"closed","template":"","meta":{"_acf_changed":false},"product_brand":[],"product_cat":[354,216,222],"product_tag":[],"class_list":{"0":"post-19410","1":"product","2":"type-product","3":"status-publish","4":"has-post-thumbnail","6":"product_cat-woolskins","7":"product_cat-schapenvacht-voor-baby","8":"product_cat-buggy-schapenvachtjes","10":"first","11":"instock","12":"taxable","13":"shipping-taxable","14":"purchasable","15":"product-type-variable"},"acf":[],"_links":{"self":[{"href":"https:\/\/woolskins.eu\/es\/wp-json\/wp\/v2\/product\/19410","targetHints":{"allow":["GET"]}}],"collection":[{"href":"https:\/\/woolskins.eu\/es\/wp-json\/wp\/v2\/product"}],"about":[{"href":"https:\/\/woolskins.eu\/es\/wp-json\/wp\/v2\/types\/product"}],"replies":[{"embeddable":true,"href":"https:\/\/woolskins.eu\/es\/wp-json\/wp\/v2\/comments?post=19410"}],"wp:featuredmedia":[{"embeddable":true,"href":"https:\/\/woolskins.eu\/es\/wp-json\/wp\/v2\/media\/19417"}],"wp:attachment":[{"href":"https:\/\/woolskins.eu\/es\/wp-json\/wp\/v2\/media?parent=19410"}],"wp:term":[{"taxonomy":"product_brand","embeddable":true,"href":"https:\/\/woolskins.eu\/es\/wp-json\/wp\/v2\/product_brand?post=19410"},{"taxonomy":"product_cat","embeddable":true,"href":"https:\/\/woolskins.eu\/es\/wp-json\/wp\/v2\/product_cat?post=19410"},{"taxonomy":"product_tag","embeddable":true,"href":"https:\/\/woolskins.eu\/es\/wp-json\/wp\/v2\/product_tag?post=19410"}],"curies":[{"name":"wp","href":"https:\/\/api.w.org\/{rel}","templated":true}]}}