{"id":18773,"date":"2024-01-12T10:31:36","date_gmt":"2024-01-12T10:31:36","guid":{"rendered":"https:\/\/woolskins.eu\/?post_type=product&#038;p=18773"},"modified":"2026-01-08T20:36:18","modified_gmt":"2026-01-08T20:36:18","slug":"un-bodywarmer-marca-bebe-lana-negro","status":"publish","type":"product","link":"https:\/\/woolskins.eu\/es\/a-baby-brand-bodywarmer-wol-zwart\/","title":{"rendered":"A Basic Brand - Chaleco de lana Adulto | Negro"},"content":{"rendered":"<h6><strong>Una marca para beb\u00e9s<\/strong><\/h6>\n<p>Chaleco 100% de lana. Maravillosamente c\u00e1lido y confortable, totalmente natural, transpirable y s\u00faper a la moda. El chaleco tiene peque\u00f1os bolsillos y se cierra con cremallera. P\u00f3ntelo encima de una sudadera en un d\u00eda ventoso o debajo de una chaqueta cuando haga mucho fr\u00edo. Este c\u00e1rdigan tambi\u00e9n est\u00e1 disponible para las mam\u00e1s.<\/p>\n<p>Composici\u00f3n<br \/>\nLana 100%.<\/p>\n<p>Tallas:<\/p>\n<div class=\"item-bottom__text _active\">\n<p>longitud cm \/ anchura cm \/ circunferencia cm<\/p>\n<p>S: 60 \/ 50 \/ 100<\/p>\n<p>M: 60 \/ 55 \/ 110<\/p>\n<p>L : 60 \/ 60 \/ 120<\/p>\n<\/div>\n<p>Instrucciones de lavado:<\/p>\n<p>Recomendamos lavar nuestros productos a mano con agua tibia y un detergente de lanolina.<\/p>","protected":false},"excerpt":{"rendered":"<h6><strong>Una marca para beb\u00e9s<\/strong><\/h6>\n<p>S\u00faper c\u00e1lido y c\u00f3modo, pero tambi\u00e9n completamente natural y transpirable. El chaleco tiene buenos bolsillos y se cierra con cremallera. Recomendamos lavar nuestros productos a mano con agua tibia y detergente de lanolina. La modelo de la foto lleva la talla M.<\/p>\n<p><strong>Marca: A Basic Brand<\/strong><br \/>\n<strong>Producci\u00f3n: Polonia<\/strong><\/p>","protected":false},"featured_media":18782,"comment_status":"open","ping_status":"closed","template":"","meta":{"_acf_changed":false},"product_brand":[],"product_cat":[335,360,364,350,31],"product_tag":[423,424,420,421,422,425],"class_list":{"0":"post-18773","1":"product","2":"type-product","3":"status-publish","4":"has-post-thumbnail","6":"product_cat-a_baby_brand","7":"product_cat-cadeautips","8":"product_cat-cadeaus-vanaf-e50","9":"product_cat-fashion","10":"product_cat-yogamat-wol","11":"product_tag-a-baby-brand","12":"product_tag-alwero-bodywarmer","13":"product_tag-bodywarmer-wol","14":"product_tag-wollen-bodywarmer","15":"product_tag-wool-vest","16":"product_tag-woolskins","17":"pa_maat-adult-size-l","18":"pa_maat-adult-size-m","19":"pa_maat-adult-size-s","21":"first","22":"outofstock","23":"taxable","24":"shipping-taxable","25":"purchasable","26":"product-type-variable"},"acf":[],"_links":{"self":[{"href":"https:\/\/woolskins.eu\/es\/wp-json\/wp\/v2\/product\/18773","targetHints":{"allow":["GET"]}}],"collection":[{"href":"https:\/\/woolskins.eu\/es\/wp-json\/wp\/v2\/product"}],"about":[{"href":"https:\/\/woolskins.eu\/es\/wp-json\/wp\/v2\/types\/product"}],"replies":[{"embeddable":true,"href":"https:\/\/woolskins.eu\/es\/wp-json\/wp\/v2\/comments?post=18773"}],"wp:featuredmedia":[{"embeddable":true,"href":"https:\/\/woolskins.eu\/es\/wp-json\/wp\/v2\/media\/18782"}],"wp:attachment":[{"href":"https:\/\/woolskins.eu\/es\/wp-json\/wp\/v2\/media?parent=18773"}],"wp:term":[{"taxonomy":"product_brand","embeddable":true,"href":"https:\/\/woolskins.eu\/es\/wp-json\/wp\/v2\/product_brand?post=18773"},{"taxonomy":"product_cat","embeddable":true,"href":"https:\/\/woolskins.eu\/es\/wp-json\/wp\/v2\/product_cat?post=18773"},{"taxonomy":"product_tag","embeddable":true,"href":"https:\/\/woolskins.eu\/es\/wp-json\/wp\/v2\/product_tag?post=18773"}],"curies":[{"name":"wp","href":"https:\/\/api.w.org\/{rel}","templated":true}]}}