{"id":17835,"date":"2023-11-17T12:18:52","date_gmt":"2023-11-17T12:18:52","guid":{"rendered":"https:\/\/woolskins.eu\/?post_type=product&#038;p=17835"},"modified":"2025-11-03T14:12:14","modified_gmt":"2025-11-03T14:12:14","slug":"alfombra-para-guarderia-guarderia-2","status":"publish","type":"product","link":"https:\/\/woolskins.eu\/es\/vloerkleed-voor-babykamer-kinderkamer-2\/","title":{"rendered":"Alfombra para guarder\u00eda y habitaci\u00f3n infantil"},"content":{"rendered":"","protected":false},"excerpt":{"rendered":"<p>Nuestras alfombras de lana anudadas a mano son un complemento perfecto para las habitaciones infantiles. Es c\u00e1lida, duradera y f\u00e1cil de mantener. Esta alfombra de lana est\u00e1 hecha de lana natural, que es hipoalerg\u00e9nica, repele la suciedad y es ign\u00edfuga. Adem\u00e1s, una alfombra anudada a mano a\u00f1ade un toque \u00fanico y personal a la habitaci\u00f3n, ya que cada alfombra es diferente.<\/p>\n<p>Es una forma estupenda de hacer que la habitaci\u00f3n del beb\u00e9 sea m\u00e1s acogedora, c\u00f3moda y divertida. Es una inversi\u00f3n que durar\u00e1 a\u00f1os y dar\u00e1 mucho placer a los ni\u00f1os, en parte por el alegre relieve de lana en divertidos dibujos de la alfombra. Disfrute de las ventajas de un producto natural, bonito y de gran calidad hecho a mano.<\/p>\n<ul>\n<li>Dimensiones 150 x 80 cm.<\/li>\n<li>Lana 100%.<\/li>\n<\/ul>\n<p><strong>Marca: Woolskins<br \/>\nProducci\u00f3n: Europa<\/strong><\/p>","protected":false},"featured_media":17833,"comment_status":"open","ping_status":"closed","template":"","meta":{"_acf_changed":false},"product_brand":[],"product_cat":[348,528],"product_tag":[],"class_list":{"0":"post-17835","1":"product","2":"type-product","3":"status-publish","4":"has-post-thumbnail","6":"product_cat-kussens","7":"product_cat-schapenvachten-voor-thuis","9":"first","10":"instock","11":"taxable","12":"shipping-taxable","13":"purchasable","14":"product-type-simple"},"acf":[],"_links":{"self":[{"href":"https:\/\/woolskins.eu\/es\/wp-json\/wp\/v2\/product\/17835","targetHints":{"allow":["GET"]}}],"collection":[{"href":"https:\/\/woolskins.eu\/es\/wp-json\/wp\/v2\/product"}],"about":[{"href":"https:\/\/woolskins.eu\/es\/wp-json\/wp\/v2\/types\/product"}],"replies":[{"embeddable":true,"href":"https:\/\/woolskins.eu\/es\/wp-json\/wp\/v2\/comments?post=17835"}],"wp:featuredmedia":[{"embeddable":true,"href":"https:\/\/woolskins.eu\/es\/wp-json\/wp\/v2\/media\/17833"}],"wp:attachment":[{"href":"https:\/\/woolskins.eu\/es\/wp-json\/wp\/v2\/media?parent=17835"}],"wp:term":[{"taxonomy":"product_brand","embeddable":true,"href":"https:\/\/woolskins.eu\/es\/wp-json\/wp\/v2\/product_brand?post=17835"},{"taxonomy":"product_cat","embeddable":true,"href":"https:\/\/woolskins.eu\/es\/wp-json\/wp\/v2\/product_cat?post=17835"},{"taxonomy":"product_tag","embeddable":true,"href":"https:\/\/woolskins.eu\/es\/wp-json\/wp\/v2\/product_tag?post=17835"}],"curies":[{"name":"wp","href":"https:\/\/api.w.org\/{rel}","templated":true}]}}