{"id":17301,"date":"2023-10-29T14:57:25","date_gmt":"2023-10-29T14:57:25","guid":{"rendered":"https:\/\/woolskins.eu\/?post_type=product&#038;p=17301"},"modified":"2025-12-11T12:44:29","modified_gmt":"2025-12-11T12:44:29","slug":"abrigo-de-lana-para-bebe-una-marca-basica-gris-claro","status":"publish","type":"product","link":"https:\/\/woolskins.eu\/es\/wollen-babyjas-a-basic-brand-lichtgrijs\/","title":{"rendered":"A Basic Brand - Abrigo lana beb\u00e9 | gris claro"},"content":{"rendered":"<p>La chaqueta de lana de\u00a0<strong>Una marca b\u00e1sica<\/strong> est\u00e1 disponible en Woolskins en varios colores y son perfectos para combinar con todos los dem\u00e1s productos de lana de nuestra colecci\u00f3n<\/p>\n<p>Composici\u00f3n:<br \/>\nLana 100%.<\/p>\n<p>Tabla de tallas:<\/p>\n<p>Longitud total cm \/ anchura total cm \/ longitud de las mangas cm<br \/>\n6 meses - 30 cm \/ 30 cm \/ 25 cm<br \/>\n1 a\u00f1o - 34cm \/ 32cm \/<\/p>\n<h5 class=\"seo_titel_cat\">Una marca para beb\u00e9s<\/h5>\n<p>Descubre el armario minimalista de A Basic Brand, repleto de b\u00e1sicos pr\u00e1cticos. Combina nuestros modelos y colores unisex.  Sin logotipos, sin estampados, sin complicaciones.<\/p>\n<p>Su misi\u00f3n es hacerte la vida m\u00e1s f\u00e1cil, as\u00ed que una de las ideas principales de nuestra filosof\u00eda es la PR\u00c1CTICA. Tambi\u00e9n nos preocupamos mucho por nuestro planeta y deseamos que todo el mundo lleve una vida m\u00e1s minimalista y, por tanto, utilice menos ropa (#CONSUMEWISELY).<\/p>\n<p>Por eso, su calidad es la m\u00e1s alta posible. Podr\u00e1s utilizarlas durante a\u00f1os y traspasarlas cuando termines. Utilizamos tejidos de primera calidad con certificado GOTS de algod\u00f3n ecol\u00f3gico y STANDARD 100 de OEKO-TEX\u00ae. Todos los productos pueden lavarse a m\u00e1quina y secarse en secadora tantas veces como desee. Descubrir\u00e1 que nuestro forro polar de algod\u00f3n ni siquiera necesita planchado para tener buen aspecto.<\/p>\n<h5>Instrucciones de lavado:<\/h5>\n<p>Recomendamos lavar nuestros productos a mano con agua tibia y un detergente de lanolina.<\/p>","protected":false},"excerpt":{"rendered":"<p>Los materiales naturales y suaves son esenciales para la piel sensible de beb\u00e9s y ni\u00f1os. Esta chaqueta de lana para beb\u00e9 de <strong>Una marca b\u00e1sica<\/strong> es una elecci\u00f3n perfecta para los padres que buscan una chaqueta c\u00e1lida y c\u00f3moda para su beb\u00e9. Esta chaqueta est\u00e1 confeccionada con lana natural 100%, conocida por sus propiedades aislantes y su capacidad para evacuar la humedad. La chaqueta es ideal para primavera y oto\u00f1o, o como c\u00e1lido c\u00e1rdigan en invierno.<\/p>\n<p>La chaqueta tiene un dise\u00f1o atemporal y est\u00e1 disponible en distintos colores. El pu\u00f1o de la manga cierra bien la chaqueta y garantiza que se pueda llevar durante mucho tiempo por su tama\u00f1o. La chaqueta es adecuada tanto para ni\u00f1os como para ni\u00f1as.<\/p>\n<p>La lana es hipoalerg\u00e9nica y no contiene sustancias nocivas, por lo que es muy adecuada para beb\u00e9s con alergias o piel sensible. Adem\u00e1s, la lana es duradera y aguanta golpes, por lo que la chaqueta dura mucho tiempo.<\/p>\n<p><strong>Marca: A Basic Brand<\/strong><br \/>\n<strong>Producci\u00f3n: Polonia<\/strong><\/p>","protected":false},"featured_media":17283,"comment_status":"open","ping_status":"closed","template":"","meta":{"_acf_changed":false},"product_brand":[],"product_cat":[360,335,364,200,337,413],"product_tag":[],"class_list":{"0":"post-17301","1":"product","2":"type-product","3":"status-publish","4":"has-post-thumbnail","6":"product_cat-cadeautips","7":"product_cat-a_baby_brand","8":"product_cat-cadeaus-vanaf-e50","9":"product_cat-wollen-babykleding","10":"product_cat-vestjes","11":"product_cat-alwero-bodywarmer","13":"first","14":"instock","15":"taxable","16":"shipping-taxable","17":"purchasable","18":"product-type-variable"},"acf":[],"_links":{"self":[{"href":"https:\/\/woolskins.eu\/es\/wp-json\/wp\/v2\/product\/17301","targetHints":{"allow":["GET"]}}],"collection":[{"href":"https:\/\/woolskins.eu\/es\/wp-json\/wp\/v2\/product"}],"about":[{"href":"https:\/\/woolskins.eu\/es\/wp-json\/wp\/v2\/types\/product"}],"replies":[{"embeddable":true,"href":"https:\/\/woolskins.eu\/es\/wp-json\/wp\/v2\/comments?post=17301"}],"wp:featuredmedia":[{"embeddable":true,"href":"https:\/\/woolskins.eu\/es\/wp-json\/wp\/v2\/media\/17283"}],"wp:attachment":[{"href":"https:\/\/woolskins.eu\/es\/wp-json\/wp\/v2\/media?parent=17301"}],"wp:term":[{"taxonomy":"product_brand","embeddable":true,"href":"https:\/\/woolskins.eu\/es\/wp-json\/wp\/v2\/product_brand?post=17301"},{"taxonomy":"product_cat","embeddable":true,"href":"https:\/\/woolskins.eu\/es\/wp-json\/wp\/v2\/product_cat?post=17301"},{"taxonomy":"product_tag","embeddable":true,"href":"https:\/\/woolskins.eu\/es\/wp-json\/wp\/v2\/product_tag?post=17301"}],"curies":[{"name":"wp","href":"https:\/\/api.w.org\/{rel}","templated":true}]}}